{"id":786,"date":"2022-07-25T16:38:39","date_gmt":"2022-07-25T16:38:39","guid":{"rendered":"https:\/\/camonclass.vertice.org\/formacion\/nominas-seguridad-social-y-contratacion-en-instituciones-sanitarias\/"},"modified":"2022-07-25T16:38:39","modified_gmt":"2022-07-25T16:38:39","slug":"nominas-seguridad-social-y-contratacion-en-instituciones-sanitarias","status":"publish","type":"product","link":"https:\/\/camonclass.com\/tienda\/formacion\/nominas-seguridad-social-y-contratacion-en-instituciones-sanitarias\/","title":{"rendered":"N\u00f3minas, Seguridad Social y Contrataci\u00f3n en Instituciones Sanitarias"},"content":{"rendered":"<p><strong>UD1. Gesti\u00f3n Administrativa del Personal en Instituciones Sanitarias.<\/strong><UL>1.1. Introducci\u00f3n.<br \/>1.2. Tipos de Personal.<br \/>1.3. Jornada de Trabajo.<br \/>1.4. R\u00e9gimen Disciplinario.<br \/>1.5. Derechos y Deberes del Personal Estatutario.<br \/>1.6. Situaciones Administrativas.<br \/>1.7. Contrataciones del Personal.<br \/>1.8. Retribuciones.<\/UL><\/p>\n<p><strong>UD2. Seguridad Social del Personal Estatutario.<\/strong><UL>2.1. Introducci\u00f3n.<br \/>2.2. Encuadramiento en el R\u00e9gimen General de la Seguridad Social.<br \/>2.3. Financiaci\u00f3n de la Seguridad Social.<br \/>2.4. La Relaci\u00f3n Jur\u00eddica de la Afiliaci\u00f3n.<br \/>2.5. La Acci\u00f3n Protectora de la Seguridad Social.<br \/>2.6. Las Prestaciones.<br \/>2.7. La Incapacidad Temporal (IT).<br \/>2.8. La Incapacidad Permanente.<br \/>2.9. La Jubilaci\u00f3n Contributiva.<\/UL><\/p>\n<p><strong>UD3. Procedimiento Administrativo y Judicial en la Relaci\u00f3n Estatutaria.<\/strong><UL>3.1. Introducci\u00f3n.<br \/>3.2. Los Procedimientos Administrativos de Personal en la V\u00eda Administrativa.<br \/>3.3. Recursos Administrativo.<br \/>3.4. Breve rese\u00f1a sobre el Recurso Contencioso Administrativo en Materia del Personal.<\/UL><\/p>\n<p><strong>UD4. Confecci\u00f3n y Gesti\u00f3n de N\u00f3minas en Instituciones Sanitarias.<\/strong><UL>4.1. Sistema Retributivo del Personal Estatutario.<br \/>4.2. Conceptos Retributivos.<br \/>4.3. Elaboraci\u00f3n de N\u00f3minas.<\/UL><\/p>\n<p><strong>UD5. Supuestos y Casos Pr\u00e1cticos.<\/strong><UL>5.1. Introducci\u00f3n.<br \/>5.2. La Jubilaci\u00f3n en el Personal Estatutario de Salud. Supuestos Contemplados por la Ley.<br \/>5.3. Casos Pr\u00e1cticos de N\u00f3minas en el Personal Sanitario.<\/UL><\/p>\n","protected":false},"excerpt":{"rendered":"<ul>\n<li>Conocer la jurisdicci\u00f3n social, la gesti\u00f3n administrativa y laboral del personal sanitario as\u00ed como los diferentes tipos de contrato y sus caracter\u00edsticas.<\/li>\n<li>Aprender a confeccionar paso a paso una n\u00f3mina del \u00e1mbito sanitario y todos los conceptos que se incluyen en ella.<\/li>\n<\/ul>\n","protected":false},"featured_media":779,"comment_status":"open","ping_status":"closed","template":"","meta":{"neve_meta_sidebar":"","neve_meta_container":"","neve_meta_enable_content_width":"","neve_meta_content_width":0,"neve_meta_title_alignment":"","neve_meta_author_avatar":"","neve_post_elements_order":"","neve_meta_disable_header":"","neve_meta_disable_footer":"","neve_meta_disable_title":""},"product_brand":[],"product_cat":[22,23,30],"product_tag":[],"class_list":{"0":"post-786","1":"product","2":"type-product","3":"status-publish","4":"has-post-thumbnail","6":"product_cat-cursos","7":"product_cat-cursos-de-especializacion","8":"product_cat-sanidad","10":"first","11":"instock","12":"sold-individually","13":"shipping-taxable","14":"purchasable","15":"product-type-simple"},"_links":{"self":[{"href":"https:\/\/camonclass.com\/tienda\/wp-json\/wp\/v2\/product\/786","targetHints":{"allow":["GET"]}}],"collection":[{"href":"https:\/\/camonclass.com\/tienda\/wp-json\/wp\/v2\/product"}],"about":[{"href":"https:\/\/camonclass.com\/tienda\/wp-json\/wp\/v2\/types\/product"}],"replies":[{"embeddable":true,"href":"https:\/\/camonclass.com\/tienda\/wp-json\/wp\/v2\/comments?post=786"}],"wp:featuredmedia":[{"embeddable":true,"href":"https:\/\/camonclass.com\/tienda\/wp-json\/wp\/v2\/media\/779"}],"wp:attachment":[{"href":"https:\/\/camonclass.com\/tienda\/wp-json\/wp\/v2\/media?parent=786"}],"wp:term":[{"taxonomy":"product_brand","embeddable":true,"href":"https:\/\/camonclass.com\/tienda\/wp-json\/wp\/v2\/product_brand?post=786"},{"taxonomy":"product_cat","embeddable":true,"href":"https:\/\/camonclass.com\/tienda\/wp-json\/wp\/v2\/product_cat?post=786"},{"taxonomy":"product_tag","embeddable":true,"href":"https:\/\/camonclass.com\/tienda\/wp-json\/wp\/v2\/product_tag?post=786"}],"curies":[{"name":"wp","href":"https:\/\/api.w.org\/{rel}","templated":true}]}}