{"id":787,"date":"2022-07-25T16:38:40","date_gmt":"2022-07-25T16:38:40","guid":{"rendered":"https:\/\/camonclass.vertice.org\/formacion\/funciones-administrativas-en-centros-sanitarios\/"},"modified":"2022-07-25T16:38:40","modified_gmt":"2022-07-25T16:38:40","slug":"funciones-administrativas-en-centros-sanitarios","status":"publish","type":"product","link":"https:\/\/camonclass.com\/tienda\/formacion\/funciones-administrativas-en-centros-sanitarios\/","title":{"rendered":"Funciones administrativas en centros sanitarios"},"content":{"rendered":"<p><strong>UD1. El Sistema Sanitario.<\/strong><UL>1.1. Concepto y Tipolog\u00eda.<br \/>1.2. El Sistema Sanitario Espa\u00f1ol: Historia y Estructura.<br \/>1.3. Derechos y Deberes de los Usuarios de los Servicios Sanitarios.<\/UL><\/p>\n<p><strong>UD2. Atenci\u00f3n Primaria y Atenci\u00f3n Especializada.<\/strong><UL>2.1. Atenci\u00f3n Primaria.<br \/>2.2. Atenci\u00f3n Especializada.<\/UL><\/p>\n<p><strong>UD3. Aspectos Econ\u00f3micos de la Asistencia Sanitaria.<\/strong><UL>3.1. Econom\u00eda de la Salud.<br \/>3.2. Las Empresas de Servicios Sanitarios.<br \/>3.3. Contabilidad.<\/UL><\/p>\n<p><strong>UD4. La Documentaci\u00f3n Sanitaria.<\/strong><UL>4.1. Tipos.<br \/>4.2. La Historia Cl\u00ednica.<\/UL><\/p>\n<p><strong>UD5. Gesti\u00f3n de Pacientes: De la Admisi\u00f3n a la Gesti\u00f3n por \u00c1reas.<\/strong><UL>5.1. Gesti\u00f3n de Pacientes.<\/UL><\/p>\n<p><strong>UD6. Gesti\u00f3n del Material.<\/strong><UL>6.1. Almacenes Sanitarios.<br \/>6.2. Gesti\u00f3n de Existencias, Compras e Inventarios.<\/UL><\/p>\n<p><strong>UD7. Aplicaciones de la Inform\u00e1tica a la Administraci\u00f3n Sanitaria.<\/strong><UL>7.1. Inform\u00e1tica y Servicios Sanitarios.<br \/>7.2. Nociones B\u00e1sicas de Inform\u00e1tica.<br \/>7.3. Introducci\u00f3n a Office: Word, Excel y Access.<br \/>7.4. Bases de Datos M\u00e9dicas.<\/UL><\/p>\n","protected":false},"excerpt":{"rendered":"<ul>\n<li>Familiarizarse con el concepto y la estructura de los sistemas sanitarios, para comprender mejor la importancia del trabajo administrativo que se desarrolla en dichos entornos.<\/li>\n<li>Saber aplicar los principios y m\u00e9todos de la contabilidad general a la gesti\u00f3n administrativa de los centros de salud.<\/li>\n<li>Aprender a qu\u00e9 se refieren conceptos como documentaci\u00f3n sanitaria, historia cl\u00ednica, admisi\u00f3n o almac\u00e9n sanitario, y c\u00f3mo se lleva a cabo su gesti\u00f3n.<\/li>\n<li>Conocer de qu\u00e9 forma pueden ayudar las actuales herramientas inform\u00e1ticas al correcto desarrollo de las tareas de administraci\u00f3n en los servicios sanitarios.<\/li>\n<\/ul>\n","protected":false},"featured_media":779,"comment_status":"open","ping_status":"closed","template":"","meta":{"neve_meta_sidebar":"","neve_meta_container":"","neve_meta_enable_content_width":"","neve_meta_content_width":0,"neve_meta_title_alignment":"","neve_meta_author_avatar":"","neve_post_elements_order":"","neve_meta_disable_header":"","neve_meta_disable_footer":"","neve_meta_disable_title":""},"product_brand":[],"product_cat":[22,23,30],"product_tag":[],"class_list":{"0":"post-787","1":"product","2":"type-product","3":"status-publish","4":"has-post-thumbnail","6":"product_cat-cursos","7":"product_cat-cursos-de-especializacion","8":"product_cat-sanidad","10":"first","11":"instock","12":"sold-individually","13":"shipping-taxable","14":"purchasable","15":"product-type-simple"},"_links":{"self":[{"href":"https:\/\/camonclass.com\/tienda\/wp-json\/wp\/v2\/product\/787","targetHints":{"allow":["GET"]}}],"collection":[{"href":"https:\/\/camonclass.com\/tienda\/wp-json\/wp\/v2\/product"}],"about":[{"href":"https:\/\/camonclass.com\/tienda\/wp-json\/wp\/v2\/types\/product"}],"replies":[{"embeddable":true,"href":"https:\/\/camonclass.com\/tienda\/wp-json\/wp\/v2\/comments?post=787"}],"wp:featuredmedia":[{"embeddable":true,"href":"https:\/\/camonclass.com\/tienda\/wp-json\/wp\/v2\/media\/779"}],"wp:attachment":[{"href":"https:\/\/camonclass.com\/tienda\/wp-json\/wp\/v2\/media?parent=787"}],"wp:term":[{"taxonomy":"product_brand","embeddable":true,"href":"https:\/\/camonclass.com\/tienda\/wp-json\/wp\/v2\/product_brand?post=787"},{"taxonomy":"product_cat","embeddable":true,"href":"https:\/\/camonclass.com\/tienda\/wp-json\/wp\/v2\/product_cat?post=787"},{"taxonomy":"product_tag","embeddable":true,"href":"https:\/\/camonclass.com\/tienda\/wp-json\/wp\/v2\/product_tag?post=787"}],"curies":[{"name":"wp","href":"https:\/\/api.w.org\/{rel}","templated":true}]}}