{"id":788,"date":"2022-07-25T16:38:40","date_gmt":"2022-07-25T16:38:40","guid":{"rendered":"https:\/\/camonclass.vertice.org\/formacion\/las-enfermedades-autoinmunes-para-los-tec-sup-en-laboratorios-de-diagnostico-clinico\/"},"modified":"2022-07-25T16:38:40","modified_gmt":"2022-07-25T16:38:40","slug":"las-enfermedades-autoinmunes-para-los-tec-sup-en-laboratorios-de-diagnostico-clinico","status":"publish","type":"product","link":"https:\/\/camonclass.com\/tienda\/formacion\/las-enfermedades-autoinmunes-para-los-tec-sup-en-laboratorios-de-diagnostico-clinico\/","title":{"rendered":"Las Enfermedades Autoinmunes para los T\u00e9c. Sup. en Laboratorios de Diagn\u00f3stico Cl\u00ednico"},"content":{"rendered":"<p><strong>UD1. Los anticuerpos.<\/strong><UL>1.1. Los anticuerpos.<br \/>1.2. Las inmunoglobulinas.<\/UL><\/p>\n<p><strong>UD2. Respuesta inmunitaria. Tipos.<\/strong><UL>2.1. Introducci\u00f3n.<br \/>2.2. Tipos de respuesta inmunitaria.<br \/>2.2.1. Reacciones de hipersensibilidad. Anafilaxia.<br \/>2.2.2. Anafilaxia.<\/UL><\/p>\n<p><strong>UD3. Respuesta autoinmune. Tolerancia. Autoinmunidad.<\/strong><UL>3.1. Introducci\u00f3n.<br \/>3.2. Tolerancia inmunol\u00f3gica.<br \/>3.3. Autoinmunidad.<\/UL><\/p>\n<p><strong>UD4. T\u00e9cnicas de laboratorio para el diagn\u00f3stico de las enfermedades autoinmunes.<\/strong><UL>4.1. Introducci\u00f3n.<br \/>4.2. T\u00e9cnicas de inmunofluorescencia indirecta (IFI).<br \/>4.3. Enzimoinmunoan\u00e1lisis (ELISA).<br \/>4.4. M\u00e9todos de transferencia de proteinas a filtros (BLOT).<br \/>4.5. Inmunodifusi\u00f3n doble.<br \/>4.6. Contrainmunoelectroforesis (CIE).<\/UL><\/p>\n<p><strong>UD5. Diabetes.<\/strong><UL>5.1. Introducci\u00f3n.<br \/>5.2. Diabetes mellitus (DM).<br \/>5.3. Enfermedades a consecuencia de la diabetes.<\/UL><\/p>\n<p><strong>UD6. Tiroides.<\/strong><UL>6.1. Introducci\u00f3n.<br \/>6.2. Anticuerpos antimicrosomales.<br \/>6.3. Anticuerpos anti-tiroglobuilina.<br \/>6.4. Anticuerpos anti-receptor de TSH.<br \/>6.5. Tiroiditis.<br \/>6.6. Enfermedad de Graves Bassedow.<\/UL><\/p>\n<p><strong>UD7. Addison.<\/strong><\/p>\n<p><strong>UD8. Anemia perniciosa o gastritis cr\u00f3nica autoinmune.<\/strong><\/p>\n<p><strong>UD9. Hepatitis autoinmune.<\/strong><UL>9.1. Introducci\u00f3n.<br \/>9.2. Causas.<br \/>9.3. Caracter\u00edsticas cl\u00ednicas.<br \/>9.4. Diagn\u00f3stico.<br \/>9.5. Tratamiento.<br \/>9.6. Pron\u00f3stico.<\/UL><\/p>\n<p><strong>UD10. Lupus eritematoso sist\u00e9mico (LES).<\/strong><UL>10.1. Introducci\u00f3n.<br \/>10.2. Factores b\u00e1sicos.<br \/>10.3. Manifestaciones cl\u00ednicas.<br \/>10.4. Laboratorio.<br \/>10.5. Diagn\u00f3stico.<br \/>10.6. Tratamiento.<\/UL><\/p>\n<p><strong>UD11. Vasculitis sist\u00e9micas.<\/strong><UL>11.1. Introducci\u00f3n.<br \/>11.2. Or\u00edgen.<br \/>11.3. Clasificaci\u00f3n.<\/UL><\/p>\n<p><strong>UD12. S\u00edndrome de Sj\u00f6gren.<\/strong><UL>12.1. Descripci\u00f3n.<br \/>12.2. Origen.<br \/>12.3. S\u00edntomas.<br \/>12.4. Causas e incidencia.<br \/>12.5. Ex\u00e1menes y an\u00e1lisis.<br \/>12.6. Tratamiento.<br \/>12.7. Pron\u00f3stico.<\/UL><\/p>\n<p><strong>UD13. Enfermedades mixtas del tejido conectivo (EMTC).<\/strong><UL>13.1. Introducci\u00f3n.<br \/>13.2. Origen.<br \/>13.3. Laboratorio.<br \/>13.4. Anatom\u00eda patol\u00f3gica.<br \/>13.5. Diagn\u00f3stico.<br \/>13.6. Tratamiento.<br \/>13.7. El pron\u00f3stico y la evoluci\u00f3n.<\/UL><\/p>\n<p><strong>UD14. Esclerodermia sist\u00e9mica (SSC).<\/strong><UL>14.1. Introducci\u00f3n.<br \/>14.2. Clasificaci\u00f3n.<br \/>14.3. Criterios para el diagn\u00f3stico.<br \/>14.4. Origen.<br \/>14.5. Sintomatolog\u00eda.<br \/>14.6. Diagn\u00f3stico.<br \/>14.7. Tratamiento.<\/UL><\/p>\n<p><strong>UD15. Dermatomiositis (DM).<\/strong><UL>15.1. Introducci\u00f3n.<br \/>15.2. Manifestaciones cut\u00e1neas.<br \/>15.3. S\u00edntomas.<br \/>15.4. Estudios inmunol\u00f3gicos.<\/UL><\/p>\n","protected":false},"excerpt":{"rendered":"<ul>\n<li>Analizar las distintas enfermedades autoinmunes sist\u00e9micas y sus tratamientos.<\/li>\n<li>Relacionar los cambios hematol\u00f3gicos con las diferentes enfermedades autoinmunes existentes.<\/li>\n<li>Conocer los tratamientos descubiertos, hasta el momento, para las enfermedades autoinmunes, y los avances que en este tema est\u00e1 teniendo la medicina.<\/li>\n<\/ul>\n","protected":false},"featured_media":779,"comment_status":"open","ping_status":"closed","template":"","meta":{"neve_meta_sidebar":"","neve_meta_container":"","neve_meta_enable_content_width":"","neve_meta_content_width":0,"neve_meta_title_alignment":"","neve_meta_author_avatar":"","neve_post_elements_order":"","neve_meta_disable_header":"","neve_meta_disable_footer":"","neve_meta_disable_title":""},"product_brand":[],"product_cat":[22,23,30],"product_tag":[],"class_list":{"0":"post-788","1":"product","2":"type-product","3":"status-publish","4":"has-post-thumbnail","6":"product_cat-cursos","7":"product_cat-cursos-de-especializacion","8":"product_cat-sanidad","10":"first","11":"instock","12":"sold-individually","13":"shipping-taxable","14":"purchasable","15":"product-type-simple"},"_links":{"self":[{"href":"https:\/\/camonclass.com\/tienda\/wp-json\/wp\/v2\/product\/788","targetHints":{"allow":["GET"]}}],"collection":[{"href":"https:\/\/camonclass.com\/tienda\/wp-json\/wp\/v2\/product"}],"about":[{"href":"https:\/\/camonclass.com\/tienda\/wp-json\/wp\/v2\/types\/product"}],"replies":[{"embeddable":true,"href":"https:\/\/camonclass.com\/tienda\/wp-json\/wp\/v2\/comments?post=788"}],"wp:featuredmedia":[{"embeddable":true,"href":"https:\/\/camonclass.com\/tienda\/wp-json\/wp\/v2\/media\/779"}],"wp:attachment":[{"href":"https:\/\/camonclass.com\/tienda\/wp-json\/wp\/v2\/media?parent=788"}],"wp:term":[{"taxonomy":"product_brand","embeddable":true,"href":"https:\/\/camonclass.com\/tienda\/wp-json\/wp\/v2\/product_brand?post=788"},{"taxonomy":"product_cat","embeddable":true,"href":"https:\/\/camonclass.com\/tienda\/wp-json\/wp\/v2\/product_cat?post=788"},{"taxonomy":"product_tag","embeddable":true,"href":"https:\/\/camonclass.com\/tienda\/wp-json\/wp\/v2\/product_tag?post=788"}],"curies":[{"name":"wp","href":"https:\/\/api.w.org\/{rel}","templated":true}]}}