{"id":791,"date":"2022-07-25T16:38:40","date_gmt":"2022-07-25T16:38:40","guid":{"rendered":"https:\/\/camonclass.vertice.org\/formacion\/vigilancia-epidemiologica-en-salud-bucodental\/"},"modified":"2022-07-25T16:38:40","modified_gmt":"2022-07-25T16:38:40","slug":"vigilancia-epidemiologica-en-salud-bucodental","status":"publish","type":"product","link":"https:\/\/camonclass.com\/tienda\/formacion\/vigilancia-epidemiologica-en-salud-bucodental\/","title":{"rendered":"Vigilancia Epidemiol\u00f3gica en Salud Bucodental"},"content":{"rendered":"<p><strong>UD1. Demograf\u00eda y estad\u00edstica aplicadas a la higiene bucodental.<\/strong><UL>1.1. Conceptos generales de demograf\u00eda.<br \/>1.2. Objetivos de la demograf\u00eda.<br \/>1.3. Fuentes de informaci\u00f3n en demograf\u00eda.<br \/>1.4. Conceptos b\u00e1sicos para la medici\u00f3n de la enfermedad.<br \/>1.5. Estad\u00edstica.<br \/>1.6. Glosario de t\u00e9rminos.<\/UL><\/p>\n<p><strong>UD2. Epidemiolog\u00eda b\u00e1sica general y aplicada a la higiene bucodental.<\/strong><UL>2.1. Concepto.<br \/>2.2. Teor\u00eda de la causalidad en epidemiolog\u00eda.<br \/>2.3. Estudios epidemiol\u00f3gicos.<br \/>2.4. Indicadores de salud.<br \/>2.5. Teor\u00eda de la causalidad en epidemiolog\u00eda.<br \/>2.6. Glosario de t\u00e9rminos.<\/UL><\/p>\n<p><strong>UD3. Econom\u00eda sanitaria de la higiene bucodental.<\/strong><UL>3.1. Introducci\u00f3n.<br \/>3.2. Conceptos b\u00e1sicos.<br \/>3.3. Pol\u00edtica sanitaria.<br \/>3.4. \u00c1reas de la econom\u00eda.<br \/>3.5. Econom\u00eda de la salud.<br \/>3.6. Evaluaci\u00f3n econ\u00f3mica.<br \/>3.7. Glosario de t\u00e9rminos.<\/UL><\/p>\n<p><strong>UD4. Planificaci\u00f3n sanitaria de la higiene bucodental.<\/strong><UL>4.1. Concepto de planificaci\u00f3n.<br \/>4.2. Taxonom\u00eda de la planificaci\u00f3n.<br \/>4.3. Pol\u00edtica sanitaria.<br \/>4.4. Plan global de salud.<br \/>4.5. Programas de salud.<br \/>4.6. Glosario de t\u00e9rminos.<\/UL><\/p>\n<p><strong>UD5. Econom\u00eda y organizaci\u00f3n de empresas en la higiene bucodental.<\/strong><UL>5.1. Concepto de organizaci\u00f3n.<br \/>5.2. El organigrama.<br \/>5.3. Elementos claves para la estructura organizativa.<br \/>5.4. Tipos de estructura organizativa.<br \/>5.5. Glosario de t\u00e9rminos.<\/UL><\/p>\n","protected":false},"excerpt":{"rendered":"<ul>\n<li>Definir y planificar las actuaciones necesarias para aplicar un programa de seguimiento epidemiol\u00f3gico de salud\/enfermedad de un grupo de poblaci\u00f3n.<\/li>\n<li>Enumerar los indicadores del nivel de salud\/enfermedad bucodental de una comunidad.<\/li>\n<li>Planificar un programa de seguimiento epidemiol\u00f3gico en una poblaci\u00f3n y recopilarlos datos obtenidos.<\/li>\n<li>Analizar los datos obtenidos de los estudios, formulando hip\u00f3tesis sobre las causas y consecuencias de las alteraciones bucodentales detectadas.<\/li>\n<li>Analizar la estructura de grupos de riesgo para el dise\u00f1o de actividades de intervenci\u00f3n sanitaria.<\/li>\n<\/ul>\n","protected":false},"featured_media":779,"comment_status":"open","ping_status":"closed","template":"","meta":{"neve_meta_sidebar":"","neve_meta_container":"","neve_meta_enable_content_width":"","neve_meta_content_width":0,"neve_meta_title_alignment":"","neve_meta_author_avatar":"","neve_post_elements_order":"","neve_meta_disable_header":"","neve_meta_disable_footer":"","neve_meta_disable_title":""},"product_brand":[],"product_cat":[22,23,30],"product_tag":[],"class_list":{"0":"post-791","1":"product","2":"type-product","3":"status-publish","4":"has-post-thumbnail","6":"product_cat-cursos","7":"product_cat-cursos-de-especializacion","8":"product_cat-sanidad","10":"first","11":"instock","12":"sold-individually","13":"shipping-taxable","14":"purchasable","15":"product-type-simple"},"_links":{"self":[{"href":"https:\/\/camonclass.com\/tienda\/wp-json\/wp\/v2\/product\/791","targetHints":{"allow":["GET"]}}],"collection":[{"href":"https:\/\/camonclass.com\/tienda\/wp-json\/wp\/v2\/product"}],"about":[{"href":"https:\/\/camonclass.com\/tienda\/wp-json\/wp\/v2\/types\/product"}],"replies":[{"embeddable":true,"href":"https:\/\/camonclass.com\/tienda\/wp-json\/wp\/v2\/comments?post=791"}],"wp:featuredmedia":[{"embeddable":true,"href":"https:\/\/camonclass.com\/tienda\/wp-json\/wp\/v2\/media\/779"}],"wp:attachment":[{"href":"https:\/\/camonclass.com\/tienda\/wp-json\/wp\/v2\/media?parent=791"}],"wp:term":[{"taxonomy":"product_brand","embeddable":true,"href":"https:\/\/camonclass.com\/tienda\/wp-json\/wp\/v2\/product_brand?post=791"},{"taxonomy":"product_cat","embeddable":true,"href":"https:\/\/camonclass.com\/tienda\/wp-json\/wp\/v2\/product_cat?post=791"},{"taxonomy":"product_tag","embeddable":true,"href":"https:\/\/camonclass.com\/tienda\/wp-json\/wp\/v2\/product_tag?post=791"}],"curies":[{"name":"wp","href":"https:\/\/api.w.org\/{rel}","templated":true}]}}