{"id":792,"date":"2022-07-25T16:38:41","date_gmt":"2022-07-25T16:38:41","guid":{"rendered":"https:\/\/camonclass.vertice.org\/formacion\/cuidados-enfermeros-en-quirofano\/"},"modified":"2022-07-25T16:38:41","modified_gmt":"2022-07-25T16:38:41","slug":"cuidados-enfermeros-en-quirofano","status":"publish","type":"product","link":"https:\/\/camonclass.com\/tienda\/formacion\/cuidados-enfermeros-en-quirofano\/","title":{"rendered":"Cuidados Enfermeros en Quir\u00f3fano"},"content":{"rendered":"<p><strong>UD1. El Servicio de Quir\u00f3fano.<\/strong><UL>1.1. La Organizaci\u00f3n y Estructura F\u00edsica del Quir\u00f3fano.<br \/>1.2. Personal del Equipo Quir\u00fargico.<br \/>1.3. Principios \u00c9ticos.<\/UL><\/p>\n<p><strong>UD2. Funciones de Enfermer\u00eda en Quir\u00f3fano.<\/strong><UL>2.1. La Enfermera Anestesista.<br \/>2.2. La Enfermera Circulante.<br \/>2.3. La Enfermera Instrumentista.<\/UL><\/p>\n<p><strong>UD3. T\u00e9cnicas Est\u00e9riles.<\/strong><UL>3.1. El Proceso de Infecci\u00f3n.<br \/>3.2. Concepto de Asepsia y Esterilidad.<br \/>3.3. La Higiene Personal.<br \/>3.4. El Lavado de Manos.<br \/>3.5. Colocaci\u00f3n de la Indumentaria Est\u00e9ril.<br \/>3.6. Apertura de los Art\u00edculos Est\u00e9riles y T\u00e9cnica para echarlos al Campo.<br \/>3.7. La Circulaci\u00f3n dentro del Quir\u00f3fano.<\/UL><\/p>\n<p><strong>UD4. Preparaci\u00f3n Quir\u00fargica del Paciente: Cuidados Preoperatorios y Diagn\u00f3sticos de Enfermer\u00eda.<\/strong><UL>4.1. Recepci\u00f3n del Paciente.<br \/>4.2. Apoyo Psicol\u00f3gico durante el Preoperatorio.<br \/>4.3. Cuidados Preoperatorios.<br \/>4.4. Diagn\u00f3sticos de Enfermer\u00eda durante el Preoperatorio. Intervenciones.<\/UL><\/p>\n<p><strong>UD5. Traslado y Colocaci\u00f3n del Paciente en el Quir\u00f3fano.<\/strong><UL>5.1. Trasferencia del Paciente a la Mesa de Operaciones.<br \/>5.2. Colocaci\u00f3n del Paciente.<br \/>5.3. Colocaci\u00f3n de los Campos Quir\u00fargicos.<\/UL><\/p>\n<p><strong>UD6. Organizaci\u00f3n del Quir\u00f3fano para la Intervenci\u00f3n.<\/strong><UL>6.1. Tipos de Cirug\u00eda.<br \/>6.2. Aparataje B\u00e1sico en el Quir\u00f3fano.<br \/>6.3. La Preparaci\u00f3n del Quir\u00f3fano.<br \/>6.4. Instrumentaci\u00f3n Quir\u00fargica B\u00e1sica.<\/UL><\/p>\n<p><strong>UD7. La Anestesia y la Medicaci\u00f3n.<\/strong><UL>7.1. Cuidados Previos a la Anestesia.<br \/>7.2. Tipos de Anestesia.<br \/>7.3. Anest\u00e9sicos.<br \/>7.4. Elementos necesarios para la Anestesia.<br \/>7.5. Medicaci\u00f3n Quir\u00fargica B\u00e1sica.<\/UL><\/p>\n<p><strong>UD8. Procedimientos Quir\u00fargicos seg\u00fan Sistemas.<\/strong><UL>8.1. Cirug\u00eda General.<br \/>8.2. Cirug\u00eda Tor\u00e1cica.<br \/>8.3. Cirug\u00eda Card\u00edaca.<br \/>8.4. Cirug\u00eda Urogenital.<br \/>8.5. Cirug\u00eda Ginecol\u00f3gica.<br \/>8.6. Cirug\u00eda Traumatol\u00f3gica.<br \/>8.7. Cirug\u00eda Otorrinolaringol\u00f3gica.<br \/>8.8. Cirug\u00eda Oftalmol\u00f3gica.<br \/>8.9. Cirug\u00eda Maxilofacial.<br \/>8.10. Neurocirug\u00eda.<br \/>8.11. Cirug\u00eda Pl\u00e1stica.<br \/>8.12. Cirug\u00eda Pedi\u00e1trica.<\/UL><\/p>\n<p><strong>UD9. Suturas y Material Quir\u00fargico.<\/strong><UL>9.1. Las Suturas.<br \/>9.2. Tipos de Drenaje.<br \/>9.3. Tipos de Antis\u00e9pticos.<br \/>9.4. Tipos de Compresas.<\/UL><\/p>\n<p><strong>UD10. Unidad de Recuperaci\u00f3n Postoperatoria. Cuidados y Diagn\u00f3sticos de Enfermer\u00eda.<\/strong><UL>10.1. Unidad de Recuperaci\u00f3n Postoperatoria.<br \/>10.2. Cuidados de Enfermer\u00eda durante el Postoperatorio.<br \/>10.3. Alta de la Unidad Postoperatoria.<br \/>10.4. Diagn\u00f3sticos de Enfermer\u00eda en el Postoperatorio. Intervenciones.<\/UL><\/p>\n<p><strong>UD11. Limpieza y Desinfecci\u00f3n del Instrumental Quir\u00fargico.<\/strong><UL>11.1. Introducci\u00f3n.<br \/>11.2. Limpieza del Material.<br \/>11.3. Desinfecci\u00f3n.<br \/>11.4. Esterilizaci\u00f3n.<br \/>11.5. Envoltura de los Materiales.<\/UL><\/p>\n<p><strong>UD12. Prevenci\u00f3n de Riesgos Laborales en el Quir\u00f3fano.<\/strong><UL>12.1. Prevenci\u00f3n de Agentes F\u00edsicos.<br \/>12.2. Prevenci\u00f3n de Agentes Biol\u00f3gicos.<br \/>12.3. Prevenci\u00f3n de Agentes Qu\u00edmicos.<br \/>12.4. Prevenci\u00f3n de Riesgos Psicosociales.<br \/>12.4. Gesti\u00f3n de Residuos Sanitarios.<\/UL><\/p>\n","protected":false},"excerpt":{"rendered":"<ul>\n<li>Dotar a los alumnos de los conocimientos necesarios para que puedan trabajar en el servicio de quir\u00f3fano, y desarrollar en el mismo una labor de calidad.<\/li>\n<li>Mostrar al alumno la trascendencia que tiene que el material, instrumental quir\u00fargico y aparataje fundamental est\u00e9 en correcto estado antes de realizar cualquier intervenci\u00f3n quir\u00fargica.<\/li>\n<li>Formar al alumno en el tipo de instrumentalizaci\u00f3n que requiere el quir\u00f3fano dependiendo del tipo de intervenci\u00f3n quir\u00fargica que se va a realizar, ya sea ocular, traumatol\u00f3gica, cardiovascular,\u2026 aportar al personal sanitario la informaci\u00f3n necesaria sobre los cuidados que requiere el paciente antes, durante y despu\u00e9s de una intervenci\u00f3n quir\u00fargica.<\/li>\n<li>Formar al alumno en el tipo de instrumentalizaci\u00f3n que se utiliza y necesita a la hora de realizar cirug\u00edas de trasplante, y en qu\u00e9 condiciones debe estar esos instrumentos.<\/li>\n<li>Aportar a los participantes las nociones b\u00e1sicas de anestesiolog\u00eda necesarias para realizar correctamente su trabajo y poder prever la forma de actuar en caso de que ocurra alg\u00fan problema.<\/li>\n<li>Capacitar al alumno para que sepa preparar al paciente antes, durante y despu\u00e9s de una intervenci\u00f3n quir\u00fargica.<\/li>\n<li>Dotar a los alumnos de todos los conocimientos necesarios a la hora de tener que realizar una intervenci\u00f3n menor ambulatoria como puede ser: realizar sutura de heridas cut\u00e1neas, drenaje de abscesos, extirpaci\u00f3n de lesiones cut\u00e1neas,\u2026 y poder dar al paciente una recomendaci\u00f3n fiable de c\u00f3mo tiene que cuidar esas lesiones.<\/li>\n<\/ul>\n","protected":false},"featured_media":779,"comment_status":"open","ping_status":"closed","template":"","meta":{"neve_meta_sidebar":"","neve_meta_container":"","neve_meta_enable_content_width":"","neve_meta_content_width":0,"neve_meta_title_alignment":"","neve_meta_author_avatar":"","neve_post_elements_order":"","neve_meta_disable_header":"","neve_meta_disable_footer":"","neve_meta_disable_title":""},"product_brand":[],"product_cat":[22,23,30],"product_tag":[],"class_list":{"0":"post-792","1":"product","2":"type-product","3":"status-publish","4":"has-post-thumbnail","6":"product_cat-cursos","7":"product_cat-cursos-de-especializacion","8":"product_cat-sanidad","10":"first","11":"instock","12":"sold-individually","13":"shipping-taxable","14":"purchasable","15":"product-type-simple"},"_links":{"self":[{"href":"https:\/\/camonclass.com\/tienda\/wp-json\/wp\/v2\/product\/792","targetHints":{"allow":["GET"]}}],"collection":[{"href":"https:\/\/camonclass.com\/tienda\/wp-json\/wp\/v2\/product"}],"about":[{"href":"https:\/\/camonclass.com\/tienda\/wp-json\/wp\/v2\/types\/product"}],"replies":[{"embeddable":true,"href":"https:\/\/camonclass.com\/tienda\/wp-json\/wp\/v2\/comments?post=792"}],"wp:featuredmedia":[{"embeddable":true,"href":"https:\/\/camonclass.com\/tienda\/wp-json\/wp\/v2\/media\/779"}],"wp:attachment":[{"href":"https:\/\/camonclass.com\/tienda\/wp-json\/wp\/v2\/media?parent=792"}],"wp:term":[{"taxonomy":"product_brand","embeddable":true,"href":"https:\/\/camonclass.com\/tienda\/wp-json\/wp\/v2\/product_brand?post=792"},{"taxonomy":"product_cat","embeddable":true,"href":"https:\/\/camonclass.com\/tienda\/wp-json\/wp\/v2\/product_cat?post=792"},{"taxonomy":"product_tag","embeddable":true,"href":"https:\/\/camonclass.com\/tienda\/wp-json\/wp\/v2\/product_tag?post=792"}],"curies":[{"name":"wp","href":"https:\/\/api.w.org\/{rel}","templated":true}]}}