{"id":793,"date":"2022-07-25T16:38:41","date_gmt":"2022-07-25T16:38:41","guid":{"rendered":"https:\/\/camonclass.vertice.org\/formacion\/primeros-auxilios\/"},"modified":"2022-07-25T16:38:41","modified_gmt":"2022-07-25T16:38:41","slug":"primeros-auxilios","status":"publish","type":"product","link":"https:\/\/camonclass.com\/tienda\/formacion\/primeros-auxilios\/","title":{"rendered":"Primeros Auxilios"},"content":{"rendered":"<p><strong>UD1. Introducci\u00f3n a los Primeros Auxilios.<\/strong><UL>1.1. El derecho a ser atendido y el deber de atender.<br \/>1.2. Conceptos b\u00e1sicos sobre los primeros auxilios.<br \/>1.3. Terminolog\u00eda cl\u00ednica.<br \/>1.4. Anatom\u00eda y funci\u00f3n del cuerpo humano.<br \/>1.5. Valoraci\u00f3n del lesionado.<\/UL><\/p>\n<p><strong>UD2. Problemas Respiratorios.<\/strong><UL>2.1. Obstrucci\u00f3n de la v\u00eda a\u00e9rea por un objeto.<br \/>2.2. Maniobra de Heimlich.<br \/>2.3. Incisi\u00f3n Cricotiroidea.<br \/>2.4. Ahogamiento.<\/UL><\/p>\n<p><strong>UD3. Problemas Traumatol\u00f3gicos.<\/strong><UL>3.1. Introducci\u00f3n.<br \/>3.2. Politraumatismo.<br \/>3.3. Traumatismo columna vertebral.<br \/>3.4. Traumatismo craneoencef\u00e1lico.<br \/>3.5. Inconsciencia.<br \/>3.6. Esguince.<br \/>3.7. Luxaciones.<br \/>3.8. Fracturas.<br \/>3.9. Sistemas de inmovilizaci\u00f3n.<\/UL><\/p>\n<p><strong>UD4. Hemorragias y Heridas.<\/strong><UL>4.1. Introducci\u00f3n.<br \/>4.2. Heridas.<br \/>4.3. Hemorragia.<\/UL><\/p>\n<p><strong>UD5. Mordeduras y Picaduras.<\/strong><UL>5.1. Introducci\u00f3n.<br \/>5.2. Mordeduras.<br \/>5.3. Picaduras.<\/UL><\/p>\n<p><strong>UD6. Intoxicaciones.<\/strong><UL>6.1. Introducci\u00f3n.<br \/>6.2. Introducci\u00f3n por gases.<br \/>6.3. Intoxicaci\u00f3n por agentes qu\u00edmicos.<br \/>6.4. Intoxicaci\u00f3n por contacto con productos agr\u00edcolas.<br \/>6.5. Intoxicaci\u00f3n et\u00edlica y coma et\u00edlico.<br \/>6.6. Intoxicaci\u00f3n por ingesta de alimentos.<br \/>6.7. Intoxicaciones espec\u00edficas.<\/UL><\/p>\n<p><strong>UD7. Quemaduras.<\/strong><UL>7.1. Introducci\u00f3n.<br \/>7.2. Definici\u00f3n y clasificaci\u00f3n.<br \/>7.3. Causas.<br \/>7.4. S\u00edntomas.<br \/>7.5. Actuaci\u00f3n general.<br \/>7.6. Actuaciones espec\u00edficas en quemaduras seg\u00fan sus causas.<\/UL><\/p>\n<p><strong>UD8. Parto de urgencias o Extrahospitalario.<\/strong><UL>8.1. Introducci\u00f3n.<br \/>8.2. Parto: primera fase.<br \/>8.3. Parto: Segunda fase.<br \/>8.4. Parto: tercera fase.<br \/>8.5. Aborto.<br \/>8.6. El estado de shock.<\/UL><\/p>\n<p><strong>UD9. Signos de alarma.<\/strong><UL>9.1. Reacci\u00f3n al\u00e9rgica.<br \/>9.2. Golpe de calor.<br \/>9.3. S\u00edncopes.<br \/>9.4. Lipotimias.<br \/>9.5. Convulsiones.<br \/>9.6. Hipoglucemias.<br \/>9.7. Infarto de miocardio.<br \/>9.8. Ataques de ansiedad.<\/UL><\/p>\n<p><strong>UD10. Resucitaci\u00f3n Cardiopulmonar.<\/strong><UL>10.1. Introducci\u00f3n.<br \/>10.2. Breve fisiopatolog\u00eda de la parada cardiopulmonar.<br \/>10.3. Definici\u00f3n y diagnostico.<br \/>10.4. Actuaci\u00f3n ante una PCR.<br \/>10.5. Justificaci\u00f3n de la necesidad de aprender RCP.<br \/>10.6. Resucitaci\u00f3n cardiopulmonar.<br \/>10.7. Inicio y fin de las maniobras de RCP.<br \/>10.8. Soporte Vital.<br \/>10.9. \u00bfqui\u00e9n puede hacer RCP o Soporte Vital?.<br \/>10.10. Riesgo de contagio.<\/UL><\/p>\n<p><strong>UD11. RCP b\u00e1sica en adultos.<\/strong><UL>11.1. Secuencia de actuaci\u00f3n.<br \/>11.2. Cu\u00e1ndo no realizar la RCP.<br \/>11.3. Cu\u00e1ndo suspender la RCP.<\/UL><\/p>\n<p><strong>UD12. RCP b\u00e1sica en ni\u00f1os.<\/strong><UL>12.1. Introducci\u00f3n.<br \/>12.2. PCR en los ni\u00f1os.<br \/>12.3. Concepto RCP b\u00e1sica en ni\u00f1os.<br \/>12.4. Secuencia de actuaci\u00f3n.<br \/>12.5. Cu\u00e1ndo detener las maniobras de RCP.<\/UL><\/p>\n<p><strong>Anexo. El botiqu\u00edn.<\/strong><\/p>\n","protected":false},"excerpt":{"rendered":"<ul>\n<li>Conocer los derechos y deberes en caso de ser testigo o sufrir un accidente, y concienciar sobre la importancia que tiene prestar los primeros auxilios al accidentado en caso de necesitarlo.<\/li>\n<li>Conocer las situaciones de emergencia m\u00e1s comunes que se dan en el \u00e1mbito cotidiano y reconocer los s\u00edntomas de dichas alteraciones o enfermedades.<\/li>\n<li>Aprender a aplicar diferentes maniobras y t\u00e9cnicas que ayudan en determinadas situaciones de emergencia <\/li>\n<\/ul>\n","protected":false},"featured_media":779,"comment_status":"open","ping_status":"closed","template":"","meta":{"neve_meta_sidebar":"","neve_meta_container":"","neve_meta_enable_content_width":"","neve_meta_content_width":0,"neve_meta_title_alignment":"","neve_meta_author_avatar":"","neve_post_elements_order":"","neve_meta_disable_header":"","neve_meta_disable_footer":"","neve_meta_disable_title":""},"product_brand":[],"product_cat":[22,23,30],"product_tag":[],"class_list":{"0":"post-793","1":"product","2":"type-product","3":"status-publish","4":"has-post-thumbnail","6":"product_cat-cursos","7":"product_cat-cursos-de-especializacion","8":"product_cat-sanidad","10":"first","11":"instock","12":"sold-individually","13":"shipping-taxable","14":"purchasable","15":"product-type-simple"},"_links":{"self":[{"href":"https:\/\/camonclass.com\/tienda\/wp-json\/wp\/v2\/product\/793","targetHints":{"allow":["GET"]}}],"collection":[{"href":"https:\/\/camonclass.com\/tienda\/wp-json\/wp\/v2\/product"}],"about":[{"href":"https:\/\/camonclass.com\/tienda\/wp-json\/wp\/v2\/types\/product"}],"replies":[{"embeddable":true,"href":"https:\/\/camonclass.com\/tienda\/wp-json\/wp\/v2\/comments?post=793"}],"wp:featuredmedia":[{"embeddable":true,"href":"https:\/\/camonclass.com\/tienda\/wp-json\/wp\/v2\/media\/779"}],"wp:attachment":[{"href":"https:\/\/camonclass.com\/tienda\/wp-json\/wp\/v2\/media?parent=793"}],"wp:term":[{"taxonomy":"product_brand","embeddable":true,"href":"https:\/\/camonclass.com\/tienda\/wp-json\/wp\/v2\/product_brand?post=793"},{"taxonomy":"product_cat","embeddable":true,"href":"https:\/\/camonclass.com\/tienda\/wp-json\/wp\/v2\/product_cat?post=793"},{"taxonomy":"product_tag","embeddable":true,"href":"https:\/\/camonclass.com\/tienda\/wp-json\/wp\/v2\/product_tag?post=793"}],"curies":[{"name":"wp","href":"https:\/\/api.w.org\/{rel}","templated":true}]}}