{"id":796,"date":"2022-07-25T16:38:41","date_gmt":"2022-07-25T16:38:41","guid":{"rendered":"https:\/\/camonclass.vertice.org\/formacion\/rcp-basica-y-primeros-auxilios\/"},"modified":"2022-07-25T16:38:41","modified_gmt":"2022-07-25T16:38:41","slug":"rcp-basica-y-primeros-auxilios","status":"publish","type":"product","link":"https:\/\/camonclass.com\/tienda\/formacion\/rcp-basica-y-primeros-auxilios\/","title":{"rendered":"RCP B\u00e1sica y Primeros Auxilios"},"content":{"rendered":"<p><strong>UD1. Introducci\u00f3n a los primeros auxilios.<\/strong><UL>1.1. El derecho a ser atendido y el deber de atender.<br \/>1.2. Conceptos b\u00e1sicos sobre los primeros auxilios.<br \/>1.3. Terminolog\u00eda cl\u00ednica.<br \/>1.4. Anatom\u00eda y funci\u00f3n del cuerpo humano.<br \/>1.5. Valoraci\u00f3n del lesionado.<\/UL><\/p>\n<p><strong>UD2. Resucitaci\u00f3n cardiopulmonar.<\/strong><UL>2.1. Introducci\u00f3n.<br \/>2.2. Breve fisiopatolog\u00eda de la parada cardiopulmonar.<br \/>2.3. Definici\u00f3n y diagnostico.<br \/>2.4. Actuaci\u00f3n ante una PCR.<br \/>2.5. Justificaci\u00f3n de la necesidad de aprender RCP.<br \/>2.6. Resucitaci\u00f3n cardiopulmonar.<br \/>2.7. Inicio y fin de las maniobras de RCP.<br \/>2.8. Soporte vital.<br \/>2.9. \u00bfQui\u00e9n puede hacer RCP o Soporte Vital?.<br \/>2.10. Riesgo de contagio.<\/UL><\/p>\n<p><strong>UD3. RCP b\u00e1sica en adultos.<\/strong><UL>3.1. Secuencia de actuaci\u00f3n.<br \/>3.2. Cuando no realizar la RCP.<br \/>3.3. cuando suspender la RCP.<\/UL><\/p>\n<p><strong>UD4. RCP b\u00e1sica en ni\u00f1os.<\/strong><UL>4.1. Introducci\u00f3n.<br \/>4.2. PCR en los ni\u00f1os.<br \/>4.3. Concepto RCP b\u00e1sica en ni\u00f1os.<br \/>4.4. Secuencia de actuaci\u00f3n.<br \/>4.5. Cu\u00e1ndo detener las maniobras de RCP.<\/UL><\/p>\n<p><strong>UD5. Problemas respiratorios.<\/strong><UL>5.1. Obstrucci\u00f3n de la v\u00eda a\u00e9rea por un objeto.<br \/>5.2. Maniobra de Heimlich.<br \/>5.3. Incisi\u00f3n Cricotiroidea.<br \/>5.4. Ahogamiento.<\/UL><\/p>\n<p><strong>UD6. Problemas traumatol\u00f3gicos.<\/strong><UL>6.1. Introducci\u00f3n.<br \/>6.2. Politraumatismo.<br \/>6.3. Traumatismo columna vertebral.<br \/>6.4. Traumatismo craneoencef\u00e1lico.<br \/>6.5. Inconsciencia.<br \/>6.6. Esguince.<br \/>6.7. Luxaciones.<br \/>6.8. Fracturas.<br \/>6.9. Sistemas de inmovilizaci\u00f3n.<\/UL><\/p>\n<p><strong>UD7. Hemorragias y heridas.<\/strong><UL>7.1. Introducci\u00f3n.<br \/>7.2. Heridas.<br \/>7.3. Hemorragia.<\/UL><\/p>\n<p><strong>UD8. Mordeduras y picaduras.<\/strong><UL>8.1. Introducci\u00f3n.<br \/>8.2. Mordeduras.<br \/>8.3. Picaduras.<\/UL><\/p>\n<p><strong>UD9. Intoxicaciones.<\/strong><UL>9.1. Introducci\u00f3n.<br \/>9.2. Introducci\u00f3n por gases.<br \/>9.3. Intoxicaci\u00f3n por agentes qu\u00edmicos.<br \/>9.4. Intoxicaci\u00f3n por contacto con productos agr\u00edcolas.<br \/>9.5. Intoxicaci\u00f3n et\u00edlica y coma et\u00edlico.<br \/>9.6. Intoxicaci\u00f3n por ingesta de alimentos.<br \/>9.7. Intoxicaciones espec\u00edficas.<\/UL><\/p>\n<p><strong>UD10. Quemaduras.<\/strong><UL>10.1. Introducci\u00f3n.<br \/>10.2. Definici\u00f3n y clasificaci\u00f3n.<br \/>10.3. Causas.<br \/>10.4. S\u00edntomas.<br \/>10.5. Actuaci\u00f3n general.<br \/>10.6. Actuaciones espec\u00edficas en quemaduras seg\u00fan sus causas.<\/UL><\/p>\n<p><strong>UD11. Parto de urgencias o extrahospitalario.<\/strong><UL>11.1. Introducci\u00f3n.<br \/>11.2. Parto: Primera fase.<br \/>11.3. Parto: Segunda fase.<br \/>11.4. Parto: Tercera fase.<br \/>11.5. Aborto.<br \/>11.6. El estado de Shock.<\/UL><\/p>\n<p><strong>UD12. Signos de alarma.<\/strong><UL>12.1. Reacci\u00f3n al\u00e9rgica.<br \/>12.2. Golpe de calor.<br \/>12.3. S\u00edncopes.<br \/>12.4. Lipotimias.<br \/>12.5. Convulsiones.<br \/>12.6. Hipoglucemias.<br \/>12.7. Infarto de Miocardio.<br \/>12.8. Ataques de Ansiedad.<\/UL><\/p>\n","protected":false},"excerpt":{"rendered":"<ul>\n<li>Saber diagnosticar y reaccionar ante una parada cardiorrespiratoria.<\/li>\n<li>Conocer distintas t\u00e9cnicas de soporte vital b\u00e1sico.<\/li>\n<li>Reconocer distintas situaciones de urgencias y saber como afrontarlas.<\/li>\n<\/ul>\n","protected":false},"featured_media":779,"comment_status":"open","ping_status":"closed","template":"","meta":{"neve_meta_sidebar":"","neve_meta_container":"","neve_meta_enable_content_width":"","neve_meta_content_width":0,"neve_meta_title_alignment":"","neve_meta_author_avatar":"","neve_post_elements_order":"","neve_meta_disable_header":"","neve_meta_disable_footer":"","neve_meta_disable_title":""},"product_brand":[],"product_cat":[22,23,30],"product_tag":[],"class_list":{"0":"post-796","1":"product","2":"type-product","3":"status-publish","4":"has-post-thumbnail","6":"product_cat-cursos","7":"product_cat-cursos-de-especializacion","8":"product_cat-sanidad","10":"first","11":"instock","12":"sold-individually","13":"shipping-taxable","14":"purchasable","15":"product-type-simple"},"_links":{"self":[{"href":"https:\/\/camonclass.com\/tienda\/wp-json\/wp\/v2\/product\/796","targetHints":{"allow":["GET"]}}],"collection":[{"href":"https:\/\/camonclass.com\/tienda\/wp-json\/wp\/v2\/product"}],"about":[{"href":"https:\/\/camonclass.com\/tienda\/wp-json\/wp\/v2\/types\/product"}],"replies":[{"embeddable":true,"href":"https:\/\/camonclass.com\/tienda\/wp-json\/wp\/v2\/comments?post=796"}],"wp:featuredmedia":[{"embeddable":true,"href":"https:\/\/camonclass.com\/tienda\/wp-json\/wp\/v2\/media\/779"}],"wp:attachment":[{"href":"https:\/\/camonclass.com\/tienda\/wp-json\/wp\/v2\/media?parent=796"}],"wp:term":[{"taxonomy":"product_brand","embeddable":true,"href":"https:\/\/camonclass.com\/tienda\/wp-json\/wp\/v2\/product_brand?post=796"},{"taxonomy":"product_cat","embeddable":true,"href":"https:\/\/camonclass.com\/tienda\/wp-json\/wp\/v2\/product_cat?post=796"},{"taxonomy":"product_tag","embeddable":true,"href":"https:\/\/camonclass.com\/tienda\/wp-json\/wp\/v2\/product_tag?post=796"}],"curies":[{"name":"wp","href":"https:\/\/api.w.org\/{rel}","templated":true}]}}