{"id":798,"date":"2022-07-25T16:38:42","date_gmt":"2022-07-25T16:38:42","guid":{"rendered":"https:\/\/camonclass.vertice.org\/formacion\/cuidados-auxiliares-de-enfermeria-en-residencias-de-personas-mayores\/"},"modified":"2022-07-25T16:38:42","modified_gmt":"2022-07-25T16:38:42","slug":"cuidados-auxiliares-de-enfermeria-en-residencias-de-personas-mayores","status":"publish","type":"product","link":"https:\/\/camonclass.com\/tienda\/formacion\/cuidados-auxiliares-de-enfermeria-en-residencias-de-personas-mayores\/","title":{"rendered":"Cuidados Auxiliares de Enfermer\u00eda en Residencias de Personas Mayores"},"content":{"rendered":"<p><strong>UD1. Cuidados de enfermer\u00eda.<\/strong><UL>1.1. Introducci\u00f3n.<br \/>1.2. La enfermer\u00eda actual.<br \/>1.3. El equipo de Enfermer\u00eda.<br \/>1.4. Manuales de procedimientos de Enfermer\u00eda.<\/UL><\/p>\n<p><strong>UD2. T\u00e9cnicas de enfermer\u00eda.<\/strong><UL>2.1. T\u00e9cnicas de enfermer\u00eda.<\/UL><\/p>\n<p><strong>UD3. T\u00e9cnicas de enfermer\u00eda (II).<\/strong><UL>3.1. Oxigenoterapia.<br \/>3.2. Nutrici\u00f3n.<br \/>3.3. Eliminaci\u00f3n.<br \/>3.4. Fluidoterapia y Transfusiones.<br \/>3.5. Dolor y sedaci\u00f3n en el paciente cr\u00edtico.<br \/>3.6. Drenajes.<br \/>3.7. Higiene y comodidad.<br \/>3.8. Prevenci\u00f3n y cuidados de las \u00falceras por presi\u00f3n (UPP).<\/UL><\/p>\n<p><strong>UD4. Roles del auxiliar de enfermer\u00eda enmarcado en las residencias de las personas mayores.<\/strong><UL>4.1. El auxiliar de enfermer\u00eda como parte integrante del Equipo de Enfermer\u00eda.<br \/>4.2. Roles del Auxiliar de Enfermer\u00eda.<\/UL><\/p>\n","protected":false},"excerpt":{"rendered":"<ul>\n<li>Dotar a los trabajadores de la formaci\u00f3n necesaria que les capacite y prepare para desarrollar competencias y cualificaciones en puestos de trabajo que conlleven responsabilidades, por un lado de programaci\u00f3n, con el fin de que los trabajadores adquieran los conocimientos necesarios para realizar una correcta y adecuada organizaci\u00f3n del trabajo y por otro lado, de direcci\u00f3n, ya que los encargados de organizar el trabajo deben tener una correcta formaci\u00f3n en la materia con el fin de maximizar los recursos, tanto materiales como humanos, de que dispone la empresa.<\/li>\n<li>Dotar a los participantes de conocimientos generales acerca del comienzo y la evoluci\u00f3n hasta nuestros d\u00edas de la enfermer\u00eda y sus cuidados, as\u00ed como las funciones de su puesto en cada una de las \u00e1reas en las que sea posible su incorporaci\u00f3n laboral.<\/li>\n<li>Fomentar el uso de las t\u00e9cnicas de enfermer\u00eda como arma terap\u00e9utica y proporcionar los conocimientos y habilidades que permitan prestar una atenci\u00f3n integral al paciente, tanto en situaciones generales como especificas.<\/li>\n<li>Objetivos espec\u00edficos\n<\/li>\n<\/ul>\n","protected":false},"featured_media":779,"comment_status":"open","ping_status":"closed","template":"","meta":{"neve_meta_sidebar":"","neve_meta_container":"","neve_meta_enable_content_width":"","neve_meta_content_width":0,"neve_meta_title_alignment":"","neve_meta_author_avatar":"","neve_post_elements_order":"","neve_meta_disable_header":"","neve_meta_disable_footer":"","neve_meta_disable_title":""},"product_brand":[],"product_cat":[22,23,30],"product_tag":[],"class_list":{"0":"post-798","1":"product","2":"type-product","3":"status-publish","4":"has-post-thumbnail","6":"product_cat-cursos","7":"product_cat-cursos-de-especializacion","8":"product_cat-sanidad","10":"first","11":"instock","12":"sold-individually","13":"shipping-taxable","14":"purchasable","15":"product-type-simple"},"_links":{"self":[{"href":"https:\/\/camonclass.com\/tienda\/wp-json\/wp\/v2\/product\/798","targetHints":{"allow":["GET"]}}],"collection":[{"href":"https:\/\/camonclass.com\/tienda\/wp-json\/wp\/v2\/product"}],"about":[{"href":"https:\/\/camonclass.com\/tienda\/wp-json\/wp\/v2\/types\/product"}],"replies":[{"embeddable":true,"href":"https:\/\/camonclass.com\/tienda\/wp-json\/wp\/v2\/comments?post=798"}],"wp:featuredmedia":[{"embeddable":true,"href":"https:\/\/camonclass.com\/tienda\/wp-json\/wp\/v2\/media\/779"}],"wp:attachment":[{"href":"https:\/\/camonclass.com\/tienda\/wp-json\/wp\/v2\/media?parent=798"}],"wp:term":[{"taxonomy":"product_brand","embeddable":true,"href":"https:\/\/camonclass.com\/tienda\/wp-json\/wp\/v2\/product_brand?post=798"},{"taxonomy":"product_cat","embeddable":true,"href":"https:\/\/camonclass.com\/tienda\/wp-json\/wp\/v2\/product_cat?post=798"},{"taxonomy":"product_tag","embeddable":true,"href":"https:\/\/camonclass.com\/tienda\/wp-json\/wp\/v2\/product_tag?post=798"}],"curies":[{"name":"wp","href":"https:\/\/api.w.org\/{rel}","templated":true}]}}