{"id":801,"date":"2022-07-25T16:38:42","date_gmt":"2022-07-25T16:38:42","guid":{"rendered":"https:\/\/camonclass.vertice.org\/formacion\/normativa-de-contaminacion-atmosferica\/"},"modified":"2022-07-25T16:38:42","modified_gmt":"2022-07-25T16:38:42","slug":"normativa-de-contaminacion-atmosferica","status":"publish","type":"product","link":"https:\/\/camonclass.com\/tienda\/formacion\/normativa-de-contaminacion-atmosferica\/","title":{"rendered":"Normativa de contaminaci\u00f3n atmosf\u00e9rica"},"content":{"rendered":"<p><strong>UD1. Gesti\u00f3n ambiental en las Administraciones P\u00fablicas.<\/strong><UL>1.1. El poder legislativo.<br \/>1.2. El poder ejecutivo.<br \/>1.3. Estructura organizativa del poder judicial.<br \/>1.4. Estructura organizativa de la Uni\u00f3n Europea y de otros orga\u00acnismos internacionales.<br \/>1.5. El ordenamiento jur\u00eddico y jerarqu\u00eda de las normas.<br \/>1.6. Procedimientos administrativos.<\/UL><\/p>\n<p><strong>UD2. Aplicaci\u00f3n de la normativa ambiental.<\/strong><UL>2.1. Normas reguladoras en materia de contaminaci\u00f3n atmosf\u00e9rica.<br \/>2.2. Estructura y funcionamiento de organizaciones y entidades normalizadoras.<br \/>2.3. Documentaci\u00f3n de un sistema de gesti\u00f3n.<\/UL><\/p>\n<p><strong>UD3. Utilizaci\u00f3n de las aplicaciones inform\u00e1ticas para la gesti\u00f3n ambiental.<\/strong><UL>3.1. Ley sobre el derecho a la informaci\u00f3n en materia de medio ambiente.<br \/>3.2. Ley de protecci\u00f3n de datos.<br \/>3.3. Elementos que componen una red inform\u00e1tica.<br \/>3.4. Software de gesti\u00f3n de bases de datos.<br \/>3.5. Uso de redes.<br \/>3.6. Informaci\u00f3n y comunicaci\u00f3n a trav\u00e9s de la red.<\/UL><\/p>\n","protected":false},"excerpt":{"rendered":"<ul>\n<li>Una vez finalizado el M\u00f3dulo el alumno ser\u00e1 capaz de recopilar y mantener actualizada la normativa y la documentaci\u00f3n generada internamente asociadas a contaminaci\u00f3n atmosf\u00e9rica.<\/li>\n<li>En concreto el alumno ser\u00e1 capaz de: Identificar y caracterizar los distintos tipos de normas que inciden en el control de la contaminaci\u00f3n atmosf\u00e9rica.<\/li>\n<li>Identificar los procedimientos de trabajo empleados en la gesti\u00f3n de la informaci\u00f3n y documentaci\u00f3n relacionada con el control de la contaminaci\u00f3n atmosf\u00e9rica.<\/li>\n<li>Identificar los elementos de hardware y software para la explotaci\u00f3n y mantenimiento de bases de datos relativas a la gesti\u00f3n de la documentaci\u00f3n asociada al control de la contaminaci\u00f3n atmosf\u00e9rica.<\/li>\n<\/ul>\n","protected":false},"featured_media":800,"comment_status":"open","ping_status":"closed","template":"","meta":{"neve_meta_sidebar":"","neve_meta_container":"","neve_meta_enable_content_width":"","neve_meta_content_width":0,"neve_meta_title_alignment":"","neve_meta_author_avatar":"","neve_post_elements_order":"","neve_meta_disable_header":"","neve_meta_disable_footer":"","neve_meta_disable_title":""},"product_brand":[],"product_cat":[22,23,31],"product_tag":[],"class_list":{"0":"post-801","1":"product","2":"type-product","3":"status-publish","4":"has-post-thumbnail","6":"product_cat-cursos","7":"product_cat-cursos-de-especializacion","8":"product_cat-seguridad-y-medio-ambiente","10":"first","11":"instock","12":"sold-individually","13":"shipping-taxable","14":"purchasable","15":"product-type-simple"},"_links":{"self":[{"href":"https:\/\/camonclass.com\/tienda\/wp-json\/wp\/v2\/product\/801","targetHints":{"allow":["GET"]}}],"collection":[{"href":"https:\/\/camonclass.com\/tienda\/wp-json\/wp\/v2\/product"}],"about":[{"href":"https:\/\/camonclass.com\/tienda\/wp-json\/wp\/v2\/types\/product"}],"replies":[{"embeddable":true,"href":"https:\/\/camonclass.com\/tienda\/wp-json\/wp\/v2\/comments?post=801"}],"wp:featuredmedia":[{"embeddable":true,"href":"https:\/\/camonclass.com\/tienda\/wp-json\/wp\/v2\/media\/800"}],"wp:attachment":[{"href":"https:\/\/camonclass.com\/tienda\/wp-json\/wp\/v2\/media?parent=801"}],"wp:term":[{"taxonomy":"product_brand","embeddable":true,"href":"https:\/\/camonclass.com\/tienda\/wp-json\/wp\/v2\/product_brand?post=801"},{"taxonomy":"product_cat","embeddable":true,"href":"https:\/\/camonclass.com\/tienda\/wp-json\/wp\/v2\/product_cat?post=801"},{"taxonomy":"product_tag","embeddable":true,"href":"https:\/\/camonclass.com\/tienda\/wp-json\/wp\/v2\/product_tag?post=801"}],"curies":[{"name":"wp","href":"https:\/\/api.w.org\/{rel}","templated":true}]}}