{"id":802,"date":"2022-07-25T16:38:42","date_gmt":"2022-07-25T16:38:42","guid":{"rendered":"https:\/\/camonclass.vertice.org\/formacion\/manejo-de-equipos-de-medida-de-contaminantes-atmosfericos\/"},"modified":"2022-07-25T16:38:42","modified_gmt":"2022-07-25T16:38:42","slug":"manejo-de-equipos-de-medida-de-contaminantes-atmosfericos","status":"publish","type":"product","link":"https:\/\/camonclass.com\/tienda\/formacion\/manejo-de-equipos-de-medida-de-contaminantes-atmosfericos\/","title":{"rendered":"Manejo de equipos de medida de contaminantes atmosf\u00e9ricos"},"content":{"rendered":"<p><strong>UD1. La atm\u00f3sfera.<\/strong><UL>1.1. Descripci\u00f3n y composici\u00f3n de la atm\u00f3sfera.<br \/>1.2. Estructura y Funci\u00f3n de la atm\u00f3sfera.<br \/>1.3. Capas de la atm\u00f3sfera.<br \/>1.4. Din\u00e1mica atmosf\u00e9rica.<br \/>1.5. Escala temporal y espacial de los procesos atmosf\u00e9ricos.<br \/>1.6. Caracterizaci\u00f3n clim\u00e1tica.<br \/>1.7. Ciclos Biogeoqu\u00edmicos.<\/UL><\/p>\n<p><strong>UD2. Medida de la Contaminaci\u00f3n atmosf\u00e9rica.<\/strong><UL>2.1. Origen de la contaminaci\u00f3n atmosf\u00e9rica.<br \/>2.2. Definici\u00f3n de contaminante atmosf\u00e9rico.<br \/>2.3. Clasificaci\u00f3n de los contaminantes atmosf\u00e9ricos.<br \/>2.4. Fuentes de emisi\u00f3n de contaminantes a la atm\u00f3sfera.<br \/>2.5. Dispersi\u00f3n y diluci\u00f3n atmosf\u00e9rica.<br \/>2.6. Efectos generales de la contaminaci\u00f3n atmosf\u00e9rica.<\/UL><\/p>\n<p><strong>UD3. Uso de equipos de muestreo y medida de contaminantes atmosf\u00e9ricos.<\/strong><UL>3.1. M\u00e9todos de medida de la contaminaci\u00f3n atmosf\u00e9rica.<br \/>3.2. Metrolog\u00eda y mec\u00e1nica b\u00e1sica de los equipos de medida y muestreo de los contaminantes atmosf\u00e9ricos.<br \/>3.3. Equipos captadores y equipos de medida de contaminantes atmosf\u00e9ricos.<br \/>3.4. Redes de vigilancia: objetivos, caracter\u00edsticas, funcionamiento.<\/UL><\/p>\n<p><strong>UD4. Instalaci\u00f3n\/operaci\u00f3n de los equipos de muestreo y medida de contaminantes atmosf\u00e9ricos.<\/strong><UL>4.1. Factores ambientales a considerar.<br \/>4.2. Condiciones espec\u00edficas de las instalaciones.<\/UL><\/p>\n<p><strong>UD5. Gesti\u00f3n de la informaci\u00f3n obtenida por los equipos de toma de muestra y medida de la contaminaci\u00f3n atmosf\u00e9rica.<\/strong><UL>5.1. Registros de los datos obtenidos en la medida de contaminantes atmosf\u00e9ricos.<br \/>5.2. Sistemas de transmisi\u00f3n de la informaci\u00f3n.<\/UL><\/p>\n","protected":false},"excerpt":{"rendered":"<ul>\n<li>Definir y clasificar los conceptos y procesos que intervienen en la contaminaci\u00f3n atmosf\u00e9rica <\/li>\n<li>Clasificar e identificar los elementos y\/o compuestos qu\u00edmicos susceptibles de generar contaminaci\u00f3n atmosf\u00e9rica <\/li>\n<li>Utilizar equipos de medida y toma de muestras de contaminantes atmosf\u00e9ricos para la identificaci\u00f3n de la contaminaci\u00f3n en el aire <\/li>\n<li>Describir la influencia de las condiciones externas a los equipos de medida y toma demuestras con la representatividad de las muestras y medias obtenidas<\/li>\n<\/ul>\n","protected":false},"featured_media":800,"comment_status":"open","ping_status":"closed","template":"","meta":{"neve_meta_sidebar":"","neve_meta_container":"","neve_meta_enable_content_width":"","neve_meta_content_width":0,"neve_meta_title_alignment":"","neve_meta_author_avatar":"","neve_post_elements_order":"","neve_meta_disable_header":"","neve_meta_disable_footer":"","neve_meta_disable_title":""},"product_brand":[],"product_cat":[22,23,31],"product_tag":[],"class_list":{"0":"post-802","1":"product","2":"type-product","3":"status-publish","4":"has-post-thumbnail","6":"product_cat-cursos","7":"product_cat-cursos-de-especializacion","8":"product_cat-seguridad-y-medio-ambiente","10":"first","11":"instock","12":"sold-individually","13":"shipping-taxable","14":"purchasable","15":"product-type-simple"},"_links":{"self":[{"href":"https:\/\/camonclass.com\/tienda\/wp-json\/wp\/v2\/product\/802","targetHints":{"allow":["GET"]}}],"collection":[{"href":"https:\/\/camonclass.com\/tienda\/wp-json\/wp\/v2\/product"}],"about":[{"href":"https:\/\/camonclass.com\/tienda\/wp-json\/wp\/v2\/types\/product"}],"replies":[{"embeddable":true,"href":"https:\/\/camonclass.com\/tienda\/wp-json\/wp\/v2\/comments?post=802"}],"wp:featuredmedia":[{"embeddable":true,"href":"https:\/\/camonclass.com\/tienda\/wp-json\/wp\/v2\/media\/800"}],"wp:attachment":[{"href":"https:\/\/camonclass.com\/tienda\/wp-json\/wp\/v2\/media?parent=802"}],"wp:term":[{"taxonomy":"product_brand","embeddable":true,"href":"https:\/\/camonclass.com\/tienda\/wp-json\/wp\/v2\/product_brand?post=802"},{"taxonomy":"product_cat","embeddable":true,"href":"https:\/\/camonclass.com\/tienda\/wp-json\/wp\/v2\/product_cat?post=802"},{"taxonomy":"product_tag","embeddable":true,"href":"https:\/\/camonclass.com\/tienda\/wp-json\/wp\/v2\/product_tag?post=802"}],"curies":[{"name":"wp","href":"https:\/\/api.w.org\/{rel}","templated":true}]}}