{"id":804,"date":"2022-07-25T16:38:43","date_gmt":"2022-07-25T16:38:43","guid":{"rendered":"https:\/\/camonclass.vertice.org\/formacion\/toma-de-muestras-de-contaminantes-atmosfericos\/"},"modified":"2022-07-25T16:38:43","modified_gmt":"2022-07-25T16:38:43","slug":"toma-de-muestras-de-contaminantes-atmosfericos","status":"publish","type":"product","link":"https:\/\/camonclass.com\/tienda\/formacion\/toma-de-muestras-de-contaminantes-atmosfericos\/","title":{"rendered":"Toma de muestras de contaminantes atmosf\u00e9ricos"},"content":{"rendered":"<p><strong>UD1. Factores condicionantes en la toma de muestras y medida de los contaminantes atmosf\u00e9ricos.<\/strong><UL>1.1. Influencia de las condiciones climatol\u00f3gicas.<br \/>1.2. Influencia del entorno.<br \/>1.3. Identificaci\u00f3n y prevenci\u00f3n de problemas asociados.<\/UL><\/p>\n<p><strong>UD2. Preparaci\u00f3n de muestras de contaminantes atmosf\u00e9ricos.<\/strong><UL>2.1. Aplicaci\u00f3n de las metodolog\u00edas de muestreo y medida.<br \/>2.2. Uso de los medios de transporte y conservaci\u00f3n de muestras en funci\u00f3n de la naturaleza de los par\u00e1metros a analizar.<\/UL><\/p>\n<p><strong>UD3. Gesti\u00f3n de la informaci\u00f3n relacionada con la toma de muestras y medida de los contaminantes atmosf\u00e9ricos.<\/strong><UL>3.1. Unidades de medida.<br \/>3.2. Par\u00e1metros representativos de las operaciones de muestreo y medida.<br \/>3.3. Situaciones de funcionamiento normal\/an\u00f3malo.<br \/>3.4. Valores de referencia.<br \/>3.5. Tratamiento de datos.<br \/>3.6. Repetibilidad y reproductibilidad.<br \/>3.7. Registros.<\/UL><\/p>\n<p><strong>UD4. Tratamiento estad\u00edstico de datos de muestras y medida de contaminantes atmosf\u00e9ricos.<\/strong><UL>4.1. An\u00e1lisis estad\u00edsticos b\u00e1sicos.<br \/>4.2. Concepto de poblaci\u00f3n y muestra.<br \/>4.3. Elaboraci\u00f3n de tablas y series.<br \/>4.4. Medidas de centralizaci\u00f3n.<br \/>4.5. Medidas de dispersi\u00f3n.<br \/>4.6. Intervalos de confianza.<br \/>4.7. C\u00e1lculo de la incertidumbre.<br \/>4.8. Presentaci\u00f3n de datos y resultados.<\/UL><\/p>\n","protected":false},"excerpt":{"rendered":"<ul>\n<li>Aplicar la metodolog\u00eda de muestreo y medida en funci\u00f3n del equipo utilizado y las condiciones existentes predefinidas <\/li>\n<li>Describir el proceso de acondicionamiento de muestras y limpieza de equipos y materiales, para su conservaci\u00f3n <\/li>\n<li>Interpretar datos obtenidos de las operaciones de muestreo y medida, comprobando la validez dentro del rango de medida esperado<\/li>\n<\/ul>\n","protected":false},"featured_media":800,"comment_status":"open","ping_status":"closed","template":"","meta":{"neve_meta_sidebar":"","neve_meta_container":"","neve_meta_enable_content_width":"","neve_meta_content_width":0,"neve_meta_title_alignment":"","neve_meta_author_avatar":"","neve_post_elements_order":"","neve_meta_disable_header":"","neve_meta_disable_footer":"","neve_meta_disable_title":""},"product_brand":[],"product_cat":[22,23,31],"product_tag":[],"class_list":{"0":"post-804","1":"product","2":"type-product","3":"status-publish","4":"has-post-thumbnail","6":"product_cat-cursos","7":"product_cat-cursos-de-especializacion","8":"product_cat-seguridad-y-medio-ambiente","10":"first","11":"instock","12":"sold-individually","13":"shipping-taxable","14":"purchasable","15":"product-type-simple"},"_links":{"self":[{"href":"https:\/\/camonclass.com\/tienda\/wp-json\/wp\/v2\/product\/804","targetHints":{"allow":["GET"]}}],"collection":[{"href":"https:\/\/camonclass.com\/tienda\/wp-json\/wp\/v2\/product"}],"about":[{"href":"https:\/\/camonclass.com\/tienda\/wp-json\/wp\/v2\/types\/product"}],"replies":[{"embeddable":true,"href":"https:\/\/camonclass.com\/tienda\/wp-json\/wp\/v2\/comments?post=804"}],"wp:featuredmedia":[{"embeddable":true,"href":"https:\/\/camonclass.com\/tienda\/wp-json\/wp\/v2\/media\/800"}],"wp:attachment":[{"href":"https:\/\/camonclass.com\/tienda\/wp-json\/wp\/v2\/media?parent=804"}],"wp:term":[{"taxonomy":"product_brand","embeddable":true,"href":"https:\/\/camonclass.com\/tienda\/wp-json\/wp\/v2\/product_brand?post=804"},{"taxonomy":"product_cat","embeddable":true,"href":"https:\/\/camonclass.com\/tienda\/wp-json\/wp\/v2\/product_cat?post=804"},{"taxonomy":"product_tag","embeddable":true,"href":"https:\/\/camonclass.com\/tienda\/wp-json\/wp\/v2\/product_tag?post=804"}],"curies":[{"name":"wp","href":"https:\/\/api.w.org\/{rel}","templated":true}]}}