{"id":805,"date":"2022-07-25T16:38:43","date_gmt":"2022-07-25T16:38:43","guid":{"rendered":"https:\/\/camonclass.vertice.org\/formacion\/manejo-de-equipos-de-depuracion-y-control-de-emisiones-atmosfericas\/"},"modified":"2022-07-25T16:38:43","modified_gmt":"2022-07-25T16:38:43","slug":"manejo-de-equipos-de-depuracion-y-control-de-emisiones-atmosfericas","status":"publish","type":"product","link":"https:\/\/camonclass.com\/tienda\/formacion\/manejo-de-equipos-de-depuracion-y-control-de-emisiones-atmosfericas\/","title":{"rendered":"Manejo de equipos de depuraci\u00f3n y control de emisiones atmosf\u00e9ricas"},"content":{"rendered":"<p><strong>UD1. Depuraci\u00f3n y control de emisiones atmosf\u00e9ricas.<\/strong><UL>1.1. Sistemas utilizados para la Depuraci\u00f3n y control de emisiones atmosf\u00e9ricas.<br \/>1.2. Separaci\u00f3n de part\u00edculas.<br \/>1.3. Equipos de separaci\u00f3n de part\u00edculas secos.<br \/>1.4. Equipos de separaci\u00f3n de part\u00edculas h\u00famedos.<br \/>1.5. Control de gases.<br \/>1.6. Sensores y equipos de medida.<br \/>1.7. Gesti\u00f3n interna.<\/UL><\/p>\n<p><strong>UD2. Metrolog\u00eda y mec\u00e1nica b\u00e1sica de equipos de depuraci\u00f3n y control de los contaminantes atmosf\u00e9ricos.<\/strong><UL>2.1. M\u00e1quinas.<br \/>2.2. Herramientas.<br \/>2.3. Montajes mec\u00e1nicos.<br \/>2.4. Variables.<br \/>2.5. Valores de referencia.<\/UL><\/p>\n<p><strong>UD3. Manejo de equipos de medida de emisiones atmosf\u00e9ricas.<\/strong><UL>3.1. Captadores de alto y bajo volumen.<br \/>3.2. Equipos Isocin\u00e9ticos.<br \/>3.3. Analizadores dotados de sensores electroqu\u00edmicos.<br \/>3.4. Bombas Opacim\u00e9tricas.<br \/>3.5. Analizadores de ionizaci\u00f3n a la llama.<br \/>3.6. Equipos de an\u00e1lisis \u00abin situ\u00bb.<br \/>3.7. Bombas de caudal constante.<\/UL><\/p>\n<p><strong>UD4. Manejo de equipos para la depuraci\u00f3n y el control de gases.<\/strong><UL>4.1. Lavadores de gases.<br \/>4.2. Torres de adsorci\u00f3n de gases.<br \/>4.3. Equipos de combusti\u00f3n.<br \/>4.4. Equipos de reducci\u00f3n.<\/UL><\/p>\n<p><strong>UD5. Manejo de equipos para la depuraci\u00f3n y el control de part\u00edculas.<\/strong><UL>5.1. Colectores inerciales.<br \/>5.2. Ciclones.<br \/>5.3. Filtros.<br \/>5.4. Separadores electrost\u00e1ticos.<br \/>5.5. Lavadores.<br \/>5.6. Torres de relleno.<\/UL><\/p>\n<p><strong>UD6. Gesti\u00f3n de la informaci\u00f3n asociada a los sistemas de depuraci\u00f3n y control de la contaminaci\u00f3n atmosf\u00e9rica.<\/strong><UL>6.1. Par\u00e1metros representativos de las operaciones de depuraci\u00f3n y control.<br \/>6.2. Registros.<br \/>6.3. An\u00e1lisis de situaciones de funcionamiento normal\/an\u00f3malo.<br \/>6.4. Valores de referencia.<br \/>6.5. Sistemas de almacenamiento de datos.<br \/>6.6. Tratamiento de los datos.<br \/>6.7. Redacci\u00f3n de informes y Presentaci\u00f3n de datos.<br \/>6.8. Sistemas de transmisi\u00f3n de la informaci\u00f3n.<\/UL><\/p>\n","protected":false},"excerpt":{"rendered":"<ul>\n<li>Identificar procesos de depuraci\u00f3n y control de emisiones a la atm\u00f3sfera e instalaciones b\u00e1sicas implicadas <\/li>\n<li>Interpretar la secuencia operativa de instalaciones de depuraci\u00f3n y control de emisiones en base a las exigencias preestablecidas <\/li>\n<li>Describir y aplicar los par\u00e1metros de los equipos mec\u00e1nicos, el\u00e9ctricos o de medida para el control de las instalaciones de depuraci\u00f3n y control de las emisiones atmosf\u00e9ricas <\/li>\n<li>Interpretar los datos obtenidos a partir de sistemas de control y depuraci\u00f3n de contaminaci\u00f3n atmosf\u00e9rica<\/li>\n<\/ul>\n","protected":false},"featured_media":800,"comment_status":"open","ping_status":"closed","template":"","meta":{"neve_meta_sidebar":"","neve_meta_container":"","neve_meta_enable_content_width":"","neve_meta_content_width":0,"neve_meta_title_alignment":"","neve_meta_author_avatar":"","neve_post_elements_order":"","neve_meta_disable_header":"","neve_meta_disable_footer":"","neve_meta_disable_title":""},"product_brand":[],"product_cat":[22,23,31],"product_tag":[],"class_list":{"0":"post-805","1":"product","2":"type-product","3":"status-publish","4":"has-post-thumbnail","6":"product_cat-cursos","7":"product_cat-cursos-de-especializacion","8":"product_cat-seguridad-y-medio-ambiente","10":"first","11":"instock","12":"sold-individually","13":"shipping-taxable","14":"purchasable","15":"product-type-simple"},"_links":{"self":[{"href":"https:\/\/camonclass.com\/tienda\/wp-json\/wp\/v2\/product\/805","targetHints":{"allow":["GET"]}}],"collection":[{"href":"https:\/\/camonclass.com\/tienda\/wp-json\/wp\/v2\/product"}],"about":[{"href":"https:\/\/camonclass.com\/tienda\/wp-json\/wp\/v2\/types\/product"}],"replies":[{"embeddable":true,"href":"https:\/\/camonclass.com\/tienda\/wp-json\/wp\/v2\/comments?post=805"}],"wp:featuredmedia":[{"embeddable":true,"href":"https:\/\/camonclass.com\/tienda\/wp-json\/wp\/v2\/media\/800"}],"wp:attachment":[{"href":"https:\/\/camonclass.com\/tienda\/wp-json\/wp\/v2\/media?parent=805"}],"wp:term":[{"taxonomy":"product_brand","embeddable":true,"href":"https:\/\/camonclass.com\/tienda\/wp-json\/wp\/v2\/product_brand?post=805"},{"taxonomy":"product_cat","embeddable":true,"href":"https:\/\/camonclass.com\/tienda\/wp-json\/wp\/v2\/product_cat?post=805"},{"taxonomy":"product_tag","embeddable":true,"href":"https:\/\/camonclass.com\/tienda\/wp-json\/wp\/v2\/product_tag?post=805"}],"curies":[{"name":"wp","href":"https:\/\/api.w.org\/{rel}","templated":true}]}}