{"id":806,"date":"2022-07-25T16:38:43","date_gmt":"2022-07-25T16:38:43","guid":{"rendered":"https:\/\/camonclass.vertice.org\/formacion\/prevencion-y-mantenimiento-en-los-sistemas-de-depuracion-y-control-de-emisiones-atmosfericas\/"},"modified":"2022-07-25T16:38:43","modified_gmt":"2022-07-25T16:38:43","slug":"prevencion-y-mantenimiento-en-los-sistemas-de-depuracion-y-control-de-emisiones-atmosfericas","status":"publish","type":"product","link":"https:\/\/camonclass.com\/tienda\/formacion\/prevencion-y-mantenimiento-en-los-sistemas-de-depuracion-y-control-de-emisiones-atmosfericas\/","title":{"rendered":"Prevenci\u00f3n y mantenimiento en los sistemas de depuraci\u00f3n y control de emisiones atmosf\u00e9ricas"},"content":{"rendered":"<p><strong>UD1. Limpieza y mantenimiento de equipos y maquinaria utilizados en la depuraci\u00f3n y control de la contaminaci\u00f3n atmosf\u00e9rica.<\/strong><UL>1.1. Limpieza de equipos.<br \/>1.2. Residuos generados.<br \/>1.3. Diagnosis de aver\u00edas.<br \/>1.4. Protecci\u00f3n de equipos frente a los agentes atmosf\u00e9ricos.<br \/>1.5. Manejo de patrones de calibraci\u00f3n de sistemas de depuraci\u00f3n y control de la contaminaci\u00f3n atmosf\u00e9rica.<\/UL><\/p>\n<p><strong>UD2. Reparaci\u00f3n de aver\u00edas el\u00e9ctricas en las instalaciones de depuraci\u00f3n y control de la contaminaci\u00f3n atmosf\u00e9rica.<\/strong><UL>2.1. Corrientes.<br \/>2.2. Circuitos el\u00e9ctricos.<br \/>2.3. Esquemas el\u00e9ctricos.<br \/>2.4. Transformaci\u00f3n de la energ\u00eda el\u00e9ctrica en otras energ\u00edas.<br \/>2.5. Metrolog\u00eda el\u00e9ctrica.<br \/>2.6. Instrumentos de medida.<\/UL><\/p>\n<p><strong>UD3. Organizaci\u00f3n y planificaci\u00f3n del mantenimiento preventivo de los sistemas de depuraci\u00f3n y control de la contaminaci\u00f3n atmosf\u00e9rica.<\/strong><UL>3.1. Organizaci\u00f3n del taller.<br \/>3.2. Planes de mantenimiento para los equipos de depuraci\u00f3n y control de emisiones atmosf\u00e9ricas.<br \/>3.3. Partes de trabajo.<br \/>3.4. Control de repuestos y organizaci\u00f3n del almac\u00e9n.<\/UL><\/p>\n<p><strong>UD4. Aplicaci\u00f3n de las medidas de prevenci\u00f3n y protecci\u00f3n en las actividades de toma de muestra y medida de los contaminantes atmosf\u00e9ricos.<\/strong><UL>4.1. Conceptos b\u00e1sicos sobre seguridad y salud en el trabajo.<br \/>4.2. Riesgos generales y su prevenci\u00f3n.<br \/>4.3. Riesgos derivados de las operaciones de muestreo y medida de las emisiones a la atm\u00f3sfera.<br \/>4.4. Riesgos derivados de la exposici\u00f3n a agentes contaminantes.<br \/>4.5. Riesgos derivados de las caracter\u00edsticas de las instalaciones donde se realizan las operaciones de muestreo y medida de las emisiones a la atm\u00f3sfera.<br \/>4.6. Se\u00f1alizaci\u00f3n.<br \/>4.7. Equipos de protecci\u00f3n individual en las operaciones de muestreo y medida de las emisiones a la atm\u00f3sfera.<br \/>4.8. Actuaci\u00f3n en emergencias y evacuaci\u00f3n.<\/UL><\/p>\n","protected":false},"excerpt":{"rendered":"<ul>\n<li>Determinar las operaciones de retirada y almacenado de residuos, generados en el proceso de depuraci\u00f3n <\/li>\n<li>Aplicar protocolos de mantenimiento operativo y de reparaci\u00f3n de aver\u00edas mec\u00e1nicas y\/o el\u00e9ctricas sencillas, de los sistemas de depuraci\u00f3n y control de las emisiones a la atm\u00f3sfera <\/li>\n<li>Aplicar medidas preventivas y de protecci\u00f3n relativas a los riesgos de operaci\u00f3n de instalaciones de depuraci\u00f3n y control de emisiones a la atm\u00f3sfera<\/li>\n<\/ul>\n","protected":false},"featured_media":800,"comment_status":"open","ping_status":"closed","template":"","meta":{"neve_meta_sidebar":"","neve_meta_container":"","neve_meta_enable_content_width":"","neve_meta_content_width":0,"neve_meta_title_alignment":"","neve_meta_author_avatar":"","neve_post_elements_order":"","neve_meta_disable_header":"","neve_meta_disable_footer":"","neve_meta_disable_title":""},"product_brand":[],"product_cat":[22,23,31],"product_tag":[],"class_list":{"0":"post-806","1":"product","2":"type-product","3":"status-publish","4":"has-post-thumbnail","6":"product_cat-cursos","7":"product_cat-cursos-de-especializacion","8":"product_cat-seguridad-y-medio-ambiente","10":"first","11":"instock","12":"sold-individually","13":"shipping-taxable","14":"purchasable","15":"product-type-simple"},"_links":{"self":[{"href":"https:\/\/camonclass.com\/tienda\/wp-json\/wp\/v2\/product\/806","targetHints":{"allow":["GET"]}}],"collection":[{"href":"https:\/\/camonclass.com\/tienda\/wp-json\/wp\/v2\/product"}],"about":[{"href":"https:\/\/camonclass.com\/tienda\/wp-json\/wp\/v2\/types\/product"}],"replies":[{"embeddable":true,"href":"https:\/\/camonclass.com\/tienda\/wp-json\/wp\/v2\/comments?post=806"}],"wp:featuredmedia":[{"embeddable":true,"href":"https:\/\/camonclass.com\/tienda\/wp-json\/wp\/v2\/media\/800"}],"wp:attachment":[{"href":"https:\/\/camonclass.com\/tienda\/wp-json\/wp\/v2\/media?parent=806"}],"wp:term":[{"taxonomy":"product_brand","embeddable":true,"href":"https:\/\/camonclass.com\/tienda\/wp-json\/wp\/v2\/product_brand?post=806"},{"taxonomy":"product_cat","embeddable":true,"href":"https:\/\/camonclass.com\/tienda\/wp-json\/wp\/v2\/product_cat?post=806"},{"taxonomy":"product_tag","embeddable":true,"href":"https:\/\/camonclass.com\/tienda\/wp-json\/wp\/v2\/product_tag?post=806"}],"curies":[{"name":"wp","href":"https:\/\/api.w.org\/{rel}","templated":true}]}}