{"id":807,"date":"2022-07-25T16:38:43","date_gmt":"2022-07-25T16:38:43","guid":{"rendered":"https:\/\/camonclass.vertice.org\/formacion\/elaboracion-de-inventarios-de-focos-contaminantes\/"},"modified":"2022-07-25T16:38:43","modified_gmt":"2022-07-25T16:38:43","slug":"elaboracion-de-inventarios-de-focos-contaminantes","status":"publish","type":"product","link":"https:\/\/camonclass.com\/tienda\/formacion\/elaboracion-de-inventarios-de-focos-contaminantes\/","title":{"rendered":"Elaboraci\u00f3n de inventarios de focos contaminantes"},"content":{"rendered":"<p><strong>UD1. Determinaci\u00f3n de aspectos ambientales.<\/strong><UL>1.1. Definici\u00f3n y principios ambientales.<br \/>1.2. Valoraci\u00f3n sobre los problemas ambientales del medio socioecon\u00f3mico.<br \/>1.3. Terminolog\u00eda de Sistemas de Gesti\u00f3n Ambiental (SGA).<\/UL><\/p>\n<p><strong>UD2. Inventario relativo a contaminaci\u00f3n atmosf\u00e9rica.<\/strong><UL>2.1. An\u00e1lisis de contaminantes del aire.<br \/>2.2. Identificaci\u00f3n de principales fuentes de emisi\u00f3n.<br \/>2.3. Dispersi\u00f3n de los contaminantes. Modelos de difusi\u00f3n.<br \/>2.4. Determinaci\u00f3n de los principales efectos de la contaminaci\u00f3n.<br \/>2.5. Identificaci\u00f3n y aplicaci\u00f3n de m\u00e9todos b\u00e1sicos de muestreo de emisi\u00f3n e inmisi\u00f3n.<br \/>2.6. Identificaci\u00f3n y aplicaci\u00f3n de m\u00e9todos de control y de minimizaci\u00f3n de la contaminaci\u00f3n atmosf\u00e9rica.<br \/>2.7. An\u00e1lisis de los m\u00e9todos de recuperaci\u00f3n y regeneraci\u00f3n del recurso natural.<br \/>2.8. Aplicaci\u00f3n de normas de seguridad y salud y protecci\u00f3n medioambiental en el an\u00e1lisis de dicho aspecto ambiental.<\/UL><\/p>\n<p><strong>UD3. Inventario relativo a contaminaci\u00f3n ac\u00fastica.<\/strong><UL>3.1. Caracter\u00edsticas del ruido y vibraciones.<br \/>3.2. Identificaci\u00f3n de focos de ruido y vibraciones.<br \/>3.3. Determinaci\u00f3n de los principales efectos de la contaminaci\u00f3n ac\u00fastca.<br \/>3.4. Identificaci\u00f3n y aplicaci\u00f3n del m\u00e9todo de muestreo y mapa ac\u00fastico.<br \/>3.5. Identificaci\u00f3n y aplicaci\u00f3n de M\u00e9todos de control y minimizaci\u00f3n de ruidos y vibraciones.<br \/>3.6. An\u00e1lisis de los m\u00e9todos de recuperaci\u00f3n y regeneraci\u00f3n del recurso natural.<br \/>3.7. Aplicaci\u00f3n de normas de seguridad y salud y protecci\u00f3n medioambiental en el an\u00e1lisis de dicho aspecto ambiental.<\/UL><\/p>\n<p><strong>UD4. Inventario relativo a contaminaci\u00f3n lum\u00ednica.<\/strong><UL>4.1. Caracter\u00edsticas de la luz.<br \/>4.2. Identificaci\u00f3n de focos de luz.<br \/>4.3. Determinaci\u00f3n de los principales efectos de la contaminaci\u00f3n lum\u00ednica.<\/UL><\/p>\n<p><strong>UD5. Inventario relativo a gesti\u00f3n de residuos.<\/strong><UL>5.1. Caracter\u00edsticas, tipolog\u00eda y composici\u00f3n de los residuos.<br \/>5.2. Identificaci\u00f3n y an\u00e1lisis de los procesos de generaci\u00f3n de residuos.<br \/>5.3. Identificaci\u00f3n y Aplicaci\u00f3n de sistemas de gesti\u00f3n de residuos.<br \/>5.4. Determinaci\u00f3n de los principales efectos del abandono, vertido, dep\u00f3sito o gesti\u00f3n inadecuada de los residuos.<br \/>5.5. An\u00e1lisis del sistema de gesti\u00f3n de residuos.<br \/>5.6. Identificaci\u00f3n y aplicaci\u00f3n de m\u00e9todos de control y minimizaci\u00f3n de los residuos.<br \/>5.7. An\u00e1lisis de los m\u00e9todos de recuperaci\u00f3n y regeneraci\u00f3n del entorno natural.<br \/>5.8. Aplicaci\u00f3n de normas de seguridad y salud y protecci\u00f3n medioambiental en el an\u00e1lisis de dicho aspecto ambiental.<\/UL><\/p>\n<p><strong>UD6. Inventario de puntos de vertido relativos a contaminaci\u00f3n de las aguas.<\/strong><UL>6.1. Caracter\u00edsticas, tipolog\u00eda y composici\u00f3n de los contaminantes de las aguas.<br \/>6.2. Vertidos: generaci\u00f3n, tipolog\u00eda y caracter\u00edsticas.<br \/>6.3. Estudio e identificaci\u00f3n de los puntos de vertido de contaminaci\u00f3n de las aguas.<br \/>6.4. Determinaci\u00f3n de los principales efectos de la contaminaci\u00f3n en aguas.<br \/>6.5. Identificaci\u00f3n y aplicaci\u00f3n de m\u00e9todo de muestreo de aguas residuales.<br \/>6.6. Identificaci\u00f3n y aplicaci\u00f3n de m\u00e9todos de control y minimizaci\u00f3n de vertidos.<br \/>6.7. Tecnolog\u00eda de depuraci\u00f3n de aguas contaminadas.<br \/>6.8. An\u00e1lisis de los m\u00e9todos de recuperaci\u00f3n y regeneraci\u00f3n del entorno natural.<br \/>6.9. Aplicaci\u00f3n de normas de seguridad y salud y protecci\u00f3n medioambiental en el an\u00e1lisis de dicho aspecto ambiental.<\/UL><\/p>\n<p><strong>UD7. Inventario de agentes contaminantes del suelo.<\/strong><UL>7.1. Caracter\u00edsticas del suelo.<br \/>7.2. Caracter\u00edsticas, tipolog\u00eda y composici\u00f3n de los contaminantes de los suelos.<br \/>7.3. Causas de contaminaci\u00f3n de suelos.<br \/>7.4. Determinaci\u00f3n de los principales efectos de la contaminaci\u00f3n del suelo.<br \/>7.5. Identificaci\u00f3n y aplicaci\u00f3n de m\u00e9todo de muestreo del suelo.<br \/>7.6. Identificaci\u00f3n y aplicaci\u00f3n de m\u00e9todos de control y minimizaci\u00f3n de uso de suelos.<br \/>7.7. An\u00e1lisis de los m\u00e9todos de recuperaci\u00f3n y regeneraci\u00f3n del entorno natural.<br \/>7.8. Aplicaci\u00f3n de normas de seguridad y salud y protecci\u00f3n medioambiental en el an\u00e1lisis de dicho aspecto ambiental.<\/UL><\/p>\n","protected":false},"excerpt":{"rendered":"<ul>\n<li>Determinar aspectos ambientales y su problem\u00e1tica existentes en procesos productivos de organizaciones en situaciones normales y excepcionales, teniendo en cuenta los principios del Sistema de Gesti\u00f3n Ambiental (SGA), relacion\u00e1ndolos con el medio socioecon\u00f3mico<\/li>\n<li>Aplicar t\u00e9cnicas de elaboraci\u00f3n de inventarios de focos contaminantes existentes en procesos productivos de organizaciones relacion\u00e1ndolos con sustancias potencialmente contaminadoras de la atm\u00f3sfera, generadas en cada uno de ellos, proponiendo acciones de control y minimizaci\u00f3n<\/li>\n<li>Aplicar t\u00e9cnicas de elaboraci\u00f3n de inventarios de focos de ruido y vibraciones existentes en procesos productivos de organizaciones, proponiendo acciones de control y minimizaci\u00f3n<\/li>\n<li>Aplicar t\u00e9cnicas de elaboraci\u00f3n de inventarios de contaminaci\u00f3n lum\u00ednica existentes en procesos productivos de organizaciones, proponiendo acciones de control y minimizaci\u00f3n<\/li>\n<\/ul>\n","protected":false},"featured_media":800,"comment_status":"open","ping_status":"closed","template":"","meta":{"neve_meta_sidebar":"","neve_meta_container":"","neve_meta_enable_content_width":"","neve_meta_content_width":0,"neve_meta_title_alignment":"","neve_meta_author_avatar":"","neve_post_elements_order":"","neve_meta_disable_header":"","neve_meta_disable_footer":"","neve_meta_disable_title":""},"product_brand":[],"product_cat":[22,23,31],"product_tag":[],"class_list":{"0":"post-807","1":"product","2":"type-product","3":"status-publish","4":"has-post-thumbnail","6":"product_cat-cursos","7":"product_cat-cursos-de-especializacion","8":"product_cat-seguridad-y-medio-ambiente","10":"first","11":"instock","12":"sold-individually","13":"shipping-taxable","14":"purchasable","15":"product-type-simple"},"_links":{"self":[{"href":"https:\/\/camonclass.com\/tienda\/wp-json\/wp\/v2\/product\/807","targetHints":{"allow":["GET"]}}],"collection":[{"href":"https:\/\/camonclass.com\/tienda\/wp-json\/wp\/v2\/product"}],"about":[{"href":"https:\/\/camonclass.com\/tienda\/wp-json\/wp\/v2\/types\/product"}],"replies":[{"embeddable":true,"href":"https:\/\/camonclass.com\/tienda\/wp-json\/wp\/v2\/comments?post=807"}],"wp:featuredmedia":[{"embeddable":true,"href":"https:\/\/camonclass.com\/tienda\/wp-json\/wp\/v2\/media\/800"}],"wp:attachment":[{"href":"https:\/\/camonclass.com\/tienda\/wp-json\/wp\/v2\/media?parent=807"}],"wp:term":[{"taxonomy":"product_brand","embeddable":true,"href":"https:\/\/camonclass.com\/tienda\/wp-json\/wp\/v2\/product_brand?post=807"},{"taxonomy":"product_cat","embeddable":true,"href":"https:\/\/camonclass.com\/tienda\/wp-json\/wp\/v2\/product_cat?post=807"},{"taxonomy":"product_tag","embeddable":true,"href":"https:\/\/camonclass.com\/tienda\/wp-json\/wp\/v2\/product_tag?post=807"}],"curies":[{"name":"wp","href":"https:\/\/api.w.org\/{rel}","templated":true}]}}