{"id":808,"date":"2022-07-25T16:38:43","date_gmt":"2022-07-25T16:38:43","guid":{"rendered":"https:\/\/camonclass.vertice.org\/formacion\/elaboracion-de-inventarios-de-consumo-de-materias-primas-y-recursos\/"},"modified":"2022-07-25T16:38:43","modified_gmt":"2022-07-25T16:38:43","slug":"elaboracion-de-inventarios-de-consumo-de-materias-primas-y-recursos","status":"publish","type":"product","link":"https:\/\/camonclass.com\/tienda\/formacion\/elaboracion-de-inventarios-de-consumo-de-materias-primas-y-recursos\/","title":{"rendered":"Elaboraci\u00f3n de inventarios de consumo de materias primas y recursos"},"content":{"rendered":"<p><strong>UD1. Inventario de puntos de consumo del recurso natural del agua.<\/strong><UL>1.1. Consumo del recurso agua.<br \/>1.2. Efectos negativos sobre el medio.<br \/>1.3. Estudios de ratios de consumo.<br \/>1.4. Identificaci\u00f3n y aplicaci\u00f3n de m\u00e9todos de control y minimizaci\u00f3n del uso de agua.<br \/>1.5. An\u00e1lisis de los m\u00e9todos de recuperaci\u00f3n y regeneraci\u00f3n del Recurso Natural.<br \/>1.6. Aplicaci\u00f3n de normas de seguridad y salud y protecci\u00f3n medioambiental en el an\u00e1lisis de dicho aspecto ambiental.<\/UL><\/p>\n<p><strong>UD2. Inventario de puntos de consumo del recurso natural del suelo.<\/strong><UL>2.1. Uso del suelo.<br \/>2.2. Efectos negativos sobre el medio.<br \/>2.3. Impactos de ocupaci\u00f3n, transformaci\u00f3n y estudios de ratio de consumo causados por el uso del suelo.<br \/>2.4. Identificaci\u00f3n y aplicaci\u00f3n de m\u00e9todos de control y minimizaci\u00f3n en el uso del suelo.<br \/>2.5. An\u00e1lisis de los m\u00e9todos de recuperaci\u00f3n y regeneraci\u00f3n del Recurso Natural.<br \/>2.6. Aplicaci\u00f3n de normas de seguridad y salud y protecci\u00f3n medioambiental en el an\u00e1lisis de dicho aspecto ambiental.<\/UL><\/p>\n<p><strong>UD3. Inventario de puntos de consumo de recursos naturales vivos.<\/strong><UL>3.1. Uso de los recursos naturales vivos.<br \/>3.2. Efectos negativos sobre el medio.<br \/>3.3. Estudios de ratio de consumo de los recursos naturales.<br \/>3.4. Identificaci\u00f3n y aplicaci\u00f3n de m\u00e9todos de control y minimizaci\u00f3n del impacto del uso de los recursos naturales vivos.<br \/>3.5. An\u00e1lisis de los m\u00e9todos de recuperaci\u00f3n y regeneraci\u00f3n en el Medio Natural.<br \/>3.6. Aplicaci\u00f3n de normas de seguridad y salud y protecci\u00f3n medioambiental en el an\u00e1lisis de dicho aspecto ambiental.<\/UL><\/p>\n<p><strong>UD4. Inventario de puntos de consumo del recurso natural del combustible.<\/strong><UL>4.1. Uso del combustible.<br \/>4.2. Efectos negativos sobre el medio.<br \/>4.3. Estudios de ratios de consumo: Eficiencia energ\u00e9tica.<br \/>4.4. Identificaci\u00f3n y aplicaci\u00f3n de m\u00e9todos de control y minimizaci\u00f3n del uso del combustible.<br \/>4.5. An\u00e1lisis de los m\u00e9todos de recuperaci\u00f3n y regeneraci\u00f3n del recurso Natural.<br \/>4.6. Aplicaci\u00f3n de normas de seguridad y salud y protecci\u00f3n medioambiental en el an\u00e1lisis de dicho aspecto ambiental.<\/UL><\/p>\n<p><strong>UD5. Inventario de puntos de consumo que utiliza la energ\u00eda el\u00e9ctrica.<\/strong><UL>5.1. Uso de la energ\u00eda el\u00e9ctrica.<br \/>5.2. Efectos negativos sobre el medioambiente.<br \/>5.3. Estudios de ratios de consumo: Eficiencia energ\u00e9tica.<br \/>5.4. Identificaci\u00f3n y aplicaci\u00f3n de m\u00e9todos de control y minimizaci\u00f3n del consumo de energ\u00eda el\u00e9ctrica.<br \/>5.5. Tecnolog\u00eda de generaci\u00f3n el\u00e9ctrica basada en recursos renovables.<br \/>5.6. An\u00e1lisis de los m\u00e9todos de recuperaci\u00f3n y regeneraci\u00f3n en el Medio Natural.<br \/>5.7. Aplicaci\u00f3n de normas de seguridad y salud y protecci\u00f3n medioambiental en el an\u00e1lisis de dicho aspecto ambiental.<\/UL><\/p>\n<p><strong>UD6. Inventario de puntos de consumo de materias primas.<\/strong><UL>6.1. Normativa relativa a materiales restringidos para distintos usos.<br \/>6.2. Efectos negativos sobre el medioambiente.<br \/>6.3. Estudios de ratios de consumo. 6.4Identificaci\u00f3n y aplicaci\u00f3n de la tecnolog\u00eda para minimizar y optimizar el consumo de materias primas.<br \/>6.5. An\u00e1lisis de los m\u00e9todos de recuperaci\u00f3n y regeneraci\u00f3n en el Medio Natural.<br \/>6.6. Aplicaci\u00f3n de normas de seguridad y salud y protecci\u00f3n medioambiental en el an\u00e1lisis de dicho aspecto ambiental.<\/UL><\/p>\n","protected":false},"excerpt":{"rendered":"<ul>\n<li>Aplicar t\u00e9cnicas de elaboraci\u00f3n de inventarios de puntos de consumo existentes en procesos productivos de organizaciones relacion\u00e1ndolos con los recursos naturales (agua, suelo y recursos naturales vivos) utilizados en cada uno de ellos, proponiendo acciones de control y minimizaci\u00f3n<\/li>\n<li>Aplicar t\u00e9cnicas de elaboraci\u00f3n de inventarios de puntos de consumo existentes en procesos productivos de organizaciones relacion\u00e1ndolos con recursos naturales (combustibles y uso de energ\u00eda el\u00e9ctrica) utilizados en cada uno de ellos, proponiendo acciones de control y minimizaci\u00f3n<\/li>\n<li>Aplicar t\u00e9cnicas de elaboraci\u00f3n de inventarios de puntos de consumo existentes en procesos productivos de organizaciones relacion\u00e1ndolos con materias primas utilizados en cada uno de ellos, proponiendo acciones de control y minimizaci\u00f3n<\/li>\n<\/ul>\n","protected":false},"featured_media":800,"comment_status":"open","ping_status":"closed","template":"","meta":{"neve_meta_sidebar":"","neve_meta_container":"","neve_meta_enable_content_width":"","neve_meta_content_width":0,"neve_meta_title_alignment":"","neve_meta_author_avatar":"","neve_post_elements_order":"","neve_meta_disable_header":"","neve_meta_disable_footer":"","neve_meta_disable_title":""},"product_brand":[],"product_cat":[22,23,31],"product_tag":[],"class_list":{"0":"post-808","1":"product","2":"type-product","3":"status-publish","4":"has-post-thumbnail","6":"product_cat-cursos","7":"product_cat-cursos-de-especializacion","8":"product_cat-seguridad-y-medio-ambiente","10":"first","11":"instock","12":"sold-individually","13":"shipping-taxable","14":"purchasable","15":"product-type-simple"},"_links":{"self":[{"href":"https:\/\/camonclass.com\/tienda\/wp-json\/wp\/v2\/product\/808","targetHints":{"allow":["GET"]}}],"collection":[{"href":"https:\/\/camonclass.com\/tienda\/wp-json\/wp\/v2\/product"}],"about":[{"href":"https:\/\/camonclass.com\/tienda\/wp-json\/wp\/v2\/types\/product"}],"replies":[{"embeddable":true,"href":"https:\/\/camonclass.com\/tienda\/wp-json\/wp\/v2\/comments?post=808"}],"wp:featuredmedia":[{"embeddable":true,"href":"https:\/\/camonclass.com\/tienda\/wp-json\/wp\/v2\/media\/800"}],"wp:attachment":[{"href":"https:\/\/camonclass.com\/tienda\/wp-json\/wp\/v2\/media?parent=808"}],"wp:term":[{"taxonomy":"product_brand","embeddable":true,"href":"https:\/\/camonclass.com\/tienda\/wp-json\/wp\/v2\/product_brand?post=808"},{"taxonomy":"product_cat","embeddable":true,"href":"https:\/\/camonclass.com\/tienda\/wp-json\/wp\/v2\/product_cat?post=808"},{"taxonomy":"product_tag","embeddable":true,"href":"https:\/\/camonclass.com\/tienda\/wp-json\/wp\/v2\/product_tag?post=808"}],"curies":[{"name":"wp","href":"https:\/\/api.w.org\/{rel}","templated":true}]}}