{"id":809,"date":"2022-07-25T16:38:43","date_gmt":"2022-07-25T16:38:43","guid":{"rendered":"https:\/\/camonclass.vertice.org\/formacion\/puesta-en-marcha-de-sistema-de-gestion-ambiental\/"},"modified":"2022-07-25T16:38:43","modified_gmt":"2022-07-25T16:38:43","slug":"puesta-en-marcha-de-sistema-de-gestion-ambiental","status":"publish","type":"product","link":"https:\/\/camonclass.com\/tienda\/formacion\/puesta-en-marcha-de-sistema-de-gestion-ambiental\/","title":{"rendered":"Puesta en marcha de sistema de gesti\u00f3n ambiental"},"content":{"rendered":"<p><strong>UD1. Determinaci\u00f3n de las fases relativas a la definici\u00f3n de la estructura del Sistema de Gesti\u00f3n Ambiental (SGA).<\/strong><UL>1.1. Definici\u00f3n del alcance del sistema de gesti\u00f3n ambiental en la organizaci\u00f3n.<br \/>1.2. Diagn\u00f3stico inicial sobre aspectos ambientales aplicables a la organizaci\u00f3n.<br \/>1.3. Metodolog\u00eda de identificaci\u00f3n y puntualizaci\u00f3n de requisitos legales y otros requisitos aplicables a la organizaci\u00f3n.<br \/>1.4. Evaluaci\u00f3n del cumplimiento legal.<br \/>1.5. Objetivos, metas y programas.<br \/>1.6. Plan de implantaci\u00f3n del SGA.<br \/>1.7. Dise\u00f1o y elaboraci\u00f3n de la documentaci\u00f3n asociada al SGA.<\/UL><\/p>\n<p><strong>UD2. Puesta en marcha de los procedimientos aprobados por la organizaci\u00f3n del Sistema de Gesti\u00f3n Ambiental.<\/strong><UL>2.1. Elaboraci\u00f3n de los documentos del sistema de gesti\u00f3n ambiental.<br \/>2.2. Implementaci\u00f3n de los procesos y procedimientos aprobados por la organizaci\u00f3n.<br \/>2.3. Control del proceso operacional en condiciones normales.<br \/>2.4. Identificaci\u00f3n, objetivos e indicadores de las actividades sometidas a control operacional.<br \/>2.5. Seguimiento de puntos de control operacional referentes SGA.<br \/>2.6. Control de los dispositivos de seguimiento y medici\u00f3n.<br \/>2.7. Actuaciones ante desviaciones y mejora continua.<br \/>2.8. Definici\u00f3n y comunicaci\u00f3n de requisitos ambientales aplicables a agentes externos a la organizaci\u00f3n teniendo en cuenta la tipolog\u00eda.<br \/>2.9. Elaboraci\u00f3n de informes: entradas a la revisi\u00f3n por la direcci\u00f3n.<br \/>2.10. Revisi\u00f3n por la direcci\u00f3n.<br \/>2.11. Contenido de la Declaraci\u00f3n ambienta.<\/UL><\/p>\n","protected":false},"excerpt":{"rendered":"<ul>\n<li>Aplicar operaciones de puesta en marcha de Sistemas de Gesti\u00f3n Ambiental (SGA) en una organizaci\u00f3n, relativas a la definici\u00f3n de la estructura implicada y distribuci\u00f3n de responsabilidades entre el personal<\/li>\n<li>Aplicar operaciones de puesta en marcha de procedimientos establecidos vinculados a un Sistema de Gesti\u00f3n Ambiental (SGA)<BR><\/li>\n<\/ul>\n","protected":false},"featured_media":800,"comment_status":"open","ping_status":"closed","template":"","meta":{"neve_meta_sidebar":"","neve_meta_container":"","neve_meta_enable_content_width":"","neve_meta_content_width":0,"neve_meta_title_alignment":"","neve_meta_author_avatar":"","neve_post_elements_order":"","neve_meta_disable_header":"","neve_meta_disable_footer":"","neve_meta_disable_title":""},"product_brand":[],"product_cat":[22,23,31],"product_tag":[],"class_list":{"0":"post-809","1":"product","2":"type-product","3":"status-publish","4":"has-post-thumbnail","6":"product_cat-cursos","7":"product_cat-cursos-de-especializacion","8":"product_cat-seguridad-y-medio-ambiente","10":"first","11":"instock","12":"sold-individually","13":"shipping-taxable","14":"purchasable","15":"product-type-simple"},"_links":{"self":[{"href":"https:\/\/camonclass.com\/tienda\/wp-json\/wp\/v2\/product\/809","targetHints":{"allow":["GET"]}}],"collection":[{"href":"https:\/\/camonclass.com\/tienda\/wp-json\/wp\/v2\/product"}],"about":[{"href":"https:\/\/camonclass.com\/tienda\/wp-json\/wp\/v2\/types\/product"}],"replies":[{"embeddable":true,"href":"https:\/\/camonclass.com\/tienda\/wp-json\/wp\/v2\/comments?post=809"}],"wp:featuredmedia":[{"embeddable":true,"href":"https:\/\/camonclass.com\/tienda\/wp-json\/wp\/v2\/media\/800"}],"wp:attachment":[{"href":"https:\/\/camonclass.com\/tienda\/wp-json\/wp\/v2\/media?parent=809"}],"wp:term":[{"taxonomy":"product_brand","embeddable":true,"href":"https:\/\/camonclass.com\/tienda\/wp-json\/wp\/v2\/product_brand?post=809"},{"taxonomy":"product_cat","embeddable":true,"href":"https:\/\/camonclass.com\/tienda\/wp-json\/wp\/v2\/product_cat?post=809"},{"taxonomy":"product_tag","embeddable":true,"href":"https:\/\/camonclass.com\/tienda\/wp-json\/wp\/v2\/product_tag?post=809"}],"curies":[{"name":"wp","href":"https:\/\/api.w.org\/{rel}","templated":true}]}}