{"id":810,"date":"2022-07-25T16:38:44","date_gmt":"2022-07-25T16:38:44","guid":{"rendered":"https:\/\/camonclass.vertice.org\/formacion\/prl-avanzado\/"},"modified":"2022-07-25T16:38:44","modified_gmt":"2022-07-25T16:38:44","slug":"prl-avanzado","status":"publish","type":"product","link":"https:\/\/camonclass.com\/tienda\/formacion\/prl-avanzado\/","title":{"rendered":"PRL Avanzado"},"content":{"rendered":"<p><strong>UD1. Los Equipos de Protecci\u00f3n Individual y su papel en la Prevenci\u00f3n.<\/strong><UL>1.1. La prevenci\u00f3n.<br \/>1.2. Equipos de protecci\u00f3n individual (EPIS).<br \/>1.3. Clasificaci\u00f3n de los EPIS.<br \/>1.4. Implantaci\u00f3n de los EPIS.<br \/>1.5. Tipos de EPIS.<\/UL><\/p>\n<p><strong>UD2. Protectores Auditivos.<\/strong><UL>2.1. Introducci\u00f3n.<br \/>2.2. Actividades y sectores que requieren su utilizaci\u00f3n.<br \/>2.3. Evaluaci\u00f3n de los Protectores Auditivos.<br \/>2.4. Clasificaci\u00f3n.<br \/>2.5. Uso y mantenimiento.<br \/>2.6. Marcado.<\/UL><\/p>\n<p><strong>UD3. Protectores Oculares y Faciales: Gafas y Pantallas.<\/strong><UL>3.1. Introducci\u00f3n.<br \/>3.2. Actividades y sectores que requieren su utilizaci\u00f3n.<br \/>3.3. Evaluaci\u00f3n de los protectores oculares y faciales.<br \/>3.4. Clasificaci\u00f3n.<br \/>3.5. Elecci\u00f3n del equipo de protecci\u00f3n m\u00e1s adecuado.<br \/>3.6. Uso y mantenimiento.<br \/>3.7. Marcado.<\/UL><\/p>\n<p><strong>UD4. Ropa de protecci\u00f3n.<\/strong><UL>4.1. Introducci\u00f3n.<br \/>4.2. Actividades y sectores que requieren su utilizaci\u00f3n.<br \/>4.3. Evaluaci\u00f3n de la ropa de protecci\u00f3n.<br \/>4.4. Clasificaci\u00f3n.<br \/>4.5. Elecci\u00f3n, uso y mantenimiento.<br \/>4.6. Marcado.<\/UL><\/p>\n<p><strong>UD5. Sistemas antica\u00eddas.<\/strong><UL>5.1. Introducci\u00f3n.<br \/>5.2. Protecci\u00f3n contra ca\u00eddas de altura. Actividades y sectores.<br \/>5.3. Evaluaci\u00f3n de los sistemas antica\u00eddas.<br \/>5.4. Componentes de un sistema antica\u00eddas.<br \/>5.5. Uso y mantenimiento.<br \/>5.6. Marcado.<\/UL><\/p>\n<p><strong>UD6. Protecci\u00f3n del pie y la pierna.<\/strong><UL>6.1. Introducci\u00f3n.<br \/>6.2. Actividades y sectores que requieren su utilizaci\u00f3n.<br \/>6.3. Evaluaci\u00f3n de los equipos de protecci\u00f3n de pies y piernas.<br \/>6.4. Clasificaci\u00f3n y materiales.<br \/>6.5. Requisitos.<br \/>6.6. Elementos y dise\u00f1o.<br \/>6.7. Elecci\u00f3n, uso y mantenimiento.<br \/>6.8. Marcado.<\/UL><\/p>\n<p><strong>UD7. Guantes de Protecci\u00f3n.<\/strong><UL>7.1. Introducci\u00f3n.<br \/>7.2. Actividades y sectores que requieren su utilizaci\u00f3n.<br \/>7.3. Evaluaci\u00f3n de los guantes de protecci\u00f3n.<br \/>7.4. Clasificaci\u00f3n.<br \/>7.5. Elecci\u00f3n.<br \/>7.6. Uso.<br \/>7.7. Mantenimiento.<br \/>7.8. Marcado.<\/UL><\/p>\n<p><strong>UD8. Equipos de protecci\u00f3n respiratoria.<\/strong><UL>8.1. Introducci\u00f3n.<br \/>8.2. Actividades y sectores que requieren su utilizaci\u00f3n.<br \/>8.3. Evaluaci\u00f3n de los equipos de protecci\u00f3n respiratoria.<br \/>8.4. Clasificaci\u00f3n de los equipos de protecci\u00f3n respiratoria y De los filtros.<br \/>8.5. Uso y mantenimiento.<br \/>8.6. Marcado.<\/UL><\/p>\n<p><strong>UD9. Cascos de protecci\u00f3n.<\/strong><UL>9.1. Introducci\u00f3n.<br \/>9.2. Actividades y sectores que requieren su utilizaci\u00f3n.<br \/>9.3. Evaluaci\u00f3n de los cascos de protecci\u00f3n para la industria.<br \/>9.4. Clasificaci\u00f3n.<br \/>9.5. Elecci\u00f3n de los cascos de protecci\u00f3n.<br \/>9.6. Uso y mantenimiento.<br \/>9.7. Marcado.<\/UL><\/p>\n<p><strong>UD10. Normas relacionadas con los equipos de protecci\u00f3n individual.<\/strong><UL>10.1. Ley de Prevenci\u00f3n de Riesgos Laborales.<br \/>10.2. Normativa equipos de Protecci\u00f3n Individual.<\/UL><\/p>\n","protected":false},"excerpt":{"rendered":"<ul>\n<li>Estudiar los equipos de prevenci\u00f3n individual (epi) y su papel en la prevenci\u00f3n.<\/li>\n<li>Evaluar los equipos de prevenci\u00f3n, las actividades y los sectores que requieren su utilizaci\u00f3n.<\/li>\n<li>Clasificar los equipos de prevenci\u00f3n para un riesgo determinado.<\/li>\n<li>Reconocer qu\u00e9 equipo es el m\u00e1s adecuado.<\/li>\n<li>Describir el uso y mantenimiento de un equipo de protecci\u00f3n.<\/li>\n<li>Entender la importancia del marcado ce.<\/li>\n<li>Conocer la normativa aplicable a los epis.<\/li>\n<\/ul>\n","protected":false},"featured_media":800,"comment_status":"open","ping_status":"closed","template":"","meta":{"neve_meta_sidebar":"","neve_meta_container":"","neve_meta_enable_content_width":"","neve_meta_content_width":0,"neve_meta_title_alignment":"","neve_meta_author_avatar":"","neve_post_elements_order":"","neve_meta_disable_header":"","neve_meta_disable_footer":"","neve_meta_disable_title":""},"product_brand":[],"product_cat":[22,23,31],"product_tag":[],"class_list":{"0":"post-810","1":"product","2":"type-product","3":"status-publish","4":"has-post-thumbnail","6":"product_cat-cursos","7":"product_cat-cursos-de-especializacion","8":"product_cat-seguridad-y-medio-ambiente","10":"first","11":"instock","12":"sold-individually","13":"shipping-taxable","14":"purchasable","15":"product-type-simple"},"_links":{"self":[{"href":"https:\/\/camonclass.com\/tienda\/wp-json\/wp\/v2\/product\/810","targetHints":{"allow":["GET"]}}],"collection":[{"href":"https:\/\/camonclass.com\/tienda\/wp-json\/wp\/v2\/product"}],"about":[{"href":"https:\/\/camonclass.com\/tienda\/wp-json\/wp\/v2\/types\/product"}],"replies":[{"embeddable":true,"href":"https:\/\/camonclass.com\/tienda\/wp-json\/wp\/v2\/comments?post=810"}],"wp:featuredmedia":[{"embeddable":true,"href":"https:\/\/camonclass.com\/tienda\/wp-json\/wp\/v2\/media\/800"}],"wp:attachment":[{"href":"https:\/\/camonclass.com\/tienda\/wp-json\/wp\/v2\/media?parent=810"}],"wp:term":[{"taxonomy":"product_brand","embeddable":true,"href":"https:\/\/camonclass.com\/tienda\/wp-json\/wp\/v2\/product_brand?post=810"},{"taxonomy":"product_cat","embeddable":true,"href":"https:\/\/camonclass.com\/tienda\/wp-json\/wp\/v2\/product_cat?post=810"},{"taxonomy":"product_tag","embeddable":true,"href":"https:\/\/camonclass.com\/tienda\/wp-json\/wp\/v2\/product_tag?post=810"}],"curies":[{"name":"wp","href":"https:\/\/api.w.org\/{rel}","templated":true}]}}