{"id":814,"date":"2022-07-25T16:38:44","date_gmt":"2022-07-25T16:38:44","guid":{"rendered":"https:\/\/camonclass.vertice.org\/formacion\/gestion-medioambiental-en-el-comercio\/"},"modified":"2022-07-25T16:38:44","modified_gmt":"2022-07-25T16:38:44","slug":"gestion-medioambiental-en-el-comercio","status":"publish","type":"product","link":"https:\/\/camonclass.com\/tienda\/formacion\/gestion-medioambiental-en-el-comercio\/","title":{"rendered":"Gesti\u00f3n Medioambiental en el Comercio"},"content":{"rendered":"<p><strong>UD1. El Medio Ambiente: Conceptos B\u00e1sicos.<\/strong><UL>1.1. Aproximaci\u00f3n al concepto de medio ambiente.<br \/>1.2. Las pol\u00edticas ambientales: evoluci\u00f3n en Espa\u00f1a y en Europa.<br \/>1.3. Instrumentos econ\u00f3micos y fiscales para la gesti\u00f3n del Medio Ambiente.<\/UL><\/p>\n<p><strong>UD2. Sistema de Gesti\u00f3n Medioambiental.<\/strong><UL>2.1. La empresa y el Medio Ambiente.<br \/>2.2. \u00bfQu\u00e9 es la gesti\u00f3n medioambiental en la empresa?.<br \/>2.3. Tipos de gesti\u00f3n medioambiental: EMAS e ISO 14001.<br \/>2.3. 1. Descripci\u00f3n de los sistemas EMAS e ISO 14001.<br \/>2.4. La gesti\u00f3n medioambiental y el mercado: Marketing Ecol\u00f3gico.<\/UL><\/p>\n<p><strong>UD3. La gesti\u00f3n medioambiental en Europa: sistemas EMAS.<\/strong><UL>3.1. \u00bfQu\u00e9 es el sistema EMAS?.<br \/>3.2. Objetivos y conceptos en el EMAS.<br \/>3.3. Etapas para la implantaci\u00f3n de un sistema de gesti\u00f3n medioambiental seg\u00fan el EMAS.<br \/>3.4. Organismos de acreditaci\u00f3n y autorizaci\u00f3n.<br \/>3.5. Tendencias recientes de la gesti\u00f3n medioambiental en Europa.<\/UL><\/p>\n<p><strong>UD4. La gesti\u00f3n medioambiental seg\u00fan la norma ISO 14001.<\/strong><UL>4.1. Serie de normas para la gesti\u00f3n medioambiental.<br \/>4.2. \u00bfQu\u00e9 es la ISO 14001?.<br \/>4.3. Etapas para la implantaci\u00f3n de un sistema de gesti\u00f3n medioambiental seg\u00fan la ISO 14001.<\/UL><\/p>\n<p><strong>UD5. Nuevas tendencias en la Gesti\u00f3n Medioambiental.<\/strong><UL>5.1. Sistemas integrados de medio ambiente y calidad.<br \/>5.2. Etiquetas ecol\u00f3gicas y Ecoproductos.<\/UL><\/p>\n<p><strong>UD6. La revisi\u00f3n medioambiental inicial y la evaluaci\u00f3n Medioambiental.<\/strong><UL>6.1. \u00bfEn qu\u00e9 consiste la revisi\u00f3n Mediambiental inicial?.<br \/>6.2. Aspectos relevantes de la revisi\u00f3n.<br \/>6.3. Metodolog\u00eda y documentaci\u00f3n de la revisi\u00f3n medioambiental inicial.<\/UL><\/p>\n<p><strong>UD7. Documentaci\u00f3n de un SGMA.<\/strong><UL>7.1. La documentaci\u00f3n del SGMA.<br \/>7.2. La pol\u00edtica medioambiental.<br \/>7.3. El manual de gesti\u00f3n medioambiental.<br \/>7.4. Los procedimientos del SGMA.<br \/>7.5. Los registros medioambientales.<br \/>7.6. Control de la documentaci\u00f3n.<\/UL><\/p>\n<p><strong>UD8. Planes de emergencia.<\/strong><UL>8.1. Los planes de emergencia.<br \/>8.2. Cumplimiento del plan de emergencia.<\/UL><\/p>\n<p><strong>UD9. La formaci\u00f3n y comunicaci\u00f3n.<\/strong><UL>9.1. La formaci\u00f3n ambiental en la empresa.<br \/>9.2. El plan de formaci\u00f3n medioambiental.<br \/>9.3. La comunicaci\u00f3n en el SGMA.<\/UL><\/p>\n<p><strong>UD10. Responsabilidades en la implantaci\u00f3n del SGMA.<\/strong><UL>10.1. Organizaci\u00f3n de la gesti\u00f3n ambiental.<br \/>10.2. Responsabilidades en el SGMA: la direcci\u00f3n y asignaci\u00f3n de funciones.<br \/>10.3. Nuevas tendencias en la gesti\u00f3n medioambiental en las organizaciones: los nuevos perfiles del responsable medioambiental.<\/UL><\/p>\n<p><strong>UD11. La auditor\u00eda del SGMA.<\/strong><UL>11.1. \u00bfEn qu\u00e9 consiste la auditor\u00eda del SGMA?.<br \/>11.2. Metodolog\u00eda y etapas de una auditor\u00eda.<\/UL><\/p>\n<p><strong>UD12. Evaluaci\u00f3n del sistema, no conformidades y certificaci\u00f3n.<\/strong><UL>12.1. La revisi\u00f3n de la gesti\u00f3n o evaluaci\u00f3n.<br \/>12.2. No conformidades.<br \/>12.3. El plan de acciones correctoras.<br \/>12.4. La certificaci\u00f3n del sistema.<\/UL><\/p>\n<p><strong>UD13. Las empresas del \u00e1mbito del comercio y el medio ambiente.<\/strong><UL>13.1. Caracter\u00edsticas del sector comercio: introducci\u00f3n.<br \/>13.2. Factores que afectan al comercio.<br \/>13.3. Implicaciones ambientales en establecimientos comerciales.<\/UL><\/p>\n<p><strong>UD14. La legislaci\u00f3n ambiental en el \u00e1mbito del comercio.<\/strong><UL>14.1. Introducci\u00f3n al derecho medioambiental.<br \/>14.2. Referencias legales al medio ambiente en el \u00e1mbito comunitario.<br \/>14.3. Referencias legales al medio ambiente en el \u00e1mbito estatal.<br \/>14.4. Referencias legales al medio ambiente en el \u00e1mbito auton\u00f3mico.<br \/>14.5. La legislaci\u00f3n ambiental en el \u00e1mbito del comercio.<\/UL><\/p>\n<p><strong>UD15. Los impactos ambientales en las empresas de comercio.<\/strong><UL>15.1. Los recursos naturales y los impactos ambientales derivados de su uso.<br \/>15.2. Principales impactos ambientales de las empresas de comercio.<br \/>15.3. Buenas pr\u00e1cticas medioambientales para la gesti\u00f3n de los recursos naturales en las empresas de comercio.<br \/>15.4. Los residuos generados en las empresas de comercio: buenas pr\u00e1cticas medioambientales para la gesti\u00f3n de los residuos y la contaminaci\u00f3n.<br \/>15.5. Buenas pr\u00e1cticas medioambientales en distintos procesos de la actividad comercial.<\/UL><\/p>\n","protected":false},"excerpt":{"rendered":"<p>Objetivos generales:<\/p>\n<ul>\n<li>Formar a los trabajadores en materia de medioambiente para favorecer en ellos una cultura de respeto, as\u00ed como una concienciaci\u00f3n de su importancia.<\/li>\n<li>Aumentar los conocimientos de los trabajadores en materia de gesti\u00f3n medioambiental, lo que conlleva una adaptaci\u00f3n de los mismos a las nuevas exigencias del mercado nacional e internacional, asegurando as\u00ed el incremento de sus destrezas y habilidades como la competitividad de la empresa.<\/li>\n<li>Introducir al trabajador en el sistema de gesti\u00f3n medioambiental europeo (emas), as\u00ed como en la norma iso 14001.<\/li>\n<li>Dotar al alumno de las principales claves de la gesti\u00f3n del sistema medioambiental para su correcta aplicaci\u00f3n en el sector de la hosteler\u00eda.<\/li>\n<li>Proporcionar al trabajador la informaci\u00f3n suficiente para saber c\u00f3mo actuar ante situaciones de emergencia medioambiental.<\/li>\n<li>Dotar a los trabajadores de la formaci\u00f3n necesaria que les capacite y prepare para desarrollar competencias y cualificaciones en puestos de trabajo que conlleven responsabilidades, por un lado de programaci\u00f3n con el fin de que los trabajadores adquieran los conocimientos necesarios para realizar una correcta y adecuada organizaci\u00f3n del trabajo y por otro lado, de direcci\u00f3n, ya que los encargados de organizar el trabajo deben tener una correcta formaci\u00f3n en la materia con el fin de maximizar los recursos, tanto materiales como humanos, de que dispone la empresa.<\/li>\n<li>Adaptar la cualificaci\u00f3n de los trabajadores a los cambios que se producen en los \u00e1mbitos laboral y social introduci\u00e9ndoles en el conocimiento y destreza en el manejo del ordenador y de las aplicaciones y utilidades de la red internet y del correo electr\u00f3nico.<\/li>\n<\/ul>\n<p>Objetivos espec\u00edficos:<\/p>\n<ul>\n<li>Facilitar al alumno unos conocimientos gen\u00e9ricos acerca de la empresa, con el fin de definir una panor\u00e1mica general de la situaci\u00f3n medioambiental en las mismas.<\/li>\n<li>Contribuir a que el participante pueda analizar la preocupaci\u00f3n social actual por los asuntos medioambientales en un marco internacional.<\/li>\n<li>Dar a conocer al trabajador la normativa y procedimientos a seguir para una correcta gesti\u00f3n empresarial bajo criterios de calidad medioambiental, incidiendo en los aspectos econ\u00f3micos y jur\u00eddicos que afectan directamente a la actividad empresarial.<\/li>\n<li>Instruir a los alumnos con los fundamentos y metodolog\u00edas de las auditorias medioambientales que permitan su utilizaci\u00f3n como instrumento de control y prevenci\u00f3n y como herramienta eficaz para la gesti\u00f3n.<\/li>\n<li>Proporcionar a los participantes los conocimientos necesarios para evaluar la necesidad de incluir consideraciones medioambientales en la gesti\u00f3n global de la empresa.<\/li>\n<li>Dar a conocer al alumno toda la operatoria que ha de seguir para la puesta en funcionamiento de un sistema de gesti\u00f3n medioambiental, respecto a las nuevas tendencias en los sistemas integrados de medio ambiente y calidad.<\/li>\n<\/ul>\n","protected":false},"featured_media":800,"comment_status":"open","ping_status":"closed","template":"","meta":{"neve_meta_sidebar":"","neve_meta_container":"","neve_meta_enable_content_width":"","neve_meta_content_width":0,"neve_meta_title_alignment":"","neve_meta_author_avatar":"","neve_post_elements_order":"","neve_meta_disable_header":"","neve_meta_disable_footer":"","neve_meta_disable_title":""},"product_brand":[],"product_cat":[22,23,31],"product_tag":[],"class_list":{"0":"post-814","1":"product","2":"type-product","3":"status-publish","4":"has-post-thumbnail","6":"product_cat-cursos","7":"product_cat-cursos-de-especializacion","8":"product_cat-seguridad-y-medio-ambiente","10":"first","11":"instock","12":"sold-individually","13":"shipping-taxable","14":"purchasable","15":"product-type-simple"},"_links":{"self":[{"href":"https:\/\/camonclass.com\/tienda\/wp-json\/wp\/v2\/product\/814","targetHints":{"allow":["GET"]}}],"collection":[{"href":"https:\/\/camonclass.com\/tienda\/wp-json\/wp\/v2\/product"}],"about":[{"href":"https:\/\/camonclass.com\/tienda\/wp-json\/wp\/v2\/types\/product"}],"replies":[{"embeddable":true,"href":"https:\/\/camonclass.com\/tienda\/wp-json\/wp\/v2\/comments?post=814"}],"wp:featuredmedia":[{"embeddable":true,"href":"https:\/\/camonclass.com\/tienda\/wp-json\/wp\/v2\/media\/800"}],"wp:attachment":[{"href":"https:\/\/camonclass.com\/tienda\/wp-json\/wp\/v2\/media?parent=814"}],"wp:term":[{"taxonomy":"product_brand","embeddable":true,"href":"https:\/\/camonclass.com\/tienda\/wp-json\/wp\/v2\/product_brand?post=814"},{"taxonomy":"product_cat","embeddable":true,"href":"https:\/\/camonclass.com\/tienda\/wp-json\/wp\/v2\/product_cat?post=814"},{"taxonomy":"product_tag","embeddable":true,"href":"https:\/\/camonclass.com\/tienda\/wp-json\/wp\/v2\/product_tag?post=814"}],"curies":[{"name":"wp","href":"https:\/\/api.w.org\/{rel}","templated":true}]}}