{"id":816,"date":"2022-07-25T16:38:45","date_gmt":"2022-07-25T16:38:45","guid":{"rendered":"https:\/\/camonclass.vertice.org\/formacion\/gestion-medioambientalmanipulacion-de-residuos-y-productos-quimicos\/"},"modified":"2022-07-25T16:38:45","modified_gmt":"2022-07-25T16:38:45","slug":"gestion-medioambientalmanipulacion-de-residuos-y-productos-quimicos","status":"publish","type":"product","link":"https:\/\/camonclass.com\/tienda\/formacion\/gestion-medioambientalmanipulacion-de-residuos-y-productos-quimicos\/","title":{"rendered":"Gesti\u00f3n Medioambiental:Manipulaci\u00f3n de Residuos y Productos Qu\u00edmicos"},"content":{"rendered":"<p><strong>UD1. Tipos de residuos.<\/strong><UL>1.1. Introducci\u00f3n a la problem\u00e1tica de los residuos: impacto ambiental y socioecon\u00f3mico.<br \/>1.2. La gesti\u00f3n de los residuos. Marco normativo Europeo y Espa\u00f1ol.<br \/>1.3. Concepto de residuo.<br \/>1.4. Clasificaci\u00f3n de los residuos.<br \/>1.5. Tipos de residuos. Definici\u00f3n y principales caracter\u00edsticas.<\/UL><\/p>\n<p><strong>UD2. Generaci\u00f3n.<\/strong><UL>2.1. Principio de prevenci\u00f3n: minimizaci\u00f3n en la producci\u00f3n.<br \/>2.2. Generaci\u00f3n de Residuos Urbanos.<br \/>2.3. Generaci\u00f3n de Residuos Industriales.<br \/>2.4. Clasificaci\u00f3n de Residuos Agrarios.<\/UL><\/p>\n<p><strong>UD3. Traslados.<\/strong><UL>3.1. Consideraciones previas y normas existentes relativas al transporte de residuos.<br \/>3.2. Transporte de Residuos Urbanos.<br \/>3.3. Transporte de Residuos Industriales.<br \/>3.4. Transporte de Residuos Radioactivos.<\/UL><\/p>\n<p><strong>UD4. Acumulaci\u00f3n.<\/strong><UL>4.1. Acumulaci\u00f3n de Residuos Urbanos.<br \/>4.2. Acumulaci\u00f3n de Residuos Industriales.<br \/>4.3. Acumulaci\u00f3n de Residuos Agrarios.<br \/>4.4. Acumulaci\u00f3n de Residuos Sanitarios.<br \/>4.5. Acumulaci\u00f3n de Residuos Radioactivos.<\/UL><\/p>\n<p><strong>UD5. Tratamiento.<\/strong><UL>5.1. Introducci\u00f3n al estudio de los tratamientos de residuos.<br \/>5.2. Tratamiento de los Residuos Urbanos o Municipales.<br \/>5.3. Tratamiento de los Residuos Industriales.<br \/>5.4. Tratamiento de los Residuos Agrarios.<br \/>5.5. Tratamiento de los Residuos Sanitarios.<br \/>5.6. Tratamiento de los Residuos Radiactivos.<br \/>5.7. Tratamiento para Otros Residuos.<\/UL><\/p>\n<p><strong>UD6. Eliminaci\u00f3n.<\/strong><UL>6.1. M\u00e9todos de eliminaci\u00f3n.<br \/>6.2. Eliminaci\u00f3n de Residuos Urbanos.<br \/>6.3. Eliminaci\u00f3n de Residuos Industriales.<br \/>6.4. Eliminaci\u00f3n de Residuos Agrarios.<br \/>6.5. Eliminaci\u00f3n de Residuos Sanitarios.<br \/>6.6. Eliminaci\u00f3n de Residuos Radiactivos.<\/UL><\/p>\n<p><strong>UD7. Producto qu\u00edmico. Definici\u00f3n y clasificaci\u00f3n.<\/strong><UL>7.1. Definici\u00f3n del Producto Qu\u00edmico.<br \/>7.2. Clasificaci\u00f3n de Productos Qu\u00edmicos.<br \/>7.3. Etiquetado productos Qu\u00edmicos Peligrosos.<br \/>7.4. Sustancias qu\u00edmicas en el Entorno Sanitario.<\/UL><\/p>\n<p><strong>UD8. Productos de limpieza y desinfecci\u00f3n.<\/strong><UL>8.1. Concepto de limpieza.<br \/>8.2. Mecanismos de actuaci\u00f3n de los productos de limpieza.<br \/>8.3. Tipos de productos de limpieza.<br \/>8.4. Principales productos qu\u00edmicos de limpieza. Composici\u00f3n qu\u00edmica, propiedades y aplicaciones.<br \/>8.5. Concepto de desinfecci\u00f3n. La desinfecci\u00f3n en la limpieza.<br \/>8.6. Mecanismos de actuaci\u00f3n de los productos desinfectantes.<br \/>8.7. Niveles de desinfecci\u00f3n.<br \/>8.8. Tipos de productos de desinfecci\u00f3n.<br \/>8.9. Criterios de elecci\u00f3n de desinfectantes.<\/UL><\/p>\n<p><strong>UD9. Normas b\u00e1sicas para su utilizaci\u00f3n.<\/strong><UL>9.1. Utilizaci\u00f3n de productos de limpieza y desinfecci\u00f3n.<br \/>9.2. Normas generales para la utilizaci\u00f3n de los productos de limpieza y desinfecci\u00f3n.<br \/>9.3. Normas espec\u00edficas para la utilizaci\u00f3n de los productos de desinfecci\u00f3n.<br \/>9.4. Normas b\u00e1sicas para la manipulaci\u00f3n de los principales productos de limpieza y desinfecci\u00f3n.<br \/>9.5. Consideraciones pr\u00e1cticas para la correcta utilizaci\u00f3n de los productos de limpieza seg\u00fan la superficie a tratar.<br \/>9.6. Medidas espec\u00edficas para una limpieza segura y eficaz.<br \/>9.7. Medidas espec\u00edficas para una desinfecci\u00f3n segura y eficaz.<br \/>9.8. Algunas consideraciones para la protecci\u00f3n del medio ambiente en la utilizaci\u00f3n de los productos de limpieza y desinfecci\u00f3n.<\/UL><\/p>\n<p><strong>UD10. Sistemas de suciedad.<\/strong><UL>10.1. Concepto de suciedad.<br \/>10.2. Tipos de limpieza.<br \/>10.3. Limpieza de suelos.<br \/>10.4. Limpieza de cristales.<br \/>10.5. Limpieza de mobiliario.<br \/>10.6. Limpieza de cocinas.<br \/>10.7. Limpieza de sanitarios.<\/UL><\/p>\n<p><strong>UD11. Seguridad e higiene en la manipulaci\u00f3n de los productos qu\u00edmicos.<\/strong><UL>11.1. Los riesgos qu\u00edmicos.<br \/>11.2. Marco normativo para la prevenci\u00f3n de riesgos por agentes qu\u00edmicos.<br \/>11.3. Consideraciones generales para la aplicaci\u00f3n de los principios de control de los riesgos de origen qu\u00edmico.<br \/>11.4. Consideraciones generales para la aplicaci\u00f3n de medidas espec\u00edficas de prevenci\u00f3n y protecci\u00f3n frente a agentes qu\u00edmicos.<br \/>11.5. Medidas de seguridad en la manipulaci\u00f3n de agentes qu\u00edmicos.<br \/>11.6. Medidas de seguridad en el almacenamiento y trasporte interno en la empresa de agentes qu\u00edmicos.<br \/>11.7. Medidas de seguridad en la manipulaci\u00f3n, almacenamiento y transporte interno de los residuos generados en los procesos con agentes qu\u00edmicos.<br \/>11.8. Medidas preventivas espec\u00edficas para agentes qu\u00edmicos, su categor\u00eda de peligrosidad.<br \/>11.9. Consideraciones generales para la gesti\u00f3n de la prevenci\u00f3n del riesgo frente a sustancias qu\u00edmicas.<\/UL><\/p>\n","protected":false},"excerpt":{"rendered":"<ul>\n<li>Sensibilizar al alumnado en materia de medioambiente y aprender conceptos de sistemas de gesti\u00f3n medioambiental.<\/li>\n<li>Aprender conocimientos necesarios para el tratamiento de residuos y productos qu\u00edmicos.<\/li>\n<li>Adquirir conocimientos sobre seguridad e higiene en la manipulaci\u00f3n de los productos qu\u00edmicos.<\/li>\n<\/ul>\n","protected":false},"featured_media":800,"comment_status":"open","ping_status":"closed","template":"","meta":{"neve_meta_sidebar":"","neve_meta_container":"","neve_meta_enable_content_width":"","neve_meta_content_width":0,"neve_meta_title_alignment":"","neve_meta_author_avatar":"","neve_post_elements_order":"","neve_meta_disable_header":"","neve_meta_disable_footer":"","neve_meta_disable_title":""},"product_brand":[],"product_cat":[22,23,31],"product_tag":[],"class_list":{"0":"post-816","1":"product","2":"type-product","3":"status-publish","4":"has-post-thumbnail","6":"product_cat-cursos","7":"product_cat-cursos-de-especializacion","8":"product_cat-seguridad-y-medio-ambiente","10":"first","11":"instock","12":"sold-individually","13":"shipping-taxable","14":"purchasable","15":"product-type-simple"},"_links":{"self":[{"href":"https:\/\/camonclass.com\/tienda\/wp-json\/wp\/v2\/product\/816","targetHints":{"allow":["GET"]}}],"collection":[{"href":"https:\/\/camonclass.com\/tienda\/wp-json\/wp\/v2\/product"}],"about":[{"href":"https:\/\/camonclass.com\/tienda\/wp-json\/wp\/v2\/types\/product"}],"replies":[{"embeddable":true,"href":"https:\/\/camonclass.com\/tienda\/wp-json\/wp\/v2\/comments?post=816"}],"wp:featuredmedia":[{"embeddable":true,"href":"https:\/\/camonclass.com\/tienda\/wp-json\/wp\/v2\/media\/800"}],"wp:attachment":[{"href":"https:\/\/camonclass.com\/tienda\/wp-json\/wp\/v2\/media?parent=816"}],"wp:term":[{"taxonomy":"product_brand","embeddable":true,"href":"https:\/\/camonclass.com\/tienda\/wp-json\/wp\/v2\/product_brand?post=816"},{"taxonomy":"product_cat","embeddable":true,"href":"https:\/\/camonclass.com\/tienda\/wp-json\/wp\/v2\/product_cat?post=816"},{"taxonomy":"product_tag","embeddable":true,"href":"https:\/\/camonclass.com\/tienda\/wp-json\/wp\/v2\/product_tag?post=816"}],"curies":[{"name":"wp","href":"https:\/\/api.w.org\/{rel}","templated":true}]}}