{"id":818,"date":"2022-07-25T16:38:45","date_gmt":"2022-07-25T16:38:45","guid":{"rendered":"https:\/\/camonclass.vertice.org\/formacion\/direccion-de-habilidades-para-digital-business\/"},"modified":"2022-07-25T16:38:45","modified_gmt":"2022-07-25T16:38:45","slug":"direccion-de-habilidades-para-digital-business","status":"publish","type":"product","link":"https:\/\/camonclass.com\/tienda\/formacion\/direccion-de-habilidades-para-digital-business\/","title":{"rendered":"DIRECCI\u00d3N DE HABILIDADES PARA DIGITAL BUSINESS"},"content":{"rendered":"<p>Ecosistema digital<br \/>UD1. El cambio como constante empresrial.<br \/>UD2. Las diferencias generacionales.<br \/>UD3. Un nuevo modelo de negocio, una nueva organizaci\u00f3n.<br \/>Marketing estrat\u00e9gico<br \/>UD1. Conceptos b\u00e1sicos del marketing estrat\u00e9gico<br \/>UD2. Marketing estrat\u00e9gico. An\u00e1lisis externo e interno<br \/>UD3. La inteligencia competitiva y la segmentaci\u00f3n de mercados<br \/>UD4. Marketing estrat\u00e9gico. Formulando la estrategia<br \/>UD5. El plan de marketing estrat\u00e9gico<br \/>Habilidades Directivas y Negociaci\u00f3n<br \/>UD1. Liderazgo y estilo de direcci\u00f3n<br \/>UD2. Gesti\u00f3n del cambio<br \/>UD3. Gesti\u00f3n del conflicto<br \/>UD4. Gesti\u00f3n de la comunicaci\u00f3n<br \/>UD5. Gesti\u00f3n de reuniones<br \/>UD6. T\u00e9cnicas de negociaci\u00f3n<br \/>UD7. Gesti\u00f3n del tiempo y del estr\u00e9s<br \/>Innovaci\u00f3n y creatividad<br \/>UD1. La innovaci\u00f3n<br \/>UD2. La creatividad en las organizaciones<br \/>UD3. Estrategias y t\u00e9cnicas de creatividad<br \/>UD4. Potenciar la creatividad y superar barreras <br \/>Marca personal UD1. La marca personal: conceptualizaci\u00f3n y contexto. UD2. Como identificar y desarrollar la marca personal. UD3. Herramientas\/canales online y offline de la marca personal. UD4. Creaci\u00f3n de contenidos, programaci\u00f3n y medici\u00f3n del impacto de la marca personal.<br \/>Project Management<br \/>UD1. Gesti\u00f3n y direcci\u00f3n de proyectos<br \/>UD2. Direcci\u00f3n de la integraci\u00f3n<br \/>UD3. Direcci\u00f3n de plazos, costes y calidad <br \/>UD4. Direcci\u00f3n de los Recursos Humanos, Riesgos y Compras<\/p>\n","protected":false},"excerpt":{"rendered":"<p><UL> <LI>Entender el cambio y la evoluci\u00f3n dentro de la organizaci\u00f3n gracias a la transformaci\u00f3n digital.<\/LI> <LI>Conocer y entender el concepto de transformaci\u00f3n digital y empresa digitalizada.<\/LI> <LI>Identificar los nuevos modelos de negocio consecuencia de la digitalizaci\u00f3n.<\/LI> <LI>Conocer las diferencias generacionales y el comportamiento de estas dentro de la organizaci\u00f3n.<\/LI> <LI>Conocer las nuevas habilidades y competencias profesionales que debe adquirir el profesional para la organizaci\u00f3n del futuro.<\/LI> <LI>Entender el cambio organizacional como un cambio cultural en la propia organizaci\u00f3n para adaptarse a los cambios del entorno.<\/LI> <LI>Entender la importancia de la comunicaci\u00f3n interna y la formaci\u00f3n para lograr el cambio en la organizaci\u00f3n<\/LI> <LI>Conocer el valor del marketing, sus necesidades, utilidades y relaciones de intercambio y demanda, as\u00ed como el enfoque del marketing estrat\u00e9gico. <\/LI> <LI>Ampliar conocimientos sobre campos y procesos del marketing estrat\u00e9gico y profundizar en el sistema de gesti\u00f3n de relaciones con los clientes (CRM) <\/LI> <LI>Ampliar conocimientos sobre el an\u00e1lisis externo y el an\u00e1lisis interno de una organizaci\u00f3n. <\/LI> <LI>Conocer los factores que influyen en el macroentorno de la empresa y los que afectan a la competencia espec\u00edfica de la organizaci\u00f3n para poder realizar un an\u00e1lisis posteriormente. <\/LI> <LI>Conocer el concepto de inteligencia competitiva, su ciclo y fuentes de informaci\u00f3n.<\/LI> <LI>Profundizar en la segmentaci\u00f3n de mercado.<\/LI> <LI>Acercarnos al consumidor y sus necesidades.<\/LI> <LI>Ampliar conocimiento sobre el proceso de segmentaci\u00f3n y los tipos y criterios de este. <\/LI> <LI>Conocer los fundamentos e importancia del liderazgo a nivel organizacional. <\/LI> <LI>Distinguir un equipo y de un grupo. <\/LI> <LI>Comprender la relaci\u00f3n entre una gesti\u00f3n de \u00e9xito y el estilo directivo empleado. <\/LI> <LI>Mejorar el estilo de direcci\u00f3n propio. <\/LI> <LI>Conocer en qu\u00e9 consiste un cambio organizativo y c\u00f3mo puede ser. <\/LI> <LI>Prever las resistencias al cambio que pueden surgir de cada persona y de la organizaci\u00f3n. <\/LI> <LI>Planificar un cambio organizativo. <\/LI> <LI>Apreciar las exactas dimensiones del conflicto en el entorno empresarial. <\/LI> <LI>Distinguir entre conflictos funcionales y disfuncionales <\/LI> <LI>Usar las caracter\u00edsticas de cada conflicto para intentar resolverlo. <\/LI> <LI>Conocer las barreras que impiden la comunicaci\u00f3n <\/LI> <LI>Diferenciar conceptos claves de la comunicaci\u00f3n interpersonal e intrapersonal. <\/LI> <LI>Profundizar en las habilidades superiores de comunicaci\u00f3n \u00bb \u00ab<\/LI> <LI>Dominar el t\u00e9rmino de innovaci\u00f3n, sus caracter\u00edsticas y su tipolog\u00eda. <\/LI> <LI>Distinguir entre cambio e innovaci\u00f3n <\/LI> <LI>Identificar las pautas seguidas por Steve Jobs <\/LI> <LI>Dominar el t\u00e9rmino creatividad y sus caracter\u00edsticas <\/LI> <LI>Saber identificar el proceso a seguir de la creatividad y la innovaci\u00f3n <\/LI> <LI>Conocer las pautas para crear un clima estimulador de creatividad <\/LI> <LI>Saber cu\u00e1les pueden ser los beneficios de la creatividad <\/LI> <LI>Saber identificar las diferentes t\u00e9cnicas de estimulaci\u00f3n de la creatividad. <\/LI> <LI>Conocer cada una de las caracter\u00edsticas de las t\u00e9cnicas de estimulaci\u00f3n. <\/LI> <LI>Saber llevar a cabo las t\u00e9cnicas de creatividad y cu\u00e1ndo utilizar cada una en relaci\u00f3n a tus necesidades. <\/LI> <LI>Dominar las principales teor\u00edas del origen de la creatividad y sus precursores. <\/LI> <LI>Identificar cada factor influyente de cada una de las teor\u00edas de los autores. <\/LI> <LI>Conocer los tipos de creatividad y sus roles principales, adem\u00e1s de los diferentes estilos que esta aporta. <\/LI> <LI>Entender la importancia que la marca personal tiene en la actualidad, con especial atenci\u00f3n al entorno profesional.<\/LI> <LI>Conocer las claves para identificar la marca personal y desarrollar la propuesta de valor.<\/LI> <LI>Diferenciar entre estrategia y t\u00e1ctica dentro de nuestro plan de acci\u00f3n de marca personal.<\/LI> <LI>Conocer herramientas para la creaci\u00f3n y programaci\u00f3n de contenidos.<\/LI> <LI>Conocer herramientas para el seguimiento y medici\u00f3n del impacto de nuestra actividad vinculada a nuestra marca personal.<\/LI> <LI>Conocer los canales y herramientas disponibles para trabajar en la gesti\u00f3n de la marca personal.<\/LI> <LI>Conocer las redes sociales m\u00e1s utilizadas, su funcionamiento as\u00ed como los errores a evitar en cada una de ellas.<\/LI> <LI>Aprender las claves para realizar un networking efectivo.<\/LI><\/UL><\/p>\n","protected":false},"featured_media":597,"comment_status":"open","ping_status":"closed","template":"","meta":{"neve_meta_sidebar":"","neve_meta_container":"","neve_meta_enable_content_width":"","neve_meta_content_width":0,"neve_meta_title_alignment":"","neve_meta_author_avatar":"","neve_post_elements_order":"","neve_meta_disable_header":"","neve_meta_disable_footer":"","neve_meta_disable_title":""},"product_brand":[],"product_cat":[33,22,32],"product_tag":[],"class_list":{"0":"post-818","1":"product","2":"type-product","3":"status-publish","4":"has-post-thumbnail","6":"product_cat-administracion-y-gestion-cursos-superiores","7":"product_cat-cursos","8":"product_cat-cursos-superiores","10":"first","11":"instock","12":"sold-individually","13":"shipping-taxable","14":"purchasable","15":"product-type-simple"},"_links":{"self":[{"href":"https:\/\/camonclass.com\/tienda\/wp-json\/wp\/v2\/product\/818","targetHints":{"allow":["GET"]}}],"collection":[{"href":"https:\/\/camonclass.com\/tienda\/wp-json\/wp\/v2\/product"}],"about":[{"href":"https:\/\/camonclass.com\/tienda\/wp-json\/wp\/v2\/types\/product"}],"replies":[{"embeddable":true,"href":"https:\/\/camonclass.com\/tienda\/wp-json\/wp\/v2\/comments?post=818"}],"wp:featuredmedia":[{"embeddable":true,"href":"https:\/\/camonclass.com\/tienda\/wp-json\/wp\/v2\/media\/597"}],"wp:attachment":[{"href":"https:\/\/camonclass.com\/tienda\/wp-json\/wp\/v2\/media?parent=818"}],"wp:term":[{"taxonomy":"product_brand","embeddable":true,"href":"https:\/\/camonclass.com\/tienda\/wp-json\/wp\/v2\/product_brand?post=818"},{"taxonomy":"product_cat","embeddable":true,"href":"https:\/\/camonclass.com\/tienda\/wp-json\/wp\/v2\/product_cat?post=818"},{"taxonomy":"product_tag","embeddable":true,"href":"https:\/\/camonclass.com\/tienda\/wp-json\/wp\/v2\/product_tag?post=818"}],"curies":[{"name":"wp","href":"https:\/\/api.w.org\/{rel}","templated":true}]}}