{"id":819,"date":"2022-07-25T16:38:46","date_gmt":"2022-07-25T16:38:46","guid":{"rendered":"https:\/\/camonclass.vertice.org\/formacion\/finanzas-y-medios-de-pago-internacionales\/"},"modified":"2022-07-25T16:38:46","modified_gmt":"2022-07-25T16:38:46","slug":"finanzas-y-medios-de-pago-internacionales","status":"publish","type":"product","link":"https:\/\/camonclass.com\/tienda\/formacion\/finanzas-y-medios-de-pago-internacionales\/","title":{"rendered":"FINANZAS Y MEDIOS DE PAGO INTERNACIONALES"},"content":{"rendered":"<p>Direcci\u00f3n y Finanzas<br \/>UD1. ESTRUCTURA Y AN\u00c1LISIS ECON\u00d3MICO FINANCIERO DE LA EMPRESA<br \/>UD2. Costes <br \/>UD3. Coste del capital y selecci\u00f3n de proyectos de inversi\u00f3n<br \/>UD4. Presupuestos y Estados Financieros previsionales<br \/>Contabilidad de Costes<br \/>UD1. Costes: conceptos b\u00e1sicos<br \/>UD2. Sistemas de costes<br \/>UD3. Direct costing<br \/>UD4. Sistema de costes ABC<br \/>UD5. Sistemas de contabilidad a costes hist\u00f3ricos<br \/>Medios de pago y financiaci\u00f3n Internacional<br \/>UD1. Clasificaci\u00f3n de los medios de cobro y pago<br \/>UD2. La remesa en las operaciones de compraventa internacionales<br \/>UD3. El cr\u00e9dito documentario en las operaciones de comercio internacional<br \/>UD4. Utilizaci\u00f3n del comercio electr\u00f3nico en los medios de cobro y pago<\/p>\n","protected":false},"excerpt":{"rendered":"<p><UL> <LI>Entender las relaciones necesarias entre la composici\u00f3n de la estructura econ\u00f3mica y la composici\u00f3n de la estructura financiera para el equilibrio financiero de la empresa.<\/LI> <LI>Identificar las obligaciones y fondos propios como parte de la estructura financiera, diferenciarlos entre no exigible y exigible, y en este \u00faltimo caso; sin son corrientes o no corrientes.&nbsp;<\/LI> <LI>Conocer la estructura de balance y evaluar el equilibrio financiero de la empresa.<\/LI> <LI>Conocer y clasificar diferentes fuentes de financiaci\u00f3n de que dispone una empresa.<\/LI> <LI>Conocer y estimar el coste medio del capital de una empresa.<\/LI> <LI>Conocer los proyectos de inversi\u00f3n y los par\u00e1metros de su an\u00e1lisis.<\/LI> <LI>Conocer la diferencia entre la contabilidad interna y externa<\/LI> <LI>Hacer una clasificaci\u00f3n de costes correctamente <\/LI> <LI>Saber qu\u00e9 es y c\u00f3mo afecta a una empresa la amortizaci\u00f3n <\/LI> <LI>Tomar la decisi\u00f3n adecuada bas\u00e1ndose en los costes <LI>Ser capaza de definir Sistema de costes <LI>Conocer el sistema de costes por secciones homog\u00e9neas <LI>Poder fijar un precio de venta de un producto o servicio adecuadamente <LI>Conocer el sistema de costes directos <LI>Llevar a cabo el an\u00e1lisis de coste- volumen- beneficio <LI>Saber diferenciar el sistema de costes ABC de otros sistemas de costes <LI>Bas\u00e1ndose en el sistema de costes ABC ser capaza de clasificar adecuadamente las actividades <LI>Conocer las ventajas e inconvenientes que puede aportar este sistema de costes (ABC) \u00bb <LI>Profundizar en los diferentes medios de cobro y pago <LI>Conocer las etapas del momento de pago y la documentaci\u00f3n requerida <LI>Aprender el esquema de funcionamiento del cheque bancario, el orden de pago simple y el orden de pago documentaria <LI>Profundizar en el concepto de la remesa en las operaciones de compraventa internacionales. <LI>Tratar tanto la remesa imple como la documentaria y sus elementos. <LI>Conocer el esquema de funcionamiento del cr\u00e9dito documentario y los diferentes tipos <LI>Descubrir los potenciales riesgos, las ventajas, inconvenientes y costes. <LI>Desglosar la documentaci\u00f3n requerida por la entidad financiera. <LI>Profundizar en la legislaci\u00f3n sobre comercio electr\u00f3nico <LI>Conocer las medidas de seguridad en los pagos y los diferentes tipos de cobros en internet <LI>Desglosar los diferentes sistemas de intercambio de datos en las operaciones internacionales <\/LI><\/UL><\/p>\n","protected":false},"featured_media":597,"comment_status":"open","ping_status":"closed","template":"","meta":{"neve_meta_sidebar":"","neve_meta_container":"","neve_meta_enable_content_width":"","neve_meta_content_width":0,"neve_meta_title_alignment":"","neve_meta_author_avatar":"","neve_post_elements_order":"","neve_meta_disable_header":"","neve_meta_disable_footer":"","neve_meta_disable_title":""},"product_brand":[],"product_cat":[33,22,32],"product_tag":[],"class_list":{"0":"post-819","1":"product","2":"type-product","3":"status-publish","4":"has-post-thumbnail","6":"product_cat-administracion-y-gestion-cursos-superiores","7":"product_cat-cursos","8":"product_cat-cursos-superiores","10":"first","11":"instock","12":"sold-individually","13":"shipping-taxable","14":"purchasable","15":"product-type-simple"},"_links":{"self":[{"href":"https:\/\/camonclass.com\/tienda\/wp-json\/wp\/v2\/product\/819","targetHints":{"allow":["GET"]}}],"collection":[{"href":"https:\/\/camonclass.com\/tienda\/wp-json\/wp\/v2\/product"}],"about":[{"href":"https:\/\/camonclass.com\/tienda\/wp-json\/wp\/v2\/types\/product"}],"replies":[{"embeddable":true,"href":"https:\/\/camonclass.com\/tienda\/wp-json\/wp\/v2\/comments?post=819"}],"wp:featuredmedia":[{"embeddable":true,"href":"https:\/\/camonclass.com\/tienda\/wp-json\/wp\/v2\/media\/597"}],"wp:attachment":[{"href":"https:\/\/camonclass.com\/tienda\/wp-json\/wp\/v2\/media?parent=819"}],"wp:term":[{"taxonomy":"product_brand","embeddable":true,"href":"https:\/\/camonclass.com\/tienda\/wp-json\/wp\/v2\/product_brand?post=819"},{"taxonomy":"product_cat","embeddable":true,"href":"https:\/\/camonclass.com\/tienda\/wp-json\/wp\/v2\/product_cat?post=819"},{"taxonomy":"product_tag","embeddable":true,"href":"https:\/\/camonclass.com\/tienda\/wp-json\/wp\/v2\/product_tag?post=819"}],"curies":[{"name":"wp","href":"https:\/\/api.w.org\/{rel}","templated":true}]}}