{"id":821,"date":"2022-07-25T16:38:46","date_gmt":"2022-07-25T16:38:46","guid":{"rendered":"https:\/\/camonclass.vertice.org\/formacion\/finanzas-y-control-de-gestion\/"},"modified":"2022-07-25T16:38:46","modified_gmt":"2022-07-25T16:38:46","slug":"finanzas-y-control-de-gestion","status":"publish","type":"product","link":"https:\/\/camonclass.com\/tienda\/formacion\/finanzas-y-control-de-gestion\/","title":{"rendered":"FINANZAS Y CONTROL DE GESTI\u00d3N"},"content":{"rendered":"<p>Control de Gesti\u00f3n<br \/>UD1. Control de gesti\u00f3n<br \/>UD2. Presupuestos<br \/>UD3. Centro de responsabilidad<br \/>UD4. Cuadro de mando integral<br \/>Direcci\u00f3n y Finanzas<br \/>UD1. ESTRUCTURA Y AN\u00c1LISIS ECON\u00d3MICO FINANCIERO DE LA EMPRESA<br \/>UD2. Costes <br \/>UD3. Coste del capital y selecci\u00f3n de proyectos de inversi\u00f3n<br \/>UD4. Presupuestos y Estados Financieros previsionales<br \/>Contabilidad de Costes<br \/>UD1. Costes: conceptos b\u00e1sicos<br \/>UD2. Sistemas de costes<br \/>UD3. Direct costing<br \/>UD4. Sistema de costes ABC<br \/>UD5. Sistemas de contabilidad a costes hist\u00f3ricos<\/p>\n","protected":false},"excerpt":{"rendered":"<p><LI>Conocer la evoluci\u00f3n del entorno, la empresa y su gesti\u00f3n. <LI>Reconocer el control de gesti\u00f3n, su sistema y funciones. <LI>Reconocer la definici\u00f3n de presupuesto, presupuestar y planificar. <LI>Diferenciar las etapas del ciclo presupuestario. <LI>Conocer el an\u00e1lisis de desviaciones y mediante ratios. <LI>Conocer la organizaci\u00f3n en los centros de responsabilidad, centros de costes operativos y centro de gastos discrecionales. <LI>Diferenciar entre los criterios de evaluaci\u00f3n, su controlabilidad y congruencia. <LI>Distinguir entre la auditor\u00eda interna y de gesti\u00f3n. <LI>Saber qu\u00e9 es un cuadro de mando integral y cu\u00e1les son sus funciones. <LI>Construir un cuadro de mando integrando diferentes perspectivas. <LI>Entender las relaciones necesarias entre la composici\u00f3n de la estructura econ\u00f3mica y la composici\u00f3n de la estructura financiera para el equilibrio financiero de la empresa. <LI>Identificar las obligaciones y fondos propios como parte de la estructura financiera, diferenciarlos entre no exigible y exigible, y en este \u00faltimo caso; sin son corrientes o no corrientes. <LI>Conocer la estructura de balance y evaluar el equilibrio financiero de la empresa. <LI>Conocer y clasificar diferentes fuentes de financiaci\u00f3n de que dispone una empresa. <LI>Conocer y estimar el coste medio del capital de una empresa. <LI>Conocer los proyectos de inversi\u00f3n y los par\u00e1metros de su an\u00e1lisis. <LI>Conocer la diferencia entre la contabilidad interna y externa <LI>Hacer una clasificaci\u00f3n de costes correctamente <LI>Saber qu\u00e9 es y c\u00f3mo afecta a una empresa la amortizaci\u00f3n <LI>Tomar la decisi\u00f3n adecuada bas\u00e1ndose en los costes <LI>Ser capaza de definir Sistema de costes <LI>Conocer el sistema de costes por secciones homog\u00e9neas <LI>Poder fijar un precio de venta de un producto o servicio adecuadamente <LI>Conocer el sistema de costes directos <LI>Llevar a cabo el an\u00e1lisis de coste- volumen- beneficio <LI>Saber diferenciar el sistema de costes ABC de otros sistemas de costes <LI>Bas\u00e1ndose en el sistema de costes ABC ser capaza de clasificar adecuadamente las actividades <LI>Conocer las ventajas e inconvenientes que puede aportar este sistema de costes (ABC) \u00bb <\/LI><\/p>\n","protected":false},"featured_media":597,"comment_status":"open","ping_status":"closed","template":"","meta":{"neve_meta_sidebar":"","neve_meta_container":"","neve_meta_enable_content_width":"","neve_meta_content_width":0,"neve_meta_title_alignment":"","neve_meta_author_avatar":"","neve_post_elements_order":"","neve_meta_disable_header":"","neve_meta_disable_footer":"","neve_meta_disable_title":""},"product_brand":[],"product_cat":[33,22,32],"product_tag":[],"class_list":{"0":"post-821","1":"product","2":"type-product","3":"status-publish","4":"has-post-thumbnail","6":"product_cat-administracion-y-gestion-cursos-superiores","7":"product_cat-cursos","8":"product_cat-cursos-superiores","10":"first","11":"instock","12":"sold-individually","13":"shipping-taxable","14":"purchasable","15":"product-type-simple"},"_links":{"self":[{"href":"https:\/\/camonclass.com\/tienda\/wp-json\/wp\/v2\/product\/821","targetHints":{"allow":["GET"]}}],"collection":[{"href":"https:\/\/camonclass.com\/tienda\/wp-json\/wp\/v2\/product"}],"about":[{"href":"https:\/\/camonclass.com\/tienda\/wp-json\/wp\/v2\/types\/product"}],"replies":[{"embeddable":true,"href":"https:\/\/camonclass.com\/tienda\/wp-json\/wp\/v2\/comments?post=821"}],"wp:featuredmedia":[{"embeddable":true,"href":"https:\/\/camonclass.com\/tienda\/wp-json\/wp\/v2\/media\/597"}],"wp:attachment":[{"href":"https:\/\/camonclass.com\/tienda\/wp-json\/wp\/v2\/media?parent=821"}],"wp:term":[{"taxonomy":"product_brand","embeddable":true,"href":"https:\/\/camonclass.com\/tienda\/wp-json\/wp\/v2\/product_brand?post=821"},{"taxonomy":"product_cat","embeddable":true,"href":"https:\/\/camonclass.com\/tienda\/wp-json\/wp\/v2\/product_cat?post=821"},{"taxonomy":"product_tag","embeddable":true,"href":"https:\/\/camonclass.com\/tienda\/wp-json\/wp\/v2\/product_tag?post=821"}],"curies":[{"name":"wp","href":"https:\/\/api.w.org\/{rel}","templated":true}]}}