{"id":822,"date":"2022-07-25T16:38:46","date_gmt":"2022-07-25T16:38:46","guid":{"rendered":"https:\/\/camonclass.vertice.org\/formacion\/project-management-en-la-empresa\/"},"modified":"2022-07-25T16:38:46","modified_gmt":"2022-07-25T16:38:46","slug":"project-management-en-la-empresa","status":"publish","type":"product","link":"https:\/\/camonclass.com\/tienda\/formacion\/project-management-en-la-empresa\/","title":{"rendered":"PROJECT MANAGEMENT EN LA EMPRESA"},"content":{"rendered":"<p>Project Management<br \/>UD1. Gesti\u00f3n y direcci\u00f3n de proyectos<br \/>UD2. Direcci\u00f3n de la integraci\u00f3n<br \/>UD3. Direcci\u00f3n de plazos, costes y calidad <br \/>UD4. Direcci\u00f3n de los Recursos Humanos, Riesgos y Compras<br \/>Herramientas para la Gesti\u00f3n de Proyectos<br \/>UD1. Aplicaciones y recursos online para la gesti\u00f3n de proyectos<br \/>UD2. Herramientas online seg\u00fan necesidades de utilizaci\u00f3n y tipos de proyectos<br \/>Marketing y ventas <br \/>UD1. Conceptos b\u00e1sicos del marketing<br \/>UD2. El consumidor y la segmentaci\u00f3n de mercados<br \/>UD3. Productos, servicios y estrategias de fijaci\u00f3n de precios<br \/>UD4. Los canales de marketing y la cadena de distribuci\u00f3n<br \/>UD5. Estrategia de comunicaci\u00f3n integrada, publicidad, promoci\u00f3n y RRPP<br \/>UD6. Organizaci\u00f3n de ventas y plan de marketing<br \/>Lean Manufacturing<br \/>UD1. Introducci\u00f3n a Lean manufacturing<br \/>UD2. La filosof\u00eda Lean<br \/>UD3. El mapa de flujo de valor (VSM)<br \/>UD4. Kaizen<br \/>UD5. Herramientas Lean para la mejora<br \/>UD6. Indicadores de gesti\u00f3n<br \/>Habilidades Directivas y Negociaci\u00f3n<br \/>UD1. Liderazgo y estilo de direcci\u00f3n<br \/>UD2. Gesti\u00f3n del cambio<br \/>UD3. Gesti\u00f3n del conflicto<br \/>UD4. Gesti\u00f3n de la comunicaci\u00f3n<br \/>UD5. Gesti\u00f3n de reuniones<br \/>UD6. T\u00e9cnicas de negociaci\u00f3n<br \/>UD7. Gesti\u00f3n del tiempo y del estr\u00e9s<\/p>\n","protected":false},"excerpt":{"rendered":"<p><UL> <LI>Conocer el concepto b\u00e1sico de Marketing as\u00ed como sus necesidades.<\/LI> <LI>Aprender a gestionar el Marketing y su entorno.<\/LI> <LI>Identificar en qu\u00e9 consiste el Marketing Mix.<\/LI> <LI>Comprender al p\u00fablico como pilar fundamental del Marketing.<\/LI> <LI>Establecer c\u00f3mo se comporta el consumidor<\/LI> <LI>Identificar como se divide el mercado<\/LI> <LI>Profundizar sobre el concepto de Lean Manufacturing<\/LI> <LI>Tratar los beneficios obtenidos por este m\u00e9todo<\/LI> <LI>Conocer la historia de Lean Manufacturing<\/LI> <LI>Comprender la diferencia entre los terminus: muda y valor.<\/LI> <LI>Conocer los siete tipos de despilfarros<\/LI> <LI>Conocer los distintos principios de la filosof\u00eda de Lean y los pasos a seguir.<\/LI> <LI>Profundizar sobre el concepto de Kaizen y los distintos tipos<\/LI> <LI>Conocer sobre los eventos kaisen y el ciclo PDCA<\/LI> <LI>Conocer los fundamentos e importancia del liderazgo a nivel organizacional. <\/LI> <LI>Distinguir un equipo y de un grupo. <\/LI> <LI>Comprender la relaci\u00f3n entre una gesti\u00f3n de \u00e9xito y el estilo directivo empleado. <\/LI> <LI>Mejorar el estilo de direcci\u00f3n propio. <\/LI> <LI>Conocer en qu\u00e9 consiste un cambio organizativo y c\u00f3mo puede ser. <\/LI> <LI>Prever las resistencias al cambio que pueden surgir de cada persona y de la organizaci\u00f3n. <\/LI> <LI>Planificar un cambio organizativo. <\/LI> <LI>Apreciar las exactas dimensiones del conflicto en el entorno empresarial. <\/LI> <LI>Distinguir entre conflictos funcionales y disfuncionales <\/LI> <LI>Usar las caracter\u00edsticas de cada conflicto para intentar resolverlo. <\/LI> <LI>Conocer las barreras que impiden la comunicaci\u00f3n <\/LI> <LI>Diferenciar conceptos claves de la comunicaci\u00f3n interpersonal e intrapersonal. <\/LI> <LI>Profundizar en las habilidades superiores de comunicaci\u00f3n \u00bb <\/LI><\/UL><\/p>\n","protected":false},"featured_media":597,"comment_status":"open","ping_status":"closed","template":"","meta":{"neve_meta_sidebar":"","neve_meta_container":"","neve_meta_enable_content_width":"","neve_meta_content_width":0,"neve_meta_title_alignment":"","neve_meta_author_avatar":"","neve_post_elements_order":"","neve_meta_disable_header":"","neve_meta_disable_footer":"","neve_meta_disable_title":""},"product_brand":[],"product_cat":[33,22,32],"product_tag":[],"class_list":{"0":"post-822","1":"product","2":"type-product","3":"status-publish","4":"has-post-thumbnail","6":"product_cat-administracion-y-gestion-cursos-superiores","7":"product_cat-cursos","8":"product_cat-cursos-superiores","10":"first","11":"instock","12":"sold-individually","13":"shipping-taxable","14":"purchasable","15":"product-type-simple"},"_links":{"self":[{"href":"https:\/\/camonclass.com\/tienda\/wp-json\/wp\/v2\/product\/822","targetHints":{"allow":["GET"]}}],"collection":[{"href":"https:\/\/camonclass.com\/tienda\/wp-json\/wp\/v2\/product"}],"about":[{"href":"https:\/\/camonclass.com\/tienda\/wp-json\/wp\/v2\/types\/product"}],"replies":[{"embeddable":true,"href":"https:\/\/camonclass.com\/tienda\/wp-json\/wp\/v2\/comments?post=822"}],"wp:featuredmedia":[{"embeddable":true,"href":"https:\/\/camonclass.com\/tienda\/wp-json\/wp\/v2\/media\/597"}],"wp:attachment":[{"href":"https:\/\/camonclass.com\/tienda\/wp-json\/wp\/v2\/media?parent=822"}],"wp:term":[{"taxonomy":"product_brand","embeddable":true,"href":"https:\/\/camonclass.com\/tienda\/wp-json\/wp\/v2\/product_brand?post=822"},{"taxonomy":"product_cat","embeddable":true,"href":"https:\/\/camonclass.com\/tienda\/wp-json\/wp\/v2\/product_cat?post=822"},{"taxonomy":"product_tag","embeddable":true,"href":"https:\/\/camonclass.com\/tienda\/wp-json\/wp\/v2\/product_tag?post=822"}],"curies":[{"name":"wp","href":"https:\/\/api.w.org\/{rel}","templated":true}]}}