{"id":825,"date":"2022-07-25T16:38:46","date_gmt":"2022-07-25T16:38:46","guid":{"rendered":"https:\/\/camonclass.vertice.org\/formacion\/medios-de-pago-y-financiacion-internacional-en-la-empresa\/"},"modified":"2022-07-25T16:38:46","modified_gmt":"2022-07-25T16:38:46","slug":"medios-de-pago-y-financiacion-internacional-en-la-empresa","status":"publish","type":"product","link":"https:\/\/camonclass.com\/tienda\/formacion\/medios-de-pago-y-financiacion-internacional-en-la-empresa\/","title":{"rendered":"MEDIOS DE PAGO Y FINANCIACI\u00d3N INTERNACIONAL EN LA EMPRESA"},"content":{"rendered":"<p>Control de Gesti\u00f3n<br \/>UD1. Control de gesti\u00f3n<br \/>UD2. Presupuestos<br \/>UD3. Centro de responsabilidad<br \/>UD4. Cuadro de mando integral<br \/>Direcci\u00f3n y Finanzas<br \/>UD1. ESTRUCTURA Y AN\u00c1LISIS ECON\u00d3MICO FINANCIERO DE LA EMPRESA<br \/>UD2. Costes <br \/>UD3. Coste del capital y selecci\u00f3n de proyectos de inversi\u00f3n<br \/>UD4. Presupuestos y Estados Financieros previsionales<br \/>Medios de pago y financiaci\u00f3n Internacional<br \/>UD1. Clasificaci\u00f3n de los medios de cobro y pago<br \/>UD2. La remesa en las operaciones de compraventa internacionales<br \/>UD3. El cr\u00e9dito documentario en las operaciones de comercio internacional<br \/>UD4. Utilizaci\u00f3n del comercio electr\u00f3nico en los medios de cobro y pago<br \/>Fiscalidad en comercio internacional<br \/>UD1. Elementos de la fiscalidad en el comercio internacional<br \/>UD2. Impuesto sobre el valor a\u00f1adido (IVA) en el comercio exterior <br \/>UD3. Impuestos y reg\u00edmenes especiales <\/p>\n","protected":false},"excerpt":{"rendered":"<p><UL> <LI>Conocer la evoluci\u00f3n del entorno, la empresa y su gesti\u00f3n. <LI>Reconocer el control de gesti\u00f3n, su sistema y funciones. <LI>Reconocer la definici\u00f3n de presupuesto, presupuestar y planificar. <LI>Diferenciar las etapas del ciclo presupuestario. <LI>Conocer el an\u00e1lisis de desviaciones y mediante ratios. <LI>Conocer la organizaci\u00f3n en los centros de responsabilidad, centros de costes operativos y centro de gastos discrecionales. <LI>Diferenciar entre los criterios de evaluaci\u00f3n, su controlabilidad y congruencia. <LI>Distinguir entre la auditor\u00eda interna y de gesti\u00f3n. <LI>Saber qu\u00e9 es un cuadro de mando integral y cu\u00e1les son sus funciones. <LI>Construir un cuadro de mando integrando diferentes perspectivas. \u2022 Entender las relaciones necesarias entre la composici\u00f3n de la estructura econ\u00f3mica y la composici\u00f3n de la estructura financiera para el equilibrio financiero de la empresa. <LI>Identificar las obligaciones y fondos propios como parte de la estructura financiera, diferenciarlos entre no exigible y exigible, y en este \u00faltimo caso; sin son corrientes o no corrientes.&nbsp; <LI>Conocer la estructura de balance y evaluar el equilibrio financiero de la empresa. <LI>Conocer y clasificar diferentes fuentes de financiaci\u00f3n de que dispone una empresa. <LI>Conocer y estimar el coste medio del capital de una empresa. <LI>Conocer los proyectos de inversi\u00f3n y los par\u00e1metros de su an\u00e1lisis. <LI>Profundizar en los diferentes medios de cobro y pago <LI>Conocer las etapas del momento de pago y la documentaci\u00f3n requerida <LI>Aprender el esquema de funcionamiento del cheque bancario, el orden de pago simple y el orden de pago documentaria <LI>Profundizar en el concepto de la remesa en las operaciones de compraventa internacionales. <LI>Tratar tanto la remesa imple como la documentaria y sus elementos. <LI>Conocer el esquema de funcionamiento del cr\u00e9dito documentario y los diferentes tipos <LI>Descubrir los potenciales riesgos, las ventajas, inconvenientes y costes. <LI>Desglosar la documentaci\u00f3n requerida por la entidad financiera. <LI>Profundizar en la legislaci\u00f3n sobre comercio electr\u00f3nico <LI>Conocer las medidas de seguridad en los pagos y los diferentes tipos de cobros en internet <LI>Desglosar los diferentes sistemas de intercambio de datos en las operaciones internacionales \u00bb <LI>Entender las consideraciones fiscales en las operaciones de compraventa internacional. <LI>Profundizar en diversos conceptos b\u00e1sicos de los impuestos. <LI>Profundizar en los conceptos b\u00e1sicos del IVA. <LI>Tratar los tipos de operaciones sujetas a IVA. <LI>Conocer el IVA tanto en las operaciones intracomunitarias, con terceros pa\u00edses en relaci\u00f3n a las importaciones y exportaciones, como las especiales. <LI>Conocer los distintos tipos de impuestos especiales y las consideraciones generales de estos. <LI>Tratar la gesti\u00f3n de impuestos especiales a las operaciones de comercio exterior. <LI>Conocer el r\u00e9gimen especial de las Islas Canarias, Ceuta y Melilla. \u00bb <\/LI><\/UL><\/p>\n","protected":false},"featured_media":597,"comment_status":"open","ping_status":"closed","template":"","meta":{"neve_meta_sidebar":"","neve_meta_container":"","neve_meta_enable_content_width":"","neve_meta_content_width":0,"neve_meta_title_alignment":"","neve_meta_author_avatar":"","neve_post_elements_order":"","neve_meta_disable_header":"","neve_meta_disable_footer":"","neve_meta_disable_title":""},"product_brand":[],"product_cat":[33,22,32],"product_tag":[],"class_list":{"0":"post-825","1":"product","2":"type-product","3":"status-publish","4":"has-post-thumbnail","6":"product_cat-administracion-y-gestion-cursos-superiores","7":"product_cat-cursos","8":"product_cat-cursos-superiores","10":"first","11":"instock","12":"sold-individually","13":"shipping-taxable","14":"purchasable","15":"product-type-simple"},"_links":{"self":[{"href":"https:\/\/camonclass.com\/tienda\/wp-json\/wp\/v2\/product\/825","targetHints":{"allow":["GET"]}}],"collection":[{"href":"https:\/\/camonclass.com\/tienda\/wp-json\/wp\/v2\/product"}],"about":[{"href":"https:\/\/camonclass.com\/tienda\/wp-json\/wp\/v2\/types\/product"}],"replies":[{"embeddable":true,"href":"https:\/\/camonclass.com\/tienda\/wp-json\/wp\/v2\/comments?post=825"}],"wp:featuredmedia":[{"embeddable":true,"href":"https:\/\/camonclass.com\/tienda\/wp-json\/wp\/v2\/media\/597"}],"wp:attachment":[{"href":"https:\/\/camonclass.com\/tienda\/wp-json\/wp\/v2\/media?parent=825"}],"wp:term":[{"taxonomy":"product_brand","embeddable":true,"href":"https:\/\/camonclass.com\/tienda\/wp-json\/wp\/v2\/product_brand?post=825"},{"taxonomy":"product_cat","embeddable":true,"href":"https:\/\/camonclass.com\/tienda\/wp-json\/wp\/v2\/product_cat?post=825"},{"taxonomy":"product_tag","embeddable":true,"href":"https:\/\/camonclass.com\/tienda\/wp-json\/wp\/v2\/product_tag?post=825"}],"curies":[{"name":"wp","href":"https:\/\/api.w.org\/{rel}","templated":true}]}}