{"id":827,"date":"2022-07-25T16:38:47","date_gmt":"2022-07-25T16:38:47","guid":{"rendered":"https:\/\/camonclass.vertice.org\/formacion\/gestion-del-aprovisionamiento\/"},"modified":"2022-07-25T16:38:47","modified_gmt":"2022-07-25T16:38:47","slug":"gestion-del-aprovisionamiento","status":"publish","type":"product","link":"https:\/\/camonclass.com\/tienda\/formacion\/gestion-del-aprovisionamiento\/","title":{"rendered":"GESTI\u00d3N DEL APROVISIONAMIENTO"},"content":{"rendered":"<p>Planificaci\u00f3n Log\u00edstica<br \/>UD1. Previsi\u00f3n de la demanda<br \/>UD2. Planificaci\u00f3n de la producci\u00f3n-distribuci\u00f3n<br \/>UD3. Organizaci\u00f3n de la producci\u00f3n-distribuci\u00f3n<br \/>UD4. T\u00e9cnicas de planificaci\u00f3n y control de proyectos<br \/>UD5. Gesti\u00f3n de la producci\u00f3n y aprovisionamiento<br \/>UD6. Planificaci\u00f3n de requerimientos y necesidades de producci\u00f3n<br \/>UD7. Planificaci\u00f3n de los recursos de distribuci\u00f3n<br \/>Gesti\u00f3n de Compras y Proveedores<br \/>UD1. La Gesti\u00f3n de compras en la empresa<br \/>UD2. Selecci\u00f3n, gesti\u00f3n y evaluaci\u00f3n de proveedores<br \/>UD3. Negociaci\u00f3n con proveedores<br \/>Gesti\u00f3n de Pedidos y Stocks<br \/>UD1. Operativa del almac\u00e9n<br \/>UD2. La manipulaci\u00f3n de mercanc\u00eda y preparaci\u00f3n de pedidos como clave<br \/>UD3. Los inventarios f\u00edsicos<br \/>UD4. La tecnolog\u00eda y los sistemas de gesti\u00f3n informatizada del almac\u00e9n (SGA)<br \/>Lean Manufacturing<br \/>UD1. Introducci\u00f3n a Lean manufacturing<br \/>UD2. La filosof\u00eda Lean<br \/>UD3. El mapa de flujo de valor (VSM)<br \/>UD4. Kaizen<br \/>UD5. Herramientas Lean para la mejora<br \/>UD6. Indicadores de gesti\u00f3n<br \/>Habilidades Directivas y Negociaci\u00f3n<br \/>UD1. Liderazgo y estilo de direcci\u00f3n<br \/>UD2. Gesti\u00f3n del cambio<br \/>UD3. Gesti\u00f3n del conflicto<br \/>UD4. Gesti\u00f3n de la comunicaci\u00f3n<br \/>UD5. Gesti\u00f3n de reuniones<br \/>UD6. T\u00e9cnicas de negociaci\u00f3n<br \/>UD7. Gesti\u00f3n del tiempo y del estr\u00e9s<\/p>\n","protected":false},"excerpt":{"rendered":"<p><UL> <LI>Saber definir la previsi\u00f3n de la demanda seg\u00fan el tipo de empresa y procesos de producci\u00f3n. <LI>Conocer la funci\u00f3n productiva de la empresa y el aprovisionamiento. <LI>Conocer los elementos que intervienen en la planificaci\u00f3n de la producci\u00f3n. <LI>Conocer la clasificaci\u00f3n de la producci\u00f3n\/distribuci\u00f3n. <LI>Identificar el nivel de producci\u00f3n y capacidad productiva. <LI>Conocer las estrategias actuales de organizaci\u00f3n de la producci\u00f3n. <LI>Conocer las t\u00e9cnicas de planificaci\u00f3n, programaci\u00f3n y control de proyectos, as\u00ed como los m\u00e9todos. <LI>Definir las actividades y aprender a representar gr\u00e1ficamente un plan de producci\u00f3n. <LI>Conocer las aplicaciones inform\u00e1ticas de planificaci\u00f3n y control de proyectos. \u00bb \u2022 Conocer cu\u00e1les son los recursos que intervienen en un proceso de producci\u00f3n y como se clasifican. <LI>Identificar los tipos de compras que resultan productivas como las que no lo son. <LI>Aprender c\u00f3mo se planifica la producci\u00f3n y las compras, as\u00ed como la previsi\u00f3n de las ventas <LI>Detectar las diferentes necesidades y requerimientos necesarios para la gesti\u00f3n integral del producto <LI>Saber realizar el seguimiento y la recepci\u00f3n de los distintos pedidos, adem\u00e1s de almacenarlos y registrarlos <LI>Conocer las \u00e1reas esenciales del funcionamiento de un almac\u00e9n y del proceso de almacenaje. <LI>Profundizar en el funcionamiento de la entrada, control y descarga de mercanc\u00edas. <LI>Ampliar la informaci\u00f3n sobre los flujos internos y la salida de mercanc\u00edas. <LI>Determinar los diferentes indicadores que regular la gesti\u00f3n del stock. <LI>Aprender los sistemas actuales de preparaci\u00f3n de pedidos y la documentaci\u00f3n que requiere <LI>Profundizar en los sistema de identificaci\u00f3n, envase y embalaje de los productos <LI>Conocer las recomendaciones de AECOC para la log\u00edstica y las formas de paletizaci\u00f3n <LI>Profundizar en la naturaleza de la demanda y el c\u00e1lculo de las previsiones de consumo. <LI>Conocer los principales factores de evaluaci\u00f3n, control y localizaci\u00f3n de inventarios. <LI>Aprender medidas preventivas y correctoras de inventarios incorrectos. <LI>Desglosar los sistemas de valoraci\u00f3n de inventarios y sus principales clasificaciones. <LI>Conocer la implantaci\u00f3n tecnol\u00f3gica en el almac\u00e9n y sus objetivos a alcanzar. <LI>Estudiar el concepto de actualizaci\u00f3n del stock y sus m\u00e9todos de actualizaci\u00f3n. <LI>Controlar las operaciones en la tecnolog\u00eda y sistemas de gesti\u00f3n informatizada del almac\u00e9n. <LI>Reconocer el sistema manual e inform\u00e1tico de la implantaci\u00f3n tecnol\u00f3gica.&nbsp; <LI>Profundizar sobre el concepto de Lean Manufacturing <LI>Tratar los beneficios obtenidos por este m\u00e9todo <LI>Conocer la historia de Lean Manufacturing <LI>Comprender la diferencia entre los terminus: muda y valor. <LI>Conocer los siete tipos de despilfarros <LI>Conocer los distintos principios de la filosof\u00eda de Lean y los pasos a seguir. <LI>Profundizar sobre el concepto de Kaizen y los distintos tipos <LI>Conocer sobre los eventos kaisen y el ciclo PDCA <LI>Conocer los fundamentos e importancia del liderazgo a nivel organizacional. <LI>Distinguir un equipo y de un grupo. <LI>Comprender la relaci\u00f3n entre una gesti\u00f3n de \u00e9xito y el estilo directivo empleado. <LI>Mejorar el estilo de direcci\u00f3n propio. <LI>Conocer en qu\u00e9 consiste un cambio organizativo y c\u00f3mo puede ser. <LI>Prever las resistencias al cambio que pueden surgir de cada persona y de la organizaci\u00f3n. <LI>Planificar un cambio organizativo. <LI>Apreciar las exactas dimensiones del conflicto en el entorno empresarial. <LI>Distinguir entre conflictos funcionales y disfuncionales <LI>Usar las caracter\u00edsticas de cada conflicto para intentar resolverlo. <LI>Conocer las barreras que impiden la comunicaci\u00f3n <LI>Diferenciar conceptos claves de la comunicaci\u00f3n interpersonal e intrapersonal. <LI>Profundizar en las habilidades superiores de comunicaci\u00f3n \u00bb <\/LI><\/UL><\/p>\n","protected":false},"featured_media":597,"comment_status":"open","ping_status":"closed","template":"","meta":{"neve_meta_sidebar":"","neve_meta_container":"","neve_meta_enable_content_width":"","neve_meta_content_width":0,"neve_meta_title_alignment":"","neve_meta_author_avatar":"","neve_post_elements_order":"","neve_meta_disable_header":"","neve_meta_disable_footer":"","neve_meta_disable_title":""},"product_brand":[],"product_cat":[33,22,32],"product_tag":[],"class_list":{"0":"post-827","1":"product","2":"type-product","3":"status-publish","4":"has-post-thumbnail","6":"product_cat-administracion-y-gestion-cursos-superiores","7":"product_cat-cursos","8":"product_cat-cursos-superiores","10":"first","11":"instock","12":"sold-individually","13":"shipping-taxable","14":"purchasable","15":"product-type-simple"},"_links":{"self":[{"href":"https:\/\/camonclass.com\/tienda\/wp-json\/wp\/v2\/product\/827","targetHints":{"allow":["GET"]}}],"collection":[{"href":"https:\/\/camonclass.com\/tienda\/wp-json\/wp\/v2\/product"}],"about":[{"href":"https:\/\/camonclass.com\/tienda\/wp-json\/wp\/v2\/types\/product"}],"replies":[{"embeddable":true,"href":"https:\/\/camonclass.com\/tienda\/wp-json\/wp\/v2\/comments?post=827"}],"wp:featuredmedia":[{"embeddable":true,"href":"https:\/\/camonclass.com\/tienda\/wp-json\/wp\/v2\/media\/597"}],"wp:attachment":[{"href":"https:\/\/camonclass.com\/tienda\/wp-json\/wp\/v2\/media?parent=827"}],"wp:term":[{"taxonomy":"product_brand","embeddable":true,"href":"https:\/\/camonclass.com\/tienda\/wp-json\/wp\/v2\/product_brand?post=827"},{"taxonomy":"product_cat","embeddable":true,"href":"https:\/\/camonclass.com\/tienda\/wp-json\/wp\/v2\/product_cat?post=827"},{"taxonomy":"product_tag","embeddable":true,"href":"https:\/\/camonclass.com\/tienda\/wp-json\/wp\/v2\/product_tag?post=827"}],"curies":[{"name":"wp","href":"https:\/\/api.w.org\/{rel}","templated":true}]}}