{"id":829,"date":"2022-07-25T16:38:47","date_gmt":"2022-07-25T16:38:47","guid":{"rendered":"https:\/\/camonclass.vertice.org\/formacion\/organizacion-de-recursos-humanos\/"},"modified":"2022-07-25T16:38:47","modified_gmt":"2022-07-25T16:38:47","slug":"organizacion-de-recursos-humanos","status":"publish","type":"product","link":"https:\/\/camonclass.com\/tienda\/formacion\/organizacion-de-recursos-humanos\/","title":{"rendered":"ORGANIZACI\u00d3N DE RECURSOS HUMANOS"},"content":{"rendered":"<p>Administraci\u00f3n de personal<br \/>UD1. S\u00edntesis de la administraci\u00f3n de personal<br \/>UD2. Contrato de trabajo y relaciones laborales individuales<br \/>UD3. Relaciones laborales colectivas<br \/>UD4. Rescinsi\u00f3n de contratos laborales<br \/>UD5. Cotizaci\u00f3n a la seguridad social<br \/>UD6. Gesti\u00f3n laboral y n\u00f3minas<br \/>Estructura y dise\u00f1o organizativo<br \/>UD1. Estructura organizativa. Funciones y procesos<br \/>UD2. Dise\u00f1o y modelos estructurales<br \/>UD3. Un nuevo modelo de negocio, una nueva organizaci\u00f3n<br \/>UD4. Trabajo en equipo: conceptualizaci\u00f3n y contexto<br \/>Marketing interno y comunicaci\u00f3n en la empresa<br \/>UD1. Marketing interno y comunicaci\u00f3n en la empresa<br \/>UD2. Gesti\u00f3n del conocimiento<br \/>Responsabilidad social corporativa<br \/>UD1. Introducci\u00f3n a la Responsabilidad Social Corporativa.<br \/>UD2. \u00c1mbitos de la Responsabilidad Social Corporativa.<br \/>UD3. Mecanismos de la Responsabilidad Social Corporativa.<br \/>UD4. Iniciativas en Responsabilidad Social Corporativa.<br \/>UD5. La gesti\u00f3n de la Responsabilidad Social Corporativa.<br \/>UD6. El plan de responsabilidad social corporativa.<br \/>Prevenci\u00f3n de Riesgos Laborales<br \/>UD1. Conceptos b\u00e1sicos sobre seguridad y salud en el trabajo<br \/>UD2. Riesgos generales y prevenci\u00f3n<br \/>UD3. Elementos b\u00e1sicos de gesti\u00f3n de la prevenci\u00f3n de risegos<\/p>\n","protected":false},"excerpt":{"rendered":"<p><UL> <LI>Conocer las funciones de la Direcci\u00f3n de RR.HH. y c\u00f3mo se lleva a cabo la administraci\u00f3n del personal.<\/LI> <LI>Conocer y gestionar algunos de los conceptos b\u00e1sicos para administrar personal.<\/LI> <LI>Conocer las funciones de la Direcci\u00f3n de RR.HH. y c\u00f3mo se lleva a cabo la administraci\u00f3n del personal.<\/LI> <LI>Conocer y gestionar algunos de los conceptos b\u00e1sicos para administrar personal.<\/LI> <LI>Introducir al alumnado en la importancia de la rescisi\u00f3n de contratos, dentro del marco de las relaciones laborales establecidas, entre empresario\/a y trabajador\/a.<\/LI> <LI>Conocer de manera espec\u00edfica las diferentes figuras representativas (causas), de la rescisi\u00f3n de contratos laborales.<\/LI> <LI>Conocer las repercusiones a nivel laboral e indemnizatorio de las diferentes causas de extinci\u00f3n contractual.<\/LI> <LI>Conocer los rasgos fundamentales de una organizaci\u00f3n.<\/LI> <LI>Analizar c\u00f3mo la estructura de una organizaci\u00f3n influye en su actividad.<\/LI> <LI>Saber para qu\u00e9 sirve una organizaci\u00f3n y que procesos tienen lugar en su interior.<\/LI> <LI>Distinguir la cultura de una organizaci\u00f3n y sus efectos en su actividad.&nbsp;<\/LI> <LI>Conocer los cambios organizacionales y en qu\u00e9 situaciones pueden llevarse a cabo.<\/LI> <LI>Dominar el t\u00e9rmino cultura organizacional y saber identificar las principales v\u00edas de comunicaci\u00f3n que son pioneras del cambio.<\/LI> <LI>Conocer la funci\u00f3n actual de los recursos humanos y la experiencia de la que debe requisar el empleado.<\/LI> <LI>Conocer los elementos y procesos propios de la comunicaci\u00f3n empresarial, como caso especial de la comunicaci\u00f3n en general.<\/LI> <LI>Establecer planes de comunicaci\u00f3n internas, aplicados a diferentes entornos organizativos.<\/LI> <LI>Saber qu\u00e9 ventajas tiene el uso de las t\u00e9cnicas de Marketing hacia el interior de las empresas.<\/LI> <LI>Saberqu\u00e9eslagesti\u00f3ndeconocimientoyc\u00f3moseusaenelentornoempresarial.<\/LI> <LI>Manejar las principales herramientas de gesti\u00f3n del conocimiento.<\/LI> <LI>Conocerqu\u00e9barreraspuedenimpedirunacorrectagesti\u00f3ndelconocimiento.<\/LI> <LI>Conocer qu\u00e9 es la Responsabilidad Social Corporativa y a qu\u00e9 conceptos se asocia<\/LI> <LI>Analizar los distintos \u00e1mbitos de la Responsabilidad Social Corporativa.<\/LI> <LI>Comprender las distintas estrategias que toman las empresas en el \u00e1mbito de la RSC.<\/LI> <LI>Identificar la distinta normativa relacionada con la RSC<\/LI> <LI>Identificar las distintas fases de gesti\u00f3n que se tienen sobre la RSC.<\/LI> <LI>Comprender los pasos a realizar para conocer los resultados de una estrategia de RSC<\/LI> <LI>Asimilar como realizar un plan de Responsabilidad Social Corporativa<\/LI> <LI>Identificar los tipos de comunicaciones en la empresa en relaci\u00f3n a la RSC<\/LI> <LI>Analizar la tipolog\u00eda de indicadores que se tienen sobre la RSC<\/LI> <LI>Identificar los grupos de inter\u00e9s como elementos fundamentales en las estrategias de la<\/LI> <LI>Responsabilidad Social Corporativa<\/LI> <LI>Conocer los riesgos y da\u00f1os que conlleva el trabajo en la salud. <\/LI> <LI>Profundizar en el marco normativo en torno a la prevenci\u00f3n de riesgos laborales. <LI>Conocer los diferentes riesgos ligados al trabajo y los sistemas b\u00e1sicos de control de los mismos. <LI>Profundizar en los planes de emergencia y evacuaci\u00f3n en el \u00e1mbito laboral. <LI>Aprender las diferentes normas para el control de la salud de los trabajadores. <LI>Conocer los organismos relacionados con la seguridad y salud en el trabajo. <LI>Profundizar en la organizaci\u00f3n del trabajo preventivo y la documentaci\u00f3n de la RSC. <\/LI><\/UL><\/p>\n","protected":false},"featured_media":597,"comment_status":"open","ping_status":"closed","template":"","meta":{"neve_meta_sidebar":"","neve_meta_container":"","neve_meta_enable_content_width":"","neve_meta_content_width":0,"neve_meta_title_alignment":"","neve_meta_author_avatar":"","neve_post_elements_order":"","neve_meta_disable_header":"","neve_meta_disable_footer":"","neve_meta_disable_title":""},"product_brand":[],"product_cat":[33,22,32],"product_tag":[],"class_list":{"0":"post-829","1":"product","2":"type-product","3":"status-publish","4":"has-post-thumbnail","6":"product_cat-administracion-y-gestion-cursos-superiores","7":"product_cat-cursos","8":"product_cat-cursos-superiores","10":"first","11":"instock","12":"sold-individually","13":"shipping-taxable","14":"purchasable","15":"product-type-simple"},"_links":{"self":[{"href":"https:\/\/camonclass.com\/tienda\/wp-json\/wp\/v2\/product\/829","targetHints":{"allow":["GET"]}}],"collection":[{"href":"https:\/\/camonclass.com\/tienda\/wp-json\/wp\/v2\/product"}],"about":[{"href":"https:\/\/camonclass.com\/tienda\/wp-json\/wp\/v2\/types\/product"}],"replies":[{"embeddable":true,"href":"https:\/\/camonclass.com\/tienda\/wp-json\/wp\/v2\/comments?post=829"}],"wp:featuredmedia":[{"embeddable":true,"href":"https:\/\/camonclass.com\/tienda\/wp-json\/wp\/v2\/media\/597"}],"wp:attachment":[{"href":"https:\/\/camonclass.com\/tienda\/wp-json\/wp\/v2\/media?parent=829"}],"wp:term":[{"taxonomy":"product_brand","embeddable":true,"href":"https:\/\/camonclass.com\/tienda\/wp-json\/wp\/v2\/product_brand?post=829"},{"taxonomy":"product_cat","embeddable":true,"href":"https:\/\/camonclass.com\/tienda\/wp-json\/wp\/v2\/product_cat?post=829"},{"taxonomy":"product_tag","embeddable":true,"href":"https:\/\/camonclass.com\/tienda\/wp-json\/wp\/v2\/product_tag?post=829"}],"curies":[{"name":"wp","href":"https:\/\/api.w.org\/{rel}","templated":true}]}}