{"id":830,"date":"2022-07-25T16:38:47","date_gmt":"2022-07-25T16:38:47","guid":{"rendered":"https:\/\/camonclass.vertice.org\/formacion\/habilidades-y-competencias-directivas-desarrollo-personal\/"},"modified":"2022-07-25T16:38:47","modified_gmt":"2022-07-25T16:38:47","slug":"habilidades-y-competencias-directivas-desarrollo-personal","status":"publish","type":"product","link":"https:\/\/camonclass.com\/tienda\/formacion\/habilidades-y-competencias-directivas-desarrollo-personal\/","title":{"rendered":"HABILIDADES Y COMPETENCIAS DIRECTIVAS. DESARROLLO PERSONAL"},"content":{"rendered":"<p>Coaching y Liderazgo<br \/>UD1. Coaching<br \/>UD2. Liderazgo<br \/>Motivacion del personal<br \/>UD1. \u00bfQu\u00e9 es la motivaci\u00f3n<br \/>UD2. Claves para construir y llenar una buena \u201cmochila de motivaci\u00f3n\u201d.<br \/>UD3. \u00bfC\u00f3mo motivar?.<br \/>UD4. El poder que hay dentro de nosotros.<br \/>Innovaci\u00f3n y creatividad<br \/>UD1. La innovaci\u00f3n<br \/>UD2. La creatividad en las organizaciones<br \/>UD3. Estrategias y t\u00e9cnicas de creatividad<br \/>UD4. Potenciar la creatividad y superar barreras <br \/>Cultura empresarial<br \/>UD1. Introducci\u00f3n a la Cultura empresarial<br \/>UD2. Importancia de la cultura en las organizaciones<br \/>UD3. Gesti\u00f3n de la cultura empresarial<br \/>Habilidades Directivas y Negociaci\u00f3n<br \/>UD1. Liderazgo y estilo de direcci\u00f3n<br \/>UD2. Gesti\u00f3n del cambio<br \/>UD3. Gesti\u00f3n del conflicto<br \/>UD4. Gesti\u00f3n de la comunicaci\u00f3n<br \/>UD5. Gesti\u00f3n de reuniones<br \/>UD6. T\u00e9cnicas de negociaci\u00f3n<br \/>UD7. Gesti\u00f3n del tiempo y del estr\u00e9s<\/p>\n","protected":false},"excerpt":{"rendered":"<p><UL> <LI>Entender qu\u00e9 es la motivaci\u00f3n, tipos y para qu\u00e9 sirven.<\/LI> <LI>Saber c\u00f3mo motivarse a s\u00ed mismo\/a, a otras personas y a equipos de trabajo.<\/LI> <LI>Conocer el \u201cEfecto Pigmali\u00f3n\u201d y c\u00f3mo utilizarlo.<\/LI> <LI>Conocer la importancia del trabajo y la disciplina.<\/LI> <LI>Saber lo que son los auto-sabotajes m\u00e1s comunes y c\u00f3mo trabajarlos.<\/LI> <LI>Conocer c\u00f3mo funciona el cerebro y c\u00f3mo podemos entrenarlo para mejorar nuestra calidad<BR>de vida.<\/LI> <LI>Conocer el estado de \u201cflow\u201d y c\u00f3mo trabajarlo.<\/LI> <LI>La importancia de una actitud mental y un lenguaje positivos.<\/LI> <LI>Conocer la \u201cLey del espejo\u201d y c\u00f3mo usarla a nuestro favor.<\/LI> <LI>Comprender el concepto de cultura y los elementos que se encuentran interrelacionados.<\/LI> <LI>Conocer las caracter\u00edsticas de la cultura empresarial y los valores que la sostienen.<\/LI> <LI>Saber identificar las formas de mantenimiento de la cultura y los factores que influyen en esta.<\/LI> <LI>Conocer la relaci\u00f3n que existe entre la Cultura Empresarial con otros conceptos en el \u00e1mbito de los RR.HH<\/LI> <LI>Analizar y estudiar c\u00f3mo se producen y desarrollan los cambios culturales.<\/LI> <LI>Relaci\u00f3n de la Cultura Empresarial Con Otros Conceptos B\u00e1sicos de los RR.HH.&nbsp;<\/LI> <LI>Conocer c\u00f3mo se producen los cambios culturales y c\u00f3mo afecta al \u00e1rea de recursos humanos y viceversa.<\/LI> <LI>Dominar el t\u00e9rmino de innovaci\u00f3n, sus caracter\u00edsticas y su tipolog\u00eda. <\/LI> <LI>Distinguir entre cambio e innovaci\u00f3n <LI>Identificar las pautas seguidas por Steve Jobs <LI>Dominar el t\u00e9rmino creatividad y sus caracter\u00edsticas <LI>Saber identificar el proceso a seguir de la creatividad y la innovaci\u00f3n <LI>Conocer las pautas para crear un clima estimulador de creatividad <LI>Saber cu\u00e1les pueden ser los beneficios de la creatividad <LI>Saber identificar las diferentes t\u00e9cnicas de estimulaci\u00f3n de la creatividad. <LI>Conocer cada una de las caracter\u00edsticas de las t\u00e9cnicas de estimulaci\u00f3n. <LI>Saber llevar a cabo las t\u00e9cnicas de creatividad y cu\u00e1ndo utilizar cada una en relaci\u00f3n a tus necesidades. <LI>Dominar las principales teor\u00edas del origen de la creatividad y sus precursores. <LI>Identificar cada factor influyente de cada una de las teor\u00edas de los autores. <LI>Conocer los tipos de creatividad y sus roles principales, adem\u00e1s de los diferentes estilos que esta aporta.&nbsp; <LI>Conocer los fundamentos e importancia del liderazgo a nivel organizacional. <LI>Distinguir un equipo y de un grupo. <LI>Comprender la relaci\u00f3n entre una gesti\u00f3n de \u00e9xito y el estilo directivo empleado. <LI>Mejorar el estilo de direcci\u00f3n propio. <LI>Conocer en qu\u00e9 consiste un cambio organizativo y c\u00f3mo puede ser. <LI>Prever las resistencias al cambio que pueden surgir de cada persona y de la organizaci\u00f3n. <LI>Planificar un cambio organizativo. <LI>Apreciar las exactas dimensiones del conflicto en el entorno empresarial. <LI>Distinguir entre conflictos funcionales y disfuncionales <LI>Usar las caracter\u00edsticas de cada conflicto para intentar resolverlo. <LI>Conocer las barreras que impiden la comunicaci\u00f3n <LI>Diferenciar conceptos claves de la comunicaci\u00f3n interpersonal e intrapersonal. <LI>Profundizar en las habilidades superiores de comunicaci\u00f3n \u00bb <\/LI><\/UL><\/p>\n","protected":false},"featured_media":597,"comment_status":"open","ping_status":"closed","template":"","meta":{"neve_meta_sidebar":"","neve_meta_container":"","neve_meta_enable_content_width":"","neve_meta_content_width":0,"neve_meta_title_alignment":"","neve_meta_author_avatar":"","neve_post_elements_order":"","neve_meta_disable_header":"","neve_meta_disable_footer":"","neve_meta_disable_title":""},"product_brand":[],"product_cat":[33,22,32],"product_tag":[],"class_list":{"0":"post-830","1":"product","2":"type-product","3":"status-publish","4":"has-post-thumbnail","6":"product_cat-administracion-y-gestion-cursos-superiores","7":"product_cat-cursos","8":"product_cat-cursos-superiores","10":"first","11":"instock","12":"sold-individually","13":"shipping-taxable","14":"purchasable","15":"product-type-simple"},"_links":{"self":[{"href":"https:\/\/camonclass.com\/tienda\/wp-json\/wp\/v2\/product\/830","targetHints":{"allow":["GET"]}}],"collection":[{"href":"https:\/\/camonclass.com\/tienda\/wp-json\/wp\/v2\/product"}],"about":[{"href":"https:\/\/camonclass.com\/tienda\/wp-json\/wp\/v2\/types\/product"}],"replies":[{"embeddable":true,"href":"https:\/\/camonclass.com\/tienda\/wp-json\/wp\/v2\/comments?post=830"}],"wp:featuredmedia":[{"embeddable":true,"href":"https:\/\/camonclass.com\/tienda\/wp-json\/wp\/v2\/media\/597"}],"wp:attachment":[{"href":"https:\/\/camonclass.com\/tienda\/wp-json\/wp\/v2\/media?parent=830"}],"wp:term":[{"taxonomy":"product_brand","embeddable":true,"href":"https:\/\/camonclass.com\/tienda\/wp-json\/wp\/v2\/product_brand?post=830"},{"taxonomy":"product_cat","embeddable":true,"href":"https:\/\/camonclass.com\/tienda\/wp-json\/wp\/v2\/product_cat?post=830"},{"taxonomy":"product_tag","embeddable":true,"href":"https:\/\/camonclass.com\/tienda\/wp-json\/wp\/v2\/product_tag?post=830"}],"curies":[{"name":"wp","href":"https:\/\/api.w.org\/{rel}","templated":true}]}}