{"id":831,"date":"2022-07-25T16:38:47","date_gmt":"2022-07-25T16:38:47","guid":{"rendered":"https:\/\/camonclass.vertice.org\/formacion\/e-commerce-en-la-empresa\/"},"modified":"2022-07-25T16:38:47","modified_gmt":"2022-07-25T16:38:47","slug":"e-commerce-en-la-empresa","status":"publish","type":"product","link":"https:\/\/camonclass.com\/tienda\/formacion\/e-commerce-en-la-empresa\/","title":{"rendered":"E-COMMERCE EN LA EMPRESA"},"content":{"rendered":"<p>E-Commerce<br \/>UD1. El comercio electr\u00f3nico<br \/>UD2. Compraventa electr\u00f3nica<br \/>Estrategias de fidelizaci\u00f3n de clientes a trav\u00e9s de internet<br \/>UD1. C\u00f3mo atraer y hacer clientes en internet<br \/>UD2. T\u00e9cnicas para atraer tr\u00e1fico a nuestra web<br \/>UD3. Ecommerce. Canales de venta o difusi\u00f3n<br \/>UD4. Fidelizaci\u00f3n de clientes<br \/>UD5. Campa\u00f1a de Inbound marketing<br \/>Mobile Commerce<br \/>UD1. Dispositivos moviles y sistemas operativos<br \/>UD2. El E-commerce<br \/>UD3. El impacto del movil en la sociedad<br \/>UD4. Mobile Marketing<br \/>UD5. Apps y compras por moviles<br \/>Aspectos Legales en entornos digitales<br \/>UD1. Fundamentos tecnol\u00f3gicos de los negocios digitales<br \/>UD2. Protecci\u00f3n de datos de car\u00e1cter personal<br \/>UD3. Sociedad de la informaci\u00f3n y comercio electr\u00f3nico<br \/>UD4. Propiedad Intelectual<br \/>UD5. Propiedad Industrial<br \/>UD6. Libertad de expresi\u00f3n e informaci\u00f3n en Internet y l\u00edmites<br \/>Log\u00edstica y operaciones en e-commerce<br \/>UD1. El comercio electr\u00f3nico y la log\u00edstica<br \/>UD2. Modelos de Comercio Electr\u00f3nico<br \/>UD3. Gesti\u00f3n estrat\u00e9gica de los env\u00edos y log\u00edstica inversa<br \/>UD4. Almacenamiento e inventario<br \/>UD5. Identificaci\u00f3n e inventario<br \/>UD6. Procedimientos de pago para el comercio electr\u00f3nico<\/p>\n","protected":false},"excerpt":{"rendered":"<p><LI>Nociones b\u00e1sicas sobre el comercio electr\u00f3nico <LI>Conocer las ventajas e inconvenientes que supone <LI>Saber qu\u00e9 tipos de comercio electr\u00f3nico existen <LI>Saber en qu\u00e9 consisten las Webs 2.0 y sus caracter\u00edsticas <LI>Conocer las tiendas virtuales y los tipos que exiten&nbsp;<\/LI> <LI>Conocer el inbound marketing y las ventajas que ofrece.<\/LI> <LI>Adquirir conocimientos sobre el funcionamiento del inbound marketing. <\/LI> <LI>Identificar las fases del proceso de compra por las que pasa el comprador<\/LI> <LI>Tener consciencia de la importancia del comercio electr\u00f3nico.<\/LI> <LI>Saber c\u00f3mo optimizar el proceso desde que el usuario a\u00f1ade un producto al carrito hasta que el pedido le llega.<\/LI> <LI>Conocer las claves para satisfacer todas las necesidades de los usuarios.<BR><\/LI><\/p>\n","protected":false},"featured_media":633,"comment_status":"open","ping_status":"closed","template":"","meta":{"neve_meta_sidebar":"","neve_meta_container":"","neve_meta_enable_content_width":"","neve_meta_content_width":0,"neve_meta_title_alignment":"","neve_meta_author_avatar":"","neve_post_elements_order":"","neve_meta_disable_header":"","neve_meta_disable_footer":"","neve_meta_disable_title":""},"product_brand":[],"product_cat":[34,22,32],"product_tag":[],"class_list":{"0":"post-831","1":"product","2":"type-product","3":"status-publish","4":"has-post-thumbnail","6":"product_cat-comercio-y-marketing-cursos-superiores","7":"product_cat-cursos","8":"product_cat-cursos-superiores","10":"first","11":"instock","12":"sold-individually","13":"shipping-taxable","14":"purchasable","15":"product-type-simple"},"_links":{"self":[{"href":"https:\/\/camonclass.com\/tienda\/wp-json\/wp\/v2\/product\/831","targetHints":{"allow":["GET"]}}],"collection":[{"href":"https:\/\/camonclass.com\/tienda\/wp-json\/wp\/v2\/product"}],"about":[{"href":"https:\/\/camonclass.com\/tienda\/wp-json\/wp\/v2\/types\/product"}],"replies":[{"embeddable":true,"href":"https:\/\/camonclass.com\/tienda\/wp-json\/wp\/v2\/comments?post=831"}],"wp:featuredmedia":[{"embeddable":true,"href":"https:\/\/camonclass.com\/tienda\/wp-json\/wp\/v2\/media\/633"}],"wp:attachment":[{"href":"https:\/\/camonclass.com\/tienda\/wp-json\/wp\/v2\/media?parent=831"}],"wp:term":[{"taxonomy":"product_brand","embeddable":true,"href":"https:\/\/camonclass.com\/tienda\/wp-json\/wp\/v2\/product_brand?post=831"},{"taxonomy":"product_cat","embeddable":true,"href":"https:\/\/camonclass.com\/tienda\/wp-json\/wp\/v2\/product_cat?post=831"},{"taxonomy":"product_tag","embeddable":true,"href":"https:\/\/camonclass.com\/tienda\/wp-json\/wp\/v2\/product_tag?post=831"}],"curies":[{"name":"wp","href":"https:\/\/api.w.org\/{rel}","templated":true}]}}