{"id":832,"date":"2022-07-25T16:38:48","date_gmt":"2022-07-25T16:38:48","guid":{"rendered":"https:\/\/camonclass.vertice.org\/formacion\/marketing-digital-en-la-empresa\/"},"modified":"2024-08-09T21:22:45","modified_gmt":"2024-08-09T21:22:45","slug":"marketing-digital-en-la-empresa","status":"publish","type":"product","link":"https:\/\/camonclass.com\/tienda\/formacion\/marketing-digital-en-la-empresa\/","title":{"rendered":"MARKETING DIGITAL EN LA EMPRESA"},"content":{"rendered":"<p>Estrategia de Marketing digital<br \/>UD1. Introducci\u00f3n al marketing digital en la empresa<br \/>UD2. An\u00e1lisis y herramientas estrat\u00e9gicas del marketing digital<br \/>UD3. Marketing y comunicaci\u00f3n online<br \/>Redes y Medios Sociales<br \/>UD1. Redes sociales<br \/>UD2. Blogs y foros<br \/>UD3. Social Media Manager VS Community manager<br \/>UD4. Social Media Plan<br \/>SEO y SEM<br \/>UD1. Posicionamiento y SEO<br \/>UD2. Fijando objetivos<br \/>Mobile Marketing<br \/>UD1. Introducci\u00f3n al mobile marketing<br \/>UD2. Marketing y comunicaci\u00f3n m\u00f3vil<br \/>Reputaci\u00f3n online<br \/>UD1. Introducci\u00f3n a la reputaci\u00f3n online<br \/>UD2. Construyendo la reputaci\u00f3n digital<br \/>UD3. El Plan de reputaci\u00f3n digital<br \/>UD4. Protegiendo la reputaci\u00f3n digital<\/p>\n","protected":false},"excerpt":{"rendered":"<p><UL> <LI>Diferenciar los distintos tipos de marketing en internet, tales como el marketing OnetoOne, de permiso, de atracci\u00f3n, de retenci\u00f3n y de recomendaci\u00f3n.<\/LI> <LI>Identificar y analizar al usuariopara poder adaptar el producto o el servicio. <\/LI> <LI>Conocer las estrategias CRM y las ventajas del marketing digital. <\/LI> <LI>Conocer las estrategias de marketing digital y los distintos tipos de comercio electr\u00f3nico, as\u00ed como reconocer las herramientas estrat\u00e9gicas que pueden emplearse.<\/LI> <LI>Identificar las estrategias de posicionamiento SEO y SEM y conocer sus diferencias.&nbsp;<\/LI> <LI>Conocer las principales redes sociales y estrategias de marketing que se pueden llevar a cabo.<\/LI> <LI>Analizar las caracter\u00edsticas de las campa\u00f1as de comunicaci\u00f3n y publicidad online para poder adaptarse de forma eficaz a los posibles compradores. <\/LI> <LI>Diferenciar entre web 2.0 y Branding 2.0.<\/LI> <LI>Conocer las caracter\u00edsticas, perfiles y tipos de redes sociales.<\/LI> <LI>Distinguir entre las RRSS generalistas, profesionales, microblogging y de contenidos.<\/LI> <LI>Estudiar las RRSS de contenidos: Youtube e Instagram.<\/LI> <LI>Conocer las caracter\u00edsticas, tipolog\u00eda, formatos, tipos de entradas y su estructura de un post en un blogs.<\/LI> <LI>Diferenciar entre los dos gestores de blogs m\u00e1s utilizados: Blogger y WordPress.<\/LI> <LI>Identificar las dos modalidades de foros online y offline, y sus ventajas y desventajas asociadas. <\/LI> <LI>Diferenciar entre Social Media Manager y Community Manager.<\/LI> <LI>Evitar caer en los errores que pueden producir los medios sociales<\/LI> <LI>Conocer el c\u00f3digo deontol\u00f3gico del profesional del Social Media.<\/LI> <LI>Estudiar las herramientas del Community Manager.<\/LI> <LI>Conocer el significado del Plan Social Media (PSM).<\/LI> <LI>Identificar los diferentes planes que confluyen en el PSM.<\/LI> <LI>Diferenciar entre las cuatro fases del PSM: An\u00e1lisis, Planificaci\u00f3n, Implementaci\u00f3n y An\u00e1lisis y Monitorizaci\u00f3n. <\/LI> <LI>Conocer la importancia del posicionamiento web e identificar las caracter\u00edsticas de un posicionamiento patrocinado. <\/LI> <LI>Ampliar conocimientos sobre el SEO y el trabajo SEO. <LI>Analizar los objetivos y acciones necesarias para llegar a un buen posicionamiento web. \u00bb \u2022 <LI>Conocer el impacto que la publicidad tiene en la sociedad. <LI>Tomar consciencia de la aparici\u00f3n del fen\u00f3meno 2.0 as\u00ed como nuevas herramientas \u00fatiles para llegar al consumidor. <LI>Ampliar conocimientos sobre la personalidad y caracter\u00edsticas del nuevo consumidor. <LI>Realizar una investigaci\u00f3n de reputaci\u00f3n <LI>Conocer los tipos de contenidos publicitarios <LI>Saber en qu\u00e9 consiste la funci\u00f3n del community management <LI>Aprender estrategias para la creaci\u00f3n de contenidos <BR><\/LI><\/UL><\/p>\n","protected":false},"featured_media":633,"comment_status":"open","ping_status":"closed","template":"","meta":{"neve_meta_sidebar":"","neve_meta_container":"","neve_meta_enable_content_width":"","neve_meta_content_width":0,"neve_meta_title_alignment":"","neve_meta_author_avatar":"","neve_post_elements_order":"","neve_meta_disable_header":"","neve_meta_disable_footer":"","neve_meta_disable_title":""},"product_brand":[],"product_cat":[34,22,32],"product_tag":[],"class_list":{"0":"post-832","1":"product","2":"type-product","3":"status-publish","4":"has-post-thumbnail","6":"product_cat-comercio-y-marketing-cursos-superiores","7":"product_cat-cursos","8":"product_cat-cursos-superiores","10":"first","11":"instock","12":"featured","13":"sold-individually","14":"shipping-taxable","15":"purchasable","16":"product-type-simple"},"_links":{"self":[{"href":"https:\/\/camonclass.com\/tienda\/wp-json\/wp\/v2\/product\/832","targetHints":{"allow":["GET"]}}],"collection":[{"href":"https:\/\/camonclass.com\/tienda\/wp-json\/wp\/v2\/product"}],"about":[{"href":"https:\/\/camonclass.com\/tienda\/wp-json\/wp\/v2\/types\/product"}],"replies":[{"embeddable":true,"href":"https:\/\/camonclass.com\/tienda\/wp-json\/wp\/v2\/comments?post=832"}],"wp:featuredmedia":[{"embeddable":true,"href":"https:\/\/camonclass.com\/tienda\/wp-json\/wp\/v2\/media\/633"}],"wp:attachment":[{"href":"https:\/\/camonclass.com\/tienda\/wp-json\/wp\/v2\/media?parent=832"}],"wp:term":[{"taxonomy":"product_brand","embeddable":true,"href":"https:\/\/camonclass.com\/tienda\/wp-json\/wp\/v2\/product_brand?post=832"},{"taxonomy":"product_cat","embeddable":true,"href":"https:\/\/camonclass.com\/tienda\/wp-json\/wp\/v2\/product_cat?post=832"},{"taxonomy":"product_tag","embeddable":true,"href":"https:\/\/camonclass.com\/tienda\/wp-json\/wp\/v2\/product_tag?post=832"}],"curies":[{"name":"wp","href":"https:\/\/api.w.org\/{rel}","templated":true}]}}