{"id":834,"date":"2022-07-25T16:38:48","date_gmt":"2022-07-25T16:38:48","guid":{"rendered":"https:\/\/camonclass.vertice.org\/formacion\/marketing-y-rr-hh\/"},"modified":"2022-07-25T16:38:48","modified_gmt":"2022-07-25T16:38:48","slug":"marketing-y-rr-hh","status":"publish","type":"product","link":"https:\/\/camonclass.com\/tienda\/formacion\/marketing-y-rr-hh\/","title":{"rendered":"MARKETING Y RR.HH."},"content":{"rendered":"<p>Direcci\u00f3n de Recursos Humanos<br \/>UD1. Introducci\u00f3n a la Direcci\u00f3n de Recursos Humanos<br \/>UD2. An\u00e1lisis de descripci\u00f3n de puestos de trabajo<br \/>UD3. Evaluaci\u00f3n y selecci\u00f3n<br \/>UD4. Formaci\u00f3n y desarrollo<br \/>UD5. Retribuci\u00f3n y beneficios<br \/>UD6. Motivaci\u00f3n<br \/>UD7. Comunicaci\u00f3n. Gesti\u00f3n del conocimiento<br \/>UD8. Organizaciones, cultura y gesti\u00f3n por proyectos<br \/>Habilidades Directivas y Negociaci\u00f3n<br \/>UD1. Liderazgo y estilo de direcci\u00f3n<br \/>UD2. Gesti\u00f3n del cambio<br \/>UD3. Gesti\u00f3n del conflicto<br \/>UD4. Gesti\u00f3n de la comunicaci\u00f3n<br \/>UD5. Gesti\u00f3n de reuniones<br \/>UD6. T\u00e9cnicas de negociaci\u00f3n<br \/>UD7. Gesti\u00f3n del tiempo y del estr\u00e9s<br \/>Marketing y ventas <br \/>UD1. Conceptos b\u00e1sicos del marketing<br \/>UD2. El consumidor y la segmentaci\u00f3n de mercados<br \/>UD3. Productos, servicios y estrategias de fijaci\u00f3n de precios<br \/>UD4. Los canales de marketing y la cadena de distribuci\u00f3n<br \/>UD5. Estrategia de comunicaci\u00f3n integrada, publicidad, promoci\u00f3n y RRPP<br \/>UD6. Organizaci\u00f3n de ventas y plan de marketing<br \/>Responsabilidad social corporativa<br \/>UD1. Introducci\u00f3n a la Responsabilidad Social Corporativa.<br \/>UD2. \u00c1mbitos de la Responsabilidad Social Corporativa.<br \/>UD3. Mecanismos de la Responsabilidad Social Corporativa.<br \/>UD4. Iniciativas en Responsabilidad Social Corporativa.<br \/>UD5. La gesti\u00f3n de la Responsabilidad Social Corporativa.<br \/>UD6. El plan de responsabilidad social corporativa.<br \/>Estrategia de Marketing digital<br \/>UD1. Introducci\u00f3n al marketing digital en la empresa<br \/>UD2. An\u00e1lisis y herramientas estrat\u00e9gicas del marketing digital<br \/>UD3. Marketing y comunicaci\u00f3n online<\/p>\n","protected":false},"excerpt":{"rendered":"<p><UL> <LI>Comprender la direcci\u00f3n de Recursos Humanos de manera estrat\u00e9gica para la gesti\u00f3n competente y exitosa de cualquier empresa.<\/LI> <LI>Profundizar sobre la transformaci\u00f3n de un enfoque administrativo y cortoplacista a un enfoque de gesti\u00f3n del talento y orientado al futuro de la organizaci\u00f3n.<\/LI> <LI>Conocer los diferentes pasos y variables a tener en cuenta para una \u00f3ptima planificaci\u00f3n de plantilla.<\/LI> <LI>Conocer los beneficios de realizar un an\u00e1lisis de descripci\u00f3n de puestos de trabajo en una empresa.<\/LI> <LI>Desarrollar el proceso y los elementos a tener en cuenta en una descripci\u00f3n de puestos de trabajo.<\/LI> <LI>Conocer los procesos de evaluaci\u00f3n y selecci\u00f3n de personal y comprender su relevancia en la estrategia de Recursos Humanos.<\/LI> <LI>Ampliar conocimientos sobre las diferentes t\u00e9cnicas y v\u00edas para evaluar y presentar una candidatura.<\/LI> <LI>Profundizar sobre el enfoque de evaluaci\u00f3n y selecci\u00f3n por competencias.<\/LI> <LI>Entender la formaci\u00f3n como un medio para conseguir los objetivos de una organizaci\u00f3n y mejorar el clima y la motivaci\u00f3n de los trabajadores.<\/LI> <LI>Profundizar sobre como la formaci\u00f3n y el desarrollo de personal puede ser una herramienta para actualizar los conocimientos y el perfil de los trabajadores y orientar a los nuevos.<\/LI> <LI>Definir la gesti\u00f3n de carreras y el potencial del personal en una organizaci\u00f3n.<\/LI> <LI>Saber c\u00f3mo dise\u00f1ar, financiar y planificar un plan de formaci\u00f3n en la empresa.<\/LI> <LI>Conocer cu\u00e1les son las \u00faltimas tendencias en formaci\u00f3n.<\/LI> <LI>Indagar sobre qu\u00e9 aspectos debemos tener en cuenta en una pol\u00edtica retributiva.<\/LI> <LI>Conocer los diferentes conceptos retributivos y tipos de retribuci\u00f3n.<\/LI> <LI>Profundizar sobre los diferentes criterios que tienen las organizaciones para retribuir a sus trabajadores.<\/LI> <LI>Tener como referente la evaluaci\u00f3n del desempe\u00f1o como herramienta para definir la retribuci\u00f3n del trabajador.<\/LI> <LI>Conocer el ciclo motivacional y c\u00f3mo influyen las diferentes variables en la motivaci\u00f3n y satisfacci\u00f3n de las personas, as\u00ed como en la productividad de la empresa.<\/LI> <LI>Profundizar sobre las teor\u00edas motivacionales m\u00e1s predominantes e influyentes.<\/LI> <LI>Conocer los mecanismos y claves que pueden utilizar las organizaciones y sus l\u00edderes para motivar.<\/LI> <LI>Saber la relaci\u00f3n existente entre retribuci\u00f3n y motivaci\u00f3n.<\/LI> <LI>Entender que el intraemprendedor es el nivel m\u00e1ximo de motivaci\u00f3n en una empresa.<\/LI> <LI>Conocer la diferencia entre informar y comunicar.<\/LI> <LI>Profundizar sobre los diferentes tipos de comunicaci\u00f3n en una organizaci\u00f3n.<\/LI> <LI>Gestionar el conocimiento como ventaja competitiva.<\/LI> <LI>Conocer el procedimiento a seguir para dise\u00f1ar y estructurar una organizaci\u00f3n.<\/LI> <LI>Gestionar proyectos como una manera \u00f3ptima y actual de organizar una empresa y su trabajo.<\/LI> <LI>Entender qu\u00e9 es la cultura de una compa\u00f1\u00eda y como adaptarla a los cambios<\/LI> <LI>Conocer los fundamentos e importancia del liderazgo a nivel organizacional. <\/LI> <LI>Distinguir un equipo y de un grupo. <LI>Comprender la relaci\u00f3n entre una gesti\u00f3n de \u00e9xito y el estilo directivo empleado. <LI>Mejorar el estilo de direcci\u00f3n propio. <LI>Conocer en qu\u00e9 consiste un cambio organizativo y c\u00f3mo puede ser. <LI>Prever las resistencias al cambio que pueden surgir de cada persona y de la organizaci\u00f3n. <LI>Planificar un cambio organizativo. <LI>Apreciar las exactas dimensiones del conflicto en el entorno empresarial. <LI>Distinguir entre conflictos funcionales y disfuncionales <LI>Usar las caracter\u00edsticas de cada conflicto para intentar resolverlo. <LI>Conocer las barreras que impiden la comunicaci\u00f3n <LI>Diferenciar conceptos claves de la comunicaci\u00f3n interpersonal e intrapersonal. <LI>Profundizar en las habilidades superiores de comunicaci\u00f3n <LI>Conocer el concepto b\u00e1sico de Marketing as\u00ed como sus necesidades. <LI>Aprender a gestionar el Marketing y su entorno. <LI>Identificar en qu\u00e9 consiste el Marketing Mix. <LI>Comprender al p\u00fablico como pilar fundamental del Marketing. <LI>Establecer c\u00f3mo se comporta el consumidor <LI>Identificar como se divide el mercado <LI>Conocer qu\u00e9 es la Responsabilidad Social Corporativa y a qu\u00e9 conceptos se asocia <LI>Analizar los distintos \u00e1mbitos de la Responsabilidad Social Corporativa. <LI>Comprender las distintas estrategias que toman las empresas en el \u00e1mbito de la RSC. <LI>Identificar la distinta normativa relacionada con la RSC <LI>Identificar las distintas fases de gesti\u00f3n que se tienen sobre la RSC. <LI>Comprender los pasos a realizar para conocer los resultados de una estrategia de RSC <LI>Asimilar como realizar un plan de Responsabilidad Social Corporativ <LI>Identificar los tipos de comunicaciones en la empresa en relaci\u00f3n a la RSC <LI>Analizar la tipolog\u00eda de indicadores que se tienen sobre la RSC <LI>Identificar los grupos de inter\u00e9s como elementos fundamentales en las estrategias de la <LI>Responsabilidad Social Corporativa <LI>Diferenciar los distintos tipos de marketing en internet, tales como el marketing OnetoOne, de permiso, de atracci\u00f3n, de retenci\u00f3n y de recomendaci\u00f3n. <LI>Identificar y analizar al usuariopara poder adaptar el producto o el servicio.&nbsp; <LI>Conocer las estrategias CRM y las ventajas del marketing digital.&nbsp; <LI>Conocer las estrategias de marketing digital y los distintos tipos de comercio electr\u00f3nico, as\u00ed como reconocer las herramientas estrat\u00e9gicas que pueden emplearse. <LI>Identificar las estrategias de posicionamiento SEO y SEM y conocer sus diferencias.&nbsp; <LI>Conocer las principales redes sociales y estrategias de marketing que se pueden llevar a cabo. <LI>Analizar las caracter\u00edsticas de las campa\u00f1as de comunicaci\u00f3n y publicidad online para poder adaptarse de forma eficaz a los posibles compradores. <BR><\/LI><\/UL><\/p>\n","protected":false},"featured_media":633,"comment_status":"open","ping_status":"closed","template":"","meta":{"neve_meta_sidebar":"","neve_meta_container":"","neve_meta_enable_content_width":"","neve_meta_content_width":0,"neve_meta_title_alignment":"","neve_meta_author_avatar":"","neve_post_elements_order":"","neve_meta_disable_header":"","neve_meta_disable_footer":"","neve_meta_disable_title":""},"product_brand":[],"product_cat":[34,22,32],"product_tag":[],"class_list":{"0":"post-834","1":"product","2":"type-product","3":"status-publish","4":"has-post-thumbnail","6":"product_cat-comercio-y-marketing-cursos-superiores","7":"product_cat-cursos","8":"product_cat-cursos-superiores","10":"first","11":"instock","12":"sold-individually","13":"shipping-taxable","14":"purchasable","15":"product-type-simple"},"_links":{"self":[{"href":"https:\/\/camonclass.com\/tienda\/wp-json\/wp\/v2\/product\/834","targetHints":{"allow":["GET"]}}],"collection":[{"href":"https:\/\/camonclass.com\/tienda\/wp-json\/wp\/v2\/product"}],"about":[{"href":"https:\/\/camonclass.com\/tienda\/wp-json\/wp\/v2\/types\/product"}],"replies":[{"embeddable":true,"href":"https:\/\/camonclass.com\/tienda\/wp-json\/wp\/v2\/comments?post=834"}],"wp:featuredmedia":[{"embeddable":true,"href":"https:\/\/camonclass.com\/tienda\/wp-json\/wp\/v2\/media\/633"}],"wp:attachment":[{"href":"https:\/\/camonclass.com\/tienda\/wp-json\/wp\/v2\/media?parent=834"}],"wp:term":[{"taxonomy":"product_brand","embeddable":true,"href":"https:\/\/camonclass.com\/tienda\/wp-json\/wp\/v2\/product_brand?post=834"},{"taxonomy":"product_cat","embeddable":true,"href":"https:\/\/camonclass.com\/tienda\/wp-json\/wp\/v2\/product_cat?post=834"},{"taxonomy":"product_tag","embeddable":true,"href":"https:\/\/camonclass.com\/tienda\/wp-json\/wp\/v2\/product_tag?post=834"}],"curies":[{"name":"wp","href":"https:\/\/api.w.org\/{rel}","templated":true}]}}