{"id":835,"date":"2022-07-25T16:38:48","date_gmt":"2022-07-25T16:38:48","guid":{"rendered":"https:\/\/camonclass.vertice.org\/formacion\/marketing-estrategico-en-la-empresa\/"},"modified":"2022-07-25T16:38:48","modified_gmt":"2022-07-25T16:38:48","slug":"marketing-estrategico-en-la-empresa","status":"publish","type":"product","link":"https:\/\/camonclass.com\/tienda\/formacion\/marketing-estrategico-en-la-empresa\/","title":{"rendered":"MARKETING ESTRAT\u00c9GICO EN LA EMPRESA"},"content":{"rendered":"<p>Marcar Personal. UD1. La marca personal: conceptualizaci\u00f3n y contexto. UD2. Como identificar y desarrollar la marca personal. UD3. Herramientas\/canales online y offline de la marca personal. UD4. Creaci\u00f3n de contenidos, programaci\u00f3n y medici\u00f3n del impacto de la marca personal.<br \/>Fundamentos de marketing<br \/>UD1. Conceptos b\u00e1sicos del marketing<br \/>UD2. El consumidor y la segmentaci\u00f3n de mercados<br \/>UD3. Productos, servicios y estrategias de fijaci\u00f3n de precios<br \/>UD4. Los canales de marketing y la cadena de distribuci\u00f3n<br \/>UD5. Estrategia de comunicaci\u00f3n integrada, publicidad, promoci\u00f3n y RRPP<br \/>Marketing estrat\u00e9gico<br \/>UD1. Conceptos b\u00e1sicos del marketing estrat\u00e9gico<br \/>UD2. Marketing estrat\u00e9gico. An\u00e1lisis externo e interno<br \/>UD3. La inteligencia competitiva y la segmentaci\u00f3n de mercados<br \/>UD4. Marketing estrat\u00e9gico. Formulando la estrategia<br \/>UD5. El plan de marketing estrat\u00e9gico<br \/>An\u00e1lisis de mercado<br \/>UD1. Introducci\u00f3n al mercado y sus actores<br \/>UD2. Formulando el problema de investigaci\u00f3n<br \/>UD3. Investigaci\u00f3n cualitativa y observaci\u00f3n<br \/>UD4. An\u00e1lisis, informe y cuestiones finales<br \/>UD5. Gu\u00eda r\u00e1pida<br \/>Habilidades Directivas <br \/>UD1. Liderazgo y estilo de direcci\u00f3n<br \/>UD2. Gesti\u00f3n del cambio<br \/>UD3. Gesti\u00f3n del conflicto<br \/>UD4. Gesti\u00f3n de la comunicaci\u00f3n<br \/>UD5. Gesti\u00f3n de reuniones<br \/>UD6. Gesti\u00f3n del tiempo y del estr\u00e9s<\/p>\n","protected":false},"excerpt":{"rendered":"<p><UL> <LI>Entender la importancia que la marca personal tiene en la actualidad, con especial atenci\u00f3n al entorno profesional.<\/LI> <LI>Conocer las claves para identificar la marca personal y desarrollar la propuesta de valor.<\/LI> <LI>Diferenciar entre estrategia y t\u00e1ctica dentro de nuestro plan de acci\u00f3n de marca personal.<\/LI> <LI>Conocer herramientas para la creaci\u00f3n y programaci\u00f3n de contenidos.<\/LI> <LI>Conocer herramientas para el seguimiento y medici\u00f3n del impacto de nuestra actividad vinculada a nuestra marca personal.<\/LI> <LI>Conocer los canales y herramientas disponibles para trabajar en la gesti\u00f3n de la marca personal.<\/LI> <LI>Conocer las redes sociales m\u00e1s utilizadas, su funcionamiento as\u00ed como los errores a evitar en cada una de ellas.<\/LI> <LI>Aprender las claves para realizar un networking efectivo.<\/LI> <LI>Conocer el concepto b\u00e1sico de Marketing as\u00ed como sus necesidades.<\/LI> <LI>Aprender a gestionar el Marketing y su entorno.<\/LI> <LI>Identificar en qu\u00e9 consiste el Marketing Mix.<\/LI> <LI>Comprender al p\u00fablico como pilar fundamental del Marketing.<\/LI> <LI>Establecer c\u00f3mo se comporta el consumidor<\/LI> <LI>Identificar como se divide el mercado<\/LI> <LI>Conocer el producto como elemento del Marketing Mix<\/LI> <LI>Identificar las distintas estrategias para el desarrollo de productos<\/LI> <LI>Reconocer las estrategias de fijaci\u00f3n de precios y el posicionamiento del producto<\/LI> <LI>Identificar los diferentes tipos de distribuci\u00f3n.<\/LI> <LI>Analizar los m\u00e9todos de ventas m\u00e1s utilizados.<\/LI> <LI>Conocer la diferencia entre Marketing directo y Marketing digital.<\/LI> <LI>Aprender como conocer el p\u00fablico al que dirigirse<\/LI> <LI>Identificar las promociones de ventas y sus caracter\u00edsticas<\/LI> <LI>Saber c\u00f3mo funcionan las relaciones p\u00fablicas de las empresas<\/LI> <LI>Conocer el valor del marketing, sus necesidades, utilidades y relaciones de intercambio y demanda, as\u00ed como el enfoque del marketing estrat\u00e9gico. <\/LI> <LI>Ampliar conocimientos sobre campos y procesos del marketing estrat\u00e9gico y profundizar en el sistema de gesti\u00f3n de relaciones con los clientes (CRM)&nbsp;<\/LI> <LI>Ampliar conocimientos sobre el an\u00e1lisis externo y el an\u00e1lisis interno de una organizaci\u00f3n.&nbsp;<\/LI> <LI>Conocer los factores que influyen en el macroentorno de la empresa y los que afectan a la competencia espec\u00edfica de la organizaci\u00f3n para poder realizar un an\u00e1lisis posteriormente.&nbsp;<\/LI> <LI>Conocer el concepto de inteligencia competitiva, su ciclo y fuentes de informaci\u00f3n.<\/LI> <LI>Profundizar en la segmentaci\u00f3n de mercado.<\/LI> <LI>Acercarnos al consumidor y sus necesidades.<\/LI> <LI>Ampliar conocimiento sobre el proceso de segmentaci\u00f3n y los tipos y criterios de este.&nbsp;<\/LI> <LI>Conocer c\u00f3mo evoluciona el marketing y por tanto sus estrategias y modos de actuaci\u00f3n&nbsp;<\/LI> <LI>Saber c\u00f3mo analizar el mercado y su segmentaci\u00f3n&nbsp;<\/LI> <LI>Formas de investigaci\u00f3n comercial&nbsp;<\/LI> <LI>&nbsp;Aprender t\u00e9cnicas de acercamiento a los consumidores para conocer sus preferencias&nbsp;<\/LI> <LI>&nbsp;Conocer el proceso del an\u00e1lisis de datos&nbsp;<\/LI> <LI>&nbsp;Aprender cu\u00e1les son los puntos clave en la presentaci\u00f3n de los datos&nbsp;<\/LI> <LI>&nbsp;Importancia de las cuestiones \u00e9ticas <\/LI> <LI>Conocer los fundamentos e importancia del liderazgo a nivel organizacional. <\/LI> <LI>Distinguir un equipo y de un grupo. <LI>Comprender la relaci\u00f3n entre una gesti\u00f3n de \u00e9xito y el estilo directivo empleado. <LI>Mejorar el estilo de direcci\u00f3n propio. <LI>Conocer en qu\u00e9 consiste un cambio organizativo y c\u00f3mo puede ser. <LI>Prever las resistencias al cambio que pueden surgir de cada persona y de la organizaci\u00f3n. <LI>Planificar un cambio organizativo. <LI>Apreciar las exactas dimensiones del conflicto en el entorno empresarial. <LI>Distinguir entre conflictos funcionales y disfuncionales <LI>Usar las caracter\u00edsticas de cada conflicto para intentar resolverlo. <LI>Conocer las barreras que impiden la comunicaci\u00f3n <LI>Diferenciar conceptos claves de la comunicaci\u00f3n interpersonal e intrapersonal. <LI>Profundizar en las habilidades superiores de comunicaci\u00f3n \u00bb <\/LI><\/UL><\/p>\n","protected":false},"featured_media":633,"comment_status":"open","ping_status":"closed","template":"","meta":{"neve_meta_sidebar":"","neve_meta_container":"","neve_meta_enable_content_width":"","neve_meta_content_width":0,"neve_meta_title_alignment":"","neve_meta_author_avatar":"","neve_post_elements_order":"","neve_meta_disable_header":"","neve_meta_disable_footer":"","neve_meta_disable_title":""},"product_brand":[],"product_cat":[34,22,32],"product_tag":[],"class_list":{"0":"post-835","1":"product","2":"type-product","3":"status-publish","4":"has-post-thumbnail","6":"product_cat-comercio-y-marketing-cursos-superiores","7":"product_cat-cursos","8":"product_cat-cursos-superiores","10":"first","11":"instock","12":"sold-individually","13":"shipping-taxable","14":"purchasable","15":"product-type-simple"},"_links":{"self":[{"href":"https:\/\/camonclass.com\/tienda\/wp-json\/wp\/v2\/product\/835","targetHints":{"allow":["GET"]}}],"collection":[{"href":"https:\/\/camonclass.com\/tienda\/wp-json\/wp\/v2\/product"}],"about":[{"href":"https:\/\/camonclass.com\/tienda\/wp-json\/wp\/v2\/types\/product"}],"replies":[{"embeddable":true,"href":"https:\/\/camonclass.com\/tienda\/wp-json\/wp\/v2\/comments?post=835"}],"wp:featuredmedia":[{"embeddable":true,"href":"https:\/\/camonclass.com\/tienda\/wp-json\/wp\/v2\/media\/633"}],"wp:attachment":[{"href":"https:\/\/camonclass.com\/tienda\/wp-json\/wp\/v2\/media?parent=835"}],"wp:term":[{"taxonomy":"product_brand","embeddable":true,"href":"https:\/\/camonclass.com\/tienda\/wp-json\/wp\/v2\/product_brand?post=835"},{"taxonomy":"product_cat","embeddable":true,"href":"https:\/\/camonclass.com\/tienda\/wp-json\/wp\/v2\/product_cat?post=835"},{"taxonomy":"product_tag","embeddable":true,"href":"https:\/\/camonclass.com\/tienda\/wp-json\/wp\/v2\/product_tag?post=835"}],"curies":[{"name":"wp","href":"https:\/\/api.w.org\/{rel}","templated":true}]}}