{"id":842,"date":"2022-07-25T16:38:49","date_gmt":"2022-07-25T16:38:49","guid":{"rendered":"https:\/\/camonclass.vertice.org\/formacion\/enfermeria-pediatrica\/"},"modified":"2022-07-25T16:38:49","modified_gmt":"2022-07-25T16:38:49","slug":"enfermeria-pediatrica","status":"publish","type":"product","link":"https:\/\/camonclass.com\/tienda\/formacion\/enfermeria-pediatrica\/","title":{"rendered":"ENFERMER\u00cdA PEDI\u00c1TRICA"},"content":{"rendered":"<p>Situaciones de Urgencias Infantiles<br \/>UD1. La unidad de urgencias pedi\u00e1tricas<br \/>UD2. Urgencias infantiles. Patolog\u00eda quir\u00fargica<br \/>UD3. Urgencias infantiles. Accidentes e intoxicaciones<br \/>UD4. Crisis asm\u00e1tica<br \/>UD5. Bronquiolitis<br \/>UD6. Neumon\u00eda<br \/>UD7. Gastroenteritis<br \/>UD8. Enfermedades m\u00e1s frecuentes que cursan con fiebre<br \/>UD9. Urgencias psiqui\u00e1tricas infantiles<br \/>Situaciones Cr\u00edticas en Pediatr\u00eda<br \/>UD1. El ni\u00f1o cr\u00edtico<br \/>UD2. Maniobras de reanimaci\u00f3n cardiopulmonar<br \/>UD3. Paciente pedi\u00e1trico politraumatizado<br \/>UD4. Crisis convulsivas- estatus epil\u00e9ptico<br \/>UD5. Recepci\u00f3n del paciente pedi\u00e1trico postquir\u00fargico cardiovascular<br \/>UD6. Shock en pediatr\u00eda<br \/>Patolog\u00edas M\u00e1s Frecuentes en Pediatr\u00eda<br \/>UD1. Patolog\u00edas pedi\u00e1tricas agudas m\u00e1s frecuentes<br \/>UD2. Patolog\u00edas pedi\u00e1tricas cr\u00f3nicas m\u00e1s frecuentes<br \/>UD3. Atenci\u00f3n al ni\u00f1o oncol\u00f3gico<br \/>UD4. Pediatr\u00eda social<br \/>Cuidados Enfermeros en la Ni\u00f1ez y la Adolescencia<br \/>UD1. Ni\u00f1o sano: crecimiento y desarrollo evolutivo del ni\u00f1o sano<br \/>UD2. El ni\u00f1o sano. Programas de salud infantil<br \/>UD3. El adolescente sano. Programa de salud en el adolescente<br \/>UD4. Alimentaci\u00f3n en las distintas etapas. Prevenci\u00f3n de complicaciones alimentarias<br \/>UD5. Atenci\u00f3n espec\u00edfica en la edad pedi\u00e1trica<br \/>UD6. Hospitalizaci\u00f3n infantil y pedagog\u00eda hospitalaria<br \/>Resiliencia<br \/>UD1. \u00bfQu\u00e9 es la \u201cresiliencia\u201d?. <br \/>UD2. \u00bfC\u00f3mo desarrollar la resiliencia?. <br \/>UD3. El sentido de la vida.<br \/>UD4. La importancia de admirar. <br \/>UD5. M\u00e1s herramientas. <br \/>Felicidad en el trabajo<br \/>UD1. Felicidad en el trabajo \u00bfRealidad o ficci\u00f3n?.<br \/>UD2. Cultura empresarial con marca \u201cfelicidad\u201d.<\/p>\n","protected":false},"excerpt":{"rendered":"<p><UL> <LI>Exponer e identificar las patolog\u00edas quir\u00fargicas, sus generalidades, su etiolog\u00eda, su diagn\u00f3stico y su tratamiento.&nbsp;<\/LI> <LI>Clasificar y distinguir los cuidados preoperatorios, intraoperatorios y postoperatorios del paciente quir\u00fargico.<\/LI> <LI>Categorizar y analizar los accidentes e intoxicaciones y las patolog\u00edas pedi\u00e1tricas m\u00e1s frecuentes.<\/LI> <LI>Detectar, clasificar y describir las urgencias psiqui\u00e1tricas.<\/LI> <LI>Identificar, describir y valorar una urgencia y una emergencia pedi\u00e1trica o urgencia vital.<\/LI> <LI>Explicar y debatir la utilizaci\u00f3n de los servicios de urgencias ante situaciones no urgentes.<\/LI> <LI>Comprender, clasificar y describir las \u00e1reas funcionales, el protocolo de clasificaci\u00f3n y el circuito del paciente dentro del funcionamiento y organizaci\u00f3n del servicio de urgencias pedi\u00e1tricas.<\/LI> <LI>Dominar el t\u00e9rmino U.C.I.P. y sus caracter\u00edsticas m\u00e1s relevantes.<\/LI> <LI>Comprender las fases que se deben llevar a cabo una vez el ni\u00f1o llegue a la U.C.I.P.<\/LI> <LI>Conocer el instrumental necesario para todo tipo de intervenciones con ni\u00f1os cr\u00edticos.<\/LI> <LI>Entender los procedimientos espec\u00edficos de monitorizaci\u00f3n.<\/LI> <LI>Conocer qu\u00e9 es una parada cardiorrespiratoria y c\u00f3mo actuar ante ella.<\/LI> <LI>Detectar a los pacientes en riesgo de parada cardiorrespiratoria.<\/LI> <LI>Comprender en qu\u00e9 consiste una reanimaci\u00f3n cardiopulmonar.&nbsp;<\/LI> <LI>Aprender cu\u00e1ndo realizar una reanimaci\u00f3n cardiopulmonar y el m\u00e9todo seg\u00fan la situaci\u00f3n y el paciente.&nbsp;<\/LI> <LI>Saber detectar y estabilizar las complicaciones m\u00e1s graves.<\/LI> <LI>Saber realizar una valoraci\u00f3n del paciente y administrar los diferentes tratamientos de acuerdo a esa valoraci\u00f3n.<\/LI> <LI>Conocer el concepto de convulsi\u00f3n y su clasificaci\u00f3n, as\u00ed como identificar los factores que la predisponen y precipitan.<\/LI> <LI>Conocer en qu\u00e9 consiste las convulsiones febriles, el status convulsivo y convulsivo refractario, as\u00ed como su tratamiento<\/LI> <LI>Conocer la actuaci\u00f3n que se lleva a cabo ante una convulsi\u00f3n en pediatr\u00eda.<\/LI> <LI>Conocer el concepto de cardiopat\u00eda cong\u00e9nita y su clasificaci\u00f3n fisiopatol\u00f3gica.<\/LI> <LI>Conocer las caracter\u00edsticas de las cardiopat\u00edas cong\u00e9nitas cianosantes y no cianosantes.<\/LI> <LI>Conocer en qu\u00e9 consiste el shock en pediatr\u00eda, las fases y sus tipos.<\/LI> <LI>Identificar el diagn\u00f3stico y las manifestaciones del shock para realizar una valoraci\u00f3n y emitir el tratamiento m\u00e1s adecuado.<\/LI> <LI>Conocer las patolog\u00edas que se dan con m\u00e1s frecuencia en pediatr\u00eda<\/LI> <LI>Aprender a distinguir las afecciones relacionadas con el aparato respiratorio, el aparato digestivo y las infecciones.<\/LI> <LI>Profundizar en las causas, diagn\u00f3sticos y tratamiento de estas patolog\u00edas.<\/LI> <LI>Conocer las patolog\u00edas pedi\u00e1tricas cr\u00f3nicas m\u00e1s frecuentes.&nbsp;<\/LI> <LI>Profundizar en la descripci\u00f3n de la diabetes mellitus.<\/LI> <LI>Descubrir las claves del tratamiento de la diabetes mellitus en los casos pedi\u00e1tricos.<\/LI> <LI>Conocer los modelos de actuaci\u00f3n en la atenci\u00f3n sanitaria a ni\u00f1os inmigrantes.<\/LI> <LI>Determinar las diferentes patolog\u00edas importadas por este colectivo.<\/LI> <LI>Profundizar en el protocolo a desarrollar en el caso de adopciones internacionales.<\/LI> <LI>Aprender a detectar y prevenir el maltrato infantil.<\/LI> <LI>Conocer los factores que influyen en el crecimiento y el desarrollo general de un ni\u00f1o, as\u00ed como su evaluaci\u00f3n y valoraci\u00f3n general.&nbsp;<\/LI> <LI>Ampliar conocimientos sobre la atenci\u00f3n de la enfermer\u00eda en el crecimiento y desarrollo del ni\u00f1o preescolar y escolar y del ni\u00f1o adolescente.&nbsp;<\/LI> <LI>Analizar el programa de seguimiento de la salud infantil y adolescente.&nbsp;<\/LI> <LI>Ampliar conocimientos sobre el programa de vacunaci\u00f3n, la clasificaci\u00f3n de las vacunas, las pautas a seguir y las caracter\u00edsticas generales del programa.&nbsp;<\/LI> <LI>Conocer las medidas de prevenci\u00f3n del consumo de alcohol y otras drogas en adolescentes.&nbsp;<\/LI> <LI>Ampliar conocimientos sobre la conducta alimentaria en adolescentes, conocer su etiolog\u00eda, pron\u00f3stico y sus medidas de prevenci\u00f3n correspondientes. <\/LI> <LI>Entender qu\u00e9 es la resiliencia y para qu\u00e9 sirve.<\/LI> <LI>Conocer por qu\u00e9 ocurre la resiliencia y las situaciones que activan ese proceso.<\/LI> <LI>Saber qu\u00e9 perfiles de personas son resilientes y si es posible aprender.<\/LI> <LI>Saber qu\u00e9 tienen en com\u00fan las personas resilientes.<\/LI> <LI>Conocer las claves y los pasos a trabajar, para convertirse en una persona resiliente.<\/LI> <LI>Conocer la importancia del sentido de la vida en la evoluci\u00f3n del individuo.Conocer la historia de Viktor Frankl y c\u00f3mo descubri\u00f3 la importancia del sentido de la vida.<\/LI> <LI>Conocer la importancia de la fe en que todo mejorar\u00e1 para sobrevivir.<\/LI> <LI>Conocer la importancia de la gratitud para ser feliz.<\/LI> <LI>Conocer la importancia de la solidaridad como sentido de la vida.<\/LI> <LI>Saber en qu\u00e9 nos puede ayudar el hecho de admirar a otras personas.<\/LI> <LI>Conocer historias reales de resiliencia en situaciones extremas.<\/LI> <LI>Conocer diferentes herramientas extras que le servir\u00e1n para seguir desarrollando la resiliencia.<\/LI> <LI>Aprender a relacionar la felicidad con la felicidad laboral, as\u00ed como una cultura empresarial feliz.<\/LI> <LI>Detectar la desmotivaci\u00f3n de los trabajadores y averiguar c\u00f3mo revertirla teniendo un equipo motivado.<\/LI> <LI>Saber utilizar las diferentes formas del coaching como instrumento de felicidad<\/LI> <LI>Relacionar la felicidad laboral con la productividad.<\/LI> <LI>Conocer el concepto de cultura empresarial as\u00ed como aprender c\u00f3mo mejorar los distintos elementos que la componen.<\/LI> <LI>Identificar los indicadores que potencian una cultura empresarial feliz<\/LI> <LI>Relacionar los lugares de trabajo felices con las empresas de mejor desempe\u00f1o<\/LI> <LI>Saber que es el movimiento Happyshifter y c\u00f3mo afecta al rendimiento de la empresa<\/LI><\/UL><\/p>\n","protected":false},"featured_media":779,"comment_status":"open","ping_status":"closed","template":"","meta":{"neve_meta_sidebar":"","neve_meta_container":"","neve_meta_enable_content_width":"","neve_meta_content_width":0,"neve_meta_title_alignment":"","neve_meta_author_avatar":"","neve_post_elements_order":"","neve_meta_disable_header":"","neve_meta_disable_footer":"","neve_meta_disable_title":""},"product_brand":[],"product_cat":[22,32,36],"product_tag":[],"class_list":{"0":"post-842","1":"product","2":"type-product","3":"status-publish","4":"has-post-thumbnail","6":"product_cat-cursos","7":"product_cat-cursos-superiores","8":"product_cat-sanidad-cursos-superiores","10":"first","11":"instock","12":"sold-individually","13":"shipping-taxable","14":"purchasable","15":"product-type-simple"},"_links":{"self":[{"href":"https:\/\/camonclass.com\/tienda\/wp-json\/wp\/v2\/product\/842","targetHints":{"allow":["GET"]}}],"collection":[{"href":"https:\/\/camonclass.com\/tienda\/wp-json\/wp\/v2\/product"}],"about":[{"href":"https:\/\/camonclass.com\/tienda\/wp-json\/wp\/v2\/types\/product"}],"replies":[{"embeddable":true,"href":"https:\/\/camonclass.com\/tienda\/wp-json\/wp\/v2\/comments?post=842"}],"wp:featuredmedia":[{"embeddable":true,"href":"https:\/\/camonclass.com\/tienda\/wp-json\/wp\/v2\/media\/779"}],"wp:attachment":[{"href":"https:\/\/camonclass.com\/tienda\/wp-json\/wp\/v2\/media?parent=842"}],"wp:term":[{"taxonomy":"product_brand","embeddable":true,"href":"https:\/\/camonclass.com\/tienda\/wp-json\/wp\/v2\/product_brand?post=842"},{"taxonomy":"product_cat","embeddable":true,"href":"https:\/\/camonclass.com\/tienda\/wp-json\/wp\/v2\/product_cat?post=842"},{"taxonomy":"product_tag","embeddable":true,"href":"https:\/\/camonclass.com\/tienda\/wp-json\/wp\/v2\/product_tag?post=842"}],"curies":[{"name":"wp","href":"https:\/\/api.w.org\/{rel}","templated":true}]}}