{"id":843,"date":"2022-07-25T16:38:49","date_gmt":"2022-07-25T16:38:49","guid":{"rendered":"https:\/\/camonclass.vertice.org\/formacion\/embarazo-parto-y-puerperio\/"},"modified":"2022-07-25T16:38:49","modified_gmt":"2022-07-25T16:38:49","slug":"embarazo-parto-y-puerperio","status":"publish","type":"product","link":"https:\/\/camonclass.com\/tienda\/formacion\/embarazo-parto-y-puerperio\/","title":{"rendered":"EMBARAZO, PARTO Y PUERPERIO"},"content":{"rendered":"<p>Alteraciones y Cambios Ciclo Femenino<br \/>UD1. Endocrinolog\u00eda reproductiva<br \/>UD2. Intervenciones ante esterilidad e infertilidad<br \/>UD3. Intervenci\u00f3n en el climaterio y la menopausia<br \/>UD4. Disfunci\u00f3n sexual<br \/>Educaci\u00f3n Sexual y Riesgos<br \/>UD1. Educaci\u00f3n para la salud<br \/>UD2. Educaci\u00f3n sexual<br \/>UD3. Etapas de la sexualidad<br \/>UD4. Conductas sexuales<br \/>Fisiolog\u00eda del embarazo<br \/>UD1. Adaptaci\u00f3n biol\u00f3gica y atenci\u00f3n al embarazo, parto y puerperio<br \/>UD2. Consejos durante el embarazo<br \/>UD3. Farmacolog\u00eda en el embarazo<br \/>UD4. Embarazo de riesgo y urgencias obst\u00e9tricas<br \/>UD5. Lactancia materna<br \/>Cuidados enfermeros al reci\u00e9n nacido<br \/>UD1. Complicaciones en el postparto. enfermedades de transmisi\u00f3n en el embarazo-parto<br \/>UD2. Valoraci\u00f3n general del reci\u00e9n nacido sano<br \/>UD3. Valoraci\u00f3n general del reci\u00e9n nacido prepaturo o pret\u00e9rito<br \/>UD4. Alimentaci\u00f3n en el reci\u00e9n nacido<br \/>UD5. Reanimaci\u00f3n cardiopulmonar neonatal<br \/>Gesti\u00f3n del estr\u00e9s<br \/>UD1. \u00bfQu\u00e9 es el estr\u00e9s?<br \/>UD2. Estr\u00e9s y salud<br \/>UD3. El estr\u00e9s laboral<br \/>UD4. Reducci\u00f3n y prevenci\u00f3n del estr\u00e9s<br \/>UD5. Herramientas<br \/>Asertividad<br \/>UD1. La Escucha.<br \/>UD2. La Empat\u00eda.<br \/>UD3. La Asertividad.<\/p>\n","protected":false},"excerpt":{"rendered":"<p><UL> <LI>Dominar los t\u00e9rminos desarrollados a lo largo de la unidad.<\/LI> <LI>Conocer los principales test y pruebas que se llevan a cabo en la investigaci\u00f3n de los estudios anal\u00edticos.<\/LI> <LI>Adem\u00e1s de conocer las pruebas, saber aplicarlas y para qu\u00e9 sirven en cada ocasi\u00f3n.<\/LI> <LI>Dominar los t\u00e9rminos que se desarrollan a lo largo del temario.<\/LI> <LI>Conocer los principales problemas por los que se realizan los tratamientos de esterilidad\/infertilidad.<\/LI> <LI>Saber el desarrollo de cada uno de los procesos de inseminaci\u00f3n.<\/LI> <LI>Dominar la actuaci\u00f3n que se debe llevar a cabo en caso de fracaso.<\/LI> <LI>Conocer tanto el objetivo principal de la Educaci\u00f3n para la salud como los espec\u00edficos. <\/LI> <LI>Tener claras todas las dimensiones de la sexualidad y su influencia en el origen de numerosos trastornos sexuales. <LI>Identificar cada una de las fases de la respuesta sexual. <LI>Tener conocimiento sobre los distintos modelos de educaci\u00f3n sexual y sobre lo que plantea cada uno. <LI>Conocer las partes del \u00f3rgano sexual masculino y femenino <LI>Tener conocimiento sobre los distintos m\u00e9todos anticonceptivos que existen as\u00ed como de sus ventajas e inconvenientes <LI>Entender la caracterizaci\u00f3n de las ITS as\u00ed como la repercusi\u00f3n psicosocial que tienen y el riesgo que conllevan. <LI>Tener claras las v\u00edas de contagio de las ITS <LI>Conocer c\u00f3mo est\u00e1 actuando la OMS en este campo <LI>Saber qu\u00e9 es y en que \u00e1mbito se desarrolla la violencia de g\u00e9nero <LI>Ser capaz de diferenciar los distintos tipos de violencia <LI>Categorizar adecuadamente los delitos sexuales <LI>Conocer las tendencias en la MGF<\/LI> <LI>Conocer los cambios durante el embarazo y el control prenatal <\/LI> <LI>Estudiar la fase del parto y del puerperio inmediato <LI>Conocer las posibles dificultades que pueden surgir durante el embarazo. <LI>Estudiar los consejos aplicables durante todo el proceso de embarazo. <LI>Conocer los cambios durante el embarazo y los f\u00e1rmacos a ingerir. <LI>Clasificar los f\u00e1rmacos sugeridos durante el embarazo seg\u00fan categor\u00edas. <LI>Conocer los diversos riesgos obst\u00e9tricos que pueden surgir a lo largo del embarazo. <LI>Clasificar las patolog\u00edas m\u00e1s frecuentes en la primera y segunda mitad del embarazo. <LI>Identificar los s\u00edndromes hipertensivos del embarazo. \u00bb \u2022 Conocer las complicaciones asociadas al per\u00edodo de puerperio, as\u00ed como las posibles medidas preventivas y tratamiento en cada caso. <LI>Conocer las enfermedades de transmisi\u00f3n embarazo-feto, as\u00ed como el posible tratamiento en cada caso. <LI>Conocer los cuidados a aplicar en el reci\u00e9n nacido sano teniendo en cuenta las caracter\u00edsticas anat\u00f3micas y fisiol\u00f3gicas normales y sus alteraciones. <LI>Conocer los cuidados \u00f3ptimos tras el nacimiento en la sala de partos. <LI>Identificar las caracter\u00edsticas de un reci\u00e9n nacido prematuro para poder ofrecer unos cuidados de calidad. <LI>Identificar las patolog\u00edas m\u00e1s prevalentes en el neonato prematuro, as\u00ed como conocer el cuidado y el tratamiento en cada caso. <LI>Conocer las t\u00e9cnicas frecuentes y especiales a aplicar en el reci\u00e9n nacido prematuro. <LI>Conocer las caracter\u00edsticas y elementos de la incubadora y saber manejarla correctamente. <LI>Conocer lo que es el estr\u00e9s y para qu\u00e9 sirve. <LI>Diferenciar los tipos de estr\u00e9s. <LI>Saber que hay un tipo de estr\u00e9s que juega a nuestro favor. <LI>Introducirse en la gesti\u00f3n del estr\u00e9s. <LI>Conocer la influencia del exceso estr\u00e9s en la salud. <LI>Conocer los tipos de dolencias que act\u00faan como primeras se\u00f1ales de que sufrimos exceso de estr\u00e9s. <LI>Conocer c\u00f3mo funciona la ansiedad. <LI>Dar soluciones para evitar la ansiedad. <LI>Conocer c\u00f3mo influye el exceso de estr\u00e9s en la productividad del trabajo. <LI>Conocer c\u00f3mo influye el exceso de estr\u00e9s tanto al individuo como al equipo. <LI>Dar soluciones al estr\u00e9s en el trabajo. <LI>Saber c\u00f3mo crear h\u00e1bitos saludables que ayudan a trabajar el estr\u00e9s. <LI>Saber c\u00f3mo motivarse y ser optimista. <LI>Conocer el Mindfulness. <LI>Saber c\u00f3mo estar presente <LI>Conocer m\u00e1s herramientas que ayudan a la gesti\u00f3n del estr\u00e9s \u00bb <LI>Conocer qu\u00e9 es la asertividad. <LI>Conocer los diferentes perfiles de personas \u201cno asertivas\u201d. <LI>Saber a qu\u00e9 se debe el comportamiento \u201cno asertivo\u201d. \u2022 Conocer los derechos asertivos. <LI>Conocer las cualidades necesarias para ser personas asertivas <LI>Saber qu\u00e9 es la comunicaci\u00f3n verbal, no verbal y paraverbal y c\u00f3mo trabajarlas para ser m\u00e1s asertivos. <LI>Trabajarse personalmente para comunicaciones conflictivas. <LI>Trabajar la ansiedad previa. <LI>Conocer y localizar las creencias irracionales y saber c\u00f3mo funcionan. <LI>Trabajar las creencias irracionales&nbsp; <LI>Conocer diferentes herramientas que se pueden utilizar en diferentes circunstancias de comunicaci\u00f3n conflictiva.<\/LI><\/UL><\/p>\n","protected":false},"featured_media":779,"comment_status":"open","ping_status":"closed","template":"","meta":{"neve_meta_sidebar":"","neve_meta_container":"","neve_meta_enable_content_width":"","neve_meta_content_width":0,"neve_meta_title_alignment":"","neve_meta_author_avatar":"","neve_post_elements_order":"","neve_meta_disable_header":"","neve_meta_disable_footer":"","neve_meta_disable_title":""},"product_brand":[],"product_cat":[22,32,36],"product_tag":[],"class_list":{"0":"post-843","1":"product","2":"type-product","3":"status-publish","4":"has-post-thumbnail","6":"product_cat-cursos","7":"product_cat-cursos-superiores","8":"product_cat-sanidad-cursos-superiores","10":"first","11":"instock","12":"sold-individually","13":"shipping-taxable","14":"purchasable","15":"product-type-simple"},"_links":{"self":[{"href":"https:\/\/camonclass.com\/tienda\/wp-json\/wp\/v2\/product\/843","targetHints":{"allow":["GET"]}}],"collection":[{"href":"https:\/\/camonclass.com\/tienda\/wp-json\/wp\/v2\/product"}],"about":[{"href":"https:\/\/camonclass.com\/tienda\/wp-json\/wp\/v2\/types\/product"}],"replies":[{"embeddable":true,"href":"https:\/\/camonclass.com\/tienda\/wp-json\/wp\/v2\/comments?post=843"}],"wp:featuredmedia":[{"embeddable":true,"href":"https:\/\/camonclass.com\/tienda\/wp-json\/wp\/v2\/media\/779"}],"wp:attachment":[{"href":"https:\/\/camonclass.com\/tienda\/wp-json\/wp\/v2\/media?parent=843"}],"wp:term":[{"taxonomy":"product_brand","embeddable":true,"href":"https:\/\/camonclass.com\/tienda\/wp-json\/wp\/v2\/product_brand?post=843"},{"taxonomy":"product_cat","embeddable":true,"href":"https:\/\/camonclass.com\/tienda\/wp-json\/wp\/v2\/product_cat?post=843"},{"taxonomy":"product_tag","embeddable":true,"href":"https:\/\/camonclass.com\/tienda\/wp-json\/wp\/v2\/product_tag?post=843"}],"curies":[{"name":"wp","href":"https:\/\/api.w.org\/{rel}","templated":true}]}}