{"id":844,"date":"2022-07-25T16:38:50","date_gmt":"2022-07-25T16:38:50","guid":{"rendered":"https:\/\/camonclass.vertice.org\/formacion\/metodologia-y-valoracion-en-los-estudios-de-impacto-ambiental\/"},"modified":"2022-07-25T16:38:50","modified_gmt":"2022-07-25T16:38:50","slug":"metodologia-y-valoracion-en-los-estudios-de-impacto-ambiental","status":"publish","type":"product","link":"https:\/\/camonclass.com\/tienda\/formacion\/metodologia-y-valoracion-en-los-estudios-de-impacto-ambiental\/","title":{"rendered":"METODOLOG\u00cdA Y VALORACI\u00d3N EN LOS ESTUDIOS DE IMPACTO AMBIENTAL"},"content":{"rendered":"<p>Bases conceptuales, legislaci\u00f3n y metodolog\u00eda<br \/>UD1. Introducci\u00f3n a la Evaluaci\u00f3n de Impacto Ambiental<br \/>UD2. Bases de la Evaluaci\u00f3n de Impacto Ambiental<br \/>UD3. Objetivos, funciones y contenido de las EIA<br \/>UD4. Actividades clasificadas. La calificaci\u00f3n ambiental<br \/>UD5. La ordenaci\u00f3n del territorio y su integraci\u00f3n en las EIA<br \/>UD6. Evaluaci\u00f3n ambiental estrat\u00e9gica de planes y programas<br \/>UD7. Marco legal de las EIA<br \/>UD8. La regulaci\u00f3n de las EIA en Europa<br \/>Project Management<br \/>UD1. Gesti\u00f3n y direcci\u00f3n de proyectos<br \/>UD2. Direcci\u00f3n de la integraci\u00f3n<br \/>UD3. Direcci\u00f3n de plazos, costes y calidad <br \/>UD4. Direcci\u00f3n de los Recursos Humanos, Riesgos y Compras<br \/>Metodolog\u00eda de elaboraci\u00f3n de las EIA<br \/>UD1. Metodolog\u00edas de medici\u00f3n de impactos ambientales<br \/>UD2. El proceso para la Evaluaci\u00f3n de Impacto Ambiental<br \/>UD3. Caso pr\u00e1ctico sobre valoraci\u00f3n de impactos<br \/>Estudio de la contaminacion <br \/>UD1. Consideraciones generales sobre la contaminaci\u00f3n atmosf\u00e9rica<br \/>UD2. Cogeneraci\u00f3n como instrumento para combatir el cambio clim\u00e1tico<br \/>UD3. la contaminaci\u00f3n industrial<br \/>UD4. Modelos de dispersi\u00f3n de contaminantes<br \/>UD5. Contaminaci\u00f3n por olores, ruidos y radiactividad<br \/>UD6. La contaminaci\u00f3n del agua<br \/>Aspectos economicos, legales y fiscales de la gesti\u00f3n ambiental<br \/>UD1. La econom\u00eda del medio Ambiente<br \/>UD2. La evaluaci\u00f3n de impacto ambiental para la gesti\u00f3n de proyectos empresariales<br \/>UD3. La gesti\u00f3n ambiental en la empresa<br \/>UD4. Responsabilidad y Medio Ambiente<br \/>UD5. Huella ecol\u00f3gica<\/p>\n","protected":false},"excerpt":{"rendered":"<p><UL> <LI>Conocer la evoluci\u00f3n de la legislaci\u00f3n en pol\u00edtica medioambiental.&nbsp;<\/LI> <LI>Descubrir qu\u00e9 es el desarrollo sostenible y sus ventajas<\/LI> <LI>Adquirir conocimientos sobre instrumentos esenciales para la gesti\u00f3n ambiental y para integrar pol\u00edtica ambiental en las pol\u00edticas sectoriales (Ecogesti\u00f3n y la Ecoauditor\u00eda)<\/LI> <LI>Aprender cu\u00e1les son los principios b\u00e1sicos de la Gesti\u00f3n Ambiental, tanto en el \u00e1mbito privado como en el p\u00fablico.<\/LI> <LI>Observar la evoluci\u00f3n de los programas de acci\u00f3n ambiental en la UE<\/LI> <LI>Conocer c\u00f3mo se hacen las evaluaciones de los programas y qu\u00e9 tipos hay<\/LI> <LI>Identificar las relaciones entre las EIA y las Ecoauditor\u00edas; las EIA y la Directiva de IPPC<\/LI> <LI>Qu\u00e9 es La Prevenci\u00f3n y el Control Integradis de la Contaminaci\u00f3n&nbsp;<\/LI> <LI>Conocer las propiedades de las metodolog\u00edas de medici\u00f3n de impactos ambientales.<\/LI> <LI>Diferenciar entre los indicadores para la identificaci\u00f3n de impactos.<\/LI> <LI>Identificar las metodolog\u00edas para la comunicaci\u00f3n de impactos ambientales.&nbsp;<\/LI> <LI>Conocer las caracter\u00edsticas y ventajas de la EIA.<\/LI> <LI>Identificar el proceso administrativo para la evaluaci\u00f3n de impacto ambiental.<\/LI> <LI>Diferenciar las fases del estudio del impacto ambiental.<\/LI> <LI>Estudiar los distintos aspectos sociales y econ\u00f3micos de la EIA.&nbsp;<\/LI> <LI>Conocer la problem\u00e1tica ambiental y los principales contaminantes del aire.&nbsp;<\/LI> <LI>Ampliar conocimientos y analizar la legislaci\u00f3n vigente en relaci\u00f3n a la contaminaci\u00f3n atmosf\u00e9rica ocasionada por el sector transporte, las calefacciones y las industrias.&nbsp;<\/LI> <LI>Conocer la clasificaci\u00f3n de los contaminantes atmosf\u00e9ricos.&nbsp;<\/LI> <LI>Profundizar conocimientos sobre el sistema de cogeneraci\u00f3n y las bases de la cogeneraci\u00f3n como instrumento para combatir el cambio clim\u00e1tico.<\/LI> <LI>Conocer el ciclo combinado y su evaluaci\u00f3n ambiental.&nbsp;<\/LI> <LI>Analizar la evaluaci\u00f3n ambiental de una planta de Cogeneraci\u00f3n existente en una industria.&nbsp;<\/LI> <LI>Conocer las principales fuentes de combusti\u00f3n.&nbsp;<\/LI> <LI>Analizar los deterioros ambientales como consecuencia de la combusti\u00f3n de combustibles.<\/LI> <LI>Conocer la legislaci\u00f3n y los convenios internacionales en relaci\u00f3n a la contaminaci\u00f3n industrial.&nbsp;<\/LI> <LI>Analizar la econom\u00eda y recursos ambientales, as\u00ed como conocer sus beneficios y costes sociales.&nbsp;<\/LI> <LI>Conocer el concepto y la importancia la gesti\u00f3n medioambiental y el proceso tecnol\u00f3gico.&nbsp;<\/LI> <LI>Conocer la herramienta empresarial de evaluaci\u00f3n del impacto ambiental (EIA) con la que se conoce el grado de impacto sobre el medio ambiente de un proceso productivo.<\/LI> <LI>Analizar el contenido de un EIA y su metodolog\u00eda.<\/LI> <LI>Conocer la pol\u00edtica ambiental y sus beneficios.&nbsp;<\/LI> <LI>Analizar los sistemas de gesti\u00f3n ambiental en empresas y su normalizaci\u00f3n.<\/LI><\/UL><\/p>\n","protected":false},"featured_media":800,"comment_status":"open","ping_status":"closed","template":"","meta":{"neve_meta_sidebar":"","neve_meta_container":"","neve_meta_enable_content_width":"","neve_meta_content_width":0,"neve_meta_title_alignment":"","neve_meta_author_avatar":"","neve_post_elements_order":"","neve_meta_disable_header":"","neve_meta_disable_footer":"","neve_meta_disable_title":""},"product_brand":[],"product_cat":[22,32,37],"product_tag":[],"class_list":{"0":"post-844","1":"product","2":"type-product","3":"status-publish","4":"has-post-thumbnail","6":"product_cat-cursos","7":"product_cat-cursos-superiores","8":"product_cat-seguridad-y-medio-ambiente-cursos-superiores","10":"first","11":"instock","12":"sold-individually","13":"shipping-taxable","14":"purchasable","15":"product-type-simple"},"_links":{"self":[{"href":"https:\/\/camonclass.com\/tienda\/wp-json\/wp\/v2\/product\/844","targetHints":{"allow":["GET"]}}],"collection":[{"href":"https:\/\/camonclass.com\/tienda\/wp-json\/wp\/v2\/product"}],"about":[{"href":"https:\/\/camonclass.com\/tienda\/wp-json\/wp\/v2\/types\/product"}],"replies":[{"embeddable":true,"href":"https:\/\/camonclass.com\/tienda\/wp-json\/wp\/v2\/comments?post=844"}],"wp:featuredmedia":[{"embeddable":true,"href":"https:\/\/camonclass.com\/tienda\/wp-json\/wp\/v2\/media\/800"}],"wp:attachment":[{"href":"https:\/\/camonclass.com\/tienda\/wp-json\/wp\/v2\/media?parent=844"}],"wp:term":[{"taxonomy":"product_brand","embeddable":true,"href":"https:\/\/camonclass.com\/tienda\/wp-json\/wp\/v2\/product_brand?post=844"},{"taxonomy":"product_cat","embeddable":true,"href":"https:\/\/camonclass.com\/tienda\/wp-json\/wp\/v2\/product_cat?post=844"},{"taxonomy":"product_tag","embeddable":true,"href":"https:\/\/camonclass.com\/tienda\/wp-json\/wp\/v2\/product_tag?post=844"}],"curies":[{"name":"wp","href":"https:\/\/api.w.org\/{rel}","templated":true}]}}