{"id":845,"date":"2022-07-25T16:38:50","date_gmt":"2022-07-25T16:38:50","guid":{"rendered":"https:\/\/camonclass.vertice.org\/formacion\/sistematica-y-procedimiento-en-los-estudios-de-impacto-ambiental\/"},"modified":"2022-07-25T16:38:50","modified_gmt":"2022-07-25T16:38:50","slug":"sistematica-y-procedimiento-en-los-estudios-de-impacto-ambiental","status":"publish","type":"product","link":"https:\/\/camonclass.com\/tienda\/formacion\/sistematica-y-procedimiento-en-los-estudios-de-impacto-ambiental\/","title":{"rendered":"SISTEM\u00c1TICA Y PROCEDIMIENTO EN LOS ESTUDIOS DE IMPACTO AMBIENTAL"},"content":{"rendered":"<p>Calidad Total en las organizaciones<br \/>UD1. Los sistemas de calidad<br \/>UD2. Gesti\u00f3n de la calidad en las empresas<br \/>UD3. Normalizaci\u00f3n y certificaci\u00f3n<br \/>UD4. Auditor\u00edas de los sistemas de calidad<br \/>Recogida y tratamiento de aguas. EIA proyectos h\u00eddricos<br \/>UD1. Desarrollo sostenible. Gobernanza del agua<br \/>UD2. Seguridad del agua<br \/>UD3. EA de los proyectos relacionados con los recursos h\u00eddricos<br \/>UD4. La administraci\u00f3n local en la gesti\u00f3n de los recursos h\u00eddricos. El caso de Espa\u00f1a<br \/>Sistem\u00e1tica y procedimiento t\u00e9cnico secuencial de las EIA<br \/>UD1. Desarrollo de la EIA. Contenido<br \/>UD2. Procedimiento de la EIA<br \/>UD3. Documentaci\u00f3n complementaria en la EIA<br \/>Ejecuci\u00f3n pr\u00e1ctica de EIA<br \/>UD1. Construcci\u00f3n de un complejo hotelero en entorno natural rural<br \/>UD2. Sondeo para captaci\u00f3n de agua<br \/>UD3. Apertura de oficinas<\/p>\n","protected":false},"excerpt":{"rendered":"<p><UL> <LI>Ampliar conocimientos sobre el desarrollo de la calidad a lo largo de la historia.<\/LI> <LI>Analizar profundamente el concepto de calidad.<\/LI> <LI>Conocer la Gesti\u00f3n de la calidad seg\u00fan la EFQM y la gesti\u00f3n de la calidad seg\u00fan la Calidad Total.<\/LI> <LI>Diferenciar la normalizaci\u00f3n y certificaci\u00f3n<\/LI> <LI>Conocer el proceso de implantaci\u00f3n de un sistema de calidad<\/LI> <LI>Tratar la norma ISO 9001:2015<\/LI> <LI>Conocer los agentes, objetivos y tipos de auditor\u00edas del sistema de gesti\u00f3n de la calidad.&nbsp;<\/LI> <LI>Tratar la auditor\u00eda pr\u00e1ctica y los elementos que la componen.<\/LI> <LI>Conocer la planificaci\u00f3n ambiental del agua y la utilidad de esta.<\/LI> <LI>Conocer el funcionamiento de la Gobernanza del agua en general y m\u00e1s concretamente en Espa\u00f1a.<\/LI> <LI>Conocer la finalidad de una gesti\u00f3n sostenible.<\/LI> <LI>Conocer los problemas principales que pueden conllevar la contaminaci\u00f3n.<\/LI> <LI>Dominar la evaluaci\u00f3n del medio ambiente y sus aplicaciones.<\/LI> <LI>Adquirir los conocimientos sobre el estudio del impacto ambiental.<\/LI> <LI>Tener claro en qu\u00e9 consiste la evaluaci\u00f3n ambiental y cu\u00e1l es la finalidad de esta.<\/LI> <LI>Conocer el procedimiento y las fases del estudio del impacto ambiental.<\/LI> <LI>Conocer los elementos a estudiar necesarios a la hora de realizar la evaluaci\u00f3n ambiental.&nbsp;<\/LI> <LI>Conocer el prop\u00f3sito de la EIA as\u00ed como sus caracter\u00edsticas y ventajas<\/LI> <LI>Saber cu\u00e1les son las partes del proceso de la EIA&nbsp;<\/LI> <LI>Conocer el proceso administrativo y los aspectos a considerar a la hora de realizar la EIA<\/LI> <LI>Tomar consciencia sobre la importancia de la Evaluaci\u00f3n de Impacto en la Salud y conocer la forma de realizarla.<\/LI> <LI>Conocer el proceso y procedimiento del Plan de Gesti\u00f3n de Residuos.<\/LI> <LI>Tener conocimiento sobre los requisitos y autorizaciones necesarias para cada sector.<\/LI> <LI>Conocer a qu\u00e9 variables ambientales hay que atender a la hora de llevar a cabo un proyecto de edificaci\u00f3n&nbsp;<\/LI> <LI>Saber formular las posibles alternativas que se van a llevar a cabo&nbsp;<\/LI> <LI>Analizar los impactos ambientales en todos los sectores y aspectos&nbsp;<\/LI> <LI>Establecer medidas para minimizar los impactos negativos.<\/LI> <LI>Realizar un Programa se Seguimiento y Control<\/LI> <LI>Saber realizar el Documento de s\u00edntesis&nbsp;<\/LI> <LI>Conocer a qu\u00e9 variables ambientales hay que atender a la hora de llevar a cabo un proyecto similar al presente<\/LI> <LI>Saber formular las posibles alternativas que se van a llevar a cabo&nbsp;<\/LI> <LI>Analizar los impactos ambientales en todos los sectores y aspectos&nbsp;<\/LI> <LI>Establecer medidas para minimizar los impactos negativos.<\/LI> <LI>Realizar un Programa de Seguimiento y Control<\/LI><\/UL><\/p>\n","protected":false},"featured_media":800,"comment_status":"open","ping_status":"closed","template":"","meta":{"neve_meta_sidebar":"","neve_meta_container":"","neve_meta_enable_content_width":"","neve_meta_content_width":0,"neve_meta_title_alignment":"","neve_meta_author_avatar":"","neve_post_elements_order":"","neve_meta_disable_header":"","neve_meta_disable_footer":"","neve_meta_disable_title":""},"product_brand":[],"product_cat":[22,32,37],"product_tag":[],"class_list":{"0":"post-845","1":"product","2":"type-product","3":"status-publish","4":"has-post-thumbnail","6":"product_cat-cursos","7":"product_cat-cursos-superiores","8":"product_cat-seguridad-y-medio-ambiente-cursos-superiores","10":"first","11":"instock","12":"sold-individually","13":"shipping-taxable","14":"purchasable","15":"product-type-simple"},"_links":{"self":[{"href":"https:\/\/camonclass.com\/tienda\/wp-json\/wp\/v2\/product\/845","targetHints":{"allow":["GET"]}}],"collection":[{"href":"https:\/\/camonclass.com\/tienda\/wp-json\/wp\/v2\/product"}],"about":[{"href":"https:\/\/camonclass.com\/tienda\/wp-json\/wp\/v2\/types\/product"}],"replies":[{"embeddable":true,"href":"https:\/\/camonclass.com\/tienda\/wp-json\/wp\/v2\/comments?post=845"}],"wp:featuredmedia":[{"embeddable":true,"href":"https:\/\/camonclass.com\/tienda\/wp-json\/wp\/v2\/media\/800"}],"wp:attachment":[{"href":"https:\/\/camonclass.com\/tienda\/wp-json\/wp\/v2\/media?parent=845"}],"wp:term":[{"taxonomy":"product_brand","embeddable":true,"href":"https:\/\/camonclass.com\/tienda\/wp-json\/wp\/v2\/product_brand?post=845"},{"taxonomy":"product_cat","embeddable":true,"href":"https:\/\/camonclass.com\/tienda\/wp-json\/wp\/v2\/product_cat?post=845"},{"taxonomy":"product_tag","embeddable":true,"href":"https:\/\/camonclass.com\/tienda\/wp-json\/wp\/v2\/product_tag?post=845"}],"curies":[{"name":"wp","href":"https:\/\/api.w.org\/{rel}","templated":true}]}}