{"id":846,"date":"2022-07-25T16:38:50","date_gmt":"2022-07-25T16:38:50","guid":{"rendered":"https:\/\/camonclass.vertice.org\/formacion\/legislacion-y-estudio-de-proyectos-en-los-estudios-de-impacto-ambiental\/"},"modified":"2022-07-25T16:38:50","modified_gmt":"2022-07-25T16:38:50","slug":"legislacion-y-estudio-de-proyectos-en-los-estudios-de-impacto-ambiental","status":"publish","type":"product","link":"https:\/\/camonclass.com\/tienda\/formacion\/legislacion-y-estudio-de-proyectos-en-los-estudios-de-impacto-ambiental\/","title":{"rendered":"LEGISLACI\u00d3N Y ESTUDIO DE PROYECTOS EN LOS ESTUDIOS DE IMPACTO AMBIENTAL"},"content":{"rendered":"<p>Estudio del proyecto<br \/>UD1. Estudio preliminar del proyecto<br \/>UD2. An\u00e1lisis de impacto y gesti\u00f3n de residuos<br \/>UD3. Prevenci\u00f3n de Riesgos Laborales<br \/>Estudio del medio fisico. Criterios y bases de la EIA<br \/>UD1. Medio f\u00edsico. Inventario ambiental<br \/>UD2. Funcionamiento de los ecosistemas<br \/>UD3. Criterios y bases para EIA<br \/>Marco legal. Efecto y minimizacion de vertidos<br \/>UD1. Caracterizaci\u00f3n de las aguas<br \/>UD2. Bases del Tratamiento de Aguas Residuales<br \/>UD3. Conceptos de hidrolog\u00eda<br \/>UD4. Regulaci\u00f3n y medidas correctoras de los vertidos<br \/>An\u00e1lisis Pr\u00e1ctico de EIA<br \/>UD1. EIA Proyecto complejo c\u00e1rnico<br \/>UD2. EIA Proyecto planta de celulosa y papel<br \/>UD3. EIA Proyecto central t\u00e9rmica de ciclo combinado<br \/>UD4. EIA Parque e\u00f3lico<br \/>Responsabilidad social corporativa<br \/>UD1. Introducci\u00f3n a la Responsabilidad Social Corporativa.<br \/>UD2. \u00c1mbitos de la Responsabilidad Social Corporativa.<br \/>UD3. Mecanismos de la Responsabilidad Social Corporativa.<br \/>UD4. Iniciativas en Responsabilidad Social Corporativa.<br \/>UD5. La gesti\u00f3n de la Responsabilidad Social Corporativa.<br \/>UD6. El plan de responsabilidad social corporativa.<\/p>\n","protected":false},"excerpt":{"rendered":"<p><UL> <LI>Conocer la documentaci\u00f3n necesaria a aportar para poder llevar a cabo las actividades de forma que se respete el medio ambiente<\/LI> <LI>Aprender a analizar los posibles impactos y generar alternativas&nbsp;<\/LI> <LI>Elaborar el documento de s\u00edntesis<\/LI> <LI>Conocer los conceptos b\u00e1sicos sobre la tem\u00e1tica<\/LI> <LI>Qu\u00e9 es un Plan de Gesti\u00f3n de Residuos&nbsp;<\/LI> <LI>Aprender qu\u00e9 es, c\u00f3mo se crea y para qu\u00e9 sirve un Plan de Vigilancia y Control<\/LI> <LI>Saber en qu\u00e9 consiste un inventario ambiental y los factores que hay que tener en cuenta para realizarlo.&nbsp;<\/LI> <LI>Analizar los componentes del medio inerte y del medio bi\u00f3tico&nbsp;<\/LI> <LI>Aprender a analizar el modelo socio-econ\u00f3mico que se nos presente<\/LI> <LI>Acercamiento al termino EIA, sus caracter\u00edsticas y etapas que la forman.<\/LI> <LI>Conocer que acciones debemos realizar para llevar a cabo una EIA.<\/LI> <LI>Ser conscientes de la gran importancia que tiene la opini\u00f3n p\u00fablica en el desarrollo e implantaci\u00f3n de un proyecto.&nbsp;<\/LI> <LI>Acercamiento a la tem\u00e1tica de caracterizaci\u00f3n de las aguas<\/LI> <LI>Entender qu\u00e9 supone la contaminaci\u00f3n acu\u00e1tica&nbsp;<\/LI> <LI>Conocer Caracter\u00edsticas de las aguas desde los \u00e1mbitos f\u00edsico, qu\u00edmico y biol\u00f3gico&nbsp;<\/LI> <LI>Conocer qu\u00e9 son las aguas residuales, de d\u00f3nde provienen y sus impactos en el entorno<\/LI> <LI>Reconocer los pasos en el tratamiento de las aguas residuales, seg\u00fan la actividad a la que se destinen<\/LI> <LI>Saber c\u00f3mo tratar los residuos contaminantes que se obtienen de las aguas residuales&nbsp;<\/LI> <LI>Conocer la normativa que regula el uso de las aguas residuales, tanto de Espa\u00f1a como de otros pa\u00edses.&nbsp;<\/LI> <LI>Aprender c\u00f3mo se realiza la depuraci\u00f3n de aguas, en concordancia con la normativa medioambiental.<\/LI> <LI>Saber que maneras de reutilizaci\u00f3n de las aguas existen, seg\u00fan la funci\u00f3n para la que se destinen.&nbsp;<\/LI> <LI>Conocer los elementos y caracter\u00edsticas a tener en cuenta en el EIA para elaborar un proyecto de un complejo c\u00e1rnico.<\/LI> <LI>Conocer los elementos y caracter\u00edsticas a tener en cuenta en el EIA para elaborar un proyecto de planta de celulosa y papel.<\/LI> <LI>Conocer los elementos y caracter\u00edsticas a tener en cuenta en el EIA para elaborar un proyecto de central t\u00e9rmica de ciclo combinado.<\/LI> <LI>Conocer los elementos y caracter\u00edsticas a tener en cuenta en el EIA para elaborar un parque e\u00f3lico en Sierra de Lares. <\/LI> <LI>Conocer qu\u00e9 es la Responsabilidad Social Corporativa y a qu\u00e9 conceptos se asocia<\/LI> <LI>Analizar los distintos \u00e1mbitos de la Responsabilidad Social Corporativa.<\/LI> <LI>Comprender las distintas estrategias que toman las empresas en el \u00e1mbito de la RSC.<\/LI> <LI>Identificar la distinta normativa relacionada con la RSC<\/LI> <LI>Identificar las distintas fases de gesti\u00f3n que se tienen sobre la RSC.<\/LI> <LI>Comprender los pasos a realizar para conocer los resultados de una estrategia de RSC<\/LI> <LI>Asimilar como realizar un plan de Responsabilidad Social Corporativa<\/LI> <LI>Identificar los tipos de comunicaciones en la empresa en relaci\u00f3n a la RSC<\/LI> <LI>Analizar la tipolog\u00eda de indicadores que se tienen sobre la RSC<\/LI> <LI>Identificar los grupos de inter\u00e9s como elementos fundamentales en las estrategias de la<\/LI> <LI>Responsabilidad Social Corporativa<\/LI><\/UL><\/p>\n","protected":false},"featured_media":800,"comment_status":"open","ping_status":"closed","template":"","meta":{"neve_meta_sidebar":"","neve_meta_container":"","neve_meta_enable_content_width":"","neve_meta_content_width":0,"neve_meta_title_alignment":"","neve_meta_author_avatar":"","neve_post_elements_order":"","neve_meta_disable_header":"","neve_meta_disable_footer":"","neve_meta_disable_title":""},"product_brand":[],"product_cat":[22,32,37],"product_tag":[],"class_list":{"0":"post-846","1":"product","2":"type-product","3":"status-publish","4":"has-post-thumbnail","6":"product_cat-cursos","7":"product_cat-cursos-superiores","8":"product_cat-seguridad-y-medio-ambiente-cursos-superiores","10":"first","11":"instock","12":"sold-individually","13":"shipping-taxable","14":"purchasable","15":"product-type-simple"},"_links":{"self":[{"href":"https:\/\/camonclass.com\/tienda\/wp-json\/wp\/v2\/product\/846","targetHints":{"allow":["GET"]}}],"collection":[{"href":"https:\/\/camonclass.com\/tienda\/wp-json\/wp\/v2\/product"}],"about":[{"href":"https:\/\/camonclass.com\/tienda\/wp-json\/wp\/v2\/types\/product"}],"replies":[{"embeddable":true,"href":"https:\/\/camonclass.com\/tienda\/wp-json\/wp\/v2\/comments?post=846"}],"wp:featuredmedia":[{"embeddable":true,"href":"https:\/\/camonclass.com\/tienda\/wp-json\/wp\/v2\/media\/800"}],"wp:attachment":[{"href":"https:\/\/camonclass.com\/tienda\/wp-json\/wp\/v2\/media?parent=846"}],"wp:term":[{"taxonomy":"product_brand","embeddable":true,"href":"https:\/\/camonclass.com\/tienda\/wp-json\/wp\/v2\/product_brand?post=846"},{"taxonomy":"product_cat","embeddable":true,"href":"https:\/\/camonclass.com\/tienda\/wp-json\/wp\/v2\/product_cat?post=846"},{"taxonomy":"product_tag","embeddable":true,"href":"https:\/\/camonclass.com\/tienda\/wp-json\/wp\/v2\/product_tag?post=846"}],"curies":[{"name":"wp","href":"https:\/\/api.w.org\/{rel}","templated":true}]}}