{"id":847,"date":"2022-07-25T16:38:50","date_gmt":"2022-07-25T16:38:50","guid":{"rendered":"https:\/\/camonclass.vertice.org\/formacion\/gestion-del-cambio-climatico\/"},"modified":"2022-07-25T16:38:50","modified_gmt":"2022-07-25T16:38:50","slug":"gestion-del-cambio-climatico","status":"publish","type":"product","link":"https:\/\/camonclass.com\/tienda\/formacion\/gestion-del-cambio-climatico\/","title":{"rendered":"GESTI\u00d3N DEL CAMBIO CLIM\u00c1TICO"},"content":{"rendered":"<p>Emisi\u00f3n de gases. Efecto invernadero<br \/>UD1. Gases de efecto invernadero<br \/>UD2. Emisi\u00f3n de gases efecto invernadero por sectores<br \/>Contaminacion atmosferica<br \/>UD1. Consideraciones generales sobre la contaminaci\u00f3n atmosf\u00e9rica<br \/>UD2. la contaminaci\u00f3n industrial<br \/>UD3. Modelos de dispersi\u00f3n de contaminantes<br \/>Cambio clim\u00e1tico<br \/>UD1. Fundamentos b\u00e1sicos del sistema y el sistema clim\u00e1tico<br \/>UD2. Los componentes del sistema clim\u00e1tico<br \/>UD3. El mosaico clim\u00e1tico<br \/>UD4. Los cambios clim\u00e1ticos<br \/>UD5. Causas de los cambios clim\u00e1ticos<br \/>Aspectos economicos, legales y fiscales de la gesti\u00f3n ambiental<br \/>UD1. La econom\u00eda del medio Ambiente<br \/>UD2. La evaluaci\u00f3n de impacto ambiental para la gesti\u00f3n de proyectos empresariales<br \/>UD3. La gesti\u00f3n ambiental en la empresa<br \/>UD4. Responsabilidad y Medio Ambiente<br \/>UD5. Huella ecol\u00f3gica<\/p>\n","protected":false},"excerpt":{"rendered":"<p><UL> <LI>Entender c\u00f3mo afectan los diferentes sectores industriales al efecto invernadero. Ver los tipos emisiones que se producen en los sectores. Aprender las pol\u00edticas que pueden ayudar al control de las emisiones de los gases de efecto invernadero.<\/LI> <LI>Conocer el significado del Efecto Invernadero y c\u00f3mo puede afectar a la situaci\u00f3n ambiental actual.<\/LI> <LI>Conocer la problem\u00e1tica ambiental y los principales contaminantes del aire.&nbsp;<\/LI> <LI>Ampliar conocimientos y analizar la legislaci\u00f3n vigente en relaci\u00f3n a la contaminaci\u00f3n atmosf\u00e9rica ocasionada por el sector transporte, las calefacciones y las industrias.&nbsp;<\/LI> <LI>Conocer la clasificaci\u00f3n de los contaminantes atmosf\u00e9ricos.&nbsp;<\/LI> <LI>&nbsp;Conocer las principales fuentes de combusti\u00f3n.&nbsp;<\/LI> <LI>&nbsp;Analizar los deterioros ambientales como consecuencia de la combusti\u00f3n de combustibles.<\/LI> <LI>&nbsp;Conocer la legislaci\u00f3n y los convenios internacionales en relaci\u00f3n a la contaminaci\u00f3n industrial. <\/LI> <LI>Dominar el t\u00e9rmino Sistema y sus tipos principales. <\/LI> <LI>Conocer los motivos y consecuencias del Cambio Clim\u00e1tico <LI>Saber el plazo necesario para la equilibraci\u00f3n en una zona determinada. <LI>Conocer las partes del sistema clim\u00e1tico y sus caracter\u00edsticas <LI>Dominar el orden de las capas del sistema clim\u00e1tico y como afectan a la Tierra. <LI>Saber cu\u00e1les son los principales factores que influyen en el cambio clim\u00e1tico. <LI>Conocer todos los climas que existen y como var\u00edan seg\u00fan la zona y los factores que intervienen. <LI>Dominar las caracter\u00edsticas del clima, adem\u00e1s de su extensi\u00f3n, mecanismo y evoluci\u00f3n. <LI>Diferenciar entre climas regionales y climas locales. <LI>Identificar los climas locales y sus principales causas. <LI>Conocer las principales causas del cambio clim\u00e1tico. <LI>Reconocer las eras antiguas y saber los acontecimientos que se dieron lugar en ellas. <LI>Saber cu\u00e1l es la dificultad del conocimiento del clima del pasado y c\u00f3mo se han resuelto los problemas para poder averiguarlo. \u00bb \u2022 Analizar la econom\u00eda y recursos ambientales, as\u00ed como conocer sus beneficios y costes sociales.&nbsp; <LI>Conocer el concepto y la importancia la gesti\u00f3n medioambiental y el proceso tecnol\u00f3gico.&nbsp; <LI>Conocer la herramienta empresarial de evaluaci\u00f3n del impacto ambiental (EIA) con la que se conoce el grado de impacto sobre el medio ambiente de un proceso productivo. <LI>Analizar el contenido de un EIA y su metodolog\u00eda. <LI>Conocer la pol\u00edtica ambiental y sus beneficios.&nbsp; <LI>Analizar los sistemas de gesti\u00f3n ambiental en empresas y su normalizaci\u00f3n.<\/LI><\/UL><\/p>\n","protected":false},"featured_media":800,"comment_status":"open","ping_status":"closed","template":"","meta":{"neve_meta_sidebar":"","neve_meta_container":"","neve_meta_enable_content_width":"","neve_meta_content_width":0,"neve_meta_title_alignment":"","neve_meta_author_avatar":"","neve_post_elements_order":"","neve_meta_disable_header":"","neve_meta_disable_footer":"","neve_meta_disable_title":""},"product_brand":[],"product_cat":[22,32,37],"product_tag":[],"class_list":{"0":"post-847","1":"product","2":"type-product","3":"status-publish","4":"has-post-thumbnail","6":"product_cat-cursos","7":"product_cat-cursos-superiores","8":"product_cat-seguridad-y-medio-ambiente-cursos-superiores","10":"first","11":"instock","12":"sold-individually","13":"shipping-taxable","14":"purchasable","15":"product-type-simple"},"_links":{"self":[{"href":"https:\/\/camonclass.com\/tienda\/wp-json\/wp\/v2\/product\/847","targetHints":{"allow":["GET"]}}],"collection":[{"href":"https:\/\/camonclass.com\/tienda\/wp-json\/wp\/v2\/product"}],"about":[{"href":"https:\/\/camonclass.com\/tienda\/wp-json\/wp\/v2\/types\/product"}],"replies":[{"embeddable":true,"href":"https:\/\/camonclass.com\/tienda\/wp-json\/wp\/v2\/comments?post=847"}],"wp:featuredmedia":[{"embeddable":true,"href":"https:\/\/camonclass.com\/tienda\/wp-json\/wp\/v2\/media\/800"}],"wp:attachment":[{"href":"https:\/\/camonclass.com\/tienda\/wp-json\/wp\/v2\/media?parent=847"}],"wp:term":[{"taxonomy":"product_brand","embeddable":true,"href":"https:\/\/camonclass.com\/tienda\/wp-json\/wp\/v2\/product_brand?post=847"},{"taxonomy":"product_cat","embeddable":true,"href":"https:\/\/camonclass.com\/tienda\/wp-json\/wp\/v2\/product_cat?post=847"},{"taxonomy":"product_tag","embeddable":true,"href":"https:\/\/camonclass.com\/tienda\/wp-json\/wp\/v2\/product_tag?post=847"}],"curies":[{"name":"wp","href":"https:\/\/api.w.org\/{rel}","templated":true}]}}