{"id":848,"date":"2022-07-25T16:38:51","date_gmt":"2022-07-25T16:38:51","guid":{"rendered":"https:\/\/camonclass.vertice.org\/formacion\/sistemas-de-gestion-ambiental\/"},"modified":"2022-07-25T16:38:51","modified_gmt":"2022-07-25T16:38:51","slug":"sistemas-de-gestion-ambiental","status":"publish","type":"product","link":"https:\/\/camonclass.com\/tienda\/formacion\/sistemas-de-gestion-ambiental\/","title":{"rendered":"SISTEMAS DE GESTI\u00d3N AMBIENTAL"},"content":{"rendered":"<p>Aspectos economicos, legales y fiscales de la gesti\u00f3n ambiental<BR>UD1. La econom\u00eda del medio Ambiente<BR>UD2. La evaluaci\u00f3n de impacto ambiental para la gesti\u00f3n de proyectos empresariales<BR>UD3. La gesti\u00f3n ambiental en la empresa<BR>UD4. Responsabilidad y Medio Ambiente<BR>UD5. Huella ecol\u00f3gica<BR>Auditoria ambiental<BR>UD1. La autoregulaci\u00f3n y el ecogesti\u00f3n<BR>UD2. La auditor\u00eda ambiental. Instrumentos y metodolog\u00eda<BR>UD3. El proceso de revisi\u00f3n inicial. Preauditor\u00eda ambiental<BR>Estudio de la contaminaci\u00f3n<BR>UD1. Consideraciones generales sobre la contaminaci\u00f3n atmosf\u00e9rica<BR>UD2. Cogeneraci\u00f3n como instrumento para combatir el cambio clim\u00e1tico<BR>UD3. la contaminaci\u00f3n industrial<BR>UD4. Modelos de dispersi\u00f3n de contaminantes<BR>UD5. Contaminaci\u00f3n por olores, ruidos y radiactividad<BR>UD6. La contaminaci\u00f3n del agua<BR><\/p>\n","protected":false},"excerpt":{"rendered":"<p><UL><br \/>\n <LI>Conocer la herramienta empresarial de evaluaci\u00f3n del impacto ambiental (EIA) con la que se&nbsp; conoce el grado de impacto sobre el medio ambiente de un proceso productivo.<\/LI><br \/>\n <LI>Analizar los sistemas de gesti\u00f3n ambiental en empresas y su normalizaci\u00f3n.<\/LI><br \/>\n <LI>Conocer las caracter\u00edsticas de los sistemas de gesti\u00f3n de medioambiente.<\/LI><br \/>\n <LI>Saber identificar la legislaci\u00f3n que est\u00e1 relacionada con las auditor\u00edas y c\u00f3mo saber si la cumples o no.<\/LI><br \/>\n <LI>Profundizar conocimientos sobre&nbsp; el sistema de cogeneraci\u00f3n&nbsp; y las bases de la cogeneraci\u00f3n como instrumento para combatir el cambio clim\u00e1tico.<\/LI><br \/>\n <LI>Analizar la evaluaci\u00f3n ambiental de una planta de Cogeneraci\u00f3n existente en una industria.<\/LI><br \/>\n <LI>Ampliar conocimientos y analizar la legislaci\u00f3n vigente en relaci\u00f3n a la contaminaci\u00f3n atmosf\u00e9rica ocasionada por el sector transporte, las calefacciones y las industrias.<\/LI><\/UL><\/p>\n","protected":false},"featured_media":800,"comment_status":"open","ping_status":"closed","template":"","meta":{"neve_meta_sidebar":"","neve_meta_container":"","neve_meta_enable_content_width":"","neve_meta_content_width":0,"neve_meta_title_alignment":"","neve_meta_author_avatar":"","neve_post_elements_order":"","neve_meta_disable_header":"","neve_meta_disable_footer":"","neve_meta_disable_title":""},"product_brand":[],"product_cat":[22,32,37],"product_tag":[],"class_list":{"0":"post-848","1":"product","2":"type-product","3":"status-publish","4":"has-post-thumbnail","6":"product_cat-cursos","7":"product_cat-cursos-superiores","8":"product_cat-seguridad-y-medio-ambiente-cursos-superiores","10":"first","11":"instock","12":"sold-individually","13":"shipping-taxable","14":"purchasable","15":"product-type-simple"},"_links":{"self":[{"href":"https:\/\/camonclass.com\/tienda\/wp-json\/wp\/v2\/product\/848","targetHints":{"allow":["GET"]}}],"collection":[{"href":"https:\/\/camonclass.com\/tienda\/wp-json\/wp\/v2\/product"}],"about":[{"href":"https:\/\/camonclass.com\/tienda\/wp-json\/wp\/v2\/types\/product"}],"replies":[{"embeddable":true,"href":"https:\/\/camonclass.com\/tienda\/wp-json\/wp\/v2\/comments?post=848"}],"wp:featuredmedia":[{"embeddable":true,"href":"https:\/\/camonclass.com\/tienda\/wp-json\/wp\/v2\/media\/800"}],"wp:attachment":[{"href":"https:\/\/camonclass.com\/tienda\/wp-json\/wp\/v2\/media?parent=848"}],"wp:term":[{"taxonomy":"product_brand","embeddable":true,"href":"https:\/\/camonclass.com\/tienda\/wp-json\/wp\/v2\/product_brand?post=848"},{"taxonomy":"product_cat","embeddable":true,"href":"https:\/\/camonclass.com\/tienda\/wp-json\/wp\/v2\/product_cat?post=848"},{"taxonomy":"product_tag","embeddable":true,"href":"https:\/\/camonclass.com\/tienda\/wp-json\/wp\/v2\/product_tag?post=848"}],"curies":[{"name":"wp","href":"https:\/\/api.w.org\/{rel}","templated":true}]}}