{"id":849,"date":"2022-07-25T16:38:51","date_gmt":"2022-07-25T16:38:51","guid":{"rendered":"https:\/\/camonclass.vertice.org\/formacion\/adgd078poliderazgo-y-direccion-de-organizaciones\/"},"modified":"2022-07-25T16:38:51","modified_gmt":"2022-07-25T16:38:51","slug":"adgd078poliderazgo-y-direccion-de-organizaciones","status":"publish","type":"product","link":"https:\/\/camonclass.com\/tienda\/formacion\/adgd078poliderazgo-y-direccion-de-organizaciones\/","title":{"rendered":"ADGD078PO:LIDERAZGO Y DIRECCI\u00d3N DE ORGANIZACIONES"},"content":{"rendered":"<div>UD1. LIDERAZGO Y HABILIDADES DIRECTIVAS<\/div>\n<div>UD2. INTELIGENCIA EMOCIONAL Y SOCIAL. AUTOESTIMA. CONTROL DEL ESTR\u00c9S. COACHING<\/div>\n<div>UD3. T\u00c9CNICAS DE MOTIVACI\u00d3N. TRABAJO EN EQUIPO. DIRECCI\u00d3N DE EQUIPOS. LA TOMA DE DECISIONES<\/div>\n<div>UD4. T\u00c9CNICAS DE NEGOCIACI\u00d3N Y MEDIACI\u00d3N. RESOLUCI\u00d3N DE CONFLICTOS<\/div>\n","protected":false},"excerpt":{"rendered":"<p>Adquirir t\u00e9cnicas y habilidades directivas, que favorezcan un adecuado liderazgo, el desempe\u00f1o de tareas y responsabilidades de alta direcci\u00f3n en las organizaciones y grupos de trabajo<\/p>\n<div><\/div>\n","protected":false},"featured_media":597,"comment_status":"open","ping_status":"closed","template":"","meta":{"neve_meta_sidebar":"","neve_meta_container":"","neve_meta_enable_content_width":"","neve_meta_content_width":0,"neve_meta_title_alignment":"","neve_meta_author_avatar":"","neve_post_elements_order":"","neve_meta_disable_header":"","neve_meta_disable_footer":"","neve_meta_disable_title":""},"product_brand":[],"product_cat":[39,22,38],"product_tag":[],"class_list":{"0":"post-849","1":"product","2":"type-product","3":"status-publish","4":"has-post-thumbnail","6":"product_cat-administracion-y-gestion-especialidades-formativas","7":"product_cat-cursos","8":"product_cat-especialidades-formativas","10":"first","11":"instock","12":"sold-individually","13":"shipping-taxable","14":"purchasable","15":"product-type-simple"},"_links":{"self":[{"href":"https:\/\/camonclass.com\/tienda\/wp-json\/wp\/v2\/product\/849","targetHints":{"allow":["GET"]}}],"collection":[{"href":"https:\/\/camonclass.com\/tienda\/wp-json\/wp\/v2\/product"}],"about":[{"href":"https:\/\/camonclass.com\/tienda\/wp-json\/wp\/v2\/types\/product"}],"replies":[{"embeddable":true,"href":"https:\/\/camonclass.com\/tienda\/wp-json\/wp\/v2\/comments?post=849"}],"wp:featuredmedia":[{"embeddable":true,"href":"https:\/\/camonclass.com\/tienda\/wp-json\/wp\/v2\/media\/597"}],"wp:attachment":[{"href":"https:\/\/camonclass.com\/tienda\/wp-json\/wp\/v2\/media?parent=849"}],"wp:term":[{"taxonomy":"product_brand","embeddable":true,"href":"https:\/\/camonclass.com\/tienda\/wp-json\/wp\/v2\/product_brand?post=849"},{"taxonomy":"product_cat","embeddable":true,"href":"https:\/\/camonclass.com\/tienda\/wp-json\/wp\/v2\/product_cat?post=849"},{"taxonomy":"product_tag","embeddable":true,"href":"https:\/\/camonclass.com\/tienda\/wp-json\/wp\/v2\/product_tag?post=849"}],"curies":[{"name":"wp","href":"https:\/\/api.w.org\/{rel}","templated":true}]}}