{"id":850,"date":"2022-07-25T16:38:51","date_gmt":"2022-07-25T16:38:51","guid":{"rendered":"https:\/\/camonclass.vertice.org\/formacion\/social-media-marketing-en-comercio\/"},"modified":"2022-07-25T16:38:51","modified_gmt":"2022-07-25T16:38:51","slug":"social-media-marketing-en-comercio","status":"publish","type":"product","link":"https:\/\/camonclass.com\/tienda\/formacion\/social-media-marketing-en-comercio\/","title":{"rendered":"Social Media Marketing en Comercio"},"content":{"rendered":"<p><strong>UD1. Introducci\u00f3n a la Web 2.0.<\/strong><UL>1.1. Historia de Internet.<br \/>1.2. Origen de la Web 2.0.<br \/>1.3. Caracter\u00edsticas de las Redes Sociales.<br \/>1.4. Perfil del usuario en Social Media.<br \/>1.5. Las marcas en la Web 2.0.<br \/>1.6. Hacia d\u00f3nde se dirige la Web 2.0.<br \/>1.7. Manifiesto Cluetrain.<\/UL><\/p>\n<p><strong>UD2. Gestor de comunidad o Community Manager.<\/strong><UL>2.1. \u00bfQu\u00e9 es un Gestor de Comunidad o Community Manager?.<br \/>2.2. Caracter\u00edsticas del Community Manager.<br \/>2.3. Funciones del Community Manager.<br \/>2.4. C\u00f3mo es el d\u00eda a d\u00eda de un Community Manager.<br \/>2.5. Responsabilidades del Gestor de Comunidad.<br \/>2.6. Por qu\u00e9 es necesario un Community Manager.<br \/>2.7. Consejos para futuros Gestores de Comunidad.<\/UL><\/p>\n<p><strong>UD3. Redes Sociales: tipos y usos (I).<\/strong><UL>3.1. Facebook.<br \/>3.2. Twitter.<br \/>3.3. Linkedin.<\/UL><\/p>\n<p><strong>UD4. Redes Sociales: tipos y usos (II).<\/strong><UL>4.1. YouTube.<br \/>4.2. Flickr.<br \/>4.3. Foursquare.<br \/>4.4. Google +.<br \/>4.5. Otras Redes Sociales: Vimeo, Pinterest, Instagram, Xing y Tuenti.<\/UL><\/p>\n<p><strong>UD5. Generaci\u00f3n de contenidos. Creaci\u00f3n de blogs.<\/strong><UL>5.1. G\u00e9neros period\u00edsticos.<br \/>5.2. Los medios de comunicaci\u00f3n en Internet.<br \/>5.3. El contenido de las P\u00e1ginas Webs.<br \/>5.4. Blogs.<br \/>5.5. Foros.<br \/>5.6. La generaci\u00f3n de contenidos en las Redes Sociales.<br \/>5.7. \u00bfC\u00f3mo act\u00faa el usuario en un Espacio Web?.<br \/>5.8. Sobre la Propiedad Intelectual.<\/UL><\/p>\n<p><strong>UD6. Herramienta para la medici\u00f3n de las Redes Sociales.<\/strong><UL>6.1. Herramientas para varias Redes Sociales.<br \/>6.2. Herramientas para Twitter.<br \/>6.3. Herramientas para Facebook.<br \/>6.4. Herramientas para Pinterest.<br \/>6.5. Herramientas para Google +.<br \/>6.6. Herramientas Instagram.<\/UL><\/p>\n<p><strong>UD7. Estrategia para actuar con \u00e9xito en Social Media.<\/strong><UL>7.1. \u00bfCu\u00e1l es nuestro punto de partida?.<br \/>7.2. \u00bfCu\u00e1les son nuestros objetivos?.<br \/>7.3. \u00bfCu\u00e1l es nuestro p\u00fablico objetivo?.<br \/>7.4. \u00bfQu\u00e9 herramientas plantearemos?.<br \/>7.5. \u00bfC\u00f3mo saber si la estrategia de Social Media funciona?.<\/UL><\/p>\n<p><strong>UD8. Anal\u00edtica: medici\u00f3n e interpretaci\u00f3n de resultados.<\/strong><UL>8.1. Google Analytics.<br \/>8.2. Google Insights.<br \/>8.3. Facebook Insights.<br \/>8.4. YouTube Insights.<br \/>8.5. Linkedin Insights.<\/UL><\/p>\n<p><strong>UD9. \u00bfQu\u00e9 es SEO?.<\/strong><UL>9.1. \u00bfQu\u00e9 es SEO?.<br \/>9.2. Breve historia sobre el SEO.<br \/>9.3. Ya sabemos qu\u00e9 es SEO, \u00bfpero qu\u00e9 es SEM?.<br \/>9.4. Los buscadores de Internet.<br \/>9.5. Errores comunes en SEO.<br \/>9.6. Herramientas SEO.<br \/>9.7. Estrategias SEO.<\/UL><\/p>\n<p><strong>UD10. Introducci\u00f3n al marketing digital.<\/strong><UL>10.1. Concepto de Marketing Digital.<br \/>10.2. Ideas clave del Marketing Digital.<br \/>10.3. Aplicaci\u00f3n de las claves del marketing directo en el Marketing Digital.<br \/>10.4. Ventajas del Marketing Digital.<br \/>10.5. La investigaci\u00f3n comercial como aspecto clave en el Marketing Digital.<br \/>10.6. El marketing se hace infinito en Internet.<br \/>10.7. Marketing One to One.<br \/>10.8. Permission Marketing.<br \/>10.9. Marketing de atracci\u00f3n.<br \/>10.10. Marketing de retenci\u00f3n.<br \/>10.11. Marketing de recomendaci\u00f3n.<br \/>10.12. El Marketing Digital desde el punto de vista del Marketing Tradicional.<br \/>10.13. Caracter\u00edsticas de Internet que afectan al Marketing.<br \/>10.14. El Marketing Digital y sus aportaciones al Marketing Tradicional.<br \/>10.15. L\u00edneas estrat\u00e9gicas y aspectos cr\u00edticos del Marketing Digital.<br \/>10.16. Integraci\u00f3n de Internet en la estrategia de Marketing.<br \/>10.17. Aspectos clave en la estrategia de Marketing Digital.<br \/>10.18. El planteamiento estrat\u00e9gico de Marketing.<br \/>10.19. Cr\u00edticas al Marketing Digital.<\/UL><\/p>\n<p><strong>UD11. Elementos del marketing digital.<\/strong><UL>11.1. El producto.<br \/>11.2. El producto desde el punto de vista de la empresa.<br \/>11.3. El producto desde el punto de vista del comprador.<br \/>11.4. El precio.<br \/>11.5. Pol\u00edticas de precio.<br \/>11.6. Formas de pago.<br \/>11.7. Los canales.<br \/>11.8. Mecanismos de ayuda a los canales: servicios de gesti\u00f3n.<br \/>11.9. La promoci\u00f3n.<br \/>11.10. Los Banners.<br \/>11.11. El Correo Electr\u00f3nico.<br \/>11.12. Mensajes personalizados.<br \/>11.13. Cr\u00edticas y comentarios.<br \/>11.14. P\u00fablicos objetivos del Marketing Digital.<br \/>11.15. Los usuarios de Internet.<br \/>11.16. El p\u00fablico objetivo en las transacciones comerciales electr\u00f3nicas.<br \/>11.17. El valor de la marca y el posicionamiento en Internet.<\/UL><\/p>\n<p><strong>UD12. Herramientas estrat\u00e9gicas del marketing digital.<\/strong><UL>12.1. Identificaci\u00f3n y segmentaci\u00f3n del p\u00fablico objetivo.<br \/>12.2. Introducci\u00f3n.<br \/>12.3. Utilidad de la segmentaci\u00f3n.<br \/>12.4. Requisitos de la segmentaci\u00f3n.<br \/>12.5. Criterios de segmentaci\u00f3n.<br \/>12.6. M\u00e9todos de segmentaci\u00f3n.<br \/>12.7. Aplicaci\u00f3n de la segmentaci\u00f3n en el dise\u00f1o de la estrategia comercial.<br \/>12.8. Segmentaci\u00f3n a trav\u00e9s de la comunicaci\u00f3n.<br \/>12.9. La afiliaci\u00f3n hace la fuerza.<br \/>12.10. Definici\u00f3n de los programas de afiliaci\u00f3n.<br \/>12.11. \u00c9xitos en la afiliaci\u00f3n.<br \/>12.12. El Marketplace.<br \/>12.13. Bases de \u00e9xito del Marketplace.<br \/>12.14. Caracter\u00edsticas del Marketplace.<br \/>12.15. Aspectos clave en el Marketplace.<\/UL><\/p>\n<p><strong>UD13. La personalizaci\u00f3n y el marketing digital.<\/strong><UL>13.1. Personalizaci\u00f3n y atenci\u00f3n al cliente.<br \/>13.2. Claves para conseguir la personalizaci\u00f3n.<br \/>13.3. Los productos o servicios personalizables.<br \/>13.4. La atenci\u00f3n al cliente.<br \/>13.5. Marketing One to One.<br \/>13.6. Pasos del proceso de marketing One to One.<br \/>13.7. Herramientas m\u00e1s utilizadas en el marketing One to One.<br \/>13.8. Las consecuencias del marketing One to One.<br \/>13.9. Estrategias de CRM.<br \/>13.10. Introducci\u00f3n y definici\u00f3n de estrategias de CRM.<br \/>13.11. Componentes a considerar en una estrategia de CRM.<br \/>13.12. Beneficios de la estrategia CRM.<br \/>13.13. Implantaci\u00f3n de CRM.<br \/>13.14. Factores clave de la implantaci\u00f3n de CRM.<br \/>13.15. C\u00f3mo asegurar el \u00e9xito en la implantaci\u00f3n de CRM.<br \/>13.16. Criterios de valoraci\u00f3n.<\/UL><\/p>\n<p><strong>UD14. Campa\u00f1as De Comunicaci\u00f3n Online.<\/strong><UL>14.1. Definici\u00f3n de una campa\u00f1a integral de comunicaci\u00f3n.<br \/>14.2. Caracter\u00edsticas de la campa\u00f1a integral.<br \/>14.3. Efectos de implantaci\u00f3n de una campa\u00f1a integral de comunicaci\u00f3n en la red.<br \/>14.4. Preparaci\u00f3n del Briefing publicitario como punto de partida.<br \/>14.5. Ocho maneras esenciales de promoci\u00f3n en Internet.<br \/>14.6. La comunicaci\u00f3n 360\u00ba.<br \/>14.7. El proceso de comunicaci\u00f3n.<br \/>14.8. La regla de las 4F.<br \/>14.9. Flujo de informaci\u00f3n.<br \/>14.10. La funcionalidad.<br \/>14.11. El Feedback (retroalimentaci\u00f3n).<br \/>14.12. La Fidelizaci\u00f3n.<br \/>14.13. La velocidad de reacci\u00f3n.<\/UL><\/p>\n<p><strong>UD15. La publicidad Online y su eficacia.<\/strong><UL>15.1. Conceptos y formas.<br \/>15.2. Introducci\u00f3n.<br \/>15.3. Concepto de publicidad Online.<br \/>15.4. Formas de publicidad Online.<br \/>15.5. Formas publicitarias Online no convencionales.<br \/>15.6. Tarifas y precios de medios publicitarios.<br \/>15.7. Tarifas de publicidad Online.<br \/>15.8. Precios de los medios publicitarios.<br \/>15.9. Factores que mejoran el \u00e9xito de los Banners.<br \/>15.10. Datos de inversi\u00f3n y eficacia publicitaria.<br \/>15.11. Eficacia de una campa\u00f1a publicitaria.<br \/>15.12. Medici\u00f3n de la eficacia publicitaria en Internet.<br \/>15.13. Tendencias de la publicidad Online.<\/UL><\/p>\n","protected":false},"excerpt":{"rendered":"<ul>\n<li>Adquirir conocimientos sobre web 2.0 y Community Manager.<\/li>\n<li>Trabajar el posicionamiento natural SEO, el Marketing Digital y las diferentes herramientas de comunicaci\u00f3n y publicidad 2.0.<\/li>\n<\/ul>\n","protected":false},"featured_media":597,"comment_status":"open","ping_status":"closed","template":"","meta":{"neve_meta_sidebar":"","neve_meta_container":"","neve_meta_enable_content_width":"","neve_meta_content_width":0,"neve_meta_title_alignment":"","neve_meta_author_avatar":"","neve_post_elements_order":"","neve_meta_disable_header":"","neve_meta_disable_footer":"","neve_meta_disable_title":""},"product_brand":[],"product_cat":[39,22,38],"product_tag":[],"class_list":{"0":"post-850","1":"product","2":"type-product","3":"status-publish","4":"has-post-thumbnail","6":"product_cat-administracion-y-gestion-especialidades-formativas","7":"product_cat-cursos","8":"product_cat-especialidades-formativas","10":"first","11":"instock","12":"sold-individually","13":"shipping-taxable","14":"purchasable","15":"product-type-simple"},"_links":{"self":[{"href":"https:\/\/camonclass.com\/tienda\/wp-json\/wp\/v2\/product\/850","targetHints":{"allow":["GET"]}}],"collection":[{"href":"https:\/\/camonclass.com\/tienda\/wp-json\/wp\/v2\/product"}],"about":[{"href":"https:\/\/camonclass.com\/tienda\/wp-json\/wp\/v2\/types\/product"}],"replies":[{"embeddable":true,"href":"https:\/\/camonclass.com\/tienda\/wp-json\/wp\/v2\/comments?post=850"}],"wp:featuredmedia":[{"embeddable":true,"href":"https:\/\/camonclass.com\/tienda\/wp-json\/wp\/v2\/media\/597"}],"wp:attachment":[{"href":"https:\/\/camonclass.com\/tienda\/wp-json\/wp\/v2\/media?parent=850"}],"wp:term":[{"taxonomy":"product_brand","embeddable":true,"href":"https:\/\/camonclass.com\/tienda\/wp-json\/wp\/v2\/product_brand?post=850"},{"taxonomy":"product_cat","embeddable":true,"href":"https:\/\/camonclass.com\/tienda\/wp-json\/wp\/v2\/product_cat?post=850"},{"taxonomy":"product_tag","embeddable":true,"href":"https:\/\/camonclass.com\/tienda\/wp-json\/wp\/v2\/product_tag?post=850"}],"curies":[{"name":"wp","href":"https:\/\/api.w.org\/{rel}","templated":true}]}}