{"id":853,"date":"2022-07-25T16:38:51","date_gmt":"2022-07-25T16:38:51","guid":{"rendered":"https:\/\/camonclass.vertice.org\/formacion\/actualizacion-en-monitorizacion-fetal\/"},"modified":"2022-07-25T16:38:51","modified_gmt":"2022-07-25T16:38:51","slug":"actualizacion-en-monitorizacion-fetal","status":"publish","type":"product","link":"https:\/\/camonclass.com\/tienda\/formacion\/actualizacion-en-monitorizacion-fetal\/","title":{"rendered":"ACTUALIZACI\u00d3N EN MONITORIZACI\u00d3N FETAL"},"content":{"rendered":"<p>UD1. BASES FISIOL\u00d3GICAS DE LA MONITORIZACI\u00d3N.<\/p>\n<div>1.1. La Placenta, la placenta y el espacio intervelloso.<\/div>\n<div><\/div>\n<div>UD2. FISIOLOG\u00cdA DE LA REGULACI\u00d3N DE LA FRECUENCIA CARDIACA FETAL.<\/div>\n<div>2.1. Control del sistema nervioso central.<\/div>\n<div>2.2. Mecanismos de regulaci\u00f3n frecuencia cardiaca fetal.<\/div>\n<div>2.3. Respuestas reflejas de la frecuencia cardiaca fetal.<\/div>\n<div><\/div>\n<div>UD3. FRECUENCIA CARDIACA FETAL BASAL.<\/div>\n<div>3.1. L\u00ednea de base.<\/div>\n<div>3.2. Cambios peri\u00f3dicos y no peri\u00f3dicos.<\/div>\n<div>3.3. Cambios en la l\u00ednea de base.<\/div>\n<div><\/div>\n<div>UD4. BRADICARDIA Y TAQUICARDIA.<\/div>\n<div>4.1 Bradicardia.<\/div>\n<div>4.2 Taquicardia.<\/div>\n<div><\/div>\n<div>UD5. VARIABILIDAD.<\/div>\n<div>5.1. Variabilidad aumentada.<\/div>\n<div>5.1.2. Patr\u00f3n saltatorio.<\/div>\n<div>5.1.3. Variabilidad disminuida.<\/div>\n<div><\/div>\n<div>UD6. PATR\u00d3N SINUSOIDAL Y OTROS PATRONES ONDULANTES.<\/div>\n<div>6.1. Patr\u00f3n sinusoidal simple.<\/div>\n<div>6.2. Patr\u00f3n sinusoidal marcado.<\/div>\n<div>6.3. Patr\u00f3n ondulante no sinusoidal producido por Variabilidad regular a largo plazo.<\/div>\n<div>6.4. Ascensos transitorios r\u00edtmicos o Patr\u00f3n premortem<\/div>\n<div>6.5. Patr\u00f3n ondulante en el trabajo de parto tard\u00edo.<\/div>\n<div><\/div>\n<div>UD7. ASCENSOS TRANSITORIOS.<\/div>\n<div>7.1. Ascensos transitorios uniformes de doble componente.<\/div>\n<div>7.2. Peri\u00f3dicos como componentes de la deceleraci\u00f3n variable.<\/div>\n<div>7.3. Progresi\u00f3n de ascensos transitorios peri\u00f3dicos a deceleraciones variables.<\/div>\n<div>7.4. Ascensos transitorios variables peri\u00f3dicos.<\/div>\n<div>7.5. Seguidos de deceleraci\u00f3n: patr\u00f3n lambda.<\/div>\n<div>7.6. Peri\u00f3dicos tard\u00edos.<\/div>\n<div>7.6.1. Prolongados.<\/div>\n<div>7.6.2. Marcados.<\/div>\n<div>7.6.3. At\u00edpicos asociados con bradicardia de la l\u00ednea de base.<\/div>\n<div>7.6.4. At\u00edpicos producidos por la recuperaci\u00f3n parcial de las deceleraciones tard\u00edas.<\/div>\n<div>7.6.5. Artefactos. <\/div>\n<div><\/div>\n<div>UD8. DECELERACIONES.<\/div>\n<div>8.1. Deceleraciones precoces.<\/div>\n<div>8.2. Tard\u00edas. Variables. Variables at\u00edpicas.<\/div>\n<div>8.3. En forma de U. de inicio lento. No peri\u00f3dicas.<\/div>\n<div>8.4. Con ritmo bigeminado. Con asistolia card\u00edaca transitoria.<\/div>\n<div>8.5. Superposici\u00f3n de deceleraciones variables (overlap phenomenon).<\/div>\n<div>8.6. Deceleraciones variables ag\u00f3nicas.<\/div>\n<div>8.6.1. En gestaci\u00f3n prematura. En expulsi\u00f3n fetal.<\/div>\n<div>8.6.2. Tard\u00edas. Deceleraciones prolongadas<\/div>\n<div><\/div>\n<div>UD9. ACTIVIDAD UTERINA.<\/div>\n<div>9.1. Tipos de transductor.<\/div>\n<div>9.2. Distocias.<\/div>\n<div>9.3. Anomal\u00edas de la din\u00e1mica uterina.<\/div>\n<div><\/div>\n<div>UD10. ASPECTOS LEGALES.<\/div>\n<div>10.1. Aspectos legales.<\/div>\n<div><\/div>\n<div>UD11. PATRONES Y REVISI\u00d3N DE LA EVIDENCIA CIENT\u00cdFICA.<\/div>\n<div>11.1. Resumen de la evidencia.<\/div>\n<div>11.2 Patrones de registro normal sospechoso y patol\u00f3gico.<\/div>\n<div>11.3. Clasificaci\u00f3n de los criterios de interpretaci\u00f3n de los registros de la FCF.<\/div>\n<div>11.4. En presencia de patrones anormales se debe valorar.<\/div>\n<div>11.5. Algoritmo de la sego para la monitorizaci\u00f3n electr\u00f3nica.<\/div>\n<div>11.6. Algoritmo de la sego sobre el pH en sangre fetal.<\/div>\n","protected":false},"excerpt":{"rendered":"<div>Adquirir conocimientos que permitan mejorar en la habilidad de la interpretaci\u00f3n de la cardiotocograf\u00eda, por parte de las matronas.<\/div>\n<div><\/div>\n","protected":false},"featured_media":779,"comment_status":"open","ping_status":"closed","template":"","meta":{"neve_meta_sidebar":"","neve_meta_container":"","neve_meta_enable_content_width":"","neve_meta_content_width":0,"neve_meta_title_alignment":"","neve_meta_author_avatar":"","neve_post_elements_order":"","neve_meta_disable_header":"","neve_meta_disable_footer":"","neve_meta_disable_title":""},"product_brand":[],"product_cat":[22,38,41],"product_tag":[],"class_list":{"0":"post-853","1":"product","2":"type-product","3":"status-publish","4":"has-post-thumbnail","6":"product_cat-cursos","7":"product_cat-especialidades-formativas","8":"product_cat-sanidad-especialidades-formativas","10":"first","11":"instock","12":"sold-individually","13":"shipping-taxable","14":"purchasable","15":"product-type-simple"},"_links":{"self":[{"href":"https:\/\/camonclass.com\/tienda\/wp-json\/wp\/v2\/product\/853","targetHints":{"allow":["GET"]}}],"collection":[{"href":"https:\/\/camonclass.com\/tienda\/wp-json\/wp\/v2\/product"}],"about":[{"href":"https:\/\/camonclass.com\/tienda\/wp-json\/wp\/v2\/types\/product"}],"replies":[{"embeddable":true,"href":"https:\/\/camonclass.com\/tienda\/wp-json\/wp\/v2\/comments?post=853"}],"wp:featuredmedia":[{"embeddable":true,"href":"https:\/\/camonclass.com\/tienda\/wp-json\/wp\/v2\/media\/779"}],"wp:attachment":[{"href":"https:\/\/camonclass.com\/tienda\/wp-json\/wp\/v2\/media?parent=853"}],"wp:term":[{"taxonomy":"product_brand","embeddable":true,"href":"https:\/\/camonclass.com\/tienda\/wp-json\/wp\/v2\/product_brand?post=853"},{"taxonomy":"product_cat","embeddable":true,"href":"https:\/\/camonclass.com\/tienda\/wp-json\/wp\/v2\/product_cat?post=853"},{"taxonomy":"product_tag","embeddable":true,"href":"https:\/\/camonclass.com\/tienda\/wp-json\/wp\/v2\/product_tag?post=853"}],"curies":[{"name":"wp","href":"https:\/\/api.w.org\/{rel}","templated":true}]}}