{"id":854,"date":"2022-07-25T16:38:52","date_gmt":"2022-07-25T16:38:52","guid":{"rendered":"https:\/\/camonclass.vertice.org\/formacion\/salud-publica-y-comunitaria\/"},"modified":"2022-07-25T16:38:52","modified_gmt":"2022-07-25T16:38:52","slug":"salud-publica-y-comunitaria","status":"publish","type":"product","link":"https:\/\/camonclass.com\/tienda\/formacion\/salud-publica-y-comunitaria\/","title":{"rendered":"Salud p\u00fablica y comunitaria"},"content":{"rendered":"<p><strong>UD1. La salud.<\/strong><UL>1.1. Teor\u00eda de salud.<br \/>1.2. La ecolog\u00eda humana.<br \/>1.3. Concepto de salud.<br \/>1.4. El ciclo salud-enfermedad.<br \/>1.5. Concepto de salud p\u00fablica.<br \/>1.6. Concepto de salud comunitaria.<\/UL><\/p>\n<p><strong>UD2. Factores que determinan la salud.<\/strong><UL>2.1. Introducci\u00f3n.<br \/>2.2. Factores relacionados con la biolog\u00eda humana.<br \/>2.3. Factores relacionados con la demograf\u00eda.<br \/>2.4. Factores relacionados con el medioambiente.<br \/>2.5. Factores del entorno.<\/UL><\/p>\n<p><strong>UD3. Apoyo a la comunidad.<\/strong><UL>3.1. La participaci\u00f3n comunitaria.<br \/>3.2. Atenci\u00f3n a la comunidad.<br \/>3.3. Atenci\u00f3n a la familia.<\/UL><\/p>\n<p><strong>UD4. Educaci\u00f3n para la Salud.<\/strong><UL>4.1. Concepto de educaci\u00f3n para la salud.<br \/>4.2. Objetivos de la educaci\u00f3n para la salud.<br \/>4.3. Los agentes de la educaci\u00f3n para la salud.<br \/>4.4. Las conductas saludables.<br \/>4.5. Metodolog\u00eda de la educaci\u00f3n para la salud.<br \/>4.6. La comunicaci\u00f3n en la educaci\u00f3n para la salud.<br \/>4.7. T\u00e9cnicas de grupo en la educaci\u00f3n para la salud.<\/UL><\/p>\n<p><strong>UD5. Promoci\u00f3n para la Salud.<\/strong><UL>5.1. Concepto de promoci\u00f3n de la salud.<br \/>5.2. Elementos que conforman el marco de la promoci\u00f3n de la salud.<br \/>5.4. La declaraci\u00f3n de yakarta.<br \/>5.5. Las pol\u00edticas saludables.<br \/>5.6. Las desigualdades en salud.<br \/>5.7. La planificaci\u00f3n en promoci\u00f3n de salud.<\/UL><\/p>\n<p><strong>UD6. Sistemas de informaci\u00f3n en Salud.<\/strong><UL>6.1. La necesidad de un sistema de informaci\u00f3n.<br \/>6.2. Los sistemas de informaci\u00f3n sanitaria.<br \/>6.3. Los sistemas de informaci\u00f3n en atenci\u00f3n primaria.<\/UL><\/p>\n<p><strong>UD7. El equipo Interdisciplinar y la Coordinaci\u00f3n Sanitaria.<\/strong><UL>7.1. La organizaci\u00f3n del sistema nacional de salud.<br \/>7.2. El equipo b\u00e1sico de atenci\u00f3n primaria.<br \/>7.3. La coordinaci\u00f3n sanitaria.<\/UL><\/p>\n<p><strong>UD8. Programaci\u00f3n en Salud Comunitaria.<\/strong><UL>8.1. La programaci\u00f3n en salud.<br \/>8.2. Programa de planificaci\u00f3n familiar.<br \/>8.3. Programa de control de embarazo, parto y puerperio.<br \/>8.4. Programa de salud del lactante y preescolar.<br \/>8.5. Programa de salud escolar.<br \/>8.6. Programa de vacunaciones.<br \/>8.7. Programa del adulto: enfermedades cr\u00f3nicas.<\/UL><\/p>\n<p><strong>UD9. Epidemolog\u00eda.<\/strong><UL>9.1. Concepto de epidemiolog\u00eda.<br \/>9.2. M\u00e9todos para cuantificar los fen\u00f3menos comunitarios.<br \/>9.3. Fuentes de informaci\u00f3n.<br \/>9.4. Sistemas de vigilancia epidemiol\u00f3gica.<br \/>9.5. Dise\u00f1o de un m\u00e9todo epidemiol\u00f3gico.<br \/>9.6. La epidemiolog\u00eda en las enfermedades transmisibles.<br \/>9.7. La epidemiolog\u00eda de las enfermedades no infecciosas.<br \/>9.8. Actuaci\u00f3n ante un brote epid\u00e9mico.<\/UL><\/p>\n","protected":false},"excerpt":{"rendered":"<ul>\n<li>Adquirir conocimientos de salud p\u00fablica y comunitaria, para gestionar programas de salud y actuaciones frente a brotes epid\u00e9micos.<\/li>\n<\/ul>\n","protected":false},"featured_media":779,"comment_status":"open","ping_status":"closed","template":"","meta":{"neve_meta_sidebar":"","neve_meta_container":"","neve_meta_enable_content_width":"","neve_meta_content_width":0,"neve_meta_title_alignment":"","neve_meta_author_avatar":"","neve_post_elements_order":"","neve_meta_disable_header":"","neve_meta_disable_footer":"","neve_meta_disable_title":""},"product_brand":[],"product_cat":[22,38,41],"product_tag":[],"class_list":{"0":"post-854","1":"product","2":"type-product","3":"status-publish","4":"has-post-thumbnail","6":"product_cat-cursos","7":"product_cat-especialidades-formativas","8":"product_cat-sanidad-especialidades-formativas","10":"first","11":"instock","12":"sold-individually","13":"shipping-taxable","14":"purchasable","15":"product-type-simple"},"_links":{"self":[{"href":"https:\/\/camonclass.com\/tienda\/wp-json\/wp\/v2\/product\/854","targetHints":{"allow":["GET"]}}],"collection":[{"href":"https:\/\/camonclass.com\/tienda\/wp-json\/wp\/v2\/product"}],"about":[{"href":"https:\/\/camonclass.com\/tienda\/wp-json\/wp\/v2\/types\/product"}],"replies":[{"embeddable":true,"href":"https:\/\/camonclass.com\/tienda\/wp-json\/wp\/v2\/comments?post=854"}],"wp:featuredmedia":[{"embeddable":true,"href":"https:\/\/camonclass.com\/tienda\/wp-json\/wp\/v2\/media\/779"}],"wp:attachment":[{"href":"https:\/\/camonclass.com\/tienda\/wp-json\/wp\/v2\/media?parent=854"}],"wp:term":[{"taxonomy":"product_brand","embeddable":true,"href":"https:\/\/camonclass.com\/tienda\/wp-json\/wp\/v2\/product_brand?post=854"},{"taxonomy":"product_cat","embeddable":true,"href":"https:\/\/camonclass.com\/tienda\/wp-json\/wp\/v2\/product_cat?post=854"},{"taxonomy":"product_tag","embeddable":true,"href":"https:\/\/camonclass.com\/tienda\/wp-json\/wp\/v2\/product_tag?post=854"}],"curies":[{"name":"wp","href":"https:\/\/api.w.org\/{rel}","templated":true}]}}