{"id":855,"date":"2022-07-25T16:38:52","date_gmt":"2022-07-25T16:38:52","guid":{"rendered":"https:\/\/camonclass.vertice.org\/formacion\/asistencia-prehospitalaria-en-urgencias\/"},"modified":"2022-07-25T16:38:52","modified_gmt":"2022-07-25T16:38:52","slug":"asistencia-prehospitalaria-en-urgencias","status":"publish","type":"product","link":"https:\/\/camonclass.com\/tienda\/formacion\/asistencia-prehospitalaria-en-urgencias\/","title":{"rendered":"ASISTENCIA PREHOSPITALARIA EN URGENCIAS"},"content":{"rendered":"<div>1. ASISTENCIA PREHOSPITALARIA EN URGENCIAS O EMERGENCIAS SANITARIAS<\/div>\n<div>1.1. Epidemiolog\u00eda de la asistencia prehospitalaria<\/div>\n<div>1.2. Cadena de la supervivencia<\/div>\n<div>1.2.1. Activaci\u00f3n precoz de los servicios de emergencia sanitaria<\/div>\n<div>1.2.2. La RCP b\u00e1sica<\/div>\n<div>1.2.3. La desfibrilaci\u00f3n precoz<\/div>\n<div>1.2.4. El Soporte Vital Avanzado<\/div>\n<div>1.3. Dec\u00e1logo prehospitalario. Fases<\/div>\n<div>1.3.1. Primera fase: alerta<\/div>\n<div>1.3.2. Segunda fase: alarma<\/div>\n<div>1.3.3. Tercera fase: aproximaci\u00f3n<\/div>\n<div>1.3.4. Cuarta fase: aislamiento y control<\/div>\n<div>1.3.5. Quinta fase: triage<\/div>\n<div>1.3.6. Sexta fase: Soporte Vital (B\u00e1sico y Avanzado)<\/div>\n<div>1.3.7. S\u00e9ptima fase: estabilizaci\u00f3n<\/div>\n<div>1.3.8. Octava fase: transporte<\/div>\n<div>1.3.9. Novena fase: transferencia<\/div>\n<div>1.3.10. D\u00e9cima fase: reactivaci\u00f3n del sistema<\/div>\n<div>1.4. Urgencia y emergencia sanitaria. Concepto<\/div>\n<div>1.5. Sistema integral de urgencias y emergencias. Concepto. Elementos<\/div>\n<div>1.5.1. Unidades de Urgencias hospitalarias<\/div>\n<div>1.5.2. Unidades de Urgencias extrahospitalarias<\/div>\n<div>2. BASES ANAT\u00d3MICAS Y FUNCIONALES DE LOS PRINCIPALES \u00d3RGANOS, APARATOS Y SISTEMAS DEL CUERPO HUMANO, APLICADOS A LA VALORACI\u00d3N INICIAL DEL PACIENTE EN SITUACI\u00d3N DE URGENCIA O EMERGENCIA SANITARIA<\/div>\n<div>2.1. Fundamentos de topograf\u00eda anat\u00f3mica. Localizaci\u00f3n. Planos, ejes y regiones anat\u00f3micas.<\/div>\n<div>Terminolog\u00eda de posici\u00f3n de direcci\u00f3n<\/div>\n<div>2.1.1. Ejes y planos corporales<\/div>\n<div>2.1.2. Regiones anat\u00f3micas <\/div>\n<div>2.1.3. Terminolog\u00eda de posici\u00f3n de direcci\u00f3n<\/div>\n<div>2.2. \u00d3rganos, aparatos y sistemas del cuerpo humano<\/div>\n<div>2.2.1. Aparato respiratorio<\/div>\n<div>2.2.2. Sistema cardiocirculatorio y sistema linf\u00e1tico<\/div>\n<div>2.2.3. Aparato digestivo y gl\u00e1ndulas anejas<\/div>\n<div>2.2.4. Sistema nervioso<\/div>\n<div>2.2.5. Aparato locomotor. Huesos, m\u00fasculos y articulaciones<\/div>\n<div>2.2.6. Sistema endocrino<\/div>\n<div>2.2.7. Sistema urogenital<\/div>\n<div>2.2.8. Sistema tegumentario y anejos cut\u00e1neos<\/div>\n<div>2.2.9. \u00d3rganos de los sentidos<\/div>\n<div>2.3. Patolog\u00edas m\u00e1s frecuentes que requieren tratamiento de urgencias<\/div>\n<div>2.3.1. Conceptos de salud y enfermedad<\/div>\n<div>2.3.2. Semiolog\u00eda cl\u00ednica: s\u00edntomas y signos de enfermedad<\/div>\n<div>2.4. Manifestaciones cl\u00ednicas, signos y s\u00edntomas b\u00e1sicos en atenci\u00f3n urgente<\/div>\n<div>2.4.1. Fisiopatolog\u00eda del sistema cardiocirculatorio<\/div>\n<div>2.4.2. Fisiopatolog\u00eda del sistema respiratorio<\/div>\n<div>2.4.3. Fisiopatolog\u00eda del sistema digestivo<\/div>\n<div>2.4.4. Fisiopatolog\u00eda del sistema nervioso<\/div>\n<div>2.4.5. Fisiopatolog\u00eda del sistema genitourinario<\/div>\n<div>2.4.6. Fisiopatolog\u00eda del sistema endocrino<\/div>\n<div>2.4.7. Fisiopatolog\u00eda del sistema inmunitario<\/div>\n<div>2.4.8. Connotaciones especiales de la fisiopatolog\u00eda general del ni\u00f1o, anciano y gestante<\/div>\n<div>3. DIAGNOSIS INICIAL DEL PACIENTE EN SITUACI\u00d3N DE EMERGENCIA SANITARIA<\/div>\n<div>3.1. Constantes vitales<\/div>\n<div>3.1.1. Determinaci\u00f3n de la frecuencia respiratoria<\/div>\n<div>3.1.2. Determinaci\u00f3n de la frecuencia cardiaca<\/div>\n<div>3.1.3. Determinaci\u00f3n de la temperatura corporal<\/div>\n<div>3.1.4. Determinaci\u00f3n de la pulsioximetr\u00eda<\/div>\n<div>3.1.5. Determinaci\u00f3n de la presi\u00f3n arterial<\/div>\n<div>3.1.6. Connotaciones especiales de las constantes vitales en el ni\u00f1o, anciano y gestante<\/div>\n<div>3.2. Signos de gravedad. Concepto<\/div>\n<div>3.2.1. Valoraci\u00f3n primaria<\/div>\n<div>3.2.2. Valoraci\u00f3n secundaria<\/div>\n<div>3.3. Valoraci\u00f3n del estado neurol\u00f3gico<\/div>\n<div>3.3.1. Valoraci\u00f3n de nivel de conciencia. Escala de coma de Glasgow<\/div>\n<div>3.3.2. Tama\u00f1o pupilar y reflejo fotomotor<\/div>\n<div>3.3.3. Detecci\u00f3n de movimientos anormales<\/div>\n<div>3.4. Valoraci\u00f3n de la permeabilidad de la v\u00eda a\u00e9rea. Obstrucci\u00f3n parcial. Obstrucci\u00f3n total<\/div>\n<div>3.5. Valoraci\u00f3n de la ventilaci\u00f3n<\/div>\n<div>3.5.1. Frecuencia respiratoria. Ritmo respiratorio<\/div>\n<div>3.5.2. Esfuerzo respiratorio<\/div>\n<div>3.5.3. Respiraci\u00f3n parad\u00f3jica<\/div>\n<div>3.5.4. Deformidad tor\u00e1cica<\/div>\n<div>3.5.5. Otros signos de hipoxia<\/div>\n<div>3.6. Valoraci\u00f3n de la circulaci\u00f3n<\/div>\n<div>3.6.1. Frecuencia cardiaca. Ritmo cardiaco<\/div>\n<div>3.6.2. Presi\u00f3n arterial<\/div>\n<div>3.6.3. Signos de hipoperfusi\u00f3n<\/div>\n<div>3.7. Valoraci\u00f3n inicial del paciente pedi\u00e1trico<\/div>\n<div>3.7.1. Valoraci\u00f3n de la oxigenaci\u00f3n<\/div>\n<div>3.7.2. Valoraci\u00f3n de la hidrataci\u00f3n<\/div>\n<div>3.7.3. Valoraci\u00f3n de la termorregulaci\u00f3n<\/div>\n<div>3.7.4. Valoraci\u00f3n de la actividad-exploraci\u00f3n<\/div>\n<div>3.7.5. Valoraci\u00f3n de la eliminaci\u00f3n<\/div>\n<div>3.7.6. Valoraci\u00f3n de la seguridad-pertenencia<\/div>\n<div>3.8. Valoraci\u00f3n especial del anciano<\/div>\n<div>4. ATENCI\u00d3N INICIAL DE EMERGENCIAS<\/div>\n<div>4.1. T\u00e9cnicas de soporte ventilatorio<\/div>\n<div>4.1.1. Indicaciones del soporte ventilatorio<\/div>\n<div>4.1.2. T\u00e9cnicas de apertura de la v\u00eda a\u00e9rea<\/div>\n<div>4.1.3. Permeabilizaci\u00f3n de la v\u00eda a\u00e9rea con dispositivos orofar\u00edngeos<\/div>\n<div>4.1.4. T\u00e9cnicas de limpieza y desobstrucci\u00f3n de la v\u00eda a\u00e9rea<\/div>\n<div>4.1.5. T\u00e9cnica de ventilaci\u00f3n con bal\u00f3n resucitador<\/div>\n<div>4.1.6. Indicaciones para la administraci\u00f3n de ox\u00edgeno medicinal<\/div>\n<div>4.1.7. Dispositivos de administraci\u00f3n de ox\u00edgeno medicinal<\/div>\n<div>4.1.8. C\u00e1lculo de consumo de ox\u00edgeno<\/div>\n<div>4.2. T\u00e9cnicas de soporte circulatorio<\/div>\n<div>4.2.1. Indicaciones del soporte circulatorio<\/div>\n<div>4.2.2. T\u00e9cnica de masaje cardiaco externo<\/div>\n<div>4.2.3. T\u00e9cnicas de hemostasia<\/div>\n<div>4.2.4. Protocolo y t\u00e9cnica de desfibrilaci\u00f3n externa semiautom\u00e1tica <\/div>\n<div>4.2.5. Reconocimiento y limpieza de heridas<\/div>\n<div>4.3. Atenci\u00f3n inicial a las emergencias m\u00e1s frecuentes<\/div>\n<div>4.3.1. Quemadura<\/div>\n<div>4.3.2. Electrocuci\u00f3n<\/div>\n<div>4.3.3. Convulsi\u00f3n<\/div>\n<div>4.3.4. Intoxicaci\u00f3n y envenenamiento<\/div>\n<div>4.3.5. Golpe de calor<\/div>\n<div>4.3.6. Politraumatizado<\/div>\n<div>4.3.7. Parto inminente<\/div>\n<div>4.3.8. Neonato<\/div>\n<div>4.3.9. Patolog\u00eda cardiaca<\/div>\n<div>4.3.10. Patolog\u00eda respiratoria.<\/div>\n<div>4.4. Vendajes<\/div>\n<div>4.4.1. Indicaciones del vendaje<\/div>\n<div>4.4.2. Tipos de vendajes<\/div>\n<div>4.4.3. Vendajes funcionales<\/div>\n<div>4.4.4. T\u00e9cnicas de vendaje<\/div>\n<div>4.5. Cuidado y manejo de lesiones cut\u00e1neas<\/div>\n<div>4.5.1. Control de hemorragias<\/div>\n<div>4.5.2. Limpieza de heridas<\/div>\n<div>4.5.3. Desinfecci\u00f3n de heridas<\/div>\n<div>4.5.4. Cuidado de lesiones cut\u00e1neas por fr\u00edo o calor<\/div>\n<div>4.6. Actuaci\u00f3n general ante emergencia colectiva y cat\u00e1strofe<\/div>\n<div>4.6.1. Definici\u00f3n de emergencia limitada, emergencia colectiva y cat\u00e1strofe<\/div>\n<div>4.6.2. Sectorizaci\u00f3n<\/div>\n<div>4.6.3. Despliegue de estructuras eventuales<\/div>\n<div>4.6.4. M\u00e9todo de Triage simple<\/div>\n<div>4.6.5. Norias de evacuaci\u00f3n<\/div>\n","protected":false},"excerpt":{"rendered":"<p>Realizar una valoraci\u00f3n inicial del paciente para detectar signos de gravedad en casos<br \/>\n de emergencias y aplicar los procedimientos necesarios.<\/p>\n","protected":false},"featured_media":779,"comment_status":"open","ping_status":"closed","template":"","meta":{"neve_meta_sidebar":"","neve_meta_container":"","neve_meta_enable_content_width":"","neve_meta_content_width":0,"neve_meta_title_alignment":"","neve_meta_author_avatar":"","neve_post_elements_order":"","neve_meta_disable_header":"","neve_meta_disable_footer":"","neve_meta_disable_title":""},"product_brand":[],"product_cat":[22,38,41],"product_tag":[],"class_list":{"0":"post-855","1":"product","2":"type-product","3":"status-publish","4":"has-post-thumbnail","6":"product_cat-cursos","7":"product_cat-especialidades-formativas","8":"product_cat-sanidad-especialidades-formativas","10":"first","11":"instock","12":"sold-individually","13":"shipping-taxable","14":"purchasable","15":"product-type-simple"},"_links":{"self":[{"href":"https:\/\/camonclass.com\/tienda\/wp-json\/wp\/v2\/product\/855","targetHints":{"allow":["GET"]}}],"collection":[{"href":"https:\/\/camonclass.com\/tienda\/wp-json\/wp\/v2\/product"}],"about":[{"href":"https:\/\/camonclass.com\/tienda\/wp-json\/wp\/v2\/types\/product"}],"replies":[{"embeddable":true,"href":"https:\/\/camonclass.com\/tienda\/wp-json\/wp\/v2\/comments?post=855"}],"wp:featuredmedia":[{"embeddable":true,"href":"https:\/\/camonclass.com\/tienda\/wp-json\/wp\/v2\/media\/779"}],"wp:attachment":[{"href":"https:\/\/camonclass.com\/tienda\/wp-json\/wp\/v2\/media?parent=855"}],"wp:term":[{"taxonomy":"product_brand","embeddable":true,"href":"https:\/\/camonclass.com\/tienda\/wp-json\/wp\/v2\/product_brand?post=855"},{"taxonomy":"product_cat","embeddable":true,"href":"https:\/\/camonclass.com\/tienda\/wp-json\/wp\/v2\/product_cat?post=855"},{"taxonomy":"product_tag","embeddable":true,"href":"https:\/\/camonclass.com\/tienda\/wp-json\/wp\/v2\/product_tag?post=855"}],"curies":[{"name":"wp","href":"https:\/\/api.w.org\/{rel}","templated":true}]}}