{"id":856,"date":"2022-07-25T16:38:52","date_gmt":"2022-07-25T16:38:52","guid":{"rendered":"https:\/\/camonclass.vertice.org\/formacion\/cuidados-enfermeros-en-neonatologia\/"},"modified":"2022-07-25T16:38:52","modified_gmt":"2022-07-25T16:38:52","slug":"cuidados-enfermeros-en-neonatologia","status":"publish","type":"product","link":"https:\/\/camonclass.com\/tienda\/formacion\/cuidados-enfermeros-en-neonatologia\/","title":{"rendered":"CUIDADOS ENFERMEROS EN NEONATOLOG\u00cdA"},"content":{"rendered":"<div><b>UD1. Cuidados b\u00e1sicos en el neonato<\/b><\/div>\n<div>1.1. El reci\u00e9n nacido sano.<\/div>\n<div>1.2. Asistencia en la sala de partos.<\/div>\n<div><\/div>\n<div><b>UD2. Cuidados intermedios en el neonato<\/b><\/div>\n<div>2.1.- Distr\u00e9s respiratorio. Concepto.<\/div>\n<div>2.2.- Patolog\u00edas m\u00e1s frecuentes en cuidados intermedios.<\/div>\n<div><\/div>\n<div><b>UD3. El neonato en la unidad de Cuidados Intensivos (UCIN)<\/b><\/div>\n<div>3.1. Atenci\u00f3n a los padres como cuidadores y objeto de cuidados.<\/div>\n<div>3.2.- Grandes prematuros.<\/div>\n<div>3.3.- Patolog\u00edas neonatales m\u00e1s frecuentes.<\/div>\n<div>3.4.- Emergencias quir\u00fargicas neonatales.<\/div>\n<div>3.5.- T\u00e9cnicas espec\u00edficas de enfermer\u00eda.<\/div>\n<div>3.6.- Cuidados de enfermer\u00eda al alta.<\/div>\n<div><\/div>\n","protected":false},"excerpt":{"rendered":"<div>Identificar los factores maternos y ambientales que interfieren en el desarrollo del<\/div>\n<div>reci\u00e9n nacido y del prematuro, realizando adecuadamente las intervenciones y los<\/div>\n<div>cuidados de enfermer\u00eda.<\/div>\n","protected":false},"featured_media":779,"comment_status":"open","ping_status":"closed","template":"","meta":{"neve_meta_sidebar":"","neve_meta_container":"","neve_meta_enable_content_width":"","neve_meta_content_width":0,"neve_meta_title_alignment":"","neve_meta_author_avatar":"","neve_post_elements_order":"","neve_meta_disable_header":"","neve_meta_disable_footer":"","neve_meta_disable_title":""},"product_brand":[],"product_cat":[22,38,41],"product_tag":[],"class_list":{"0":"post-856","1":"product","2":"type-product","3":"status-publish","4":"has-post-thumbnail","6":"product_cat-cursos","7":"product_cat-especialidades-formativas","8":"product_cat-sanidad-especialidades-formativas","10":"first","11":"instock","12":"sold-individually","13":"shipping-taxable","14":"purchasable","15":"product-type-simple"},"_links":{"self":[{"href":"https:\/\/camonclass.com\/tienda\/wp-json\/wp\/v2\/product\/856","targetHints":{"allow":["GET"]}}],"collection":[{"href":"https:\/\/camonclass.com\/tienda\/wp-json\/wp\/v2\/product"}],"about":[{"href":"https:\/\/camonclass.com\/tienda\/wp-json\/wp\/v2\/types\/product"}],"replies":[{"embeddable":true,"href":"https:\/\/camonclass.com\/tienda\/wp-json\/wp\/v2\/comments?post=856"}],"wp:featuredmedia":[{"embeddable":true,"href":"https:\/\/camonclass.com\/tienda\/wp-json\/wp\/v2\/media\/779"}],"wp:attachment":[{"href":"https:\/\/camonclass.com\/tienda\/wp-json\/wp\/v2\/media?parent=856"}],"wp:term":[{"taxonomy":"product_brand","embeddable":true,"href":"https:\/\/camonclass.com\/tienda\/wp-json\/wp\/v2\/product_brand?post=856"},{"taxonomy":"product_cat","embeddable":true,"href":"https:\/\/camonclass.com\/tienda\/wp-json\/wp\/v2\/product_cat?post=856"},{"taxonomy":"product_tag","embeddable":true,"href":"https:\/\/camonclass.com\/tienda\/wp-json\/wp\/v2\/product_tag?post=856"}],"curies":[{"name":"wp","href":"https:\/\/api.w.org\/{rel}","templated":true}]}}