{"id":857,"date":"2022-07-25T16:38:52","date_gmt":"2022-07-25T16:38:52","guid":{"rendered":"https:\/\/camonclass.vertice.org\/formacion\/cuidados-integrales-de-enfermeria-en-procesos-nefrourologicos\/"},"modified":"2022-07-25T16:38:52","modified_gmt":"2022-07-25T16:38:52","slug":"cuidados-integrales-de-enfermeria-en-procesos-nefrourologicos","status":"publish","type":"product","link":"https:\/\/camonclass.com\/tienda\/formacion\/cuidados-integrales-de-enfermeria-en-procesos-nefrourologicos\/","title":{"rendered":"CUIDADOS INTEGRALES DE ENFERMER\u00cdA EN PROCESOS NEFROUROL\u00d3GICOS"},"content":{"rendered":"<p>UD1. GENERALIDADES.<\/p>\n<div>1.2. Anatom\u00eda y fisiolog\u00eda renal.<\/div>\n<div>1.3. Estudio del paciente renal.<\/div>\n<div>1.4 Patolog\u00eda renal.<\/div>\n<div>1.5. Patolog\u00eda asociada a patolog\u00eda renal.<\/div>\n<div>1.6. (HTA, anemia, enfermedad cardiovascular, infecciones\u2026.).<\/div>\n<div>1.7. Dieta en el paciente renal, Bases f\u00edsico-qu\u00edmicas de la di\u00e1lisis.<\/div>\n<div><\/div>\n<div>UD2. DI\u00c1LISIS PERITONEAL.<\/div>\n<div>2.1. Concepto.<\/div>\n<div>2.2. Implantaci\u00f3n de cat\u00e9ter.<\/div>\n<div>2.3 .Protocolo de entrenamiento para el paciente en di\u00e1lisis peritoneal.<\/div>\n<div><\/div>\n<div>UD3. HEMODI\u00c1LISIS.<\/div>\n<div>3.1. Concepto.<\/div>\n<div>3.2. Monitores de hemodi\u00e1lisis.<\/div>\n<div>3.3. Dializadores.<\/div>\n<div>3.4. Accesos vasculares para hemodi\u00e1lisis.<\/div>\n<div>3.5. Seguimiento y cuidados del paciente durante la hemodi\u00e1lisis.<\/div>\n<div><\/div>\n<div>UD4. TRASPLANTE RENAL.<\/div>\n<div>4.1. Concepto.<\/div>\n<div>4.2. Preparaci\u00f3n quir\u00fargica para trasplante renal.<\/div>\n<div>4.3. Cuidados de enfermer\u00eda tras el trasplante renal.<\/div>\n<div><\/div>\n<div>UD5. ACTUACION URGENTE, SOPORTE VITAL B\u00c1SICO Y DEA<\/div>\n<div>5.1. Actuaci\u00f3n urgente.<\/div>\n<div>5.2. Soporte vital b\u00e1sico y DEA.<\/div>\n","protected":false},"excerpt":{"rendered":"<p>Adquirir conocimientos y mejorar competencias en el cuidado de pacientes con<\/p>\n<div>patolog\u00eda relacionada con los procesos nefrourol\u00f3gicos.<\/div>\n","protected":false},"featured_media":779,"comment_status":"open","ping_status":"closed","template":"","meta":{"neve_meta_sidebar":"","neve_meta_container":"","neve_meta_enable_content_width":"","neve_meta_content_width":0,"neve_meta_title_alignment":"","neve_meta_author_avatar":"","neve_post_elements_order":"","neve_meta_disable_header":"","neve_meta_disable_footer":"","neve_meta_disable_title":""},"product_brand":[],"product_cat":[22,38,41],"product_tag":[],"class_list":{"0":"post-857","1":"product","2":"type-product","3":"status-publish","4":"has-post-thumbnail","6":"product_cat-cursos","7":"product_cat-especialidades-formativas","8":"product_cat-sanidad-especialidades-formativas","10":"first","11":"instock","12":"sold-individually","13":"shipping-taxable","14":"purchasable","15":"product-type-simple"},"_links":{"self":[{"href":"https:\/\/camonclass.com\/tienda\/wp-json\/wp\/v2\/product\/857","targetHints":{"allow":["GET"]}}],"collection":[{"href":"https:\/\/camonclass.com\/tienda\/wp-json\/wp\/v2\/product"}],"about":[{"href":"https:\/\/camonclass.com\/tienda\/wp-json\/wp\/v2\/types\/product"}],"replies":[{"embeddable":true,"href":"https:\/\/camonclass.com\/tienda\/wp-json\/wp\/v2\/comments?post=857"}],"wp:featuredmedia":[{"embeddable":true,"href":"https:\/\/camonclass.com\/tienda\/wp-json\/wp\/v2\/media\/779"}],"wp:attachment":[{"href":"https:\/\/camonclass.com\/tienda\/wp-json\/wp\/v2\/media?parent=857"}],"wp:term":[{"taxonomy":"product_brand","embeddable":true,"href":"https:\/\/camonclass.com\/tienda\/wp-json\/wp\/v2\/product_brand?post=857"},{"taxonomy":"product_cat","embeddable":true,"href":"https:\/\/camonclass.com\/tienda\/wp-json\/wp\/v2\/product_cat?post=857"},{"taxonomy":"product_tag","embeddable":true,"href":"https:\/\/camonclass.com\/tienda\/wp-json\/wp\/v2\/product_tag?post=857"}],"curies":[{"name":"wp","href":"https:\/\/api.w.org\/{rel}","templated":true}]}}