{"id":860,"date":"2022-07-25T16:38:53","date_gmt":"2022-07-25T16:38:53","guid":{"rendered":"https:\/\/camonclass.vertice.org\/formacion\/enfermedades-nosocomiales\/"},"modified":"2022-07-25T16:38:53","modified_gmt":"2022-07-25T16:38:53","slug":"enfermedades-nosocomiales","status":"publish","type":"product","link":"https:\/\/camonclass.com\/tienda\/formacion\/enfermedades-nosocomiales\/","title":{"rendered":"ENFERMEDADES NOSOCOMIALES"},"content":{"rendered":"<div>1. GENERALIDADES SOBRE LA INFECCI\u00d3N: <\/div>\n<div>1.1. Generalidades sobre la infecci\u00f3n hospitalaria <\/div>\n<div>1.2. Conceptos y tipos de infecci\u00f3n nosocomial. <\/div>\n<div>1.3. Mecanismos de transmisi\u00f3n. <\/div>\n<div>1.4. Fisiopatolog\u00eda y factores de riesgo del hu\u00e9sped para la infecci\u00f3n.<\/div>\n<div>2. PREVENCI\u00d3N Y CONTROL DE LAS INFECCIONES: <\/div>\n<div>2.1. El proceso de prevenci\u00f3n en el cuidado de la salud. Vigilancia epidemiol\u00f3gica. <\/div>\n<div>2.2. Resistencia bacteriana y consumo de antibi\u00f3ticos. <\/div>\n<div>2.3. Manejo de residuos hospitalarios. <\/div>\n<div>2.4. Limpieza y desinfecci\u00f3n de ambientes hospitalarios y equipos m\u00e9dicos: 2.4.1. Higiene de manos <\/div>\n<div>2.4.2. Asepsia y antisepsia. <\/div>\n<div>2.4.3. Desinfecci\u00f3n. <\/div>\n<div> 2.4.4. Esterilizaci\u00f3n. <\/div>\n<div>2. 5. Medidas de aislamiento <\/div>\n<div> 2. 6. Estrategias para el control de las infecciones: <\/div>\n<div> 2.6.1. Por bacilos multiresistentes Gram negativos. <\/div>\n<div>2.6.2. Por cocos multiresistentes Gram positivos. <\/div>\n<div> 2.6.3. Para la prevenci\u00f3n y control de la tuberculosis intrahospitalaria. <\/div>\n<div>2.7. El papel del laboratorio de microbiolog\u00eda en la prevenci\u00f3n. <\/div>\n<div> 2.8. El control de las infecciones en situaciones especiales: <\/div>\n<div>2.8.1. Prevenci\u00f3n de la infecci\u00f3n en pediatr\u00eda.<\/div>\n<div>2.8.2. Prevenci\u00f3n de la infecci\u00f3n hospitalaria en el servicio de urgencias. <\/div>\n<div>2.8.3. Prevenci\u00f3n de las infecciones asociadas al cuidado de la salud en las unidades de cuidados intensivos. <\/div>\n<div> 2.8.4. Prevenci\u00f3n de la infecci\u00f3n en \u00e1reas especiales: unidades de trasplantes, oncohematolog\u00eda. <\/div>\n<div>2.8.5. Prevenci\u00f3n de la infecci\u00f3n en geriatr\u00eda. <\/div>\n<div>2.8.6. Prevenci\u00f3n de la infecci\u00f3n en \u00e1reas quir\u00fargicas. <\/div>\n<div> 2.8.7. Infecciones de piel y tejidos blandos. <\/div>\n<div>2.8.8. Prevenci\u00f3n de infecciones en unidades de endoscopia gastrointestinal. <\/div>\n<div>3. MANEJO DE LAS INFECCIONES HOSPITALARIAS M\u00c1S FRECUENTES: <\/div>\n<div>3.1. Infecciones intrahospitalarias del sistema respiratorio. <\/div>\n<div>3.2. Infecciones intrahospitalarias de las v\u00edas urinarias. <\/div>\n<div>3.3. Infecciones asociadas a dispositivos intravasculares. <\/div>\n<div>3.4. Infecciones hospitalarias de piel y tejidos blandos. <\/div>\n<div>3.5. Infecciones de quir\u00f3fano. <\/div>\n<div>3.6. Infecci\u00f3n del paciente neonatal y pedi\u00e1trico. <\/div>\n<div>3.7. Infecciones en el paciente con inmunosupresi\u00f3n. <\/div>\n<div>3.8. Infecciones en obstetricia. <\/div>\n<div>3.9. Infecciones asociadas a dispositivos prot\u00e9sicos.<\/div>\n","protected":false},"excerpt":{"rendered":"<p>Prevenir, controlar y manejar las infecciones hospitalarias m\u00e1s frecuentes.<\/p>\n","protected":false},"featured_media":779,"comment_status":"open","ping_status":"closed","template":"","meta":{"neve_meta_sidebar":"","neve_meta_container":"","neve_meta_enable_content_width":"","neve_meta_content_width":0,"neve_meta_title_alignment":"","neve_meta_author_avatar":"","neve_post_elements_order":"","neve_meta_disable_header":"","neve_meta_disable_footer":"","neve_meta_disable_title":""},"product_brand":[],"product_cat":[22,38,41],"product_tag":[],"class_list":{"0":"post-860","1":"product","2":"type-product","3":"status-publish","4":"has-post-thumbnail","6":"product_cat-cursos","7":"product_cat-especialidades-formativas","8":"product_cat-sanidad-especialidades-formativas","10":"first","11":"instock","12":"sold-individually","13":"shipping-taxable","14":"purchasable","15":"product-type-simple"},"_links":{"self":[{"href":"https:\/\/camonclass.com\/tienda\/wp-json\/wp\/v2\/product\/860","targetHints":{"allow":["GET"]}}],"collection":[{"href":"https:\/\/camonclass.com\/tienda\/wp-json\/wp\/v2\/product"}],"about":[{"href":"https:\/\/camonclass.com\/tienda\/wp-json\/wp\/v2\/types\/product"}],"replies":[{"embeddable":true,"href":"https:\/\/camonclass.com\/tienda\/wp-json\/wp\/v2\/comments?post=860"}],"wp:featuredmedia":[{"embeddable":true,"href":"https:\/\/camonclass.com\/tienda\/wp-json\/wp\/v2\/media\/779"}],"wp:attachment":[{"href":"https:\/\/camonclass.com\/tienda\/wp-json\/wp\/v2\/media?parent=860"}],"wp:term":[{"taxonomy":"product_brand","embeddable":true,"href":"https:\/\/camonclass.com\/tienda\/wp-json\/wp\/v2\/product_brand?post=860"},{"taxonomy":"product_cat","embeddable":true,"href":"https:\/\/camonclass.com\/tienda\/wp-json\/wp\/v2\/product_cat?post=860"},{"taxonomy":"product_tag","embeddable":true,"href":"https:\/\/camonclass.com\/tienda\/wp-json\/wp\/v2\/product_tag?post=860"}],"curies":[{"name":"wp","href":"https:\/\/api.w.org\/{rel}","templated":true}]}}