{"id":861,"date":"2022-07-25T16:38:53","date_gmt":"2022-07-25T16:38:53","guid":{"rendered":"https:\/\/camonclass.vertice.org\/formacion\/enfermeria-de-quirofano\/"},"modified":"2022-07-25T16:38:53","modified_gmt":"2022-07-25T16:38:53","slug":"enfermeria-de-quirofano","status":"publish","type":"product","link":"https:\/\/camonclass.com\/tienda\/formacion\/enfermeria-de-quirofano\/","title":{"rendered":"ENFERMER\u00cdA DE QUIR\u00d3FANO"},"content":{"rendered":"<p>UD1. LA UNIDAD QUIRURGICA:<\/p>\n<div>1.1. Introducci\u00f3n.<\/div>\n<div>1.2. Instalaciones del quir\u00f3fano.<\/div>\n<div>1.3. Centros de cirug\u00eda ambulatoria.<\/div>\n<div>1.4. Temas legales y \u00e9ticos.<\/div>\n<div>UD2. INSTRUMENTACI\u00d3N GENERAL QUIR\u00daRGICA:<\/div>\n<div>2.1. Instrumental quir\u00fargico.<\/div>\n<div>2.2. Material quir\u00fargico especializado.<\/div>\n<div>UD3. ASEPSIA EN QUIR\u00d3FANO Y CONTROL DE INFECCIONES:<\/div>\n<div>3.1. Consideraciones microbiol\u00f3gicas.<\/div>\n<div>3.2. Principios de asepsia y t\u00e9cnica est\u00e9ril.<\/div>\n<div>3.3. Indumentaria, lavado quir\u00fargico, batas y guantes.<\/div>\n<div>3.4. Descontaminaci\u00f3n y desinfecci\u00f3n.<\/div>\n<div>3.5. Esterilizaci\u00f3n.<\/div>\n<div>UD4. CUIDADOS GENERALES DE ENFERMER\u00cdA EN QUIR\u00d3FANO:<\/div>\n<div>4.1. Cuidados del paciente preoperatorio.<\/div>\n<div>4.2. Cuidados del paciente intraoperatorio.<\/div>\n<div>UD5. CONCEPTO DE ANESTESIA PARA ENFERMER\u00cdA:<\/div>\n<div>5.1. Farmacolog\u00eda quir\u00fargica.<\/div>\n<div>5.2. Anestesia.<\/div>\n<div>UD6. CUIDADOS DE ENFERMER\u00cdA EN SITUACIONES ESPECIALES:<\/div>\n<div>6.1. Cuidados en situaciones especiales.<\/div>\n<div>6.2. Curas.<\/div>\n<div>6.3. Heridas.<\/div>\n<div>UD7. ESPECIALIDADES QUIR\u00daRGICAS:<\/div>\n<div>7.1. Cirug\u00eda endosc\u00f3pica.<\/div>\n<div>7.2. Cirug\u00eda General.<\/div>\n<div>7.3. Cirug\u00eda Ginecol\u00f3gica y Obst\u00e9trica.<\/div>\n<div>7.4. Cirug\u00eda Urol\u00f3gica.<\/div>\n<div>7.5. Cirug\u00eda Ortop\u00e9dica.<\/div>\n<div>7.6. Neurocirug\u00eda.<\/div>\n<div>7.7. Cirug\u00eda Oftalmol\u00f3gica.<\/div>\n<div>7.8. Cirug\u00eda pl\u00e1stica y reconstructiva.<\/div>\n<div>7.9. Cirug\u00eda otorrinolaringol\u00f3gica y de cabeza y cuello.<\/div>\n<div>7.10. Cirug\u00eda tor\u00e1cica.<\/div>\n<div>7.11. Cirug\u00eda cardiaca.<\/div>\n<div>7.12. Cirug\u00eda Vascular.<\/div>\n<div>7.13. Obtenci\u00f3n Y Trasplante.<\/div>\n","protected":false},"excerpt":{"rendered":"<p>Identificar las \u00e1reas espec\u00edficas dentro del quir\u00f3fano y las conductas que afectan a la calidad de la atenci\u00f3n, determinando las funciones de los profesionales de enfermer\u00eda que trabajan en quir\u00f3fano y su papel dentro del equipo quir\u00fargico<\/p>\n","protected":false},"featured_media":779,"comment_status":"open","ping_status":"closed","template":"","meta":{"neve_meta_sidebar":"","neve_meta_container":"","neve_meta_enable_content_width":"","neve_meta_content_width":0,"neve_meta_title_alignment":"","neve_meta_author_avatar":"","neve_post_elements_order":"","neve_meta_disable_header":"","neve_meta_disable_footer":"","neve_meta_disable_title":""},"product_brand":[],"product_cat":[22,38,41],"product_tag":[],"class_list":{"0":"post-861","1":"product","2":"type-product","3":"status-publish","4":"has-post-thumbnail","6":"product_cat-cursos","7":"product_cat-especialidades-formativas","8":"product_cat-sanidad-especialidades-formativas","10":"first","11":"instock","12":"sold-individually","13":"shipping-taxable","14":"purchasable","15":"product-type-simple"},"_links":{"self":[{"href":"https:\/\/camonclass.com\/tienda\/wp-json\/wp\/v2\/product\/861","targetHints":{"allow":["GET"]}}],"collection":[{"href":"https:\/\/camonclass.com\/tienda\/wp-json\/wp\/v2\/product"}],"about":[{"href":"https:\/\/camonclass.com\/tienda\/wp-json\/wp\/v2\/types\/product"}],"replies":[{"embeddable":true,"href":"https:\/\/camonclass.com\/tienda\/wp-json\/wp\/v2\/comments?post=861"}],"wp:featuredmedia":[{"embeddable":true,"href":"https:\/\/camonclass.com\/tienda\/wp-json\/wp\/v2\/media\/779"}],"wp:attachment":[{"href":"https:\/\/camonclass.com\/tienda\/wp-json\/wp\/v2\/media?parent=861"}],"wp:term":[{"taxonomy":"product_brand","embeddable":true,"href":"https:\/\/camonclass.com\/tienda\/wp-json\/wp\/v2\/product_brand?post=861"},{"taxonomy":"product_cat","embeddable":true,"href":"https:\/\/camonclass.com\/tienda\/wp-json\/wp\/v2\/product_cat?post=861"},{"taxonomy":"product_tag","embeddable":true,"href":"https:\/\/camonclass.com\/tienda\/wp-json\/wp\/v2\/product_tag?post=861"}],"curies":[{"name":"wp","href":"https:\/\/api.w.org\/{rel}","templated":true}]}}