{"id":862,"date":"2022-07-25T16:38:53","date_gmt":"2022-07-25T16:38:53","guid":{"rendered":"https:\/\/camonclass.vertice.org\/formacion\/enfermeria-prescripcion\/"},"modified":"2022-07-25T16:38:53","modified_gmt":"2022-07-25T16:38:53","slug":"enfermeria-prescripcion","status":"publish","type":"product","link":"https:\/\/camonclass.com\/tienda\/formacion\/enfermeria-prescripcion\/","title":{"rendered":"ENFERMER\u00cdA: PRESCRIPCI\u00d3N"},"content":{"rendered":"<div>1. FUNDAMENTOS B\u00c1SICOS EN LA FARMACOLOG\u00cdA DE LOS CUIDADOS.<\/div>\n<div>1.1. Estudio de los conceptos b\u00e1sicos en farmacolog\u00eda en general: clasificaci\u00f3n de los<\/div>\n<div>medicamentos.<\/div>\n<div>1.2. Caducidad y conservaci\u00f3n de medicamentos.<\/div>\n<div>2. LAS FORMAS FARMAC\u00c9UTICAS EN LA PRESCRIPCI\u00d3N ENFERMERA.<\/div>\n<div>2.1. Estudio de las distintas formas farmac\u00e9uticas: oral, parenteral, rectal, vaginal, oft\u00e1lmica e inhalatoria.<\/div>\n<div>3. LA ABSORCI\u00d3N DE F\u00c1RMACOS EN LA PRESCRIPCI\u00d3N ENFERMERA.<\/div>\n<div>3.1. Estudio de las v\u00edas de administraci\u00f3n: enteral, parenteral, y otras v\u00edas: t\u00f3pica, respiratoria, intraarticular<\/div>\n<div>e intraperitoneal.<\/div>\n<div>3.2. Interacci\u00f3n efecto de los f\u00e1rmacos con la v\u00eda de administraci\u00f3n.<\/div>\n<div>3.3. Estudio de la administraci\u00f3n de medicamentos en el Sistema Nervioso Central: v\u00eda subaracnoidea,<\/div>\n<div>epidural e intraarticular.<\/div>\n<div>3.4. Estudio de la absorci\u00f3n: Absorci\u00f3n de f\u00e1rmacos y efectos.<\/div>\n<div>4. EL TRANSPORTE DE LOS F\u00c1RMACOS A TRAV\u00c9S DE LAS MEMBRANAS.<\/div>\n<div>4.1. Composici\u00f3n de las membranas celulares.<\/div>\n<div>4.2. Identificaci\u00f3n de los distintos tipos de transporte de f\u00e1rmacos que se producen en las membranas.<\/div>\n<div>5. LA DISTRIBUCI\u00d3N Y ELIMINACI\u00d3N DE F\u00c1RMACOS EN LA PRESCRIPCI\u00d3N ENFERMERA.<\/div>\n<div>5.1. Concepto de distribuci\u00f3n de los f\u00e1rmacos: Tasa de extracci\u00f3n.<\/div>\n<div>5.2. Volumen real de distribuci\u00f3n y volumen aparente de distribuci\u00f3n.<\/div>\n<div>5.3. Concepto de compartimentos del organismo y sus tipos. <\/div>\n<div>5.4. Modelo de distribuci\u00f3n de los f\u00e1rmacos: monocompartimental y bicompartimental.<\/div>\n<div>5.5. Estudio del concepto de eliminaci\u00f3n de f\u00e1rmacos.<\/div>\n<div>6. FARMACOCIN\u00c9TICA CL\u00cdNICA EN LA PRESCRIPCI\u00d3N ENFERMERA.<\/div>\n<div>6.1. Estudio de los conceptos m\u00e1s frecuentes en la farmacocin\u00e9tica cl\u00ednica: absorci\u00f3n de f\u00e1rmacos,<\/div>\n<div>concentraci\u00f3n plasm\u00e1tica de los f\u00e1rmacos, distribuci\u00f3n de los f\u00e1rmacos, vida media, eliminaci\u00f3n de los<\/div>\n<div>f\u00e1rmacos.<\/div>\n<div>7. FARMACODINAMIA EN LA PRESCRIPCI\u00d3N ENFERMERA.<\/div>\n<div>7.1. Conceptos m\u00e1s relevantes en farmacodinamia.<\/div>\n<div>7.2. Mecanismos de acci\u00f3n de las drogas.<\/div>\n<div>7.3. Relaci\u00f3n entre dosis y respuesta del paciente.<\/div>\n<div>7.4. Estudio de la eficacia m\u00e1xima de un f\u00e1rmaco, pendiente, variaci\u00f3n biol\u00f3gica y selectividad de los<\/div>\n<div>f\u00e1rmacos. Antagonismo farmacol\u00f3gico.<\/div>\n<div>8. ESQUEMAS B\u00c1SICOS DE ADMINISTRACI\u00d3N DE F\u00c1RMACOS EN LA PRESCRIPCI\u00d3N<\/div>\n<div>ENFERMERA.<\/div>\n<div>8.1. Pautas b\u00e1sicas en la administraci\u00f3n de f\u00e1rmacos.<\/div>\n<div>8.2. Relaci\u00f3n farmacocin\u00e9tica en las dosificaci\u00f3n de los f\u00e1rmacos.<\/div>\n<div>8.3. Conceptos relacionados con las pautas de administraci\u00f3n de f\u00e1rmacos: biodisponibilidad de los<\/div>\n<div>f\u00e1rmacos y bioequivalencia.<\/div>\n<div>8.4. Importancia dela biodisponibilidad de los f\u00e1rmacos en la terap\u00e9utica.<\/div>\n<div>9. LAS REACCIONES ADVERSAS A LOS MEDICAMENTOS EN LA PRESCRIPCI\u00d3N ENFERMERA.<\/div>\n<div>9.1. Conceptos relacionados m\u00e1s frecuentemente con las reacciones adversas a medicamentos.<\/div>\n<div>9.2. Clasificaci\u00f3n de reacciones adversas a medicamentos.<\/div>\n<div>9.3. F\u00e1rmacos que m\u00e1s frecuentemente se asocian a las RAM.<\/div>\n<div>9.4. Manifestaciones cl\u00ednicas y factores que modifican las RAM.<\/div>\n<div>10. LAS INTERACCIONES FARMACOL\u00d3GICAS EN LA PRESCRIPCI\u00d3N ENFERMERA.<\/div>\n<div>10.1 Conceptos que m\u00e1s se relacionan con las interacciones farmacol\u00f3gicas.<\/div>\n<div>10.2. Factores que favorecen las interacciones farmacol\u00f3gicas.<\/div>\n<div>10.3 Interacciones farmac\u00e9uticas.<\/div>\n<div>11. SITUACI\u00d3N EN ESPA\u00d1A EN CUANTO A LA PRESCRIPCI\u00d3N ENFERMERA.<\/div>\n<div>11.1. Antecedentes de la prescripci\u00f3n enfermera.<\/div>\n<div>12. COMPETENCIA PROFESIONAL EN LA PRESCRIPCI\u00d3N DE MEDICAMENTOS Y PRODUCTOS<\/div>\n<div>SANITARIOS.<\/div>\n<div>12.1. Estudio de la competencia m\u00e9dica y competencia enfermera.<\/div>\n<div>12.2. Tipos de prescripci\u00f3n enfermera: independiente o aut\u00f3noma, colaborativa o semiaut\u00f3noma y<\/div>\n<div>estandarizada o protocolizada.<\/div>\n<div>13. PRESCRIPCI\u00d3N ENFERMERA INDEPENDIENTE: RELACI\u00d3N ENTRE LAS SITUACIONES,<\/div>\n<div>DIAGN\u00d3STICOS DE ENFERMER\u00cdA, INTERVENCIONES Y TIPO DE PRESCRIPCI\u00d3N ENFERMERA.<\/div>\n<div>13.1. Manejo de las bases de la prescripci\u00f3n enfermera independiente.<\/div>\n<div>13.2. Relaci\u00f3n entre las situaciones, diagn\u00f3sticos, actuaciones, intervenciones y mediaci\u00f3n posible.<\/div>\n","protected":false},"excerpt":{"rendered":"<p>Saber aplicar la farmacolog\u00eda de los cuidados a trav\u00e9s de la prescripci\u00f3n enfermera,<br \/>\n incrementando el crecimiento de la calidad asistencial con el fin de potenciar la<br \/>\n seguridad cl\u00ednica de los pacientes a trav\u00e9s de la prescripci\u00f3n enfermera y as\u00ed mejorar<br \/>\n la eficiencia en la prestaci\u00f3n de los servicios por parte del Sistema de Salud.<\/p>\n","protected":false},"featured_media":779,"comment_status":"open","ping_status":"closed","template":"","meta":{"neve_meta_sidebar":"","neve_meta_container":"","neve_meta_enable_content_width":"","neve_meta_content_width":0,"neve_meta_title_alignment":"","neve_meta_author_avatar":"","neve_post_elements_order":"","neve_meta_disable_header":"","neve_meta_disable_footer":"","neve_meta_disable_title":""},"product_brand":[],"product_cat":[22,38,41],"product_tag":[],"class_list":{"0":"post-862","1":"product","2":"type-product","3":"status-publish","4":"has-post-thumbnail","6":"product_cat-cursos","7":"product_cat-especialidades-formativas","8":"product_cat-sanidad-especialidades-formativas","10":"first","11":"instock","12":"sold-individually","13":"shipping-taxable","14":"purchasable","15":"product-type-simple"},"_links":{"self":[{"href":"https:\/\/camonclass.com\/tienda\/wp-json\/wp\/v2\/product\/862","targetHints":{"allow":["GET"]}}],"collection":[{"href":"https:\/\/camonclass.com\/tienda\/wp-json\/wp\/v2\/product"}],"about":[{"href":"https:\/\/camonclass.com\/tienda\/wp-json\/wp\/v2\/types\/product"}],"replies":[{"embeddable":true,"href":"https:\/\/camonclass.com\/tienda\/wp-json\/wp\/v2\/comments?post=862"}],"wp:featuredmedia":[{"embeddable":true,"href":"https:\/\/camonclass.com\/tienda\/wp-json\/wp\/v2\/media\/779"}],"wp:attachment":[{"href":"https:\/\/camonclass.com\/tienda\/wp-json\/wp\/v2\/media?parent=862"}],"wp:term":[{"taxonomy":"product_brand","embeddable":true,"href":"https:\/\/camonclass.com\/tienda\/wp-json\/wp\/v2\/product_brand?post=862"},{"taxonomy":"product_cat","embeddable":true,"href":"https:\/\/camonclass.com\/tienda\/wp-json\/wp\/v2\/product_cat?post=862"},{"taxonomy":"product_tag","embeddable":true,"href":"https:\/\/camonclass.com\/tienda\/wp-json\/wp\/v2\/product_tag?post=862"}],"curies":[{"name":"wp","href":"https:\/\/api.w.org\/{rel}","templated":true}]}}