{"id":863,"date":"2022-07-25T16:38:53","date_gmt":"2022-07-25T16:38:53","guid":{"rendered":"https:\/\/camonclass.vertice.org\/formacion\/introduccion-a-la-practica-enfermera-basada-en-la-evidencia\/"},"modified":"2022-07-25T16:38:53","modified_gmt":"2022-07-25T16:38:53","slug":"introduccion-a-la-practica-enfermera-basada-en-la-evidencia","status":"publish","type":"product","link":"https:\/\/camonclass.com\/tienda\/formacion\/introduccion-a-la-practica-enfermera-basada-en-la-evidencia\/","title":{"rendered":"INTRODUCCION A LA PRACTICA ENFERMERA BASADA EN LA EVIDENCIA"},"content":{"rendered":"<p>UD1. ENFERMER\u00cdA BASADA EN LA EVIDENCIA (EBE).<\/p>\n<div>1.1. Or\u00edgenes y evoluci\u00f3n.<\/div>\n<div>1.2. Introducci\u00f3n.<\/div>\n<div>1.3. El m\u00e9todo cient\u00edfico<\/div>\n<div>1.4. Razonamiento de una pr\u00e1ctica enfermera basada en la evidencia.<\/div>\n<div>1.5. L\u00edmites de la pr\u00e1ctica basada en la evidencia.<\/div>\n<div><\/div>\n<div>UD2. FASES DE LA ENFERMER\u00cdA BASADA EN LA EVIDENCIA.<\/div>\n<div>2.1 Formulaci\u00f3n de preguntas.<\/div>\n<div>2.1.1 Preguntas estructuradas.<\/div>\n<div>2.1.1.3 Estrategia.<\/div>\n<div>2.1.1.4 Pico.<\/div>\n<div>2.2. B\u00fasqueda bibliograf\u00eda.<\/div>\n<div>2.2.1. Lectura cr\u00edtica. Implementaci\u00f3n.<\/div>\n<div><\/div>\n<div>UD3. LOCALIZACI\u00d3N DE LA EVIDENCIA ENFERMERA.<\/div>\n<div>3.1. Bases de datos.<\/div>\n<div>3.2. Fuentes documentales.<\/div>\n<div>3.3. Informaci\u00f3n cient\u00edfica.<\/div>\n<div><\/div>\n<div>UD4. LECTURA E INTERPRETACI\u00d3N DE LA EVIDENCIA ENFERMERA.<\/div>\n<div>4.1. Revisi\u00f3n bibliogr\u00e1fica. B\u00fasqueda de evidencias en enfermer\u00eda.<\/div>\n<div>4.2. Bibliograf\u00eda en ciencias sociales aplicadas a ciencias de la salud.<\/div>\n<div><\/div>\n<div>4.3. Bibliograf\u00eda complementaria principal comentada.<\/div>\n<div>4.4. Enlaces relacionados con ciencias de la salud (Bases de Datos).<\/div>\n<div>4.5. Importancia de la lectura cr\u00edtica.<\/div>\n<div>4.6. Calidad de la evidencia.<\/div>\n<div><\/div>\n<div>UD5. INVESTIGACI\u00d3N CUALITATIVA EN LA ENFERMER\u00cdA BASADA EN LA EVIDENCIA.<\/div>\n<div>5.1. Introducci\u00f3n a la investigaci\u00f3n cualitativa.<\/div>\n<div>5.2. Etnograf\u00eda.<\/div>\n<div>5.2.1. Teor\u00eda fundada (Grounded Theory).<\/div>\n<div>5.3. Criterios de calidad en la investigaci\u00f3n cualitativa.<\/div>\n<div>5.4. Criterios de evaluaci\u00f3n.<\/div>\n<div>5.5. Clasificaci\u00f3n de evidencias cualitativas.<\/div>\n<div><\/div>\n<div>UD6. INVESTIGACI\u00d3N CUANTITATIVA EN LA ENFERMER\u00cdA BASADA EN LA EVIDENCIA.<\/div>\n<div>6.1. Investigaci\u00f3n cuantitativa.<\/div>\n<div>6.2. Dise\u00f1os de estudio.<\/div>\n<div>6.3. Valoraci\u00f3n de la calidad de los dise\u00f1os cuantitativos.<\/div>\n<div>6.4. Investigaci\u00f3n cuantitativa y evidencia.<\/div>\n<div><\/div>\n<div>UD7. REVISIONES SISTEM\u00c1TICAS DE EVIDENCIAS ENFERMERAS.<\/div>\n<div>7.1. Marco conceptual de las revisiones sistem\u00e1ticas (RV).<\/div>\n<div>7.2. Lectura cr\u00edtica de una revisi\u00f3n.<\/div>\n<div>7.2.1. Cochrane.<\/div>\n<div><\/div>\n<div>UD8. GU\u00cdAS DE PR\u00c1CTICA CL\u00cdNICA (GPC).<\/div>\n<div>8.1. Introducci\u00f3n.<\/div>\n<div>8.2. Elaboraci\u00f3n de las GPC.<\/div>\n<div>8.3. B\u00fasqueda de GPC.<\/div>\n<div>8.4. Evaluaci\u00f3n de las GPC.<\/div>\n<div>8.5. Difusi\u00f3n. Implantaci\u00f3n y Evaluaci\u00f3n del impacto de la aplicaci\u00f3n de las GPC.<\/div>\n","protected":false},"excerpt":{"rendered":"<p>Adquirir conocimientos de enfermer\u00eda basados en la evidencia con el fin de elaborar GPC (Gu\u00edas de pr\u00e1ctica cl\u00ednica).<\/p>\n<div><\/div>\n","protected":false},"featured_media":779,"comment_status":"open","ping_status":"closed","template":"","meta":{"neve_meta_sidebar":"","neve_meta_container":"","neve_meta_enable_content_width":"","neve_meta_content_width":0,"neve_meta_title_alignment":"","neve_meta_author_avatar":"","neve_post_elements_order":"","neve_meta_disable_header":"","neve_meta_disable_footer":"","neve_meta_disable_title":""},"product_brand":[],"product_cat":[22,38,41],"product_tag":[],"class_list":{"0":"post-863","1":"product","2":"type-product","3":"status-publish","4":"has-post-thumbnail","6":"product_cat-cursos","7":"product_cat-especialidades-formativas","8":"product_cat-sanidad-especialidades-formativas","10":"first","11":"instock","12":"sold-individually","13":"shipping-taxable","14":"purchasable","15":"product-type-simple"},"_links":{"self":[{"href":"https:\/\/camonclass.com\/tienda\/wp-json\/wp\/v2\/product\/863","targetHints":{"allow":["GET"]}}],"collection":[{"href":"https:\/\/camonclass.com\/tienda\/wp-json\/wp\/v2\/product"}],"about":[{"href":"https:\/\/camonclass.com\/tienda\/wp-json\/wp\/v2\/types\/product"}],"replies":[{"embeddable":true,"href":"https:\/\/camonclass.com\/tienda\/wp-json\/wp\/v2\/comments?post=863"}],"wp:featuredmedia":[{"embeddable":true,"href":"https:\/\/camonclass.com\/tienda\/wp-json\/wp\/v2\/media\/779"}],"wp:attachment":[{"href":"https:\/\/camonclass.com\/tienda\/wp-json\/wp\/v2\/media?parent=863"}],"wp:term":[{"taxonomy":"product_brand","embeddable":true,"href":"https:\/\/camonclass.com\/tienda\/wp-json\/wp\/v2\/product_brand?post=863"},{"taxonomy":"product_cat","embeddable":true,"href":"https:\/\/camonclass.com\/tienda\/wp-json\/wp\/v2\/product_cat?post=863"},{"taxonomy":"product_tag","embeddable":true,"href":"https:\/\/camonclass.com\/tienda\/wp-json\/wp\/v2\/product_tag?post=863"}],"curies":[{"name":"wp","href":"https:\/\/api.w.org\/{rel}","templated":true}]}}