{"id":865,"date":"2022-07-25T16:38:53","date_gmt":"2022-07-25T16:38:53","guid":{"rendered":"https:\/\/camonclass.vertice.org\/formacion\/actualizacion-integral-del-tcae\/"},"modified":"2022-07-25T16:38:53","modified_gmt":"2022-07-25T16:38:53","slug":"actualizacion-integral-del-tcae","status":"publish","type":"product","link":"https:\/\/camonclass.com\/tienda\/formacion\/actualizacion-integral-del-tcae\/","title":{"rendered":"ACTUALIZACI\u00d3N INTEGRAL DEL TCAE"},"content":{"rendered":"<p><b> UD1. Legislaci\u00f3n<\/b><\/p>\n<div>1.1. La Constituci\u00f3n Espa\u00f1ola.<\/div>\n<div>1.2. Ley General de Sanidad 14\/1986.<\/div>\n<div>1.3. El Estatuto Marco del Personal Estatutario de los Servicios de Salud.<\/div>\n<div>1.4. La Ley de Prevenci\u00f3n de Riesgos Laborales.<\/div>\n<div>1.5. Ley de Autonom\u00eda del Paciente.<\/div>\n<div><\/div>\n<div><b>UD2. La funci\u00f3n auxiliar de enfermer\u00eda. Aspectos Generales<\/b><\/div>\n<div>2.1. El trabajo equipo habilidades para la comunicaci\u00f3n.<\/div>\n<div>2.2. Los estilos de comunicaci\u00f3n.<\/div>\n<div>2.3. El estr\u00e9s.<\/div>\n<div>2.4. Principios fundamentales de la Bio\u00e9tica.<\/div>\n<div>2.5. El Secreto Profesional: Concepto y regulaci\u00f3n jur\u00eddica. Art\u00edculo correspondiente del C\u00f3digo Penal.<\/div>\n<div><\/div>\n<div><b>UD3. La higiene hospitalaria y la prevenci\u00f3n de la infecci\u00f3n nosocomial<\/b><\/div>\n<div>3.1. Infecciones nosocomiales.<\/div>\n<div>3.2. Gesti\u00f3n de residuos sanitarios.<\/div>\n<div>3.3. Conceptos generales de higiene hospitalaria.<\/div>\n<div>3.4. Muestras biol\u00f3gicas.<\/div>\n<div><\/div>\n<div><b>UD4. Atenci\u00f3n a las necesidades b\u00e1sicas del paciente<\/b><\/div>\n<div>4.1. Atenci\u00f3n y cuidados de TCAE en las necesidades de higiene en el reci\u00e9n nacido y adulto.<\/div>\n<div>4.2. Atenci\u00f3n y cuidados de TCAE en las necesidades de eliminaci\u00f3n.<\/div>\n<div>4.3. Atenci\u00f3n y cuidados de TCAE en las necesidades de movimiento. <\/div>\n<div>4.4. Atenci\u00f3n y cuidados de TCAE en las necesidades de alimentaci\u00f3n.<\/div>\n<div>4.5. Atenci\u00f3n y cuidados de TCAE en los trastornos de termorregulaci\u00f3n, deshidrataci\u00f3n, diuresis y balance h\u00eddrico.<\/div>\n<div>4.6. Atenci\u00f3n y cuidados del TCAE en atenci\u00f3n primaria y especializada.<\/div>\n<div><\/div>\n<div><b>UD5. Atenci\u00f3n especializada y de emergencias<\/b><\/div>\n<div>5.1. Atenci\u00f3n y cuidados de las \u00falceras por presi\u00f3n.<\/div>\n<div>5.2. Medicamentos.<\/div>\n<div>5.3. Reanimaci\u00f3n cardiopulmonar b\u00e1sica (RCPB).<\/div>\n<div>5.4. Atenci\u00f3n y preparaci\u00f3n del paciente para una exploraci\u00f3n o intervenci\u00f3n quir\u00fargica.<\/div>\n<div><\/div>\n<div><b>UD6. Atenci\u00f3n en salud mental y dependencia<\/b><\/div>\n<div>6.1. Intervenci\u00f3n familiar en Salud mental.<\/div>\n<div>6.2. Atenci\u00f3n y cuidados en el anciano.<\/div>\n<div>6.3. Atenci\u00f3n del TCAE al enfermo terminal.<\/div>\n","protected":false},"excerpt":{"rendered":"<p>Aprender conceptos b\u00e1sicos de la normativa Estatal, Auton\u00f3mica y General que regula el trabajo de la Auxiliar de enfermer\u00eda en los Servicios P\u00fablicos de Salud (SSP), mejorando las competencias propias de su profesi\u00f3n en los Servicios de Salud.<\/p>\n<div><\/div>\n","protected":false},"featured_media":779,"comment_status":"open","ping_status":"closed","template":"","meta":{"neve_meta_sidebar":"","neve_meta_container":"","neve_meta_enable_content_width":"","neve_meta_content_width":0,"neve_meta_title_alignment":"","neve_meta_author_avatar":"","neve_post_elements_order":"","neve_meta_disable_header":"","neve_meta_disable_footer":"","neve_meta_disable_title":""},"product_brand":[],"product_cat":[22,38,41],"product_tag":[],"class_list":{"0":"post-865","1":"product","2":"type-product","3":"status-publish","4":"has-post-thumbnail","6":"product_cat-cursos","7":"product_cat-especialidades-formativas","8":"product_cat-sanidad-especialidades-formativas","10":"first","11":"instock","12":"sold-individually","13":"shipping-taxable","14":"purchasable","15":"product-type-simple"},"_links":{"self":[{"href":"https:\/\/camonclass.com\/tienda\/wp-json\/wp\/v2\/product\/865","targetHints":{"allow":["GET"]}}],"collection":[{"href":"https:\/\/camonclass.com\/tienda\/wp-json\/wp\/v2\/product"}],"about":[{"href":"https:\/\/camonclass.com\/tienda\/wp-json\/wp\/v2\/types\/product"}],"replies":[{"embeddable":true,"href":"https:\/\/camonclass.com\/tienda\/wp-json\/wp\/v2\/comments?post=865"}],"wp:featuredmedia":[{"embeddable":true,"href":"https:\/\/camonclass.com\/tienda\/wp-json\/wp\/v2\/media\/779"}],"wp:attachment":[{"href":"https:\/\/camonclass.com\/tienda\/wp-json\/wp\/v2\/media?parent=865"}],"wp:term":[{"taxonomy":"product_brand","embeddable":true,"href":"https:\/\/camonclass.com\/tienda\/wp-json\/wp\/v2\/product_brand?post=865"},{"taxonomy":"product_cat","embeddable":true,"href":"https:\/\/camonclass.com\/tienda\/wp-json\/wp\/v2\/product_cat?post=865"},{"taxonomy":"product_tag","embeddable":true,"href":"https:\/\/camonclass.com\/tienda\/wp-json\/wp\/v2\/product_tag?post=865"}],"curies":[{"name":"wp","href":"https:\/\/api.w.org\/{rel}","templated":true}]}}